{"id":46186,"date":"2025-09-01T10:37:54","date_gmt":"2025-09-01T07:37:54","guid":{"rendered":"https:\/\/uus.visitlahemaa.com\/jura-ostas-un-pludmales\/"},"modified":"2025-09-01T10:37:57","modified_gmt":"2025-09-01T07:37:57","slug":"jura-ostas-un-pludmales","status":"publish","type":"page","link":"https:\/\/uus.visitlahemaa.com\/lv\/jura-ostas-un-pludmales\/","title":{"rendered":"J\u016bra, ostas un pludmales"},"content":{"rendered":"\t\t<div data-elementor-type=\"wp-page\" data-elementor-id=\"46186\" class=\"elementor elementor-46186 elementor-39696\" data-elementor-post-type=\"page\">\n\t\t\t\t<div class=\"elementor-element elementor-element-31836cda e-flex e-con-boxed e-con e-parent\" data-id=\"31836cda\" data-element_type=\"container\" data-e-type=\"container\">\n\t\t\t\t\t<div class=\"e-con-inner\">\n\t\t\t\t<div class=\"elementor-element elementor-element-41798779 elementor-widget elementor-widget-text-editor\" data-id=\"41798779\" data-element_type=\"widget\" data-e-type=\"widget\" data-widget_type=\"text-editor.default\">\n\t\t\t\t<div class=\"elementor-widget-container\">\n\t\t\t\t\t\t\t\t\t<span style=\"font-weight: 400;\">J\u016bra un pludmales veido tre\u0161da\u013cu no Lahem\u0101 nacion\u0101l\u0101 parka teritorijas un sp\u0113l\u0113 vair\u0101k nek\u0101 noz\u012bm\u012bgu lomu viet\u0113jo ciematu un to iedz\u012bvot\u0101ju veido\u0161an\u0101. Noda\u013cas par zveju, kontrabandu, kaptei\u0146u skolu un ku\u0123u b\u016bvi ir saviju\u0161\u0101s ar viet\u0113jo mantojumu.  <\/span>\r\n\r\n&nbsp;\r\n\r\n<span style=\"font-weight: 400;\">Maz\u0101s ostas var atrast gan Lahem\u0101 (Hara, V\u012bnistu, Vergi un Vosu), gan Lahem\u0101 tie\u0161\u0101 tuvum\u0101 (Salmistu). Sekl\u0101s iegrimes ku\u0123i var pietauvoties ar\u012b K\u00e4smu piest\u0101tn\u0113. Katra osta sagaida savus viesus ar unik\u0101lu atmosf\u0113ru, malt\u012bti un, ja v\u0113las, ar\u012b naktsm\u012btn\u0113m.   <\/span>\r\n\r\n&nbsp;\r\n\r\n&nbsp;\r\n\r\n<figure id=\"attachment_41243\" aria-describedby=\"caption-attachment-41243\" style=\"width: 600px\" class=\"wp-caption alignright\"><img fetchpriority=\"high\" decoding=\"async\" class=\"wp-image-41239 size-medium\" src=\"https:\/\/uus.visitlahemaa.com\/wp-content\/uploads\/2023\/09\/Visit-Lahemaa_Mustoja-rand_Margus-Kontus_1-600x400.jpg\" alt=\"Mustojas pludmale\" width=\"600\" height=\"400\" srcset=\"https:\/\/uus.visitlahemaa.com\/wp-content\/uploads\/2023\/09\/Visit-Lahemaa_Mustoja-rand_Margus-Kontus_1-600x400.jpg 600w, https:\/\/uus.visitlahemaa.com\/wp-content\/uploads\/2023\/09\/Visit-Lahemaa_Mustoja-rand_Margus-Kontus_1-1024x683.jpg 1024w, https:\/\/uus.visitlahemaa.com\/wp-content\/uploads\/2023\/09\/Visit-Lahemaa_Mustoja-rand_Margus-Kontus_1-768x512.jpg 768w, https:\/\/uus.visitlahemaa.com\/wp-content\/uploads\/2023\/09\/Visit-Lahemaa_Mustoja-rand_Margus-Kontus_1-1536x1024.jpg 1536w, https:\/\/uus.visitlahemaa.com\/wp-content\/uploads\/2023\/09\/Visit-Lahemaa_Mustoja-rand_Margus-Kontus_1-272x182.jpg 272w, https:\/\/uus.visitlahemaa.com\/wp-content\/uploads\/2023\/09\/Visit-Lahemaa_Mustoja-rand_Margus-Kontus_1.jpg 1920w\" sizes=\"(max-width: 600px) 100vw, 600px\" \/><figcaption id=\"caption-attachment-41243\" class=\"wp-caption-text\">Autors: Margus Kontus<\/figcaption><\/figure>\r\n\r\n<span style=\"font-weight: 400;\">Liel\u0101k\u0101 da\u013ca Lahem\u0101 piekrastes ir akme\u0146aina, bet daba ir rad\u012bjusi vair\u0101kas skaistas pludmales, kur\u0101s peld\u0113t\u0101ji var baud\u012bt sauli un j\u016bru. Vosu noteikti ir lab\u0101kais k\u016brorts ar lab\u0101ko pludmales infrastrukt\u016bru un labi uztur\u0113tu smil\u0161u pludmali, un pamata \u0113rt\u012bbas var atrast ar\u012b Suureliiva pludmal\u0113 Vainupe\u0101. V\u0113rts atkl\u0101t ar\u012b Jumindas pussalas pludmales (<a href=\"https:\/\/goo.gl\/maps\/11CwMXZRqZbx3hCo8\" target=\"_blank\" rel=\"noopener\">Kolga-Aabla<\/a>) un P\u00e4rispea pussalas pludmales (<a href=\"https:\/\/goo.gl\/maps\/3dRyTqNP84CaXBFEA\" target=\"_blank\" rel=\"noopener\">Loksa<\/a>, <a href=\"https:\/\/goo.gl\/maps\/VNUqzeczssZWjm4z7\" target=\"_blank\" rel=\"noopener\">Loksa &#8220;Raketa&#8221;<\/a>, <a href=\"https:\/\/goo.gl\/maps\/Zz6PzMJTjVAvhSt78\" target=\"_blank\" rel=\"noopener\">Odakivi<\/a>, <a href=\"https:\/\/goo.gl\/maps\/Wo67nNmzTXKQeGPi8\" target=\"_blank\" rel=\"noopener\">P\u00e4hknem\u00e4nniku<\/a>, <a href=\"https:\/\/goo.gl\/maps\/TSqsynjdwgbDoffa8\" target=\"_blank\" rel=\"noopener\">Joosti<\/a>). Tom\u0113r patiesi unik\u0101las pludmales br\u012bvdienas varat pl\u0101not smil\u0161u pludmal\u0113, kas atrodas Mohni salas <a href=\"https:\/\/goo.gl\/maps\/CmbMbYALdRYGzYey6\" target=\"_blank\" rel=\"noopener\">austrumu<\/a> vai <a href=\"https:\/\/goo.gl\/maps\/d5ztkyiLoLvHFga88\" target=\"_blank\" rel=\"noopener\">rietumu krast\u0101<\/a>.    <\/span>\r\n\r\n&nbsp;\r\n\r\nSald\u016bdens peld\u0113t\u0101ji atrad\u012bs piem\u0113roti siltu peld\u016bdeni Kahalas, Lohjas, K\u00e4smu vai V\u012btnas ezer\u0101. Tom\u0113r purva d\u012b\u0137i Viru purv\u0101 un K\u00f5nnu purv\u0101 pied\u0101v\u0101 v\u0113rt\u012bgu peld\u0113\u0161an\u0101s pieredzi.  \r\n\r\n&nbsp;\r\n\r\n<strong>Maz\u0101s ostas Lahem\u0101 nacion\u0101laj\u0101 park\u0101:<\/strong>\r\n\r\n<a href=\"https:\/\/harasadam.ee\/\" target=\"_blank\" rel=\"noopener\">Haras osta<\/a>\r\n<a href=\"https:\/\/www.viinistu.ee\/sadam\" target=\"_blank\" rel=\"noopener\">V\u012bnistu osta<\/a>\r\n<a href=\"https:\/\/vosusadam.ee\/\" target=\"_blank\" rel=\"noopener\">Vosu osta<\/a>\r\n<a href=\"http:\/\/www.vergiport.eu\/\" target=\"_blank\" rel=\"noopener\">Vergi osta<\/a>\r\n\r\n&nbsp;\r\n\r\nPl\u0101no j\u016bras skatu, peldi vai ostas restor\u0101nu Lahem\u0101 lok\u0101 <a href=\"https:\/\/uus.visitlahemaa.com\/lv\/atklaj-lahema\/apkart-lahema\/\" target=\"_blank\" rel=\"noopener\">\u0161eit<\/a>.\r\n\r\n&nbsp;\r\n\r\n<strong>J\u016bra ar\u012b gaida tevi, lai tu taj\u0101 piedal\u012btos \u2013 da\u017e\u0101das aktivit\u0101tes un pas\u0101kumi, kuros noteikti ir v\u0113rts piedal\u012bties vasaras sezon\u0101:<\/strong>\r\n<a href=\"https:\/\/www.facebook.com\/meresober\/\" target=\"_blank\" rel=\"noopener\">Pop-up J\u016bras skola \u201cJ\u016bras draugs\u201d<\/a>\r\n\r\n<a href=\"https:\/\/www.facebook.com\/vosusurfikool\/\" target=\"_blank\" rel=\"noopener\">Vosu s\u0113rfo\u0161anas skola<\/a>\r\n\r\n<a href=\"https:\/\/harasadam.ee\/seilamise-selts\/\" target=\"_blank\" rel=\"noopener\">Haras bur\u0101\u0161anas biedr\u012bba<\/a>\r\n\r\n<a href=\"https:\/\/xn--jooks-iuaa.ee\/et\/sundmused?competition_id=19\" target=\"_blank\" rel=\"noopener\">W\u00dcRTH open water Estonia &#8211; k\u00e4smu 2023<\/a>\r\n\r\n<a href=\"https:\/\/pohjarannikuregatt.ee\/\" target=\"_blank\" rel=\"noopener\">Zieme\u013cu krasta regate<\/a>\r\n\r\n&nbsp;\r\n\r\n&nbsp;\t\t\t\t\t\t\t\t<\/div>\n\t\t\t\t<\/div>\n\t\t\t\t\t<\/div>\n\t\t\t\t<\/div>\n\t\t\t\t<\/div>\n\t\t","protected":false},"excerpt":{"rendered":"<p>J\u016bra un pludmales veido tre\u0161da\u013cu no Lahem\u0101 nacion\u0101l\u0101 parka teritorijas un sp\u0113l\u0113 vair\u0101k nek\u0101 noz\u012bm\u012bgu lomu viet\u0113jo ciematu un to iedz\u012bvot\u0101ju veido\u0161an\u0101. Noda\u013cas par zveju, kontrabandu, kaptei\u0146u skolu un ku\u0123u b\u016bvi ir saviju\u0161\u0101s ar viet\u0113jo mantojumu. &nbsp; Maz\u0101s ostas var atrast gan Lahem\u0101 (Hara, V\u012bnistu, Vergi un Vosu), gan Lahem\u0101 tie\u0161\u0101 tuvum\u0101 (Salmistu). Sekl\u0101s iegrimes [&hellip;]<\/p>\n","protected":false},"author":100010026,"featured_media":41436,"parent":0,"menu_order":0,"comment_status":"closed","ping_status":"closed","template":"","meta":{"_acf_changed":false,"_lmt_disableupdate":"","_lmt_disable":"","_monsterinsights_skip_tracking":false,"_monsterinsights_sitenote_active":false,"_monsterinsights_sitenote_note":"","_monsterinsights_sitenote_category":0,"footnotes":"","_links_to":"","_links_to_target":""},"class_list":["post-46186","page","type-page","status-publish","has-post-thumbnail","hentry"],"acf":[],"_links":{"self":[{"href":"https:\/\/uus.visitlahemaa.com\/lv\/wp-json\/wp\/v2\/pages\/46186","targetHints":{"allow":["GET"]}}],"collection":[{"href":"https:\/\/uus.visitlahemaa.com\/lv\/wp-json\/wp\/v2\/pages"}],"about":[{"href":"https:\/\/uus.visitlahemaa.com\/lv\/wp-json\/wp\/v2\/types\/page"}],"author":[{"embeddable":true,"href":"https:\/\/uus.visitlahemaa.com\/lv\/wp-json\/wp\/v2\/users\/100010026"}],"replies":[{"embeddable":true,"href":"https:\/\/uus.visitlahemaa.com\/lv\/wp-json\/wp\/v2\/comments?post=46186"}],"version-history":[{"count":1,"href":"https:\/\/uus.visitlahemaa.com\/lv\/wp-json\/wp\/v2\/pages\/46186\/revisions"}],"predecessor-version":[{"id":46202,"href":"https:\/\/uus.visitlahemaa.com\/lv\/wp-json\/wp\/v2\/pages\/46186\/revisions\/46202"}],"wp:featuredmedia":[{"embeddable":true,"href":"https:\/\/uus.visitlahemaa.com\/lv\/wp-json\/wp\/v2\/media\/41436"}],"wp:attachment":[{"href":"https:\/\/uus.visitlahemaa.com\/lv\/wp-json\/wp\/v2\/media?parent=46186"}],"curies":[{"name":"wp","href":"https:\/\/api.w.org\/{rel}","templated":true}]}}