{"id":46161,"date":"2025-09-01T10:37:44","date_gmt":"2025-09-01T07:37:44","guid":{"rendered":"https:\/\/uus.visitlahemaa.com\/par-lahemaa\/praktiska-informacija\/"},"modified":"2025-09-01T10:37:45","modified_gmt":"2025-09-01T07:37:45","slug":"praktiska-informacija","status":"publish","type":"page","link":"https:\/\/uus.visitlahemaa.com\/lv\/par-lahemaa\/praktiska-informacija\/","title":{"rendered":"Praktisk\u0101 inform\u0101cija"},"content":{"rendered":"\t\t<div data-elementor-type=\"wp-page\" data-elementor-id=\"46161\" class=\"elementor elementor-46161 elementor-39684\" data-elementor-post-type=\"page\">\n\t\t\t\t<div class=\"elementor-element elementor-element-1e755f4a e-flex e-con-boxed e-con e-parent\" data-id=\"1e755f4a\" data-element_type=\"container\" data-e-type=\"container\">\n\t\t\t\t\t<div class=\"e-con-inner\">\n\t\t\t\t<div class=\"elementor-element elementor-element-5a9d91fb elementor-widget elementor-widget-text-editor\" data-id=\"5a9d91fb\" data-element_type=\"widget\" data-e-type=\"widget\" data-widget_type=\"text-editor.default\">\n\t\t\t\t<div class=\"elementor-widget-container\">\n\t\t\t\t\t\t\t\t\t<p><a href=\"https:\/\/uus.visitlahemaa.com\/lv\/info\/visit-lahemaa\/\" target=\"_blank\" rel=\"noopener\">Lahemaa T\u016brisma asoci\u0101cija NVO<\/a> | info@visitlahemaa.com<br>Kolgak\u00fcla Kopienas centrs<br>Kolgak\u00fcla, K\u016bs\u0101lu pagasts<br>Harju apri\u0146\u0137is 74808<br>Re\u0123istr\u0101cijas kods: 80578351<\/p><p> <\/p><p><strong>T\u016brisma inform\u0101cijas punkti:<\/strong><br><a href=\"https:\/\/www.loodusegakoos.ee\/kuhuminna\/rahvuspargid\/lahemaa-rahvuspark\/1734\" target=\"_blank\" rel=\"noopener\">Lahemaa nacion\u0101l\u0101 parka apmekl\u0113t\u0101ju centrs Palmse<\/a><br><a href=\"https:\/\/www.loodusegakoos.ee\/kuhuminna\/rahvuspargid\/lahemaa-rahvuspark\/oandu-kulastuskeskus\" target=\"_blank\" rel=\"noopener\">Oandu apmekl\u0113t\u0101ju centrs<\/a><br><a href=\"https:\/\/www.loodusegakoos.ee\/kuhuminna\/rahvuspargid\/lahemaa-rahvuspark\/sagadi-looduskool\" target=\"_blank\" rel=\"noopener\">Sagadi Dabas skola<\/a><br>Loksa | sezon\u0101ls<\/p><p> <\/p><p><strong>Pakalpojumi:<\/strong><br><a href=\"https:\/\/www.benu.ee\/leia-apteek?vars\/pharmacy\/45\" target=\"_blank\" rel=\"noopener\">Loksa aptieka<\/a><\/p><p><a href=\"https:\/\/www.loksajuuksur.ee\/\" target=\"_blank\" rel=\"noopener\">Maires skaistumkop\u0161anas salons | frizieris<\/a><\/p><p><a href=\"https:\/\/loksasport.ee\/spordirajatised\/ujula\/\" target=\"_blank\" rel=\"noopener\">Loksa peldbaseins<\/a><\/p><p><a href=\"https:\/\/loksasport.ee\/spordirajatised\/ujula\/\" target=\"_blank\" rel=\"noopener\">Loksa ziedi | Grossi p\u0101rtikas preces<\/a><\/p><p><a href=\"https:\/\/www.loksalinn.ee\/kontakt-raamatukogu\" target=\"_blank\" rel=\"noopener\">Loksa pils\u0113tas bibliot\u0113ka | Wi-Fi<\/a><\/p><p><a href=\"http:\/\/kollaseekskavaatori.ee\/\" target=\"_blank\" rel=\"noopener\">Rak\u0161anas darbi, evaku\u0101cija, transporta pakalpojumi<\/a><\/p><p> <\/p><p><strong><a href=\"https:\/\/puugiinfo.ee\/\" target=\"_blank\" rel=\"noopener\">Inform\u0101cija par \u0113rc\u0113m<\/a><\/strong><\/p><p> <\/p><p> <\/p>\t\t\t\t\t\t\t\t<\/div>\n\t\t\t\t<\/div>\n\t\t\t\t\t<\/div>\n\t\t\t\t<\/div>\n\t\t\t\t<\/div>\n\t\t","protected":false},"excerpt":{"rendered":"<p>Lahemaa T\u016brisma asoci\u0101cija NVO | info@visitlahemaa.comKolgak\u00fcla Kopienas centrsKolgak\u00fcla, K\u016bs\u0101lu pagastsHarju apri\u0146\u0137is 74808Re\u0123istr\u0101cijas kods: 80578351 T\u016brisma inform\u0101cijas punkti:Lahemaa nacion\u0101l\u0101 parka apmekl\u0113t\u0101ju centrs PalmseOandu apmekl\u0113t\u0101ju centrsSagadi Dabas skolaLoksa | sezon\u0101ls Pakalpojumi:Loksa aptieka Maires skaistumkop\u0161anas salons | frizieris Loksa peldbaseins Loksa ziedi | Grossi p\u0101rtikas preces Loksa pils\u0113tas bibliot\u0113ka | Wi-Fi Rak\u0161anas darbi, evaku\u0101cija, transporta pakalpojumi Inform\u0101cija par [&hellip;]<\/p>\n","protected":false},"author":100010026,"featured_media":41368,"parent":46117,"menu_order":0,"comment_status":"closed","ping_status":"closed","template":"","meta":{"_acf_changed":false,"_lmt_disableupdate":"","_lmt_disable":"","_monsterinsights_skip_tracking":false,"_monsterinsights_sitenote_active":false,"_monsterinsights_sitenote_note":"","_monsterinsights_sitenote_category":0,"footnotes":"","_links_to":"","_links_to_target":""},"class_list":["post-46161","page","type-page","status-publish","has-post-thumbnail","hentry"],"acf":[],"_links":{"self":[{"href":"https:\/\/uus.visitlahemaa.com\/lv\/wp-json\/wp\/v2\/pages\/46161","targetHints":{"allow":["GET"]}}],"collection":[{"href":"https:\/\/uus.visitlahemaa.com\/lv\/wp-json\/wp\/v2\/pages"}],"about":[{"href":"https:\/\/uus.visitlahemaa.com\/lv\/wp-json\/wp\/v2\/types\/page"}],"author":[{"embeddable":true,"href":"https:\/\/uus.visitlahemaa.com\/lv\/wp-json\/wp\/v2\/users\/100010026"}],"replies":[{"embeddable":true,"href":"https:\/\/uus.visitlahemaa.com\/lv\/wp-json\/wp\/v2\/comments?post=46161"}],"version-history":[{"count":1,"href":"https:\/\/uus.visitlahemaa.com\/lv\/wp-json\/wp\/v2\/pages\/46161\/revisions"}],"predecessor-version":[{"id":46162,"href":"https:\/\/uus.visitlahemaa.com\/lv\/wp-json\/wp\/v2\/pages\/46161\/revisions\/46162"}],"up":[{"embeddable":true,"href":"https:\/\/uus.visitlahemaa.com\/lv\/wp-json\/wp\/v2\/pages\/46117"}],"wp:featuredmedia":[{"embeddable":true,"href":"https:\/\/uus.visitlahemaa.com\/lv\/wp-json\/wp\/v2\/media\/41368"}],"wp:attachment":[{"href":"https:\/\/uus.visitlahemaa.com\/lv\/wp-json\/wp\/v2\/media?parent=46161"}],"curies":[{"name":"wp","href":"https:\/\/api.w.org\/{rel}","templated":true}]}}