{"id":46145,"date":"2025-09-01T10:37:42","date_gmt":"2025-09-01T07:37:42","guid":{"rendered":"https:\/\/uus.visitlahemaa.com\/par-lahemaa\/musu-regions\/"},"modified":"2025-09-01T10:37:45","modified_gmt":"2025-09-01T07:37:45","slug":"musu-regions","status":"publish","type":"page","link":"https:\/\/uus.visitlahemaa.com\/lv\/par-lahemaa\/musu-regions\/","title":{"rendered":"M\u016bsu re\u0123ions"},"content":{"rendered":"\t\t<div data-elementor-type=\"wp-page\" data-elementor-id=\"46145\" class=\"elementor elementor-46145 elementor-39682\" data-elementor-post-type=\"page\">\n\t\t\t\t<div class=\"elementor-element elementor-element-263d0e68 e-flex e-con-boxed e-con e-parent\" data-id=\"263d0e68\" data-element_type=\"container\" data-e-type=\"container\">\n\t\t\t\t\t<div class=\"e-con-inner\">\n\t\t\t\t<div class=\"elementor-element elementor-element-434d3c17 elementor-widget elementor-widget-text-editor\" data-id=\"434d3c17\" data-element_type=\"widget\" data-e-type=\"widget\" data-widget_type=\"text-editor.default\">\n\t\t\t\t<div class=\"elementor-widget-container\">\n\t\t\t\t\t\t\t\t\t<p>Lahemaa \u2013 pirmais nacion\u0101lais parks, kas izveidots Padomju Savien\u012bb\u0101, un ar\u012b Igaunijas vec\u0101kais un liel\u0101kais nacion\u0101lais parks \u2013 aizrauj ar sav\u0101m daudzveid\u012bgaj\u0101m dabas ainav\u0101m un bag\u0101to kult\u016bras mantojumu. \u0160eit var baud\u012bt dabas mieru un klusumu smil\u0161ain\u0101 j\u016bras krast\u0101, sen\u0101 purv\u0101, kadi\u0137iem apaugu\u0161\u0101 alv\u0101r\u0101 vai za\u013c\u0101 upes krast\u0101. Lahemaa ir viena no Eiropas svar\u012bg\u0101kaj\u0101m me\u017eu aizsardz\u012bbas zon\u0101m un pieder Natura 2000 t\u012bklam. Viet\u0113j\u0101 piekraste ir slavena ar savu lielo laukakme\u0146u un akme\u0146u lauku bag\u0101t\u012bbu. Ainavas veido\u0161anos ir ietekm\u0113jis Baltijas klints.     <u><\/u><u><\/u><\/p><p><u><\/u> <u><\/u><\/p><p>Lahemaa nacion\u0101l\u0101 parka t\u016brisma re\u0123ions, kas atrodas piec\u0101s pa\u0161vald\u012bb\u0101s divos apri\u0146\u0137os \u2013 <a href=\"https:\/\/www.kuusalu.ee\/\" target=\"_blank\" rel=\"noopener\">K\u016bsalu pagast\u0101<\/a> un <a href=\"https:\/\/www.loksalinn.ee\/\" target=\"_blank\" rel=\"noopener\">Loksa pils\u0113t\u0101<\/a> Harju apri\u0146\u0137\u012b, un <a href=\"https:\/\/www.haljala.ee\/\" target=\"_blank\" rel=\"noopener\">Haljalas<\/a>, <a href=\"https:\/\/www.kadrina.ee\/\" target=\"_blank\" rel=\"noopener\">Kadrinas<\/a> un <a href=\"https:\/\/www.tapa.ee\/\" target=\"_blank\" rel=\"noopener\">Tapas pagastos<\/a> L\u0113nes-Viru apri\u0146\u0137\u012b \u2013 ietver ar\u012b Pohja-Kervem\u0101 dabas rezerv\u0101tu, kas atrodas me\u017eu un purvu vid\u016b, un pauguraino Ner\u016bti ainavu aizsardz\u012bbas zonu. Re\u0123ion\u0101 dz\u012bvo aptuveni 24 000 cilv\u0113ku. \u0160eit darbojas akt\u012bvas kopienas un mazie uz\u0146\u0113mumi. Svar\u012bg\u0101k\u0101s ekonomikas nozares ir lauksaimniec\u012bba un me\u017esaimniec\u012bba. Visakt\u012bv\u0101kais t\u016brisma aktivit\u0101\u0161u att\u012bst\u012bt\u0101js ir <a href=\"https:\/\/uus.visitlahemaa.com\/lv\/info\/visit-lahemaa\/\" target=\"_blank\" rel=\"noopener\">Lahemaa T\u016brisma asoci\u0101cija<\/a>.     <u><\/u><\/p><p><u><\/u> <u><\/u><\/p><p>\u0160\u012b teritorija ar t\u0101s pat\u012bkamajiem me\u017eiem, mier\u012bgaj\u0101m smil\u0161u pludmal\u0113m, lielajiem laukakme\u0146iem, gleznainajiem me\u017ea ezeriem un labi uztur\u0113taj\u0101m p\u0101rg\u0101jienu tak\u0101m ir parad\u012bze dabas m\u012b\u013cot\u0101jiem. Nak\u0161\u0146o\u0161anas iesp\u0113jas ietver gan br\u012bvdienu m\u0101jas, gan br\u012bvdienu ciematus. Vair\u0101ki \u0113din\u0101\u0161anas uz\u0146\u0113mumi ir ieguvu\u0161i Zieme\u013cigaunijas viet\u0113j\u0101s p\u0101rtikas z\u012bmi. Lahemaa ir ieguvusi Europarc ilgtsp\u0113j\u012bga t\u016brisma sertifik\u0101tu no Eiropas Aizsarg\u0101jamo teritoriju feder\u0101cijas un glob\u0101lo Za\u013c\u0101 galam\u0113r\u0137a zelta l\u012bmeni.    <u><\/u><u><\/u><\/p><p><u><\/u> <u><\/u><\/p><p>Bag\u0101t\u012bgs kult\u016bras mantojums atrodams vecos piekrastes un lauku ciemos, mazpils\u0113t\u0101s un div\u0101s mazpils\u0113t\u0101s ar unik\u0101lu v\u0113sturi un arhitekt\u016bru \u2013 Loks\u0101 un Tap\u0101. Re\u0123ion\u0101 atrodas vair\u0101kas interesantas mui\u017eas, no kur\u0101m visiespaid\u012bg\u0101k\u0101s ir Jeneda, K\u012bu, Kolga, Palmse, Sagadi, Vihula un Ner\u016bti. Iev\u0113rojam\u0101kie objekti ir Kadrinas un K\u016bsalu bazn\u012bcas un V\u012btnas krogs. V\u012bnistu atrodas liel\u0101k\u0101 Igaunijas m\u0101kslas priv\u0101tkolekcija, un Kesmu ir j\u016bras muzejs. V\u0113rts apmekl\u0113t ar\u012b maz\u0101kus muzejus. Milit\u0101rie entuziasti var atrast aizraujo\u0161as padomju laika robe\u017esardzes b\u016bves. Arvien vair\u0101k mazo ostu Zieme\u013cigaunij\u0101 ir gatavas uz\u0146emt apmekl\u0113t\u0101jus.       <u><\/u><u><\/u><\/p><p><u><\/u> <u><\/u><\/p><p>Liela da\u013ca Igaunijas veco tautasdziesmu un deju ir sav\u0101ktas Lahemaa. Tautas kult\u016bru uztur dz\u012bvu kopienas centri, kur papildus kopienas pas\u0101kumiem var organiz\u0113t priv\u0101tas ball\u012btes un semin\u0101rus, k\u0101 ar\u012b notiek publiski pas\u0101kumi. Kult\u016bras dz\u012bve ir \u012bpa\u0161i spraiga vasar\u0101, kad notiek vair\u0101ki tradicion\u0101li br\u012bvdabas pas\u0101kumi: Jenedas Lauku dienas, Zvejnieku dienas svin\u012bbas piekrastes ciemos, m\u016bzikas festiv\u0101li Vosu, Sv. Laurencija dienas svin\u012bbas K\u016bsalu, Viru Folk Kesmu, Tapas Desu festiv\u0101ls, Loksa Pils\u0113tas diena un seno ugunskuru nakts ugunskuri pludmal\u0113s. V\u0113rts apmekl\u0113t ar\u012b Prezidenta p\u0101rg\u0101jienu un gadatirgus K\u016bsalu, Jened\u0101, Kolg\u0101 un Loks\u0101.    <u><\/u><u><\/u><\/p><p> <\/p><p>Sadarb\u012bbas pamats Lahemaa nacion\u0101l\u0101 parka t\u016brisma re\u0123ion\u0101 ir bezpe\u013c\u0146as organiz\u0101cijas <a href=\"http:\/\/arenduskoda.ee\/et\/\" target=\"_blank\" rel=\"noopener\">Arenduskoda<\/a> vad\u012bt\u0101 izveide <a href=\"http:\/\/arenduskoda.ee\/Data\/2015\/Dokumendid\/Projektid\/Rahvuspargid\/Lahemaa_turismipiirkonna_arengu_strateegia_16.11.2018.pdf\" target=\"_blank\" rel=\"noopener\">\u201cLahemaa nacion\u0101l\u0101 parka t\u016brisma re\u0123iona ilgtsp\u0113j\u012bgas att\u012bst\u012bbas strat\u0113\u0123ija 2019-2030+\u201d<\/a><\/p>\t\t\t\t\t\t\t\t<\/div>\n\t\t\t\t<\/div>\n\t\t\t\t\t<\/div>\n\t\t\t\t<\/div>\n\t\t\t\t<\/div>\n\t\t","protected":false},"excerpt":{"rendered":"<p>Lahemaa \u2013 pirmais nacion\u0101lais parks, kas izveidots Padomju Savien\u012bb\u0101, un ar\u012b Igaunijas vec\u0101kais un liel\u0101kais nacion\u0101lais parks \u2013 aizrauj ar sav\u0101m daudzveid\u012bgaj\u0101m dabas ainav\u0101m un bag\u0101to kult\u016bras mantojumu. \u0160eit var baud\u012bt dabas mieru un klusumu smil\u0161ain\u0101 j\u016bras krast\u0101, sen\u0101 purv\u0101, kadi\u0137iem apaugu\u0161\u0101 alv\u0101r\u0101 vai za\u013c\u0101 upes krast\u0101. Lahemaa ir viena no Eiropas svar\u012bg\u0101kaj\u0101m me\u017eu aizsardz\u012bbas [&hellip;]<\/p>\n","protected":false},"author":100010024,"featured_media":41451,"parent":46117,"menu_order":0,"comment_status":"closed","ping_status":"closed","template":"","meta":{"_acf_changed":false,"_lmt_disableupdate":"","_lmt_disable":"","_monsterinsights_skip_tracking":false,"_monsterinsights_sitenote_active":false,"_monsterinsights_sitenote_note":"","_monsterinsights_sitenote_category":0,"footnotes":"","_links_to":"","_links_to_target":""},"class_list":["post-46145","page","type-page","status-publish","has-post-thumbnail","hentry"],"acf":[],"_links":{"self":[{"href":"https:\/\/uus.visitlahemaa.com\/lv\/wp-json\/wp\/v2\/pages\/46145","targetHints":{"allow":["GET"]}}],"collection":[{"href":"https:\/\/uus.visitlahemaa.com\/lv\/wp-json\/wp\/v2\/pages"}],"about":[{"href":"https:\/\/uus.visitlahemaa.com\/lv\/wp-json\/wp\/v2\/types\/page"}],"author":[{"embeddable":true,"href":"https:\/\/uus.visitlahemaa.com\/lv\/wp-json\/wp\/v2\/users\/100010024"}],"replies":[{"embeddable":true,"href":"https:\/\/uus.visitlahemaa.com\/lv\/wp-json\/wp\/v2\/comments?post=46145"}],"version-history":[{"count":1,"href":"https:\/\/uus.visitlahemaa.com\/lv\/wp-json\/wp\/v2\/pages\/46145\/revisions"}],"predecessor-version":[{"id":46146,"href":"https:\/\/uus.visitlahemaa.com\/lv\/wp-json\/wp\/v2\/pages\/46145\/revisions\/46146"}],"up":[{"embeddable":true,"href":"https:\/\/uus.visitlahemaa.com\/lv\/wp-json\/wp\/v2\/pages\/46117"}],"wp:featuredmedia":[{"embeddable":true,"href":"https:\/\/uus.visitlahemaa.com\/lv\/wp-json\/wp\/v2\/media\/41451"}],"wp:attachment":[{"href":"https:\/\/uus.visitlahemaa.com\/lv\/wp-json\/wp\/v2\/media?parent=46145"}],"curies":[{"name":"wp","href":"https:\/\/api.w.org\/{rel}","templated":true}]}}