{"id":46124,"date":"2025-09-01T10:37:37","date_gmt":"2025-09-01T07:37:37","guid":{"rendered":"https:\/\/uus.visitlahemaa.com\/par-lahemaa\/mediju-atspogulojums\/"},"modified":"2025-09-01T10:37:40","modified_gmt":"2025-09-01T07:37:40","slug":"mediju-atspogulojums","status":"publish","type":"page","link":"https:\/\/uus.visitlahemaa.com\/lv\/par-lahemaa\/mediju-atspogulojums\/","title":{"rendered":"Mediju atspogu\u013cojums"},"content":{"rendered":"\t\t<div data-elementor-type=\"wp-page\" data-elementor-id=\"46124\" class=\"elementor elementor-46124 elementor-39679\" data-elementor-post-type=\"page\">\n\t\t\t\t<div class=\"elementor-element elementor-element-6c4c01a5 e-flex e-con-boxed e-con e-parent\" data-id=\"6c4c01a5\" data-element_type=\"container\" data-e-type=\"container\">\n\t\t\t\t\t<div class=\"e-con-inner\">\n\t\t\t\t<div class=\"elementor-element elementor-element-40186393 elementor-widget elementor-widget-text-editor\" data-id=\"40186393\" data-element_type=\"widget\" data-e-type=\"widget\" data-widget_type=\"text-editor.default\">\n\t\t\t\t<div class=\"elementor-widget-container\">\n\t\t\t\t\t\t\t\t\t<p>Lidojo\u0161\u0101 v\u0101vere tiks apspriesta dabas vakar\u0101<\/p><p><a href=\"https:\/\/virumaateataja.postimees.ee\/7738214\/loodusohtul-tuleb-juttu-lendoravast\" target=\"_blank\" rel=\"noopener\">2023. gada 22. mart\u0101 | virumaa teataja<\/a><\/p><p> <\/p><p>Atrodiet atspirdzin\u0101jumu no p\u0101rsteidzo\u0161iem augiem plauksto\u0161aj\u0101 dab\u0101<\/p><p><a href=\"https:\/\/virumaateataja.postimees.ee\/7734121\/tarkavast-loodusest-leiab-turgutust-ullatavaist-taimedest\" target=\"_blank\" rel=\"noopener\">2023. gada 17. mart\u0101 | virumaa teataja<\/a><\/p><p> <\/p><p>Radik\u0101ls priek\u0161likums: Lahemaa nacion\u0101l\u0101 parka ciemati b\u016btu j\u0101izsl\u0113dz no nacion\u0101l\u0101 parka, lai \u013cautu tiem att\u012bst\u012bties t\u0101l\u0101k<\/p><p><a href=\"https:\/\/virumaateataja.postimees.ee\/7734062\/radikaalne-ettepanek-lahemaa-rahvuspargi-kulad-voiks-rahvuspargi-alt-valja-votta-et-need-edasi-areneda-saaksid\" target=\"_blank\" rel=\"noopener\">2023. gada 17. mart\u0101 | virumaa teataja<\/a><\/p><p> <\/p><p>Republikas m\u016bzi\u0137is ir Kerts Kr\u00fcsban no Vihasoo ciema!<br><a href=\"https:\/\/naine.ohtuleht.ee\/1079938\/parimusmuusikageeniga-sundinud-kolmas-vabariigi-pillimees-kert-krusban-paneb-koik-oma-karmoska-jargi-tantsima\" target=\"_blank\" rel=\"noopener\">2023. gada 27. febru\u0101r\u012b | \u00f5htuleht<\/a><\/p><p> <\/p><p>\u0160ausmino\u0161as spoku pasakas par Igaunijas mui\u017e\u0101m: grupa, kas sp\u0113l\u0113 k\u0101rtis pie gultas, peldo\u0161i v\u012brie\u0161i ar meln\u0101m kapuc\u0113m, puse cilv\u0113ku ar nagiem&#8230;<\/p><p><a href=\"https:\/\/maaleht.delfi.ee\/artikkel\/95022939\/eesti-moisate-jubedad-kummituslood-voodiveerel-kaarte-mangiv-kamp-musta-kubarga-holjuvad-mehed-kapjadega-poolinimesed\" target=\"_blank\" rel=\"noopener\">2023. gada 14. febru\u0101r\u012b | maaleht<\/a><\/p><p> <\/p><p>Vainupea ciems tiecas k\u013c\u016bt par fotogr\u0101fu Meku<\/p><p><a href=\"https:\/\/virumaateataja.postimees.ee\/7684342\/vainupea-kula-purgib-fotograafide-mekaks\" target=\"_blank\" rel=\"noopener\">2023. gada 5. janv\u0101r\u012b | virumaa teataja<\/a><\/p><p> <\/p><p>\u201cNo \u0161\u012b ciema j\u0101\u0146em augsnes paraugs!\u201d Jaunas tautas m\u016bzikas grupas straujais k\u0101piens <\/p><p><a href=\"https:\/\/maaleht.delfi.ee\/artikkel\/120116364\/sellest-kulast-tuleks-mullaproov-votta-noorte-folkbandi-poorane-tahelend\" target=\"_blank\" rel=\"noopener\">2022. gada 25. decembr\u012b | maaleht<\/a><\/p><p> <\/p><p>Vintage entuziastam V\u00f5su ir gar\u0101\u017ea ar 500 radioapar\u0101tiem<\/p><p><a href=\"https:\/\/www.ohtuleht.ee\/1075158\/galerii-500-raadiot-ja-suldistunud-vesi-vanavarafann-kogub-garaazi-uskumatut-kraami\" target=\"_blank\" rel=\"noopener\">2022. gada 9. decembr\u012b | \u00f5htuleht<\/a><\/p><p> <\/p><p>MATI SEPP \u27e9 \u012apa\u0161s Dabas aizsardz\u012bbas likuma gad\u012bjums k\u013c\u016bst par posto\u0161u noteikumu Lahemaa<\/p><p><a href=\"https:\/\/arvamus.postimees.ee\/7664870\/mati-sepp-looduskaitseseaduse-erijuhtum-saab-lahemaal-laastavaks-reegliks\" target=\"_blank\" rel=\"noopener\">2022. gada 7. decembr\u012b | postimees<\/a><\/p><p> <\/p><p>Holivudas \u0161ausmu filma tika uz\u0146emta Lahemaa<br><a href=\"https:\/\/sonumitooja.ee\/hollywoodi-filmivotetel-sarab-parispeal-oositi-kunstlik-kuu\/\" target=\"_blank\" rel=\"noopener\">2022. gada 17. novembr\u012b | S\u00f5numitooja<\/a><br><a href=\"https:\/\/ekspress.delfi.ee\/artikkel\/120082402\/pohja-eesti-metsatukas-filmitakse-hollywoodi-tipptasemel-oudusfilmi-eestist-sai-kiiresti-meie-esimene-valik\" target=\"_blank\" rel=\"noopener\">2022. gada 22. oktobr\u012b | Eesti Ekspress<\/a><\/p><p> <\/p><p>M\u0101jas st\u0101sts | Hara osta<br><a href=\"https:\/\/jupiter.err.ee\/1608777634\/uhe-maja-lugu\" target=\"_blank\" rel=\"noopener\">2022 | ERR<\/a><\/p>\t\t\t\t\t\t\t\t<\/div>\n\t\t\t\t<\/div>\n\t\t\t\t\t<\/div>\n\t\t\t\t<\/div>\n\t\t\t\t<\/div>\n\t\t","protected":false},"excerpt":{"rendered":"<p>Lidojo\u0161\u0101 v\u0101vere tiks apspriesta dabas vakar\u0101 2023. gada 22. mart\u0101 | virumaa teataja Atrodiet atspirdzin\u0101jumu no p\u0101rsteidzo\u0161iem augiem plauksto\u0161aj\u0101 dab\u0101 2023. gada 17. mart\u0101 | virumaa teataja Radik\u0101ls priek\u0161likums: Lahemaa nacion\u0101l\u0101 parka ciemati b\u016btu j\u0101izsl\u0113dz no nacion\u0101l\u0101 parka, lai \u013cautu tiem att\u012bst\u012bties t\u0101l\u0101k 2023. gada 17. mart\u0101 | virumaa teataja Republikas m\u016bzi\u0137is ir Kerts Kr\u00fcsban [&hellip;]<\/p>\n","protected":false},"author":100010026,"featured_media":41467,"parent":46117,"menu_order":0,"comment_status":"closed","ping_status":"closed","template":"","meta":{"_acf_changed":false,"_lmt_disableupdate":"","_lmt_disable":"","_monsterinsights_skip_tracking":false,"_monsterinsights_sitenote_active":false,"_monsterinsights_sitenote_note":"","_monsterinsights_sitenote_category":0,"footnotes":"","_links_to":"","_links_to_target":""},"class_list":["post-46124","page","type-page","status-publish","has-post-thumbnail","hentry"],"acf":[],"_links":{"self":[{"href":"https:\/\/uus.visitlahemaa.com\/lv\/wp-json\/wp\/v2\/pages\/46124","targetHints":{"allow":["GET"]}}],"collection":[{"href":"https:\/\/uus.visitlahemaa.com\/lv\/wp-json\/wp\/v2\/pages"}],"about":[{"href":"https:\/\/uus.visitlahemaa.com\/lv\/wp-json\/wp\/v2\/types\/page"}],"author":[{"embeddable":true,"href":"https:\/\/uus.visitlahemaa.com\/lv\/wp-json\/wp\/v2\/users\/100010026"}],"replies":[{"embeddable":true,"href":"https:\/\/uus.visitlahemaa.com\/lv\/wp-json\/wp\/v2\/comments?post=46124"}],"version-history":[{"count":1,"href":"https:\/\/uus.visitlahemaa.com\/lv\/wp-json\/wp\/v2\/pages\/46124\/revisions"}],"predecessor-version":[{"id":46126,"href":"https:\/\/uus.visitlahemaa.com\/lv\/wp-json\/wp\/v2\/pages\/46124\/revisions\/46126"}],"up":[{"embeddable":true,"href":"https:\/\/uus.visitlahemaa.com\/lv\/wp-json\/wp\/v2\/pages\/46117"}],"wp:featuredmedia":[{"embeddable":true,"href":"https:\/\/uus.visitlahemaa.com\/lv\/wp-json\/wp\/v2\/media\/41467"}],"wp:attachment":[{"href":"https:\/\/uus.visitlahemaa.com\/lv\/wp-json\/wp\/v2\/media?parent=46124"}],"curies":[{"name":"wp","href":"https:\/\/api.w.org\/{rel}","templated":true}]}}