{"id":46112,"date":"2025-09-01T10:37:34","date_gmt":"2025-09-01T07:37:34","guid":{"rendered":"https:\/\/uus.visitlahemaa.com\/foto-banka\/"},"modified":"2025-09-01T10:37:35","modified_gmt":"2025-09-01T07:37:35","slug":"foto-banka","status":"publish","type":"page","link":"https:\/\/uus.visitlahemaa.com\/lv\/par-lahemaa\/foto-banka\/","title":{"rendered":"Foto banka"},"content":{"rendered":"\t\t<div data-elementor-type=\"wp-page\" data-elementor-id=\"46112\" class=\"elementor elementor-46112 elementor-39674\" data-elementor-post-type=\"page\">\n\t\t\t\t<div class=\"elementor-element elementor-element-77739989 e-flex e-con-boxed e-con e-parent\" data-id=\"77739989\" data-element_type=\"container\" data-e-type=\"container\">\n\t\t\t\t\t<div class=\"e-con-inner\">\n\t\t\t\t<div class=\"elementor-element elementor-element-e4d5a66 elementor-widget elementor-widget-button\" data-id=\"e4d5a66\" data-element_type=\"widget\" data-e-type=\"widget\" data-widget_type=\"button.default\">\n\t\t\t\t<div class=\"elementor-widget-container\">\n\t\t\t\t\t\t\t\t\t<div class=\"elementor-button-wrapper\">\n\t\t\t\t\t<a class=\"elementor-button elementor-button-link elementor-size-sm elementor-animation-grow\" href=\"https:\/\/drive.google.com\/drive\/folders\/1KUoJpRk2uusZVwNAkcF0HVnxGuNi9TpJ\" target=\"_blank\" rel=\"noopener\">\n\t\t\t\t\t\t<span class=\"elementor-button-content-wrapper\">\n\t\t\t\t\t\t\t\t\t<span class=\"elementor-button-text\">Atv\u0113rt disk\u0101<\/span>\n\t\t\t\t\t<\/span>\n\t\t\t\t\t<\/a>\n\t\t\t\t<\/div>\n\t\t\t\t\t\t\t\t<\/div>\n\t\t\t\t<\/div>\n\t\t\t\t<div class=\"elementor-element elementor-element-af81cd0 elementor-widget elementor-widget-heading\" data-id=\"af81cd0\" data-element_type=\"widget\" data-e-type=\"widget\" data-widget_type=\"heading.default\">\n\t\t\t\t<div class=\"elementor-widget-container\">\n\t\t\t\t\t<h2 class=\"elementor-heading-title elementor-size-default\">Apskati Lahemaa satura lieto\u0161anas vadl\u012bnijas<\/h2>\t\t\t\t<\/div>\n\t\t\t\t<\/div>\n\t\t\t\t<div class=\"elementor-element elementor-element-0732f89 elementor-widget elementor-widget-text-editor\" data-id=\"0732f89\" data-element_type=\"widget\" data-e-type=\"widget\" data-widget_type=\"text-editor.default\">\n\t\t\t\t<div class=\"elementor-widget-container\">\n\t\t\t\t\t\t\t\t\t<p>1. Ja iesp\u0113jams, fotogr\u0101fiju\/video lietot\u0101jam j\u0101nor\u0101da autors. Autora<br>v\u0101rds ir fail\u0101.  <br>2. Ieteicams nor\u0101d\u012bt t\u016brisma pakalpojumu vai produktu sniedz\u0113ju.<br>3. Foto\/video bankas lietot\u0101jiem tiek pie\u0161\u0137irtas \u0161\u0101das \u012bpa\u0161uma ties\u012bbas uz darbiem:<br>3.1 pavairot publik\u0101cij\u0101s un vizu\u0101lajos noform\u0113jumos;<br>3.2 izplat\u012bt;<br>3.3 publiskot publik\u0101cij\u0101s, druk\u0101t\u0101s, kust\u012bg\u0101s un \u0101ra rekl\u0101m\u0101s,<br>prezent\u0101cij\u0101s, t\u012bmek\u013ca vietn\u0113s, soci\u0101lajos medijos, emu\u0101ros un citos elektroniskajos kan\u0101los;<br>3.4 p\u0101rraid\u012bt telev\u012bzij\u0101 un radio;<br>3.5 retransl\u0113t kabe\u013ct\u012bklos;<br>3.6 tulkot un pievienot subtitrus;<br>3.7 veikt adapt\u0101cijas un aran\u017e\u0113jumus.<br>3.8 publiski prezent\u0113t;<br>3.9 izst\u0101d\u012bt.<br>4. Darbus dr\u012bkst izmantot \u0161\u0101diem m\u0113r\u0137iem un \u0161\u0101dos veidos:<br>&#8211; Lahemaa k\u0101 t\u016brisma galam\u0113r\u0137a m\u0101rketingam<br>&#8211; T\u016brisma uz\u0146\u0113mumiem un organiz\u0101cij\u0101m pakalpojumu m\u0101rketingam un p\u0101rdo\u0161anai.<br>5. Video izmantoto m\u016bziku pirc\u0113js dr\u012bkst izmantot tikai kop\u0101 ar video t\u0101 eso\u0161aj\u0101<br>form\u0101. Jebk\u0101da cita m\u016bzikas izmanto\u0161ana nav at\u013cauta.  <br>6. Darbus nedr\u012bkst izmantot m\u0113r\u0137iem, kas neatbilst \u0161\u012b l\u012bguma 4.-5. punktam.<br>7. Ir aizliegts izmantot darbus veid\u0101 vai kontekst\u0101, kas:<br>7.1 p\u0101rk\u0101pj Igaunijas vai starptautiskos likumus;<br>7.2 ir neatbilsto\u0161s, \u013caunpr\u0101t\u012bgs, nepiedien\u012bgs, apmelojo\u0161s, rasistisks, vardarb\u012bgs, aizskaro\u0161s, uzm\u0101c\u012bgs, vai ir<br>cit\u0101di pretrun\u0101 ar sabiedrisko k\u0101rt\u012bbu vai labiem tikumiem, vai neatbilst visp\u0101r\u0113jai labai gaumei;<br>7.3 var kait\u0113t p\u0101rdev\u0113ja reput\u0101cijai;<br>7.4 nomelno Igaunijas uz\u0146\u0113mumus, sabiedr\u012bbu, produktus vai pakalpojumus;<br>7.5 kait\u0113 darbos att\u0113loto personu un citu datu subjektu ties\u012bb\u0101m.<br>8. Darbi tika rad\u012bti projekta \u201cVisaptvero\u0161a t\u016brisma p\u0101rvald\u012bbas risin\u0101juma izveide Lahemaa\u201d ietvaros, kas \u012bstenots sadarb\u012bb\u0101 starp NVO \u00d6kokuller un Lahemaa T\u016brisma asoci\u0101ciju no 2021.-<br>2023. gada.<br>Projekta m\u0113r\u0137is bija pagarin\u0101t apmekl\u0113jumu sezonu Lahemaa, atbalst\u012bt ilgtsp\u0113j\u012bgu un<br>alternat\u012bvu transporta veidu populariz\u0113\u0161anu viet\u0113j\u0101 l\u012bmen\u012b, un veicin\u0101t autentiskus viet\u0113jos pakalpojumus.<br>Projektu finans\u0113ja Eiropas Re\u0123ion\u0101l\u0101s att\u012bst\u012bbas fonds ar 200 000 \u20ac.<\/p>\t\t\t\t\t\t\t\t<\/div>\n\t\t\t\t<\/div>\n\t\t\t\t\t<\/div>\n\t\t\t\t<\/div>\n\t\t\t\t<\/div>\n\t\t","protected":false},"excerpt":{"rendered":"<p>Atv\u0113rt disk\u0101 Apskati Lahemaa satura lieto\u0161anas vadl\u012bnijas 1. Ja iesp\u0113jams, fotogr\u0101fiju\/video lietot\u0101jam j\u0101nor\u0101da autors. Autorav\u0101rds ir fail\u0101. 2. Ieteicams nor\u0101d\u012bt t\u016brisma pakalpojumu vai produktu sniedz\u0113ju.3. Foto\/video bankas lietot\u0101jiem tiek pie\u0161\u0137irtas \u0161\u0101das \u012bpa\u0161uma ties\u012bbas uz darbiem:3.1 pavairot publik\u0101cij\u0101s un vizu\u0101lajos noform\u0113jumos;3.2 izplat\u012bt;3.3 publiskot publik\u0101cij\u0101s, druk\u0101t\u0101s, kust\u012bg\u0101s un \u0101ra rekl\u0101m\u0101s,prezent\u0101cij\u0101s, t\u012bmek\u013ca vietn\u0113s, soci\u0101lajos medijos, emu\u0101ros un citos [&hellip;]<\/p>\n","protected":false},"author":100010026,"featured_media":41498,"parent":46117,"menu_order":0,"comment_status":"closed","ping_status":"closed","template":"","meta":{"_acf_changed":false,"_lmt_disableupdate":"","_lmt_disable":"","_monsterinsights_skip_tracking":false,"_monsterinsights_sitenote_active":false,"_monsterinsights_sitenote_note":"","_monsterinsights_sitenote_category":0,"footnotes":"","_links_to":"","_links_to_target":""},"class_list":["post-46112","page","type-page","status-publish","has-post-thumbnail","hentry"],"acf":[],"_links":{"self":[{"href":"https:\/\/uus.visitlahemaa.com\/lv\/wp-json\/wp\/v2\/pages\/46112","targetHints":{"allow":["GET"]}}],"collection":[{"href":"https:\/\/uus.visitlahemaa.com\/lv\/wp-json\/wp\/v2\/pages"}],"about":[{"href":"https:\/\/uus.visitlahemaa.com\/lv\/wp-json\/wp\/v2\/types\/page"}],"author":[{"embeddable":true,"href":"https:\/\/uus.visitlahemaa.com\/lv\/wp-json\/wp\/v2\/users\/100010026"}],"replies":[{"embeddable":true,"href":"https:\/\/uus.visitlahemaa.com\/lv\/wp-json\/wp\/v2\/comments?post=46112"}],"version-history":[{"count":1,"href":"https:\/\/uus.visitlahemaa.com\/lv\/wp-json\/wp\/v2\/pages\/46112\/revisions"}],"predecessor-version":[{"id":46113,"href":"https:\/\/uus.visitlahemaa.com\/lv\/wp-json\/wp\/v2\/pages\/46112\/revisions\/46113"}],"up":[{"embeddable":true,"href":"https:\/\/uus.visitlahemaa.com\/lv\/wp-json\/wp\/v2\/pages\/46117"}],"wp:featuredmedia":[{"embeddable":true,"href":"https:\/\/uus.visitlahemaa.com\/lv\/wp-json\/wp\/v2\/media\/41498"}],"wp:attachment":[{"href":"https:\/\/uus.visitlahemaa.com\/lv\/wp-json\/wp\/v2\/media?parent=46112"}],"curies":[{"name":"wp","href":"https:\/\/api.w.org\/{rel}","templated":true}]}}