{"id":46087,"date":"2025-09-01T10:37:28","date_gmt":"2025-09-01T07:37:28","guid":{"rendered":"https:\/\/uus.visitlahemaa.com\/atklaj-lahema\/kulinara-pieredze\/"},"modified":"2025-09-01T10:37:31","modified_gmt":"2025-09-01T07:37:31","slug":"kulinara-pieredze","status":"publish","type":"page","link":"https:\/\/uus.visitlahemaa.com\/lv\/atklaj-lahema\/kulinara-pieredze\/","title":{"rendered":"Kulin\u0101r\u0101 pieredze"},"content":{"rendered":"\t\t<div data-elementor-type=\"wp-page\" data-elementor-id=\"46087\" class=\"elementor elementor-46087 elementor-39666\" data-elementor-post-type=\"page\">\n\t\t\t\t<div class=\"elementor-element elementor-element-4a9b3b7 e-flex e-con-boxed e-con e-parent\" data-id=\"4a9b3b7\" data-element_type=\"container\" data-e-type=\"container\">\n\t\t\t\t\t<div class=\"e-con-inner\">\n\t\t\t\t<div class=\"elementor-element elementor-element-2334acb elementor-widget elementor-widget-text-editor\" data-id=\"2334acb\" data-element_type=\"widget\" data-e-type=\"widget\" data-widget_type=\"text-editor.default\">\n\t\t\t\t<div class=\"elementor-widget-container\">\n\t\t\t\t\t\t\t\t\t<p><a href=\"https:\/\/kohaliktoit.arenduskoda.ee\/pohja-eesti-toit\/\" target=\"_blank\" rel=\"noopener\"><img fetchpriority=\"high\" decoding=\"async\" class=\"alignright wp-image-38673\" src=\"https:\/\/uus.visitlahemaa.com\/wp-content\/uploads\/2023\/02\/pohja-eesti-toiduvorgustik.png\" alt=\"\" width=\"247\" height=\"247\"><\/a>M\u0113s dz\u012bvojam uz ka\u013c\u0137akmens piekrastes zemes, kur ka\u013c\u0137akmens ir redzams un taust\u0101ms. Iek\u0161zem\u0113 tas ir p\u0101rkl\u0101ts ar sl\u0101ni, un ka\u013c\u0137akmens ir redzams k\u0101 grants un j\u016btams k\u0101 miner\u0101li. Upes un strauti, kas pl\u016bst no ka\u013c\u0137akmens apgabaliem uz j\u016bru, nes miner\u0101lus j\u016br\u0101, kur no tiem g\u016bst labumu ar\u012b j\u016bras dz\u012bvnieki. M\u016bsu grunts\u016bde\u0146i tiek saglab\u0101ti karbon\u0101tie\u017eos. T\u0101d\u0113j\u0101di visi m\u016bsu augi un dz\u012bvnieki tiek tie\u0161i vai netie\u0161i baroti ar \u0161iem ka\u013c\u0137akmens miner\u0101liem. N\u0101c un izm\u0113\u0123ini m\u016bsu viet\u0113jo \u0113dienu \u2013 ka\u013c\u0137akmens zemes gar\u0161as!      <\/p><p> <\/p><p><span style=\"font-size: 14pt;\"><strong>P\u0101rtikas z\u012bme<\/strong><\/span><\/p><p> <\/p><p>Zieme\u013cigaunijas viet\u0113jais \u0113diens ir p\u0101rtika, ko audz\u0113, apstr\u0101d\u0101 un pied\u0101v\u0101 re\u0123iona p\u0101rtikas uz\u0146\u0113mumi. S\u0101kot ar 2020. gadu, Zieme\u013cigaunijas viet\u0113j\u0101s p\u0101rtikas z\u012bmes izstr\u0101d\u0113 iesaist\u012btas K\u016bsalu, Tapas, Kadrinas, Jervas, Anijas, R\u0101\u0161iku, Koses, V\u0113ike-M\u0101rjas, Haljalas, Rakveres, Vinni, Viru-Nigulas, R\u0101es, V\u012bmsi un J\u0113lehtmes pa\u0161vald\u012bbas, k\u0101 ar\u012b Loksas un Kundas pils\u0113tas, t.i., NVO Arenduskoda, NVO Ida-Harju Koost\u00f6\u00f6koda, NVO PAIK, NVO Partnerid un NVO P\u00f5hja-Harju Koost\u00f6\u00f6kogu Leader re\u0123ioni.  <\/p><p> <\/p><p><a href=\"https:\/\/kohaliktoit.arenduskoda.ee\/uudised\/pohja-eesti-toiduvorgustiku-martsi-tegemised\/\" target=\"_blank\" rel=\"noopener\"><strong>Zieme\u013cigaunijas p\u0101rtikas t\u012bkla marta aktivit\u0101tes!<\/strong><\/a><\/p><p><a href=\"https:\/\/kohaliktoit.arenduskoda.ee\/uudised\/pohja-eesti-toiduvorgustiku-veebruarikuu-tegemistest\/\" target=\"_blank\" rel=\"noopener\"><strong>Zieme\u013cigaunijas p\u0101rtikas t\u012bkla febru\u0101ra aktivit\u0101tes!<\/strong><\/a><\/p><p><a href=\"https:\/\/kohaliktoit.arenduskoda.ee\/uudised\/pohja-eesti-toiduvorgustiku-2023-aasta-tegemistest\/\" target=\"_blank\" rel=\"noopener\"><strong>Zieme\u013cigaunijas p\u0101rtikas t\u012bkla 2023. gada aktivit\u0101tes! <\/strong><\/a><\/p><p> <\/p><p>Lahemaa T\u016brisma asoci\u0101cijas biedrus \u2013 \u0113din\u0101\u0161anas uz\u0146\u0113mumus \u2013 vari atrast <a href=\"https:\/\/uus.visitlahemaa.com\/lv\/info\/visit-lahemaa\/\" target=\"_blank\" rel=\"noopener\">\u0161eit<\/a>.<\/p>\t\t\t\t\t\t\t\t<\/div>\n\t\t\t\t<\/div>\n\t\t\t\t\t<\/div>\n\t\t\t\t<\/div>\n\t\t\t\t<\/div>\n\t\t","protected":false},"excerpt":{"rendered":"<p>M\u0113s dz\u012bvojam uz ka\u013c\u0137akmens piekrastes zemes, kur ka\u013c\u0137akmens ir redzams un taust\u0101ms. Iek\u0161zem\u0113 tas ir p\u0101rkl\u0101ts ar sl\u0101ni, un ka\u013c\u0137akmens ir redzams k\u0101 grants un j\u016btams k\u0101 miner\u0101li. Upes un strauti, kas pl\u016bst no ka\u013c\u0137akmens apgabaliem uz j\u016bru, nes miner\u0101lus j\u016br\u0101, kur no tiem g\u016bst labumu ar\u012b j\u016bras dz\u012bvnieki. M\u016bsu grunts\u016bde\u0146i tiek saglab\u0101ti karbon\u0101tie\u017eos. T\u0101d\u0113j\u0101di [&hellip;]<\/p>\n","protected":false},"author":100010026,"featured_media":41429,"parent":40508,"menu_order":0,"comment_status":"closed","ping_status":"closed","template":"","meta":{"_acf_changed":false,"_lmt_disableupdate":"","_lmt_disable":"","_monsterinsights_skip_tracking":false,"_monsterinsights_sitenote_active":false,"_monsterinsights_sitenote_note":"","_monsterinsights_sitenote_category":0,"footnotes":"","_links_to":"","_links_to_target":""},"class_list":["post-46087","page","type-page","status-publish","has-post-thumbnail","hentry"],"acf":[],"_links":{"self":[{"href":"https:\/\/uus.visitlahemaa.com\/lv\/wp-json\/wp\/v2\/pages\/46087","targetHints":{"allow":["GET"]}}],"collection":[{"href":"https:\/\/uus.visitlahemaa.com\/lv\/wp-json\/wp\/v2\/pages"}],"about":[{"href":"https:\/\/uus.visitlahemaa.com\/lv\/wp-json\/wp\/v2\/types\/page"}],"author":[{"embeddable":true,"href":"https:\/\/uus.visitlahemaa.com\/lv\/wp-json\/wp\/v2\/users\/100010026"}],"replies":[{"embeddable":true,"href":"https:\/\/uus.visitlahemaa.com\/lv\/wp-json\/wp\/v2\/comments?post=46087"}],"version-history":[{"count":1,"href":"https:\/\/uus.visitlahemaa.com\/lv\/wp-json\/wp\/v2\/pages\/46087\/revisions"}],"predecessor-version":[{"id":46088,"href":"https:\/\/uus.visitlahemaa.com\/lv\/wp-json\/wp\/v2\/pages\/46087\/revisions\/46088"}],"up":[{"embeddable":true,"href":"https:\/\/uus.visitlahemaa.com\/lv\/wp-json\/wp\/v2\/pages\/40508"}],"wp:featuredmedia":[{"embeddable":true,"href":"https:\/\/uus.visitlahemaa.com\/lv\/wp-json\/wp\/v2\/media\/41429"}],"wp:attachment":[{"href":"https:\/\/uus.visitlahemaa.com\/lv\/wp-json\/wp\/v2\/media?parent=46087"}],"curies":[{"name":"wp","href":"https:\/\/api.w.org\/{rel}","templated":true}]}}