{"id":46085,"date":"2025-09-01T10:37:28","date_gmt":"2025-09-01T07:37:28","guid":{"rendered":"https:\/\/uus.visitlahemaa.com\/privatuma-politika\/"},"modified":"2025-09-01T10:37:31","modified_gmt":"2025-09-01T07:37:31","slug":"privatuma-politika","status":"publish","type":"page","link":"https:\/\/uus.visitlahemaa.com\/lv\/privatuma-politika\/","title":{"rendered":"Priv\u0101tuma politika"},"content":{"rendered":"\t\t<div data-elementor-type=\"wp-page\" data-elementor-id=\"46085\" class=\"elementor elementor-46085 elementor-39668\" data-elementor-post-type=\"page\">\n\t\t\t\t<div class=\"elementor-element elementor-element-3c25bc97 e-flex e-con-boxed e-con e-parent\" data-id=\"3c25bc97\" data-element_type=\"container\" data-e-type=\"container\">\n\t\t\t\t\t<div class=\"e-con-inner\">\n\t\t\t\t<div class=\"elementor-element elementor-element-7f6e814 elementor-widget elementor-widget-text-editor\" data-id=\"7f6e814\" data-element_type=\"widget\" data-e-type=\"widget\" data-widget_type=\"text-editor.default\">\n\t\t\t\t<div class=\"elementor-widget-container\">\n\t\t\t\t\t\t\t\t\t<p><strong>Visitlahemaa.com<\/strong> ir t\u012bmek\u013ca vietne, kas pieder <strong>Lahemaa T\u016brisma asoci\u0101cijai<\/strong> (Re\u0123. Nr.: 80578351). Jebk\u0101da \u0161eit atrodam\u0101s inform\u0101cijas, tekstu, att\u0113lu vai cita informat\u012bv\u0101 materi\u0101la komerci\u0101la kop\u0113\u0161ana, reproduc\u0113\u0161ana vai izplat\u012b\u0161ana ir aizliegta bez rakstiskas piekri\u0161anas no <strong>Lahemaa T\u016brisma asoci\u0101cijas<\/strong>.  <\/p><p> <\/p><p>Zem\u0101k m\u0113s aprakst\u0101m m\u016bsu priv\u0101tuma principus, k\u0101da veida inform\u0101ciju m\u0113s v\u0101cam <strong>Visitlahemaa.com<\/strong> t\u012bmek\u013ca vietn\u0113, k\u0101 m\u0113s izmantojam \u0161o inform\u0101ciju, k\u0101 m\u0113s uzglab\u0101jam datus un ar k\u0101diem nosac\u012bjumiem m\u0113s to izpau\u017eam tre\u0161aj\u0101m person\u0101m.<\/p><p> <\/p><p><strong>Visitlahemaa.com<\/strong> respekt\u0113 savu klientu priv\u0101tumu un apstr\u0101d\u0101 personas datus saska\u0146\u0101 ar personas datu apstr\u0101des likumiem un noteikumiem, kas ir sp\u0113k\u0101 Igaunij\u0101.<\/p><p> <\/p><p>Personas datu apstr\u0101de ir jebk\u0101da darb\u012bba, kas tiek veikta ar t\u012bmek\u013ca vietnes lietot\u0101ju personas datiem \u2013 datu v\u0101k\u0161ana, apstr\u0101de, uzglab\u0101\u0161ana, labo\u0161ana vai dz\u0113\u0161ana.<\/p><p> <\/p><p>Lietot\u0101ji ir visas personas, kas apmekl\u0113 t\u012bmek\u013ca vietni (visitlahemaa.com), izmanto pakalpojumus vai jebk\u0101d\u0101 veid\u0101 p\u0101rs\u016bta inform\u0101ciju, izmantojot visitlahemaa.com vidi (piem\u0113ram, v\u0101rds, uzv\u0101rds, dzim\u0161anas datums, t\u0101lru\u0146a numurs un e-pasts).<\/p><p> <\/p><p><strong>Visitlahemaa.com<\/strong> var v\u0101kt, apstr\u0101d\u0101t un izmantot j\u016bsu personas datus, tostarp j\u016bsu v\u0101rdu, pasta adresi un mobil\u0101 t\u0101lru\u0146a numuru, k\u0101 ar\u012b inform\u0101ciju par pas\u016bt\u012bjumiem, ko esat veicis <strong>Visitlahemaa.com<\/strong> pakalpojumiem. Papildus iepriek\u0161 min\u0113tajai inform\u0101cijai m\u0113s varam ar\u012b l\u016bgt inform\u0101ciju par darba pien\u0101kumiem, amatu, darb\u012bbas jomu, uz\u0146\u0113muma nosaukumu un atra\u0161an\u0101s valsti.  <\/p><p> <\/p><p>Datus var apstr\u0101d\u0101t <strong>Visitlahemaa.com<\/strong> \u0161\u0101du iemeslu d\u0113\u013c:<\/p><ul><li>lai nodro\u0161in\u0101tu piek\u013cuvi m\u016bsu t\u012bmek\u013ca vietnei, tostarp piek\u013cuvi <strong>Visitlahemaa.com<\/strong> pakalpojumiem;<\/li><li>lai apstr\u0101d\u0101tu cenu piepras\u012bjumus un\/vai pakalpojumu un piederumu pas\u016bt\u012bjumus;<\/li><li>lai pied\u0101v\u0101tu jums pakalpojumus (tikai ar j\u016bsu piekri\u0161anu);<\/li><li>lai sazin\u0101tos ar jums par sa\u0146emtajiem cenu piepras\u012bjumiem vai pakalpojumiem, ko esat piepras\u012bjis;<\/li><li>lai sniegtu j\u016bsu piepras\u012btos pakalpojumus;<\/li><li>lai organiz\u0113tu jebk\u0101du maks\u0101jumu apstr\u0101di.<\/li><\/ul><p><strong>Lietot\u0101jam ir ties\u012bbas jebkur\u0101 laik\u0101:<\/strong><\/p><ul><li>piepras\u012bt piek\u013cuvi saviem datiem;<\/li><li>piepras\u012bt personas datu labo\u0161anu, papildin\u0101\u0161anu vai dz\u0113\u0161anu likum\u0101 noteiktajos apst\u0101k\u013cos;<\/li><li>piepras\u012bt personas datu apstr\u0101des ierobe\u017eo\u0161anu;<\/li><li>piepras\u012bt personas datu p\u0101rs\u016bt\u012b\u0161anu.<\/li><li>Lai izmantotu savas ties\u012bbas, lietot\u0101jam j\u0101nos\u016bta atbilsto\u0161s piepras\u012bjums uz e-pasta adresi info@visitlahemaa.com.<\/li><\/ul><p><strong>Visitlahemaa.com<\/strong> var p\u0101rs\u016bt\u012bt j\u016bsu personas datus tre\u0161o pu\u0161u speci\u0101listiem apstr\u0101dei Eiropas Ekonomikas zon\u0101. M\u0113s v\u0101cam datus tikai sapr\u0101t\u012bg\u0101 apjom\u0101, \u012bstenojot visus nepiecie\u0161amos pas\u0101kumus, lai nodro\u0161in\u0101tu j\u016bsu personas datu dro\u0161u apstr\u0101di saska\u0146\u0101 ar \u0161iem priv\u0101tuma principiem.  <\/p><p> <\/p><p><strong>Visitlahemaa.com<\/strong> izmanto s\u012bkdatnes datu v\u0101k\u0161anai. S\u012bkdatne ir neliela datora koda da\u013ca, ko m\u0113s nodro\u0161in\u0101m j\u016bsu t\u012bmek\u013ca p\u0101rl\u016bkprogrammai, kad pirmo reizi apmekl\u0113jat t\u012bmek\u013ca vietni. N\u0101kotn\u0113 s\u012bkdatnes var pal\u012bdz\u0113t mums nodro\u0161in\u0101t jums unik\u0101lu saturu vai reklam\u0113t, pamatojoties uz to, ko esat atkl\u0101jis par sevi vai k\u0101du saturu esat apskat\u012bjis.   <\/p><p> <\/p><p>M\u0113s sav\u0101 darb\u0101 izmantojam ar\u012b da\u013c\u0113ju datu p\u0101rs\u016bt\u012b\u0161anu, izmantojot s\u012bkdatnes. M\u0113s nep\u0101rs\u016bt\u0101m j\u016bsu v\u0101rdu, e-pastu vai t\u0101lruni. P\u0101rs\u016bt\u012b\u0161anai m\u0113s izmantojam IP adreses. Tas ir t\u0101p\u0113c, lai m\u0113s var\u0113tu izmantot nepiecie\u0161am\u0101s programmas sav\u0101 m\u0101rketinga darb\u0101, piem\u0113ram, Google Analytics, Facebook Pixel utt.    <\/p><p> <\/p><p>Programmas izmanto m\u016bsu p\u0101rs\u016bt\u012bto inform\u0101ciju, lai nov\u0113rt\u0113tu m\u016bsu lapas lietojumu, lai uzlabotu j\u016bsu lietot\u0101ja pieredzi, nodro\u0161inot, ka n\u0101kotn\u0113 lapa b\u016bs tikpat laba, un pat lab\u0101ka un \u0113rt\u0101ka. <\/p><p> <\/p><p>Ja nev\u0113laties pie\u0146emt s\u012bkdatnes, j\u016bs to vienm\u0113r varat atz\u012bm\u0113t sav\u0101 p\u0101rl\u016bkprogram\u0101. Papildu inform\u0101ciju par to varat ieg\u016bt no savas p\u0101rl\u016bkprogrammas ra\u017eot\u0101ja. Ja atsp\u0113josiet s\u012bkdatnes, da\u017eas m\u016bsu t\u012bmek\u013ca vietnes funkcijas var nedarboties vai da\u017ei pakalpojumi jums var neb\u016bt pieejami.   <\/p><p> <\/p><p><strong>Ir divu veidu s\u012bkdatnes:<\/strong><\/p><p><strong>Past\u0101v\u012bg\u0101s s\u012bkdatnes<\/strong>, kas past\u0101v\u012bgi saglab\u0101jas lietot\u0101ja datora s\u012bkdat\u0146u fail\u0101. T\u0101s var izmantot, piem\u0113ram, lai atpaz\u012btu lietot\u0101ju k\u0101 atk\u0101rtotu t\u012bmek\u013ca vietnes apmekl\u0113t\u0101ju un piel\u0101gotu t\u012bmek\u013ca vietnes saturu lietot\u0101ja vajadz\u012bb\u0101m vai v\u0101ktu statistikas datus.  <\/p><p><strong>Sesijas s\u012bkdatnes<\/strong> ir pagaidu un paz\u016bd, kad lietot\u0101js atst\u0101j t\u012bmek\u013ca vietni vai aizver savu t\u012bmek\u013ca p\u0101rl\u016bkprogrammu. Sesijas s\u012bkdatnes var izmantot, lai iesp\u0113jotu noteiktas t\u012bmek\u013ca vietnes funkcijas, piem\u0113ram, pakalpojuma vai produkta piepras\u012b\u0161anu utt.  <\/p><p> <\/p><p>Visit Lahemaa glab\u0101 personas datus tik ilgi, cik nepiecie\u0161ams m\u0113r\u0137a sasnieg\u0161anai vai saska\u0146\u0101 ar likumu. Piem\u0113ram, gr\u0101matved\u012bbas dati tiek glab\u0101ti 7 gadus no finan\u0161u gada beig\u0101m, savuk\u0101rt e-pasta adrese adres\u0101tu sarakst\u0101 tiek glab\u0101ta, l\u012bdz lietot\u0101js izsaka v\u0113lmi to no\u0146emt.  <\/p><p> <\/p><p>Visit Lahemaa \u012bsteno visus sapr\u0101t\u012bgos pas\u0101kumus, lai aizsarg\u0101tu apstr\u0101d\u0101tos personas datus. Piek\u013cuve personas datu modific\u0113\u0161anai un apstr\u0101dei ir ierobe\u017eota tikai pilnvarot\u0101m person\u0101m, un visi lietot\u0101ju personas dati tiek uzskat\u012bti par konfidenci\u0101lu inform\u0101ciju.  <\/p><p> <\/p><p>Ja jums ir v\u0113l k\u0101di jaut\u0101jumi par p\u0101rl\u016bkprogrammas s\u012bkdat\u0146u izmanto\u0161anu <strong>Visitlahemaa.com<\/strong>, l\u016bdzu, nevilcinieties sazin\u0101ties ar info@visitlahemaa.com<\/p><p> <\/p><p><strong>Apstiprin\u0101ts 2021. gada 1. janv\u0101r\u012b <\/strong><\/p><p><strong>Atjaunin\u0101ts 2023. gada 23. august\u0101 <\/strong><\/p>\t\t\t\t\t\t\t\t<\/div>\n\t\t\t\t<\/div>\n\t\t\t\t\t<\/div>\n\t\t\t\t<\/div>\n\t\t\t\t<\/div>\n\t\t","protected":false},"excerpt":{"rendered":"<p>Visitlahemaa.com ir t\u012bmek\u013ca vietne, kas pieder Lahemaa T\u016brisma asoci\u0101cijai (Re\u0123. Nr.: 80578351). Jebk\u0101da \u0161eit atrodam\u0101s inform\u0101cijas, tekstu, att\u0113lu vai cita informat\u012bv\u0101 materi\u0101la komerci\u0101la kop\u0113\u0161ana, reproduc\u0113\u0161ana vai izplat\u012b\u0161ana ir aizliegta bez rakstiskas piekri\u0161anas no Lahemaa T\u016brisma asoci\u0101cijas. Zem\u0101k m\u0113s aprakst\u0101m m\u016bsu priv\u0101tuma principus, k\u0101da veida inform\u0101ciju m\u0113s v\u0101cam Visitlahemaa.com t\u012bmek\u013ca vietn\u0113, k\u0101 m\u0113s izmantojam \u0161o inform\u0101ciju, [&hellip;]<\/p>\n","protected":false},"author":100010016,"featured_media":41490,"parent":0,"menu_order":0,"comment_status":"closed","ping_status":"closed","template":"","meta":{"_acf_changed":false,"_lmt_disableupdate":"","_lmt_disable":"","_monsterinsights_skip_tracking":false,"_monsterinsights_sitenote_active":false,"_monsterinsights_sitenote_note":"","_monsterinsights_sitenote_category":0,"footnotes":"","_links_to":"","_links_to_target":""},"class_list":["post-46085","page","type-page","status-publish","has-post-thumbnail","hentry"],"acf":[],"_links":{"self":[{"href":"https:\/\/uus.visitlahemaa.com\/lv\/wp-json\/wp\/v2\/pages\/46085","targetHints":{"allow":["GET"]}}],"collection":[{"href":"https:\/\/uus.visitlahemaa.com\/lv\/wp-json\/wp\/v2\/pages"}],"about":[{"href":"https:\/\/uus.visitlahemaa.com\/lv\/wp-json\/wp\/v2\/types\/page"}],"author":[{"embeddable":true,"href":"https:\/\/uus.visitlahemaa.com\/lv\/wp-json\/wp\/v2\/users\/100010016"}],"replies":[{"embeddable":true,"href":"https:\/\/uus.visitlahemaa.com\/lv\/wp-json\/wp\/v2\/comments?post=46085"}],"version-history":[{"count":1,"href":"https:\/\/uus.visitlahemaa.com\/lv\/wp-json\/wp\/v2\/pages\/46085\/revisions"}],"predecessor-version":[{"id":46086,"href":"https:\/\/uus.visitlahemaa.com\/lv\/wp-json\/wp\/v2\/pages\/46085\/revisions\/46086"}],"wp:featuredmedia":[{"embeddable":true,"href":"https:\/\/uus.visitlahemaa.com\/lv\/wp-json\/wp\/v2\/media\/41490"}],"wp:attachment":[{"href":"https:\/\/uus.visitlahemaa.com\/lv\/wp-json\/wp\/v2\/media?parent=46085"}],"curies":[{"name":"wp","href":"https:\/\/api.w.org\/{rel}","templated":true}]}}