{"id":46032,"date":"2025-09-01T10:37:17","date_gmt":"2025-09-01T07:37:17","guid":{"rendered":"https:\/\/uus.visitlahemaa.com\/atklaj-lahema\/apkart-lahema\/lahemaa-muizu-ture\/"},"modified":"2025-09-01T10:37:20","modified_gmt":"2025-09-01T07:37:20","slug":"lahemaa-muizu-ture","status":"publish","type":"page","link":"https:\/\/uus.visitlahemaa.com\/lv\/atklaj-lahema\/apkart-lahema\/lahemaa-muizu-ture\/","title":{"rendered":"Lahemaa mui\u017eu t\u016bre"},"content":{"rendered":"\t\t<div data-elementor-type=\"wp-page\" data-elementor-id=\"46032\" class=\"elementor elementor-46032 elementor-39646\" data-elementor-post-type=\"page\">\n\t\t\t\t<div class=\"elementor-element elementor-element-5694e759 e-flex e-con-boxed e-con e-parent\" data-id=\"5694e759\" data-element_type=\"container\" data-e-type=\"container\">\n\t\t\t\t\t<div class=\"e-con-inner\">\n\t\t\t\t<div class=\"elementor-element elementor-element-1b5e9d62 elementor-widget elementor-widget-text-editor\" data-id=\"1b5e9d62\" data-element_type=\"widget\" data-e-type=\"widget\" data-widget_type=\"text-editor.default\">\n\t\t\t\t<div class=\"elementor-widget-container\">\n\t\t\t\t\t\t\t\t\t<p>Viena no Lahemaa viz\u012btkart\u0113m ir <a href=\"https:\/\/uus.visitlahemaa.com\/avasta\/lossid-ja-moisad\/\" target=\"_blank\" rel=\"noopener\">t\u0101s \u010detras mui\u017eas<\/a>. 1970. gados, kad tika izveidots nacion\u0101lais parks,<br>t\u0101s bija vienas no pirmaj\u0101m Igaunij\u0101, kas tika atjaunotas, un t\u0101s joproj\u0101m ir igau\u0146u iem\u012b\u013cotas. Visas \u010detras unik\u0101l\u0101s un<br>lielisk\u0101s mui\u017eas ir v\u0113rts apmekl\u0113t, un kop\u0101 t\u0101s sniedz labu p\u0101rskatu par Lahemaa un Zieme\u013cigaunijas mui\u017eu kult\u016bru.   <\/p><p> <\/p><p><a href=\"https:\/\/goo.gl\/maps\/mHHtrdXxWkexSaBL9\" target=\"_blank\" rel=\"noopener\">Lahemaa mui\u017eas Google kart\u0113s<\/a><\/p><p> <\/p><p>1. Kolgas mui\u017ea<br>Kolgas mui\u017ea pieder\u0113ja Stenboku \u0123imenei un bija viena no liel\u0101kaj\u0101m mui\u017eu \u012bpa\u0161umiem Baltij\u0101. T\u0101 ir vien\u012bg\u0101 mui\u017ea Lahemaa, kas v\u0113l nav piln\u012bb\u0101 atjaunota.<br>Iespaid\u012bgaj\u0101 galvenaj\u0101 \u0113k\u0101 notiek renov\u0101cijas darbi;<br>\u0161eit notiek ekskursijas un pas\u0101kumi, un vasar\u0101 var apmekl\u0113t<br>m\u0101kslas galeriju un iedzert kafiju. K\u016bsalu pagasta muzejs ir atv\u0113rts visu gadu p\u0101rvaldnieka m\u0101j\u0101.   <\/p><p> <\/p><p>2. Palmses mui\u017ea<br>Palmse ir Lahemaa nacion\u0101l\u0101 parka sirds un bija pirmais mui\u017eas ansamblis Igaunij\u0101, kas tika piln\u012bb\u0101 atjaunots no 1975. l\u012bdz 1985. gadam.<br>Starp biju\u0161ajiem mui\u017eas \u012bpa\u0161niekiem, P\u0101lenu \u0123imen\u0113, bija svar\u012bgi valstsv\u012bri un zin\u0101tnieki.<br>\u0160odien mui\u017eas kompleks\u0101 atrodas Lahemaa nacion\u0101l\u0101 parka apmekl\u0113t\u0101ju centrs, muzejs, restor\u0101ns un viesn\u012bca.<br>Ir v\u0113rts apmekl\u0113t skaisto dabas parku, tur eso\u0161os Klosterakme\u0146us un Brestas<br>paviljonu ar t\u0101 burv\u012bgo skatu. Vasaras sezon\u0101, lai ieietu mui\u017eas teritorij\u0101, ir j\u0101ieg\u0101d\u0101jas bi\u013cete.  <\/p><p> <\/p><p>3. Sagadi mui\u017ea<br>Sagadi mui\u017ea gadsimtiem ilgi ir bijusi paz\u012bstama ar savu priek\u0161z\u012bm\u012bgo me\u017ea apsaimnieko\u0161anu. Mui\u017eas \u012bpa\u0161nieka Paula Eduarda<br>fon Foka laik\u0101 1835. gad\u0101 Sagadi tika pabeigts pirmais visaptvero\u0161ais me\u017ea apsaimnieko\u0161anas pl\u0101ns, kas tolaik tika uzskat\u012bts par progres\u012bvu.<br>Pa\u0161laik mui\u017eu p\u0101rvalda Valsts me\u017ea apsaimnieko\u0161anas centrs. \u0160eit atrad\u012bsi me\u017ea muzeju un mui\u017eas<br>muzeju, dabas skolu, viesn\u012bcu un restor\u0101nu. Mui\u017eas parks ar labi uztur\u0113t\u0101m tak\u0101m un alej\u0101m, dendr\u0101rijs un<br>kr\u0101sainais d\u0101rzs gaida apmekl\u0113t\u0101jus.    <\/p><p> <\/p><p>4. Vihulas mui\u017ea<br>Vihulas mui\u017eas kompleksa dizains prasm\u012bgi izmanto daudzveid\u012bgo ainavu. Ar savu gleznaino dambja ezeru ar augstiem<br>krastiem, senu me\u017eu un br\u012bvi veidotu parku, \u0113k\u0101m bag\u0101tais Vihulas<br>ansamblis izstaro romantisku noska\u0146u. \u012apa\u0161ums ieguva \u0161o izskatu p\u0113d\u0113jo mui\u017eas \u012bpa\u0161nieku, \u0160\u016bbertu, laik\u0101, kuri \u0161eit dz\u012bvoja l\u012bdz 1939. gadam.<br>\u0160odien mui\u017eas kompleks\u0101 atrodas presti\u017es restor\u0101ns un grezns spa un<br>viesn\u012bca. \u0160eit ir daudz iesp\u0113ju lielisk\u0101m br\u012bvdien\u0101m.    <\/p>\t\t\t\t\t\t\t\t<\/div>\n\t\t\t\t<\/div>\n\t\t\t\t\t<\/div>\n\t\t\t\t<\/div>\n\t\t\t\t<\/div>\n\t\t","protected":false},"excerpt":{"rendered":"<p>Viena no Lahemaa viz\u012btkart\u0113m ir t\u0101s \u010detras mui\u017eas. 1970. gados, kad tika izveidots nacion\u0101lais parks,t\u0101s bija vienas no pirmaj\u0101m Igaunij\u0101, kas tika atjaunotas, un t\u0101s joproj\u0101m ir igau\u0146u iem\u012b\u013cotas. Visas \u010detras unik\u0101l\u0101s unlielisk\u0101s mui\u017eas ir v\u0113rts apmekl\u0113t, un kop\u0101 t\u0101s sniedz labu p\u0101rskatu par Lahemaa un Zieme\u013cigaunijas mui\u017eu kult\u016bru. Lahemaa mui\u017eas Google kart\u0113s 1. Kolgas [&hellip;]<\/p>\n","protected":false},"author":100010028,"featured_media":38449,"parent":40702,"menu_order":0,"comment_status":"closed","ping_status":"closed","template":"","meta":{"_acf_changed":false,"_lmt_disableupdate":"","_lmt_disable":"","_monsterinsights_skip_tracking":false,"_monsterinsights_sitenote_active":false,"_monsterinsights_sitenote_note":"","_monsterinsights_sitenote_category":0,"footnotes":"","_links_to":"","_links_to_target":""},"class_list":["post-46032","page","type-page","status-publish","has-post-thumbnail","hentry"],"acf":[],"_links":{"self":[{"href":"https:\/\/uus.visitlahemaa.com\/lv\/wp-json\/wp\/v2\/pages\/46032","targetHints":{"allow":["GET"]}}],"collection":[{"href":"https:\/\/uus.visitlahemaa.com\/lv\/wp-json\/wp\/v2\/pages"}],"about":[{"href":"https:\/\/uus.visitlahemaa.com\/lv\/wp-json\/wp\/v2\/types\/page"}],"author":[{"embeddable":true,"href":"https:\/\/uus.visitlahemaa.com\/lv\/wp-json\/wp\/v2\/users\/100010028"}],"replies":[{"embeddable":true,"href":"https:\/\/uus.visitlahemaa.com\/lv\/wp-json\/wp\/v2\/comments?post=46032"}],"version-history":[{"count":1,"href":"https:\/\/uus.visitlahemaa.com\/lv\/wp-json\/wp\/v2\/pages\/46032\/revisions"}],"predecessor-version":[{"id":46034,"href":"https:\/\/uus.visitlahemaa.com\/lv\/wp-json\/wp\/v2\/pages\/46032\/revisions\/46034"}],"up":[{"embeddable":true,"href":"https:\/\/uus.visitlahemaa.com\/lv\/wp-json\/wp\/v2\/pages\/40702"}],"wp:featuredmedia":[{"embeddable":true,"href":"https:\/\/uus.visitlahemaa.com\/lv\/wp-json\/wp\/v2\/media\/38449"}],"wp:attachment":[{"href":"https:\/\/uus.visitlahemaa.com\/lv\/wp-json\/wp\/v2\/media?parent=46032"}],"curies":[{"name":"wp","href":"https:\/\/api.w.org\/{rel}","templated":true}]}}