{"id":46030,"date":"2025-09-01T10:37:17","date_gmt":"2025-09-01T07:37:17","guid":{"rendered":"https:\/\/uus.visitlahemaa.com\/atklaj-lahema\/apkart-lahema\/dienas-celojumi\/"},"modified":"2025-09-01T10:37:20","modified_gmt":"2025-09-01T07:37:20","slug":"dienas-celojumi","status":"publish","type":"page","link":"https:\/\/uus.visitlahemaa.com\/lv\/atklaj-lahema\/apkart-lahema\/dienas-celojumi\/","title":{"rendered":"Dienas ce\u013cojumi"},"content":{"rendered":"\t\t<div data-elementor-type=\"wp-page\" data-elementor-id=\"46030\" class=\"elementor elementor-46030 elementor-39649\" data-elementor-post-type=\"page\">\n\t\t\t\t<div class=\"elementor-element elementor-element-1344166 e-flex e-con-boxed e-con e-parent\" data-id=\"1344166\" data-element_type=\"container\" data-e-type=\"container\">\n\t\t\t\t\t<div class=\"e-con-inner\">\n\t\t\t\t<div class=\"elementor-element elementor-element-7643a822 elementor-widget elementor-widget-text-editor\" data-id=\"7643a822\" data-element_type=\"widget\" data-e-type=\"widget\" data-widget_type=\"text-editor.default\">\n\t\t\t\t<div class=\"elementor-widget-container\">\n\t\t\t\t\t\t\t\t\t<p>Lai tev b\u016btu viegl\u0101k izdar\u012bt izv\u0113li pa <a href=\"https:\/\/uus.visitlahemaa.com\/lv\/atklaj-lahema\/apkart-lahema\/\" target=\"_blank\" rel=\"noopener\">Lahemaa apli<\/a>, esam apkopoju\u0161i mar\u0161rutu paraugus atbilsto\u0161i ce\u013cojuma<br>ilguma.<\/p><p> <\/p><p><strong>1 diena Lahemaa apl\u012b:<\/strong><br>1. Viru purva dabas taka (3,5 vai 6 km) un skatu tornis<br>2. H\u0101ras osta un milit\u0101rais mantojums<br>3. V\u0113su ciems, pludmale un osta<br>4. Altjas zvejnieku ciems un krogs<br>5. Palmses mui\u017ea<\/p><p> <\/p><p><strong>2-4 dienas Lahemaa apl\u012b:<\/strong><br>1. Viru purva dabas taka (3,5 vai 6 km) un skatu tornis<br>2. Kolg\u0101 mui\u017ea<br>3. L\u0113si ciems, kopienas veikals un bazn\u012bca<br>4. H\u0101ras osta un milit\u0101rais mantojums<br>5. Purekari rags \u2013 Igaunijas vist\u0101l\u0101kais sauszemes punkts zieme\u013cos<br>6. V\u012bnistu ciems, m\u0101kslas muzejs un osta<br>7. J\u0101ni-Toomas laukakmens Kasispe\u0101<br>8. K\u0113smu kaptei\u0146u ciems un J\u016bras muzejs<br>9. V\u0113su ciems, pludmale un osta<br>10. Altjas zvejnieku ciems un krogs<br>11. Oandu apmekl\u0113t\u0101ju centrs<br>12. Sagadi, Palmses, Vihulas mui\u017eas<br><span style=\"font-size: 10pt;\"><em>* Ja vari palikt ilg\u0101k Lahemaa, pavadi vair\u0101k laika mui\u017e\u0101s, atp\u016bties pludmal\u0113 vai apmekl\u0113 k\u0101du no daudzaj\u0101m skaistaj\u0101m<\/em><\/span><br><span style=\"font-size: 10pt;\"><em>p\u0101rg\u0101jienu tak\u0101m.<\/em><\/span><\/p><p> <\/p><p><strong>5-7 dienas Lahemaa apl\u012b:<\/strong><br>Ja tev ir iesp\u0113ja pavad\u012bt 5-7 dienas Lahemaa, mier\u012bgi izbaudi visus ciematus un pavadi pat veselu dienu<br> katr\u0101 apgabal\u0101.<\/p>\t\t\t\t\t\t\t\t<\/div>\n\t\t\t\t<\/div>\n\t\t\t\t\t<\/div>\n\t\t\t\t<\/div>\n\t\t\t\t<\/div>\n\t\t","protected":false},"excerpt":{"rendered":"<p>Lai tev b\u016btu viegl\u0101k izdar\u012bt izv\u0113li pa Lahemaa apli, esam apkopoju\u0161i mar\u0161rutu paraugus atbilsto\u0161i ce\u013cojumailguma. 1 diena Lahemaa apl\u012b:1. Viru purva dabas taka (3,5 vai 6 km) un skatu tornis2. H\u0101ras osta un milit\u0101rais mantojums3. V\u0113su ciems, pludmale un osta4. Altjas zvejnieku ciems un krogs5. Palmses mui\u017ea 2-4 dienas Lahemaa apl\u012b:1. Viru purva dabas taka [&hellip;]<\/p>\n","protected":false},"author":100010028,"featured_media":37908,"parent":40702,"menu_order":0,"comment_status":"closed","ping_status":"closed","template":"","meta":{"_acf_changed":false,"_lmt_disableupdate":"","_lmt_disable":"","_monsterinsights_skip_tracking":false,"_monsterinsights_sitenote_active":false,"_monsterinsights_sitenote_note":"","_monsterinsights_sitenote_category":0,"footnotes":"","_links_to":"","_links_to_target":""},"class_list":["post-46030","page","type-page","status-publish","has-post-thumbnail","hentry"],"acf":[],"_links":{"self":[{"href":"https:\/\/uus.visitlahemaa.com\/lv\/wp-json\/wp\/v2\/pages\/46030","targetHints":{"allow":["GET"]}}],"collection":[{"href":"https:\/\/uus.visitlahemaa.com\/lv\/wp-json\/wp\/v2\/pages"}],"about":[{"href":"https:\/\/uus.visitlahemaa.com\/lv\/wp-json\/wp\/v2\/types\/page"}],"author":[{"embeddable":true,"href":"https:\/\/uus.visitlahemaa.com\/lv\/wp-json\/wp\/v2\/users\/100010028"}],"replies":[{"embeddable":true,"href":"https:\/\/uus.visitlahemaa.com\/lv\/wp-json\/wp\/v2\/comments?post=46030"}],"version-history":[{"count":1,"href":"https:\/\/uus.visitlahemaa.com\/lv\/wp-json\/wp\/v2\/pages\/46030\/revisions"}],"predecessor-version":[{"id":46031,"href":"https:\/\/uus.visitlahemaa.com\/lv\/wp-json\/wp\/v2\/pages\/46030\/revisions\/46031"}],"up":[{"embeddable":true,"href":"https:\/\/uus.visitlahemaa.com\/lv\/wp-json\/wp\/v2\/pages\/40702"}],"wp:featuredmedia":[{"embeddable":true,"href":"https:\/\/uus.visitlahemaa.com\/lv\/wp-json\/wp\/v2\/media\/37908"}],"wp:attachment":[{"href":"https:\/\/uus.visitlahemaa.com\/lv\/wp-json\/wp\/v2\/media?parent=46030"}],"curies":[{"name":"wp","href":"https:\/\/api.w.org\/{rel}","templated":true}]}}