{"id":46013,"date":"2025-09-01T10:37:13","date_gmt":"2025-09-01T07:37:13","guid":{"rendered":"https:\/\/uus.visitlahemaa.com\/atklaj-lahema\/militarais-mantojums\/"},"modified":"2025-09-01T10:37:15","modified_gmt":"2025-09-01T07:37:15","slug":"militarais-mantojums","status":"publish","type":"page","link":"https:\/\/uus.visitlahemaa.com\/lv\/atklaj-lahema\/militarais-mantojums\/","title":{"rendered":"Milit\u0101rais mantojums"},"content":{"rendered":"\t\t<div data-elementor-type=\"wp-page\" data-elementor-id=\"46013\" class=\"elementor elementor-46013 elementor-39655\" data-elementor-post-type=\"page\">\n\t\t\t\t<div class=\"elementor-element elementor-element-f38aa74 e-flex e-con-boxed e-con e-parent\" data-id=\"f38aa74\" data-element_type=\"container\" data-e-type=\"container\">\n\t\t\t\t\t<div class=\"e-con-inner\">\n\t\t\t\t<div class=\"elementor-element elementor-element-1fffffe0 elementor-widget elementor-widget-text-editor\" data-id=\"1fffffe0\" data-element_type=\"widget\" data-e-type=\"widget\" data-widget_type=\"text-editor.default\">\n\t\t\t\t<div class=\"elementor-widget-container\">\n\t\t\t\t\t\t\t\t\t<p>P\u0113c Otr\u0101 pasaules kara Lahem\u0101 piekraste k\u013cuva par PSRS robe\u017ezonu, kur tika uzcelti da\u017e\u0101di milit\u0101rie objekti. L\u012bdz pat \u0161ai dienai milit\u0101rais mantojums ir diezgan sp\u0113c\u012bgi j\u016btams, p\u0101rvietojoties pa Lahem\u0101. \u0145emot v\u0113r\u0101, ka Lahem\u0101 nacion\u0101l\u0101 parka piekraste stiepjas vair\u0101k nek\u0101 100 kilometru garum\u0101, var atrast daudzus biju\u0161os padomju laika robe\u017esardzes poste\u0146us, \u012bpa\u0161i pussalu galos, kas stiepjas t\u0101lu j\u016br\u0101. Tiesa, liel\u0101k\u0101 da\u013ca no tiem l\u012bdz m\u016bsdien\u0101m ir privatiz\u0113ti. Un\/vai tie ir tik slikt\u0101 st\u0101vokl\u012b, ka, tos apmekl\u0113jot, dro\u0161\u012bba var netikt garant\u0113ta. Tom\u0113r Lahem\u0101, prec\u012bz\u0101k, Jumindas pussal\u0101, var atrast divas aizraujo\u0161as ar milit\u0101ro mantojumu saist\u012btas apskates vietas.      <\/p><p> <\/p><p>Pirm\u0101 no t\u0101m atrodas Jumindas ciem\u0101 un piemin padomju sp\u0113ku evaku\u0101ciju no Tallinas 1941. gada vasaras beig\u0101s. Jumindas m\u012bnu kaujas laik\u0101 tika nogremd\u0113ti aptuveni 60 ku\u0123i, un aptuveni 15 000 cilv\u0113ku g\u0101ja boj\u0101 j\u016br\u0101. Notikumu piemin piemi\u0146as akmens, kas uzst\u0101d\u012bts Jumindas ciema pludmal\u0113. Turkl\u0101t J\u016bras muzejs ir izveidojis izst\u0101di <a href=\"https:\/\/meremuuseum.ee\/lennusadam\/porgu-laeaenemerel-juminda-meretragoeoedia-1941\/\" target=\"_blank\" rel=\"noopener\">\u201cElle Baltijas j\u016br\u0101. Jumindas j\u016bras tra\u0123\u0113dija 1941. gad\u0101\u201d<\/a>, kas v\u0113l\u0101kais l\u012bdz 2024. gada t\u016brisma sezonai k\u013c\u016bs par past\u0101v\u012bgu izst\u0101di Haras ost\u0101.    <\/p><p> <\/p><p>V\u0113l viens iev\u0113rojams milit\u0101r\u0101 mantojuma p\u0101rst\u0101vis un apskates objekts Lahem\u0101 ir Haras osta. Biju\u0161\u0101 zem\u016bde\u0146u un j\u016bras flotes demagnetiz\u0101cijas stacija pied\u0101v\u0101 aizraujo\u0161u atmosf\u0113ru Haras l\u012b\u010da dienvidrietumu krast\u0101 ar sav\u0101m jaud\u012bgaj\u0101m betona konstrukcij\u0101m, blakus kur\u0101m m\u016bsdien\u0101s ir izveidota jahtu piest\u0101tne ar tai pievienoto infrastrukt\u016bru. Interesantu un detaliz\u0113tu inform\u0101ciju par Haras ostu vari atrast <a href=\"https:\/\/teejuht.esap.ee\/pohja-eesti\/militaarne-hara\/\" target=\"_blank\" rel=\"noopener\">\u0161eit<\/a>.   <\/p><p> <\/p><p>Liel\u0101k\u0101 teritorija p\u0113c plat\u012bbas, kur\u0101 milit\u0101rais mantojums ir sp\u0113c\u012bgi j\u016btams apmekl\u0113t\u0101jiem, atrodas P\u0113rispea pussal\u0101 \u2014 milit\u0101r\u0101 b\u0101ze un pils\u0113ta S\u016brpea ciem\u0101, un radaru kalns ar tam piegu\u013co\u0161aj\u0101m iek\u0101rt\u0101m net\u0101lu no Purekkari raga. \u0112ku slikt\u0101 vai \u013coti slikt\u0101 st\u0101vok\u013ca d\u0113\u013c noteikti nav ieteicams taj\u0101s ieiet. M\u0113s ar\u012b v\u0113r\u0161am uzman\u012bbu uz z\u012bm\u0113m, kas nor\u0101da uz priv\u0101t\u012bpa\u0161umu un t\u0101 aizsardz\u012bbu, un l\u016bdzam to cien\u012bt.   <\/p><p> <\/p><p>Noteikti pl\u0101no savu Lahem\u0101 milit\u0101r\u0101 mantojuma apmekl\u0113jumu k\u0101 da\u013cu no <a href=\"https:\/\/uus.visitlahemaa.com\/lv\/atklaj-lahema\/apkart-lahema\/\" target=\"_blank\" rel=\"noopener\">Lahem\u0101 t\u016bres<\/a>. Lai g\u016btu piln\u012bg\u0101ku pieredzi, \u0146em <a href=\"https:\/\/uus.visitlahemaa.com\/lv\/gids\/\" target=\"_blank\" rel=\"noopener\">viet\u0113jo gidu<\/a>.  <\/p>\t\t\t\t\t\t\t\t<\/div>\n\t\t\t\t<\/div>\n\t\t\t\t\t<\/div>\n\t\t\t\t<\/div>\n\t\t\t\t<\/div>\n\t\t","protected":false},"excerpt":{"rendered":"<p>P\u0113c Otr\u0101 pasaules kara Lahem\u0101 piekraste k\u013cuva par PSRS robe\u017ezonu, kur tika uzcelti da\u017e\u0101di milit\u0101rie objekti. L\u012bdz pat \u0161ai dienai milit\u0101rais mantojums ir diezgan sp\u0113c\u012bgi j\u016btams, p\u0101rvietojoties pa Lahem\u0101. \u0145emot v\u0113r\u0101, ka Lahem\u0101 nacion\u0101l\u0101 parka piekraste stiepjas vair\u0101k nek\u0101 100 kilometru garum\u0101, var atrast daudzus biju\u0161os padomju laika robe\u017esardzes poste\u0146us, \u012bpa\u0161i pussalu galos, kas stiepjas [&hellip;]<\/p>\n","protected":false},"author":100010026,"featured_media":38426,"parent":40508,"menu_order":0,"comment_status":"closed","ping_status":"closed","template":"","meta":{"_acf_changed":false,"_lmt_disableupdate":"","_lmt_disable":"","_monsterinsights_skip_tracking":false,"_monsterinsights_sitenote_active":false,"_monsterinsights_sitenote_note":"","_monsterinsights_sitenote_category":0,"footnotes":"","_links_to":"","_links_to_target":""},"class_list":["post-46013","page","type-page","status-publish","has-post-thumbnail","hentry"],"acf":[],"_links":{"self":[{"href":"https:\/\/uus.visitlahemaa.com\/lv\/wp-json\/wp\/v2\/pages\/46013","targetHints":{"allow":["GET"]}}],"collection":[{"href":"https:\/\/uus.visitlahemaa.com\/lv\/wp-json\/wp\/v2\/pages"}],"about":[{"href":"https:\/\/uus.visitlahemaa.com\/lv\/wp-json\/wp\/v2\/types\/page"}],"author":[{"embeddable":true,"href":"https:\/\/uus.visitlahemaa.com\/lv\/wp-json\/wp\/v2\/users\/100010026"}],"replies":[{"embeddable":true,"href":"https:\/\/uus.visitlahemaa.com\/lv\/wp-json\/wp\/v2\/comments?post=46013"}],"version-history":[{"count":1,"href":"https:\/\/uus.visitlahemaa.com\/lv\/wp-json\/wp\/v2\/pages\/46013\/revisions"}],"predecessor-version":[{"id":46014,"href":"https:\/\/uus.visitlahemaa.com\/lv\/wp-json\/wp\/v2\/pages\/46013\/revisions\/46014"}],"up":[{"embeddable":true,"href":"https:\/\/uus.visitlahemaa.com\/lv\/wp-json\/wp\/v2\/pages\/40508"}],"wp:featuredmedia":[{"embeddable":true,"href":"https:\/\/uus.visitlahemaa.com\/lv\/wp-json\/wp\/v2\/media\/38426"}],"wp:attachment":[{"href":"https:\/\/uus.visitlahemaa.com\/lv\/wp-json\/wp\/v2\/media?parent=46013"}],"curies":[{"name":"wp","href":"https:\/\/api.w.org\/{rel}","templated":true}]}}