{"id":46005,"date":"2025-09-01T10:37:12","date_gmt":"2025-09-01T07:37:12","guid":{"rendered":"https:\/\/uus.visitlahemaa.com\/atklaj-lahema\/apkart-lahema\/lahema-akmens-aplis\/"},"modified":"2025-09-01T10:37:14","modified_gmt":"2025-09-01T07:37:14","slug":"lahema-akmens-aplis","status":"publish","type":"page","link":"https:\/\/uus.visitlahemaa.com\/lv\/atklaj-lahema\/apkart-lahema\/lahema-akmens-aplis\/","title":{"rendered":"Lahem\u0101 Akmens aplis"},"content":{"rendered":"\t\t<div data-elementor-type=\"wp-page\" data-elementor-id=\"46005\" class=\"elementor elementor-46005 elementor-39643\" data-elementor-post-type=\"page\">\n\t\t\t\t<div class=\"elementor-element elementor-element-215432c e-flex e-con-boxed e-con e-parent\" data-id=\"215432c\" data-element_type=\"container\" data-e-type=\"container\">\n\t\t\t\t\t<div class=\"e-con-inner\">\n\t\t\t\t<div class=\"elementor-element elementor-element-711f78fd elementor-widget elementor-widget-text-editor\" data-id=\"711f78fd\" data-element_type=\"widget\" data-e-type=\"widget\" data-widget_type=\"text-editor.default\">\n\t\t\t\t<div class=\"elementor-widget-container\">\n\t\t\t\t\t\t\t\t\t<p>Lahem\u0101 ir milzu laukakme\u0146u zeme. \u0160eit var atrast vismaz 20 milzu laukakme\u0146us (ar diametru virs 10 metriem vai<br>apk\u0101rtm\u0113ru virs 25 metriem), vair\u0101k nek\u0101 jebkur citur Eirop\u0101. Igaunij\u0101 laukakme\u0146u p\u0113t\u012b\u0161anu 19. gadsimta beig\u0101s uzs\u0101ka<br>Krievijas \u0122eolo\u0123ijas komitejas direktors Helmersens, kur\u0161 kop\u0101 ar Palmse baronu kart\u0113ja laukakme\u0146us Lahem\u0101.<br>Viens veids, k\u0101 iepaz\u012bt Lahem\u0101, ir apce\u013cot to, apmekl\u0113jot<br>t\u0101s laukakme\u0146us. Vair\u0101k inform\u0101cijas par Lahem\u0101 laukakme\u0146iem var atrast Palmse un Oandu apmekl\u0113t\u0101ju centros un<br>uz inform\u0101cijas d\u0113\u013ca pie Altjas laivu novietn\u0113m.    <\/p><p> <\/p><p><a href=\"https:\/\/goo.gl\/maps\/HWxTFtYBkaEW4npJA\" target=\"_blank\" rel=\"noopener\">Akmens ap\u013cu atra\u0161an\u0101s vietas Google Maps<\/a><\/p><p> <\/p><p>1. Majakivi ir Igaunijas tre\u0161ais liel\u0101kais laukakmens, kas atrodas Jumindas pussal\u0101. L\u012bdz tam ved 7 km gara dabas taka,<br>kur\u0101 atrodas ar\u012b skatu tornis.<br>2. Mardimiku laukakmens, kas atrodas Valgej\u00f5gi upes krast\u0101 Loksa nomal\u0113, ir nosaukts p\u0113c tuv\u0113j\u0101s saimniec\u012bbas.<br>3. Mustkivi, kas atrodas j\u016bras krast\u0101 pret\u012b Viinistu M\u0101kslas muzejam, ir \u201cb\u0113rnu akmens\u201d, no kura, saska\u0146\u0101 ar<br>le\u0123endu, c\u0113lu\u0161ies ciemata b\u0113rni.<br>4. Jaani-Tooma laukakmens Kasispea ciemat\u0101 ir bijis viens no Lahem\u0101 nacion\u0101l\u0101 parka simboliem un Igaunijas<br>slaven\u0101kais milzu laukakmens.<br>5. Divi no Tammispea milzu laukakme\u0146iem atbilst milzu laukakmens krit\u0113rijiem. Liel\u0101kais no tiem pretend\u0113 uz Igaunijas<br>augst\u0101k\u0101 laukakmens titulu.<br>6. K\u00e4smu laukakme\u0146u lauks, iesp\u0113jams, pasaul\u0113 liel\u0101kais, atrodas me\u017e\u0101 gar p\u0101rg\u0101jienu taku. K\u00e4smu ir v\u0113rts doties ar\u012b<br>l\u012bdz Vana-J\u00fcri laukakme\u0146iem, no kuriem paveras skaists skats uz Saartneemi.<br>7. 2,5 km gara p\u0101rg\u0101jienu taka ved uz Ojakivi me\u017e\u0101 net\u0101lu no V\u00f5su pils\u0113ti\u0146as. Ojakivi ir 3. liel\u0101kais p\u0113c tilpuma<br>Lahem\u0101 un 14. Igaunij\u0101.<br>8. Altjas milzu laukakmens pie t\u012bklu novietn\u0113m ir Altjas ciemata \u201cb\u0113rnu akmens\u201d. Tika teikts, ka visi ciemata b\u0113rni ir atnesti no aiz t\u0101.<br>Ja k\u0101ds b\u0113rns v\u0113l\u0113j\u0101s br\u0101li vai m\u0101su, vi\u0146am bija j\u0101iet un j\u0101klauv\u0113 pie akmens, un v\u0113l\u0113\u0161an\u0101s piepild\u012btos.<br>9. Kaarna laukakmens, kas saist\u012bts ar daudz\u0101m le\u0123end\u0101m un m\u012blas st\u0101stiem, atrodas j\u016bras krast\u0101 Vainupea ciemat\u0101.<br>No Kaarna laukakmens var ieg\u016bt atjaunojo\u0161u \u016bdeni, un zem t\u0101 s\u0101kas pazemes eja, kas ved uz pazemi.<br>10. Vahakivi ir milzu laukakmens Palmse, kas saist\u012bts ar daudziem nosaukumiem un vair\u0101k\u0101m sen\u0101m le\u0123end\u0101m.      <\/p>\t\t\t\t\t\t\t\t<\/div>\n\t\t\t\t<\/div>\n\t\t\t\t\t<\/div>\n\t\t\t\t<\/div>\n\t\t\t\t<\/div>\n\t\t","protected":false},"excerpt":{"rendered":"<p>Lahem\u0101 ir milzu laukakme\u0146u zeme. \u0160eit var atrast vismaz 20 milzu laukakme\u0146us (ar diametru virs 10 metriem vaiapk\u0101rtm\u0113ru virs 25 metriem), vair\u0101k nek\u0101 jebkur citur Eirop\u0101. Igaunij\u0101 laukakme\u0146u p\u0113t\u012b\u0161anu 19. gadsimta beig\u0101s uzs\u0101kaKrievijas \u0122eolo\u0123ijas komitejas direktors Helmersens, kur\u0161 kop\u0101 ar Palmse baronu kart\u0113ja laukakme\u0146us Lahem\u0101.Viens veids, k\u0101 iepaz\u012bt Lahem\u0101, ir apce\u013cot to, apmekl\u0113jott\u0101s laukakme\u0146us. Vair\u0101k [&hellip;]<\/p>\n","protected":false},"author":100010028,"featured_media":37916,"parent":40702,"menu_order":0,"comment_status":"closed","ping_status":"closed","template":"","meta":{"_acf_changed":false,"_lmt_disableupdate":"","_lmt_disable":"","_monsterinsights_skip_tracking":false,"_monsterinsights_sitenote_active":false,"_monsterinsights_sitenote_note":"","_monsterinsights_sitenote_category":0,"footnotes":"","_links_to":"","_links_to_target":""},"class_list":["post-46005","page","type-page","status-publish","has-post-thumbnail","hentry"],"acf":[],"_links":{"self":[{"href":"https:\/\/uus.visitlahemaa.com\/lv\/wp-json\/wp\/v2\/pages\/46005","targetHints":{"allow":["GET"]}}],"collection":[{"href":"https:\/\/uus.visitlahemaa.com\/lv\/wp-json\/wp\/v2\/pages"}],"about":[{"href":"https:\/\/uus.visitlahemaa.com\/lv\/wp-json\/wp\/v2\/types\/page"}],"author":[{"embeddable":true,"href":"https:\/\/uus.visitlahemaa.com\/lv\/wp-json\/wp\/v2\/users\/100010028"}],"replies":[{"embeddable":true,"href":"https:\/\/uus.visitlahemaa.com\/lv\/wp-json\/wp\/v2\/comments?post=46005"}],"version-history":[{"count":1,"href":"https:\/\/uus.visitlahemaa.com\/lv\/wp-json\/wp\/v2\/pages\/46005\/revisions"}],"predecessor-version":[{"id":46007,"href":"https:\/\/uus.visitlahemaa.com\/lv\/wp-json\/wp\/v2\/pages\/46005\/revisions\/46007"}],"up":[{"embeddable":true,"href":"https:\/\/uus.visitlahemaa.com\/lv\/wp-json\/wp\/v2\/pages\/40702"}],"wp:featuredmedia":[{"embeddable":true,"href":"https:\/\/uus.visitlahemaa.com\/lv\/wp-json\/wp\/v2\/media\/37916"}],"wp:attachment":[{"href":"https:\/\/uus.visitlahemaa.com\/lv\/wp-json\/wp\/v2\/media?parent=46005"}],"curies":[{"name":"wp","href":"https:\/\/api.w.org\/{rel}","templated":true}]}}