{"id":45966,"date":"2025-09-01T10:37:06","date_gmt":"2025-09-01T07:37:06","guid":{"rendered":"https:\/\/uus.visitlahemaa.com\/atklaj-lahema\/dalies-ar-savu-lahemaa\/"},"modified":"2025-09-01T10:37:09","modified_gmt":"2025-09-01T07:37:09","slug":"dalies-ar-savu-lahemaa","status":"publish","type":"page","link":"https:\/\/uus.visitlahemaa.com\/lv\/atklaj-lahema\/dalies-ar-savu-lahemaa\/","title":{"rendered":"Dalies ar savu Lahemaa"},"content":{"rendered":"\t\t<div data-elementor-type=\"wp-page\" data-elementor-id=\"45966\" class=\"elementor elementor-45966 elementor-39637\" data-elementor-post-type=\"page\">\n\t\t\t\t<div class=\"elementor-element elementor-element-54181a0c e-flex e-con-boxed e-con e-parent\" data-id=\"54181a0c\" data-element_type=\"container\" data-e-type=\"container\">\n\t\t\t\t\t<div class=\"e-con-inner\">\n\t\t\t\t<div class=\"elementor-element elementor-element-212d63c6 elementor-widget elementor-widget-text-editor\" data-id=\"212d63c6\" data-element_type=\"widget\" data-e-type=\"widget\" data-widget_type=\"text-editor.default\">\n\t\t\t\t<div class=\"elementor-widget-container\">\n\t\t\t\t\t\t\t\t\t<p>Dabas skaistums Lahema\u0101 ir sastopams ik uz so\u013ca un katr\u0101 mirkl\u012b! Tom\u0113r liela da\u013ca dabas skaistuma rodas no gaismas ap mums, un, lai to visu patiesi piedz\u012bvotu, mums b\u016btu j\u0101p\u0101rvietojas \u0101tr\u0101k par gaismu. Tom\u0113r da\u017ereiz mums paveicas b\u016bt \u012bstaj\u0101 viet\u0101 \u012bstaj\u0101 laik\u0101. Ja tas ir noticis ar tevi un tev ir izdevies iem\u016b\u017ein\u0101t Lahemaa dabas skaistumu ar savu kameru, tad dalies ar savu iem\u016b\u017ein\u0101to mirkli m\u016bsu galerij\u0101.    <\/p><p>Lai to izdar\u012btu, aug\u0161upiel\u0101d\u0113 savu att\u0113la failu un noteikti aizpildi zem\u0101k eso\u0161o veidlapu, lai m\u0113s var\u0113tu tevi nor\u0101d\u012bt k\u0101 fotoatt\u0113la autoru.<\/p><p>Vai pievieno \u2b07\u2b07\u2b07 t\u0113mturi savai soci\u0101lo mediju zi\u0146ai.<\/p><p> <\/p><p><a href=\"http:\/\/www.facebook.com\" target=\"_blank\" rel=\"noopener\"><img decoding=\"async\" class=\"alignnone wp-image-39195\" src=\"https:\/\/uus.visitlahemaa.com\/wp-content\/uploads\/2023\/03\/fb-2.png\" alt=\"\" width=\"50\" height=\"51\"><\/a> <span style=\"font-size: 24pt;\">#visitlahemaa <\/span><a href=\"http:\/\/www.instagram.com\" target=\"_blank\" rel=\"noopener\"><img decoding=\"async\" class=\"alignnone wp-image-39189\" src=\"https:\/\/uus.visitlahemaa.com\/wp-content\/uploads\/2023\/03\/insta-2.png\" alt=\"\" width=\"50\" height=\"50\"><\/a> <span style=\"font-size: 24pt;\">#visit_lahemaa<\/span><\/p><p> <\/p><div id='gallery-1' class='gallery galleryid-45966 gallery-columns-3 gallery-size-thumbnail'><figure class='gallery-item'>\n\t\t\t<div class='gallery-icon portrait'>\n\t\t\t\t<a href=\"https:\/\/uus.visitlahemaa.com\/lv\/atklaj-lahema\/dalies-ar-savu-lahemaa\/nommeveski-juga-2-6-5-2022-2\/\"><img fetchpriority=\"high\" decoding=\"async\" width=\"300\" height=\"300\" src=\"https:\/\/uus.visitlahemaa.com\/wp-content\/uploads\/2023\/02\/Nommeveski-juga-2-6-5-2022-300x300.jpg\" class=\"attachment-thumbnail size-thumbnail\" alt=\"\" aria-describedby=\"gallery-1-38627\" \/><\/a>\n\t\t\t<\/div>\n\t\t\t\t<figcaption class='wp-caption-text gallery-caption' id='gallery-1-38627'>\n\t\t\t\tN\u00f5mmeveski | Heidi Markkanen | 06.05.2022\n\t\t\t\t<\/figcaption><\/figure><figure class='gallery-item'>\n\t\t\t<div class='gallery-icon landscape'>\n\t\t\t\t<a href=\"https:\/\/uus.visitlahemaa.com\/lv\/atklaj-lahema\/dalies-ar-savu-lahemaa\/nommeveski-juga-6-5-2022-2\/\"><img loading=\"lazy\" decoding=\"async\" width=\"300\" height=\"300\" src=\"https:\/\/uus.visitlahemaa.com\/wp-content\/uploads\/2023\/02\/Nommeveski-juga-6-5-2022-300x300.jpeg\" class=\"attachment-thumbnail size-thumbnail\" alt=\"\" aria-describedby=\"gallery-1-38621\" \/><\/a>\n\t\t\t<\/div>\n\t\t\t\t<figcaption class='wp-caption-text gallery-caption' id='gallery-1-38621'>\n\t\t\t\tN\u00f5mmeveski | Heidi Markkanen | 06.05.2022\n\t\t\t\t<\/figcaption><\/figure><figure class='gallery-item'>\n\t\t\t<div class='gallery-icon landscape'>\n\t\t\t\t<a href=\"https:\/\/uus.visitlahemaa.com\/lv\/atklaj-lahema\/dalies-ar-savu-lahemaa\/palmse-jaanituli-2-23-6-2022-2\/\"><img loading=\"lazy\" decoding=\"async\" width=\"300\" height=\"300\" src=\"https:\/\/uus.visitlahemaa.com\/wp-content\/uploads\/2023\/02\/Palmse-jaanituli-2-23-6-2022-300x300.jpeg\" class=\"attachment-thumbnail size-thumbnail\" alt=\"\" aria-describedby=\"gallery-1-38615\" \/><\/a>\n\t\t\t<\/div>\n\t\t\t\t<figcaption class='wp-caption-text gallery-caption' id='gallery-1-38615'>\n\t\t\t\tPalmse | Heidi Markkanen | 23.06.2022\n\t\t\t\t<\/figcaption><\/figure><figure class='gallery-item'>\n\t\t\t<div class='gallery-icon landscape'>\n\t\t\t\t<a href=\"https:\/\/uus.visitlahemaa.com\/lv\/atklaj-lahema\/dalies-ar-savu-lahemaa\/tapurla-22-5-2022-2\/\"><img loading=\"lazy\" decoding=\"async\" width=\"300\" height=\"300\" src=\"https:\/\/uus.visitlahemaa.com\/wp-content\/uploads\/2023\/02\/Tapurla-22-5-2022-300x300.jpeg\" class=\"attachment-thumbnail size-thumbnail\" alt=\"\" aria-describedby=\"gallery-1-38609\" \/><\/a>\n\t\t\t<\/div>\n\t\t\t\t<figcaption class='wp-caption-text gallery-caption' id='gallery-1-38609'>\n\t\t\t\tTapurla | \n\t\t\t\t<\/figcaption><\/figure><figure class='gallery-item'>\n\t\t\t<div class='gallery-icon portrait'>\n\t\t\t\t<a href=\"https:\/\/uus.visitlahemaa.com\/lv\/atklaj-lahema\/dalies-ar-savu-lahemaa\/b1588d72-a55f-4598-bf7b-cb9536a97787-2\/\"><img loading=\"lazy\" decoding=\"async\" width=\"300\" height=\"300\" src=\"https:\/\/uus.visitlahemaa.com\/wp-content\/uploads\/2022\/11\/B1588D72-A55F-4598-BF7B-CB9536A97787-300x300.jpeg\" class=\"attachment-thumbnail size-thumbnail\" alt=\"\" aria-describedby=\"gallery-1-38515\" \/><\/a>\n\t\t\t<\/div>\n\t\t\t\t<figcaption class='wp-caption-text gallery-caption' id='gallery-1-38515'>\n\t\t\t\tHara | Kadri Otsiver | \n\t\t\t\t<\/figcaption><\/figure><figure class='gallery-item'>\n\t\t\t<div class='gallery-icon landscape'>\n\t\t\t\t<a href=\"https:\/\/uus.visitlahemaa.com\/lv\/atklaj-lahema\/dalies-ar-savu-lahemaa\/dsc_0665-2\/\"><img loading=\"lazy\" decoding=\"async\" width=\"300\" height=\"300\" src=\"https:\/\/uus.visitlahemaa.com\/wp-content\/uploads\/2022\/11\/DSC_0665-300x300.jpg\" class=\"attachment-thumbnail size-thumbnail\" alt=\"\" aria-describedby=\"gallery-1-38503\" \/><\/a>\n\t\t\t<\/div>\n\t\t\t\t<figcaption class='wp-caption-text gallery-caption' id='gallery-1-38503'>\n\t\t\t\tAutor: Raido Roostalu\n\t\t\t\t<\/figcaption><\/figure>\n\t\t<\/div>\n<p> <\/p><p>Dalies ar savu Lahemaa; tu vari dal\u012bties ar Lahemaa mirk\u013ciem, kas iem\u016b\u017ein\u0101ti ar kameru, izmantojot zem\u0101k eso\u0161o veidlapu.<\/p><script type=\"text\/javascript\">var gform;gform||(document.addEventListener(\"gform_main_scripts_loaded\",function(){gform.scriptsLoaded=!0}),window.addEventListener(\"DOMContentLoaded\",function(){gform.domLoaded=!0}),gform={domLoaded:!1,scriptsLoaded:!1,initializeOnLoaded:function(o){gform.domLoaded&&gform.scriptsLoaded?o():!gform.domLoaded&&gform.scriptsLoaded?window.addEventListener(\"DOMContentLoaded\",o):document.addEventListener(\"gform_main_scripts_loaded\",o)},hooks:{action:{},filter:{}},addAction:function(o,n,r,t){gform.addHook(\"action\",o,n,r,t)},addFilter:function(o,n,r,t){gform.addHook(\"filter\",o,n,r,t)},doAction:function(o){gform.doHook(\"action\",o,arguments)},applyFilters:function(o){return gform.doHook(\"filter\",o,arguments)},removeAction:function(o,n){gform.removeHook(\"action\",o,n)},removeFilter:function(o,n,r){gform.removeHook(\"filter\",o,n,r)},addHook:function(o,n,r,t,i){null==gform.hooks[o][n]&&(gform.hooks[o][n]=[]);var e=gform.hooks[o][n];null==i&&(i=n+\"_\"+e.length),gform.hooks[o][n].push({tag:i,callable:r,priority:t=null==t?10:t})},doHook:function(n,o,r){var t;if(r=Array.prototype.slice.call(r,1),null!=gform.hooks[n][o]&&((o=gform.hooks[n][o]).sort(function(o,n){return o.priority-n.priority}),o.forEach(function(o){\"function\"!=typeof(t=o.callable)&&(t=window[t]),\"action\"==n?t.apply(null,r):r[0]=t.apply(null,r)})),\"filter\"==n)return r[0]},removeHook:function(o,n,t,i){var r;null!=gform.hooks[o][n]&&(r=(r=gform.hooks[o][n]).filter(function(o,n,r){return!!(null!=i&&i!=o.tag||null!=t&&t!=o.priority)}),gform.hooks[o][n]=r)}});<\/script>\n                <div class='gf_browser_gecko gform_wrapper gravity-theme gform-theme--no-framework' data-form-theme='gravity-theme' data-form-index='0' id='gform_wrapper_3' >\n                        <div class='gform_heading'>\n                            <h2 class=\"gform_title\">Atsauksmes<\/h2>\n                            <p class='gform_description'><\/p>\n                        <\/div><form method='post' enctype='multipart\/form-data'  id='gform_3'  action='\/lv\/wp-json\/wp\/v2\/pages\/45966' data-formid='3' novalidate>\n                        <div class='gform-body gform_body'><div id='gform_fields_3' class='gform_fields top_label form_sublabel_above description_above'><fieldset id=\"field_3_1\"  class=\"gfield gfield--type-name gfield_contains_required field_sublabel_above gfield--no-description field_description_above gfield_visibility_visible\"  data-js-reload=\"field_3_1\"><legend class='gfield_label gform-field-label gfield_label_before_complex'  >V\u0101rds<span class=\"gfield_required\"><span class=\"gfield_required gfield_required_text\">(Required)<\/span><\/span><\/legend><div class='ginput_complex ginput_container ginput_container--name no_prefix has_first_name no_middle_name no_last_name no_suffix gf_name_has_1 ginput_container_name gform-grid-row' id='input_3_1'>\n                            \n                            <span id='input_3_1_3_container' class='name_first gform-grid-col gform-grid-col--size-auto' >\n                                                    <label for='input_3_1_3' class='gform-field-label gform-field-label--type-sub '>V\u0101rds un uzv\u0101rds<\/label>\n                                                    <input type='text' name='input_1.3' id='input_3_1_3' value=''   aria-required='true'    autocomplete=\"given-name\" \/>\n                                                <\/span>\n                            \n                            \n                            \n                        <\/div><\/fieldset><div id=\"field_3_4\"  class=\"gfield gfield--type-email gfield--width-full field_sublabel_above gfield--no-description field_description_above gfield_visibility_visible\"  data-js-reload=\"field_3_4\"><label class='gfield_label gform-field-label' for='input_3_4' >E-pasts<\/label><div class='ginput_container ginput_container_email'>\n                            <input name='input_4' id='input_3_4' type='email' value='' class='large'     aria-invalid=\"false\"  \/>\n                        <\/div><\/div><div id=\"field_3_3\"  class=\"gfield gfield--type-textarea gfield_contains_required field_sublabel_above gfield--no-description field_description_above gfield_visibility_visible\"  data-js-reload=\"field_3_3\"><label class='gfield_label gform-field-label' for='input_3_3' >Papildu inform\u0101cija<span class=\"gfield_required\"><span class=\"gfield_required gfield_required_text\">(Required)<\/span><\/span><\/label><div class='ginput_container ginput_container_textarea'><textarea name='input_3' id='input_3_3' class='textarea medium'   maxlength='600'  aria-required=\"true\" aria-invalid=\"false\"   rows='10' cols='50'><\/textarea><\/div><\/div><div id=\"field_3_5\"  class=\"gfield gfield--type-fileupload gfield--width-full field_sublabel_above gfield--no-description field_description_above gfield_visibility_visible\"  data-js-reload=\"field_3_5\"><label class='gfield_label gform-field-label' for='input_3_5' >Pievieno failu, ja nepiecie\u0161ams<\/label><div class='ginput_container ginput_container_fileupload'><input type='hidden' name='MAX_FILE_SIZE' value='2146435072' \/><input name='input_5' id='input_3_5' type='file' class='large' aria-describedby=\"gfield_upload_rules_3_5\" onchange='javascript:gformValidateFileSize( this, 2146435072 );'  \/><span class='gfield_description gform_fileupload_rules' id='gfield_upload_rules_3_5'>Max. file size: 2 GB.<\/span><div class='gfield_description validation_message gfield_validation_message validation_message--hidden-on-empty' id='live_validation_message_3_5'><\/div><\/div><\/div><\/div><\/div>\n        <div class='gform_footer top_label'> <input type='submit' id='gform_submit_button_3' class='gform_button button' value='S\u016bt\u012bt'  onclick='if(window[\"gf_submitting_3\"]){return false;}  if( !jQuery(\"#gform_3\")[0].checkValidity || jQuery(\"#gform_3\")[0].checkValidity()){window[\"gf_submitting_3\"]=true;}  ' onkeypress='if( event.keyCode == 13 ){ if(window[\"gf_submitting_3\"]){return false;} if( !jQuery(\"#gform_3\")[0].checkValidity || jQuery(\"#gform_3\")[0].checkValidity()){window[\"gf_submitting_3\"]=true;}  jQuery(\"#gform_3\").trigger(\"submit\",[true]); }' \/> \n            <input type='hidden' class='gform_hidden' name='is_submit_3' value='1' \/>\n            <input type='hidden' class='gform_hidden' name='gform_submit' value='3' \/>\n            \n            <input type='hidden' class='gform_hidden' name='gform_unique_id' value='' \/>\n            <input type='hidden' class='gform_hidden' name='state_3' value='WyJbXSIsIjc2NDgyMjc3ZjQ3MmRkMTFlYmM5YzcxOWEzM2Y3MDY4Il0=' \/>\n            <input type='hidden' class='gform_hidden' name='gform_target_page_number_3' id='gform_target_page_number_3' value='0' \/>\n            <input type='hidden' class='gform_hidden' name='gform_source_page_number_3' id='gform_source_page_number_3' value='1' \/>\n            <input type='hidden' name='gform_field_values' value='' \/>\n            \n        <\/div>\n                        <\/form>\n                        <\/div><script>\ngform.initializeOnLoaded( function() {gformInitSpinner( 3, 'https:\/\/uus.visitlahemaa.com\/wp-content\/plugins\/gravityforms\/images\/spinner.svg', true );jQuery('#gform_ajax_frame_3').on('load',function(){var contents = jQuery(this).contents().find('*').html();var is_postback = contents.indexOf('GF_AJAX_POSTBACK') >= 0;if(!is_postback){return;}var form_content = jQuery(this).contents().find('#gform_wrapper_3');var is_confirmation = jQuery(this).contents().find('#gform_confirmation_wrapper_3').length > 0;var is_redirect = contents.indexOf('gformRedirect(){') >= 0;var is_form = form_content.length > 0 && ! is_redirect && ! is_confirmation;var mt = parseInt(jQuery('html').css('margin-top'), 10) + parseInt(jQuery('body').css('margin-top'), 10) + 100;if(is_form){jQuery('#gform_wrapper_3').html(form_content.html());if(form_content.hasClass('gform_validation_error')){jQuery('#gform_wrapper_3').addClass('gform_validation_error');} else {jQuery('#gform_wrapper_3').removeClass('gform_validation_error');}setTimeout( function() { \/* delay the scroll by 50 milliseconds to fix a bug in chrome *\/  }, 50 );if(window['gformInitDatepicker']) {gformInitDatepicker();}if(window['gformInitPriceFields']) {gformInitPriceFields();}var current_page = jQuery('#gform_source_page_number_3').val();gformInitSpinner( 3, 'https:\/\/uus.visitlahemaa.com\/wp-content\/plugins\/gravityforms\/images\/spinner.svg', true );jQuery(document).trigger('gform_page_loaded', [3, current_page]);window['gf_submitting_3'] = false;}else if(!is_redirect){var confirmation_content = jQuery(this).contents().find('.GF_AJAX_POSTBACK').html();if(!confirmation_content){confirmation_content = contents;}setTimeout(function(){jQuery('#gform_wrapper_3').replaceWith(confirmation_content);jQuery(document).trigger('gform_confirmation_loaded', [3]);window['gf_submitting_3'] = false;wp.a11y.speak(jQuery('#gform_confirmation_message_3').text());}, 50);}else{jQuery('#gform_3').append(contents);if(window['gformRedirect']) {gformRedirect();}}jQuery(document).trigger('gform_post_render', [3, current_page]);gform.utils.trigger({ event: 'gform\/postRender', native: false, data: { formId: 3, currentPage: current_page } });} );} );\n<\/script>\n<p> <\/p><p> <\/p><p><span style=\"font-size: 10pt;\">* Daloties ar fotogr\u0101fij\u0101m ar Lahemaa T\u016brisma asoci\u0101ciju vietn\u0113 www.visitlahemaa.com, tu pie\u0161\u0137ir Lahemaa T\u016brisma asoci\u0101cijai ties\u012bbas izmantot \u0161\u012bs fotogr\u0101fijas satura veido\u0161anai vietn\u0113 www.visitlahemaa.com nor\u0101d\u012bt\u0101 dom\u0113na v\u0101rda ietvaros, un izst\u0101\u017eu m\u0101rketinga nol\u016bkiem druk\u0101tajos materi\u0101los.<\/span><\/p>\t\t\t\t\t\t\t\t<\/div>\n\t\t\t\t<\/div>\n\t\t\t\t\t<\/div>\n\t\t\t\t<\/div>\n\t\t\t\t<\/div>\n\t\t","protected":false},"excerpt":{"rendered":"<p>Dabas skaistums Lahema\u0101 ir sastopams ik uz so\u013ca un katr\u0101 mirkl\u012b! Tom\u0113r liela da\u013ca dabas skaistuma rodas no gaismas ap mums, un, lai to visu patiesi piedz\u012bvotu, mums b\u016btu j\u0101p\u0101rvietojas \u0101tr\u0101k par gaismu. Tom\u0113r da\u017ereiz mums paveicas b\u016bt \u012bstaj\u0101 viet\u0101 \u012bstaj\u0101 laik\u0101. Ja tas ir noticis ar tevi un tev ir izdevies iem\u016b\u017ein\u0101t Lahemaa dabas [&hellip;]<\/p>\n","protected":false},"author":100010026,"featured_media":41361,"parent":40508,"menu_order":0,"comment_status":"closed","ping_status":"closed","template":"","meta":{"_acf_changed":false,"_lmt_disableupdate":"","_lmt_disable":"","_monsterinsights_skip_tracking":false,"_monsterinsights_sitenote_active":false,"_monsterinsights_sitenote_note":"","_monsterinsights_sitenote_category":0,"footnotes":"","_links_to":"","_links_to_target":""},"class_list":["post-45966","page","type-page","status-publish","has-post-thumbnail","hentry"],"acf":[],"_links":{"self":[{"href":"https:\/\/uus.visitlahemaa.com\/lv\/wp-json\/wp\/v2\/pages\/45966","targetHints":{"allow":["GET"]}}],"collection":[{"href":"https:\/\/uus.visitlahemaa.com\/lv\/wp-json\/wp\/v2\/pages"}],"about":[{"href":"https:\/\/uus.visitlahemaa.com\/lv\/wp-json\/wp\/v2\/types\/page"}],"author":[{"embeddable":true,"href":"https:\/\/uus.visitlahemaa.com\/lv\/wp-json\/wp\/v2\/users\/100010026"}],"replies":[{"embeddable":true,"href":"https:\/\/uus.visitlahemaa.com\/lv\/wp-json\/wp\/v2\/comments?post=45966"}],"version-history":[{"count":1,"href":"https:\/\/uus.visitlahemaa.com\/lv\/wp-json\/wp\/v2\/pages\/45966\/revisions"}],"predecessor-version":[{"id":45967,"href":"https:\/\/uus.visitlahemaa.com\/lv\/wp-json\/wp\/v2\/pages\/45966\/revisions\/45967"}],"up":[{"embeddable":true,"href":"https:\/\/uus.visitlahemaa.com\/lv\/wp-json\/wp\/v2\/pages\/40508"}],"wp:featuredmedia":[{"embeddable":true,"href":"https:\/\/uus.visitlahemaa.com\/lv\/wp-json\/wp\/v2\/media\/41361"}],"wp:attachment":[{"href":"https:\/\/uus.visitlahemaa.com\/lv\/wp-json\/wp\/v2\/media?parent=45966"}],"curies":[{"name":"wp","href":"https:\/\/api.w.org\/{rel}","templated":true}]}}