{"id":45646,"date":"2025-07-28T14:20:41","date_gmt":"2025-07-28T11:20:41","guid":{"rendered":"https:\/\/uus.visitlahemaa.com\/piknika-diena\/"},"modified":"2025-07-28T14:20:41","modified_gmt":"2025-07-28T11:20:41","slug":"piknika-diena","status":"publish","type":"page","link":"https:\/\/uus.visitlahemaa.com\/lv\/piknika-diena\/","title":{"rendered":"Piknika diena"},"content":{"rendered":"<div class=\"hero\">\n<div class=\"container position-relative logo-holder\"><a href=\"https:\/\/uus.visitlahemaa.com\/lv\/\"><img decoding=\"async\" class=\"hero-logo\" src=\"https:\/\/uus.visitlahemaa.com\/wp-content\/uploads\/2021\/09\/visit-lahemaa-logo-header-2.png\" alt=\"Logotips\"><br \/>\n<\/a><\/div>\n<div class=\"hero-overlay text-center text-shadow pt-5 pt-md-0\">\n<p><img decoding=\"async\" class=\"smn-img my-4\" src=\"https:\/\/uus.visitlahemaa.com\/wp-content\/uploads\/2025\/04\/Lahemaa-piknikupaev-e1743812144313.png\"><\/p>\n<h1 class=\"display-6 order-0\">Pikniki Lahem\u0101 ciematos<\/h1>\n<p><span class=\"fs-2 fw-bold order-1\">24.-25.05<\/span><br \/>\n<small class=\"position-absolute bottom-0 end-0 rounded-3 rounded-end-0 rounded-bottom-0 p-2 badge text-bg-dark bg-opacity-75\">Avots: Erki Village Corner<\/small><\/p>\n<\/div>\n<\/div>\n<div class=\"container my-10\">\n<div class=\"row smn-w50-row\">\n<div class=\"col-12 col-md-6 d-flex align-items-center\">\n<h2 class=\"display-6\"><strong>24. un 25. maijs <\/strong>  Lahem\u0101 nacion\u0101l\u0101 parka t\u016brisma zon\u0101<br \/>\nnotiek tradicion\u0101ls pas\u0101kums.<br \/>\n<strong>Lahem\u0101 piknika diena<\/strong>!<\/h2>\n<div class=\"laine1 mt-5\"><\/div>\n<\/div>\n<div class=\"col-12 col-md-6 text-end\"><img decoding=\"async\" class=\"smn-br3 smn-r0 mt-4\" src=\"https:\/\/uus.visitlahemaa.com\/wp-content\/uploads\/2025\/04\/Visit-Lahemaa-piknikupaev_Kasmu-vaike-ring_Kadri-Otsiver_-copy.webp\"><\/div>\n<\/div>\n<\/div>\n<div class=\"container-fluid my-10 smn-skylight py-5\">\n<div class=\"col-12 col-md-6 offset-0 offset-md-3\">\n<h2 class=\"display-6 fw-semibold\">Galven\u0101 uzman\u012bba tiek piev\u0113rsta re\u0123iona bag\u0101t\u012bgajai dabai, v\u0113sturei un gar\u0161\u0101m. M\u0113s atz\u012bm\u0113jam ar\u012b Eiropas aizsarg\u0101jamo teritoriju dienu. <\/h2>\n<p class=\"fs-5\">N\u0101c un atkl\u0101j Lahem\u0101 kr\u0101\u0161\u0146\u0101s ainavas un dabas takas, piedalies ekskursij\u0101s gida pavad\u012bb\u0101 un iepaz\u012bsti kult\u016brv\u0113sturisko mantojumu &#8211; vai t\u0101s b\u016btu v\u0113sturiskas krogi, sena kult\u016bra vai mui\u017eu d\u0101rzi. J\u016bs varat baud\u012bt ar\u012b gardus viet\u0113jos \u0113dienus. Piknika grozi no svaigiem viet\u0113jiem produktiem, k\u016bpin\u0101tas zivis, j\u0113ra ga\u013cas saut\u0113jums un daudz kas cits.  <\/p>\n<\/div>\n<\/div>\n<div class=\"container-fluid position-relative pb-5 pb-md-3\" style=\"height: 70vh;\">\n<div class=\"laine2 position-absolute top-50 end-0 translate-middle-y d-none d-xl-block\"><\/div>\n<div class=\"container smn-box1\"><small class=\"position-absolute top-0 start-0 rounded-3 rounded-start-0 rounded-top-0 p-2 badge text-bg-dark bg-opacity-75\">Avots: Hans Markus Antson un Visit Estonia<\/small><\/div>\n<div class=\"container\">\n<div class=\"col-12 col-sm-9 col-md-6 smn-box2\">\n<h2 class=\"display-5 fw-semibold\">Piknika dienas organizatori<\/h2>\n<p class=\"display-6 fs-4\">Izv\u0113lieties pas\u0101kumu no turpm\u0101k sniegt\u0101 saraksta un re\u0123istr\u0113jieties savlaic\u012bgi.<\/p>\n<\/div>\n<\/div>\n<\/div>\n<div class=\"container position-relative my-10 pt-5\">\n<h3 class=\"display-6 position-relative py-3\"><strong>24.05 pas\u0101kumi<\/strong><\/h3>\n<div class=\"laine1 position-absolute top-0 start-0 translate-start-y mt-5 ms-3\"><\/div>\n\t<div class=\"custom-accordion pt-5\">\n\t\t<p>\u00dchtegi osalejat ei leitud.<\/p>\t<\/div>\n\t\n<div style=\"height: 30px;\"><\/div>\n<p><!-- SEE LISAB SUUREMA ERALDUSE --><\/p>\n<h3 class=\"display-6 position-relative\"><strong>25.05 pas\u0101kumi<\/strong><\/h3>\n<div class=\"laine1 position-absolute top-0 start-0 translate-start-y mt-5 ms-3\"><\/div>\n\t<div class=\"custom-accordion pt-5\">\n\t\t<p>\u00dchtegi osalejat ei leitud.<\/p>\t<\/div>\n\t\n<div class=\"laine2 position-absolute top-100 start-50 translate-center-x mt-5\"><\/div>\n<\/div>\n<div class=\"container-fluid my-10 smn-skylight py-5\">\n<div class=\"col-12 col-md-6 offset-0 offset-md-3\">\n<h2 class=\"display-6\">K\u0101 nok\u013c\u016bt Lahem\u0101?<\/h2>\n<h3 class=\"display-6 fs-3\">Ir vair\u0101ki veidi, k\u0101 nok\u013c\u016bt Lahem\u0101, un <a href=\"https:\/\/uus.visitlahemaa.com\/planeeri\/transport-lahemaal\/\">\u0161eit<\/a> atrodiet sev piem\u0113rot\u0101ko veidu.<\/h3>\n<\/div>\n<\/div>\n<div class=\"container my-10\">\n<div class=\"row smn-w50-row\">\n<div class=\"col-12 col-md-6 d-flex align-self-center flex-column position-relative\">\n<div class=\"laine2 position-absolute bottom-100 start-50 mb-5 translate-center-y \"><\/div>\n<h3 class=\"display-6\"><strong>Ar autobusu<\/strong><\/h3>\n<p class=\"fs-5\">Sabiedriskais transports uz Lahem\u0101 katru dienu kurs\u0113 no Tallinas, Rakveres un Kadrinas, nodro\u0161inot tuv\u0101ko savienojumu ar Loksa pils\u0113tu<br \/>\n.<br \/>\nAktu\u0101l\u0101ko inform\u0101ciju par braucieniem var ieg\u016bt <a href=\"https:\/\/www.kuusalu.ee\/avalikud\" target=\"_blank\" rel=\"noopener\">Kuusalu pagasta t\u012bmek\u013ca vietn\u0113<\/a> vai<br \/>\n, izmantojot ce\u013cojumu pl\u0101not\u0101ju <a href=\"http:\/\/peatus.ee\/\" target=\"_blank\" rel=\"noopener\">peatus.ee.<\/a><\/p>\n<div class=\"laine2 position-absolute top-100 start-0 mt-3 ms-3 translate-center-y \"><\/div>\n<\/div>\n<div class=\"col-12 col-md-6 text-end\"><img decoding=\"async\" class=\"smn-br3 smn-r0\" src=\"https:\/\/uus.visitlahemaa.com\/wp-content\/uploads\/2025\/04\/Visit-Lahemaa-piknikupaev_transport_Kadri-Otsiver_4-copy.webp\"><\/div>\n<\/div>\n<\/div>\n<div class=\"container my-10\">\n<div class=\"row smn-w50-row\">\n<div class=\"col-12 col-md-6 text-start order-1 order-md-0\"><img decoding=\"async\" class=\"smn-bl3 smn-l0\" src=\"https:\/\/uus.visitlahemaa.com\/wp-content\/uploads\/2025\/04\/Visit-Lahemaa-autotee.png\"><\/div>\n<div class=\"col-12 col-md-6 d-flex align-self-center flex-column order-0 order-md-1 position-relative\">\n<div class=\"laine2 position-absolute bottom-100 start-0 mb-5 ms-3 translate-start-y \"><\/div>\n<h3 class=\"display-6\"><strong>Ar automa\u0161\u012bnu<\/strong><\/h3>\n<p class=\"fs-5\">Labi bru\u0123\u0113tie Lahem\u0101 ce\u013ci rada labv\u0113l\u012bgus apst\u0101k\u013cus nacion\u0101l\u0101 parka apskatei, ta\u010du<br \/>\nnoteikti \u0146emiet v\u0113r\u0101 viet\u0113j\u0101s <a href=\"https:\/\/www.riigiteataja.ee\/akt\/126022015033\" target=\"_blank\" rel=\"noopener\">dabas aizsardz\u012bbas pras\u012bbas<\/a>.<br \/>\nPiev\u0113rsiet \u012bpa\u0161u uzman\u012bbu autotransporta kust\u012bbas un st\u0101vvietu ierobe\u017eojumiem aizsarg\u0101jam\u0101 teritorij\u0101.<br \/>\nP\u0101rvieto\u0161an\u0101s ar auto ir ar\u012b ilgtsp\u0113j\u012bgs transporta veids, t\u0101p\u0113c, apmekl\u0113jot m\u016bs, noteikti \u0146emiet l\u012bdzi \u0123imeni un\/vai draugus.<\/p>\n<div class=\"laine2 position-absolute bottom-0 start-100 mt-5 ms-3 translate-end-y d-none d-xl-block\"><\/div>\n<\/div>\n<\/div>\n<\/div>\n<div class=\"container my-10\">\n<div class=\"row smn-w50-row\">\n<div class=\"col-12 col-md-6 d-flex align-self-center flex-column position-relative\">\n<div class=\"laine2 position-absolute bottom-100 end-0 mb-5 ms-3 translate-start-y \"><\/div>\n<h3 class=\"display-6\"><strong>Ar velosip\u0113du<\/strong><\/h3>\n<p class=\"fs-5\">Velobrauk\u0161anai draudz\u012bg\u0101 Lahem\u0101 velobrauc\u0113jiem ir daudz izaicin\u0101jumu gan vienas dienas izbraucienam, gan<br \/>\ndaudzdienu &#8220;Tour de Lahema&#8221;!<br \/>\n<strong>Vasar\u0101 Lahem\u0101 var iznom\u0101t<\/strong> velosip\u0113dus:<br \/>\n Viinistu<a class=\"d-block\" href=\"http:\/\/www.viinistu.ee\/\" target=\"_blank\" rel=\"noopener\">Art Hotel<\/a><br \/>\n Hara<a class=\"d-block\" href=\"https:\/\/harasadam.ee\/\" target=\"_blank\" rel=\"noopener\">osta<\/a>.<\/p>\n<div class=\"laine2 position-absolute top-100 start-0 mt-5 ms-3 translate-end-y \"><\/div>\n<\/div>\n<div class=\"col-12 col-md-6 text-end\"><img decoding=\"async\" class=\"smn-br3 smn-r0\" src=\"https:\/\/uus.visitlahemaa.com\/wp-content\/uploads\/2024\/07\/FB_14.webp\"><\/div>\n<\/div>\n<\/div>\n<div class=\"container my-10\">\n<div class=\"row smn-w50-row\">\n<div class=\"col-12 col-md-6 text-start order-1 order-md-0\"><img decoding=\"async\" class=\"smn-bl3 smn-l0\" src=\"https:\/\/uus.visitlahemaa.com\/wp-content\/uploads\/2024\/07\/Visit-Lahemaa_Eisma-sadam_Kadri-Otsiver_1.webp\"><\/div>\n<div class=\"col-12 col-md-6 d-flex align-self-center flex-column order-0 order-md-1 position-relative\">\n<div class=\"laine1 position-absolute bottom-100 start-0 mb-5 ms-3 translate-start-y \"><\/div>\n<h3 class=\"display-6\"><strong>Pa j\u016bru<\/strong><\/h3>\n<p class=\"fs-5\">Ir ar\u012b j\u016bras ce\u013c\u0161 uz Lahem\u0101 nacion\u0101lo parku, kur galus var piesiet pie piest\u0101tnei:<br \/>\n<a class=\"d-block\" href=\"https:\/\/harasadam.ee\/\" target=\"_blank\" rel=\"noopener\">Hara osta<\/a><br \/>\n<a class=\"d-block\" href=\"https:\/\/www.viinistu.ee\/sadam\" target=\"_blank\" rel=\"noopener\">Viinistu osta<\/a><br \/>\n<a class=\"d-block\" href=\"https:\/\/vosusadam.ee\/\" target=\"_blank\" rel=\"noopener\">Ver\u0161u osta<\/a><br \/>\n<a class=\"d-block\" href=\"http:\/\/www.vergiport.eu\/\" target=\"_blank\" rel=\"noopener\">Vergi ost\u0101<\/a><br \/>\nNB: Lahem\u0101 t\u016brisma re\u0123iona transporta savienojumi ietver ar\u012b autobusu un vilcienu satiksmi ar t\u0101diem transporta mezgliem k\u0101<br \/>\nRakvere, Kadrina un Tapa. <\/p>\n<div class=\"laine1 position-absolute top-100 end-0 mt-5 ms-3 translate-start-y d-none d-xl-block\"><\/div>\n<\/div>\n<\/div>\n<\/div>\n","protected":false},"excerpt":{"rendered":"<p>Pikniki Lahem\u0101 ciematos 24.-25.05 Avots: Erki Village Corner 24. un 25. maijs Lahem\u0101 nacion\u0101l\u0101 parka t\u016brisma zon\u0101 notiek tradicion\u0101ls pas\u0101kums. Lahem\u0101 piknika diena! Galven\u0101 uzman\u012bba tiek piev\u0113rsta re\u0123iona bag\u0101t\u012bgajai dabai, v\u0113sturei un gar\u0161\u0101m. M\u0113s atz\u012bm\u0113jam ar\u012b Eiropas aizsarg\u0101jamo teritoriju dienu. N\u0101c un atkl\u0101j Lahem\u0101 kr\u0101\u0161\u0146\u0101s ainavas un dabas takas, piedalies ekskursij\u0101s gida pavad\u012bb\u0101 un iepaz\u012bsti [&hellip;]<\/p>\n","protected":false},"author":100010033,"featured_media":42294,"parent":0,"menu_order":0,"comment_status":"closed","ping_status":"closed","template":"smn-piknikupaev.php","meta":{"_acf_changed":false,"_lmt_disableupdate":"","_lmt_disable":"","_monsterinsights_skip_tracking":false,"_monsterinsights_sitenote_active":false,"_monsterinsights_sitenote_note":"","_monsterinsights_sitenote_category":0,"footnotes":"","_links_to":"","_links_to_target":""},"class_list":["post-45646","page","type-page","status-publish","has-post-thumbnail","hentry"],"acf":[],"_links":{"self":[{"href":"https:\/\/uus.visitlahemaa.com\/lv\/wp-json\/wp\/v2\/pages\/45646","targetHints":{"allow":["GET"]}}],"collection":[{"href":"https:\/\/uus.visitlahemaa.com\/lv\/wp-json\/wp\/v2\/pages"}],"about":[{"href":"https:\/\/uus.visitlahemaa.com\/lv\/wp-json\/wp\/v2\/types\/page"}],"author":[{"embeddable":true,"href":"https:\/\/uus.visitlahemaa.com\/lv\/wp-json\/wp\/v2\/users\/100010033"}],"replies":[{"embeddable":true,"href":"https:\/\/uus.visitlahemaa.com\/lv\/wp-json\/wp\/v2\/comments?post=45646"}],"version-history":[{"count":0,"href":"https:\/\/uus.visitlahemaa.com\/lv\/wp-json\/wp\/v2\/pages\/45646\/revisions"}],"wp:featuredmedia":[{"embeddable":true,"href":"https:\/\/uus.visitlahemaa.com\/lv\/wp-json\/wp\/v2\/media\/42294"}],"wp:attachment":[{"href":"https:\/\/uus.visitlahemaa.com\/lv\/wp-json\/wp\/v2\/media?parent=45646"}],"curies":[{"name":"wp","href":"https:\/\/api.w.org\/{rel}","templated":true}]}}