{"id":45633,"date":"2025-07-28T14:12:13","date_gmt":"2025-07-28T11:12:13","guid":{"rendered":"https:\/\/uus.visitlahemaa.com\/info-kafejnica\/"},"modified":"2025-09-01T10:37:20","modified_gmt":"2025-09-01T07:37:20","slug":"info-kafejnica","status":"publish","type":"page","link":"https:\/\/uus.visitlahemaa.com\/lv\/info-kafejnica\/","title":{"rendered":"Info kafejn\u012bca"},"content":{"rendered":"\t\t<div data-elementor-type=\"wp-page\" data-elementor-id=\"45633\" class=\"elementor elementor-45633 elementor-41820\" data-elementor-post-type=\"page\">\n\t\t\t\t<div class=\"elementor-element elementor-element-52cd513e e-flex e-con-boxed e-con e-parent\" data-id=\"52cd513e\" data-element_type=\"container\" data-e-type=\"container\">\n\t\t\t\t\t<div class=\"e-con-inner\">\n\t\t\t\t<div class=\"elementor-element elementor-element-3c8bf97a elementor-widget elementor-widget-text-editor\" data-id=\"3c8bf97a\" data-element_type=\"widget\" data-e-type=\"widget\" data-widget_type=\"text-editor.default\">\n\t\t\t\t<div class=\"elementor-widget-container\">\n\t\t\t\t\t\t\t\t\t<p><strong>Apmekl\u0113jiet Lahemaa inform\u0101cijas kafejn\u012bcu<\/strong> un <strong>Liisa Riinu pank\u016bku kafejn\u012bcu, kas<\/strong> \u0161aj\u0101 sezon\u0101 ir sl\u0113gtas! Bet mums ir labas zi\u0146as jums! Ja jums ir interese, varat izmantot m\u016bsu <strong>velosip\u0113du nomu<\/strong>.  <\/p><p> <\/p><div dir=\"auto\"><figure id=\"attachment_41845\" aria-describedby=\"caption-attachment-41845\" style=\"width: 800px\" class=\"wp-caption aligncenter\"><img fetchpriority=\"high\" decoding=\"async\" class=\"wp-image-41841 size-full\" src=\"https:\/\/uus.visitlahemaa.com\/wp-content\/uploads\/2024\/07\/Visit-Lahemaa_rattamatk_Kadri-Otsiver_2.webp\" alt=\"\" width=\"800\" height=\"532\" srcset=\"https:\/\/uus.visitlahemaa.com\/wp-content\/uploads\/2024\/07\/Visit-Lahemaa_rattamatk_Kadri-Otsiver_2.webp 800w, https:\/\/uus.visitlahemaa.com\/wp-content\/uploads\/2024\/07\/Visit-Lahemaa_rattamatk_Kadri-Otsiver_2-600x399.webp 600w, https:\/\/uus.visitlahemaa.com\/wp-content\/uploads\/2024\/07\/Visit-Lahemaa_rattamatk_Kadri-Otsiver_2-768x511.webp 768w, https:\/\/uus.visitlahemaa.com\/wp-content\/uploads\/2024\/07\/Visit-Lahemaa_rattamatk_Kadri-Otsiver_2-272x182.webp 272w\" sizes=\"(max-width: 800px) 100vw, 800px\" \/><figcaption id=\"caption-attachment-41845\" class=\"wp-caption-text\">Inform\u0101cijas kafejn\u012bca Visit Lahemaa \u0161aj\u0101 sezon\u0101 ir sl\u0113gta!<\/figcaption><\/figure><\/div><p> <\/p><p><span style=\"font-size: 18pt;\"><b>Velosip\u0113du noma:<\/b><\/span><\/p><p>Pl\u0101nojiet savu autobusa braucienu uz Lahem\u0101 par <a href=\"http:\/\/www.peatus.ee\/\" target=\"_blank\" rel=\"noopener\">peatus.ee<\/a>. Izv\u0113lieties Loksa k\u0101 galam\u0113r\u0137i. Kad ierad\u012bsieties, iegriezieties inform\u0101cijas kafejn\u012bc\u0101 un pa\u0146emiet nom\u0101tu automa\u0161\u012bnu. Ir pieejami \u0113rti v\u012brie\u0161u un sievie\u0161u velosip\u0113di ar m\u012bkstiem s\u0113dek\u013ciem, kas p\u0101rvieto\u0161anos padara pat\u012bkamu. Dodieties vienas dienas izbraucien\u0101 vai ned\u0113\u013cu ilg\u0101 ekskursij\u0101.    <\/p><p> <\/p><p>Inform\u0101cijas punkta tuvum\u0101 ir daudz lielisku apskates objektu! Piem\u0113ram, Raketas ku\u0123a vraks, Lielais Sv\u0113t\u0101 J\u0101\u0146a Krist\u012bt\u0101ja akmens, Viinistu m\u0101kslas muzejs un Hara osta. Apskatiet m\u016bsu Lahem\u0101 <a href=\"https:\/\/uus.visitlahemaa.com\/lv\/atklaj-lahema\/apkart-lahema\/\">ap\u013ca karti,<\/a> kas pal\u012bdz\u0113s jums atrast ce\u013cu pa Igaunijas liel\u0101ko un vec\u0101ko nacion\u0101lo parku. M\u0113s vad\u012bsim pa <a href=\"https:\/\/uus.visitlahemaa.com\/lv\/atklaj-lahema\/apkart-lahema\/lahema-akmens-aplis\/\" target=\"_blank\" rel=\"noopener\">Kiviring<\/a> un <a href=\"https:\/\/uus.visitlahemaa.com\/lv\/atklaj-lahema\/apkart-lahema\/lahemaa-muizu-ture\/\" target=\"_blank\" rel=\"noopener\">M\u00f5isaring<\/a> tematiem un pied\u0101v\u0101sim ieteikumus <a href=\"https:\/\/uus.visitlahemaa.com\/lv\/atklaj-lahema\/apkart-lahema\/dienas-celojumi\/\" target=\"_blank\" rel=\"noopener\">dienas p\u0101rg\u0101jieniem<\/a>.   <\/p><p> <\/p><p><b>Cenas:<\/b><\/p><ul><li>L\u012bdz 3 stund\u0101m: <b>\u20ac5<\/b><\/li><li>L\u012bdz 12 stund\u0101m: <b>\u20ac10<\/b><\/li><li>L\u012bdz 24 stund\u0101m: <b>\u20ac20<\/b><\/li><\/ul><p>Depoz\u012bts: <b>EUR 50<\/b><\/p><p> <\/p><p><b>Rezerv\u0101cija:<\/b><\/p><p>Rezerv\u0113jiet velosip\u0113du. E-pasts: <a href=\"mailto:info@visitlahemaa.com\">info@visitlahemaa.com<\/a> vai zvaniet: <b>+372 523 9239<\/b> <\/p><p> <\/p><figure id=\"attachment_41832\" aria-describedby=\"caption-attachment-41832\" style=\"width: 800px\" class=\"wp-caption aligncenter\"><img decoding=\"async\" class=\"wp-image-41828 size-full\" src=\"https:\/\/uus.visitlahemaa.com\/wp-content\/uploads\/2024\/07\/FB_14.webp\" alt=\"\" width=\"800\" height=\"534\" srcset=\"https:\/\/uus.visitlahemaa.com\/wp-content\/uploads\/2024\/07\/FB_14.webp 800w, https:\/\/uus.visitlahemaa.com\/wp-content\/uploads\/2024\/07\/FB_14-600x401.webp 600w, https:\/\/uus.visitlahemaa.com\/wp-content\/uploads\/2024\/07\/FB_14-768x513.webp 768w, https:\/\/uus.visitlahemaa.com\/wp-content\/uploads\/2024\/07\/FB_14-272x182.webp 272w\" sizes=\"(max-width: 800px) 100vw, 800px\" \/><figcaption id=\"caption-attachment-41832\" class=\"wp-caption-text\">Inform\u0101cijas kafejn\u012bca gaida, kad var\u0113siet izmantot klo\u0137i! Pieejami gan v\u012brie\u0161u, gan sievie\u0161u velosip\u0113di.<\/figcaption><\/figure><p> <\/p>\t\t\t\t\t\t\t\t<\/div>\n\t\t\t\t<\/div>\n\t\t\t\t\t<\/div>\n\t\t\t\t<\/div>\n\t\t\t\t<\/div>\n\t\t","protected":false},"excerpt":{"rendered":"<p>Apmekl\u0113jiet Lahemaa inform\u0101cijas kafejn\u012bcu un Liisa Riinu pank\u016bku kafejn\u012bcu, kas \u0161aj\u0101 sezon\u0101 ir sl\u0113gtas! Bet mums ir labas zi\u0146as jums! Ja jums ir interese, varat izmantot m\u016bsu velosip\u0113du nomu. Velosip\u0113du noma: Pl\u0101nojiet savu autobusa braucienu uz Lahem\u0101 par peatus.ee. Izv\u0113lieties Loksa k\u0101 galam\u0113r\u0137i. Kad ierad\u012bsieties, iegriezieties inform\u0101cijas kafejn\u012bc\u0101 un pa\u0146emiet nom\u0101tu automa\u0161\u012bnu. Ir pieejami \u0113rti [&hellip;]<\/p>\n","protected":false},"author":100010026,"featured_media":41852,"parent":0,"menu_order":0,"comment_status":"closed","ping_status":"closed","template":"","meta":{"_acf_changed":false,"_lmt_disableupdate":"","_lmt_disable":"","_monsterinsights_skip_tracking":false,"_monsterinsights_sitenote_active":false,"_monsterinsights_sitenote_note":"","_monsterinsights_sitenote_category":0,"footnotes":"","_links_to":"","_links_to_target":""},"class_list":["post-45633","page","type-page","status-publish","has-post-thumbnail","hentry"],"acf":[],"_links":{"self":[{"href":"https:\/\/uus.visitlahemaa.com\/lv\/wp-json\/wp\/v2\/pages\/45633","targetHints":{"allow":["GET"]}}],"collection":[{"href":"https:\/\/uus.visitlahemaa.com\/lv\/wp-json\/wp\/v2\/pages"}],"about":[{"href":"https:\/\/uus.visitlahemaa.com\/lv\/wp-json\/wp\/v2\/types\/page"}],"author":[{"embeddable":true,"href":"https:\/\/uus.visitlahemaa.com\/lv\/wp-json\/wp\/v2\/users\/100010026"}],"replies":[{"embeddable":true,"href":"https:\/\/uus.visitlahemaa.com\/lv\/wp-json\/wp\/v2\/comments?post=45633"}],"version-history":[{"count":4,"href":"https:\/\/uus.visitlahemaa.com\/lv\/wp-json\/wp\/v2\/pages\/45633\/revisions"}],"predecessor-version":[{"id":46053,"href":"https:\/\/uus.visitlahemaa.com\/lv\/wp-json\/wp\/v2\/pages\/45633\/revisions\/46053"}],"wp:featuredmedia":[{"embeddable":true,"href":"https:\/\/uus.visitlahemaa.com\/lv\/wp-json\/wp\/v2\/media\/41852"}],"wp:attachment":[{"href":"https:\/\/uus.visitlahemaa.com\/lv\/wp-json\/wp\/v2\/media?parent=45633"}],"curies":[{"name":"wp","href":"https:\/\/api.w.org\/{rel}","templated":true}]}}