{"id":40522,"date":"2017-10-29T13:36:07","date_gmt":"2017-10-29T11:36:07","guid":{"rendered":"https:\/\/uus.visitlahemaa.com\/nahtavyydet\/"},"modified":"2025-09-01T10:39:32","modified_gmt":"2025-09-01T07:39:32","slug":"apskates-objekti","status":"publish","type":"page","link":"https:\/\/uus.visitlahemaa.com\/lv\/apskates-objekti\/","title":{"rendered":"Apskates vietas"},"content":{"rendered":"\t\t<div data-elementor-type=\"wp-page\" data-elementor-id=\"40522\" class=\"elementor elementor-40522 elementor-39624\" data-elementor-post-type=\"page\">\n\t\t\t\t<div class=\"elementor-element elementor-element-21df3853 e-flex e-con-boxed e-con e-parent\" data-id=\"21df3853\" data-element_type=\"container\" data-e-type=\"container\">\n\t\t\t\t\t<div class=\"e-con-inner\">\n\t\t\t\t<div class=\"elementor-element elementor-element-333c73ea elementor-widget elementor-widget-text-editor\" data-id=\"333c73ea\" data-element_type=\"widget\" data-e-type=\"widget\" data-widget_type=\"text-editor.default\">\n\t\t\t\t<div class=\"elementor-widget-container\">\n\t\t\t\t\t\t\t\t\t<div id=\"pl-24\" class=\"panel-layout\">\n<div id=\"pg-24-0\" class=\"panel-grid panel-no-style\">\n<div id=\"pgc-24-0-0\" class=\"panel-grid-cell\" data-weight=\"1\">\n<div id=\"panel-24-0-0-0\" class=\"so-panel widget widget_sow-editor panel-first-child panel-last-child\" data-index=\"0\" data-style=\"{\" background_image_attachment=\"\">\n<div class=\"so-widget-sow-editor so-widget-sow-editor-base\">\n<div class=\"siteorigin-widget-tinymce textwidget\">\n\n<span style=\"font-weight: 400;\">Lahem\u0101 apskates vietas visviegl\u0101k atrast ar <a href=\"https:\/\/uus.visitlahemaa.com\/lv\/lahemaa-karte\/\" target=\"_blank\" rel=\"noopener\">Navicup kartes lietotnes<\/a> vai <a href=\"https:\/\/kaitsealad.ee\/sites\/default\/files\/uploads\/Lahemaa%20rahvuspark\/Infomaterjalid\/A2_lahemaa_est.jpg\" target=\"_blank\" rel=\"noopener\">druk\u0101jamas kartes<\/a> pal\u012bdz\u012bbu.<\/span>\n\n<span style=\"font-weight: 400;\">Lahem\u0101 nacion\u0101lais parks vislab\u0101k atspogu\u013co apzin\u0101tas cilv\u0113ka darb\u012bbas un skaistas dabas mijiedarb\u012bbu. V\u0113sturiskais ciems un padomju laika mantojums, kas mijas ar gleznain\u0101m dabas ainav\u0101m, ir rad\u012bju\u0161i daudzveid\u012bgu apskates vietu izv\u0113li Lahem\u0101.  <\/span>\n\nT\u0101 k\u0101 Lahem\u0101 nacion\u0101lais parks ir tik daudzveid\u012bgs sav\u0101 dab\u0101, kopien\u0101s un darb\u012bbas jom\u0101s, \u0161eit g\u016bt\u0101 pieredze neaprobe\u017eojas tikai ar vizu\u0101l\u0101m saj\u016bt\u0101m. T\u0101p\u0113c esi laipni aicin\u0101ts Igaunijas vec\u0101kaj\u0101 nacion\u0101laj\u0101 park\u0101, lai izp\u0113t\u012btu visas t\u0101 pied\u0101v\u0101t\u0101s pieredzes!  \n\n<b>Daba<\/b><span style=\"font-weight: 400;\"> <\/span>\n\n<span style=\"font-weight: 400;\">Lahem\u0101 nacion\u0101lais parks patie\u0161\u0101m ir bag\u0101ts ar me\u017eiem \u2013 t\u0101 ir viena no Eiropas liel\u0101kaj\u0101m me\u017eu aizsardz\u012bbas zon\u0101m. Turkl\u0101t ledus laikmeta iera\u0161an\u0101s pirms 10 000 gadiem izkais\u012bja laukakme\u0146us pa zieme\u013cu piekrasti \u2013 visviegl\u0101k atrodami ir Majakivi (3. liel\u0101kais) un J\u0101ni-Tooma laukakmens (20. liel\u0101kais) Kasispea. Igaunijas liel\u0101kais laukakmens, Letipea Ehalkivi, atrodas 30 km uz austrumiem no Lahem\u0101, taisn\u0101 l\u012bnij\u0101. Tom\u0113r nacion\u0101l\u0101 parka daudzveid\u012bg\u0101s p\u0101rg\u0101jienu takas me\u017eos, purvos un gar piekrasti aicina tevi izp\u0113t\u012bt dabu.    <\/span><span style=\"font-weight: 400;\">Oandu-Aegviidu-Ikla p\u0101rg\u0101jienu taka s\u0101kas ar\u012b Lahem\u0101.<\/span>\n\n<\/div>\n<\/div>\n<\/div>\n<\/div>\n<\/div>\n<\/div>\t\t\t\t\t\t\t\t<\/div>\n\t\t\t\t<\/div>\n\t\t\t\t<div class=\"elementor-element elementor-element-6a1c1a5 elementor-widget elementor-widget-shortcode\" data-id=\"6a1c1a5\" data-element_type=\"widget\" data-e-type=\"widget\" data-widget_type=\"shortcode.default\">\n\t\t\t\t<div class=\"elementor-widget-container\">\n\t\t\t\t\t\t\t<div class=\"elementor-shortcode\"><div id='gallery-1' class='gallery galleryid-40522 gallery-columns-3 gallery-size-thumbnail'><figure class='gallery-item'>\n\t\t\t<div class='gallery-icon landscape'>\n\t\t\t\t<a href=\"https:\/\/uus.visitlahemaa.com\/lv\/apskates-objekti\/4-visit-lahemaa-kasmu-kadri-otsiver-2\/\"><img fetchpriority=\"high\" decoding=\"async\" width=\"300\" height=\"300\" src=\"https:\/\/uus.visitlahemaa.com\/wp-content\/uploads\/2023\/09\/4.-Visit-Lahemaa.-Kasmu.-Kadri-Otsiver-300x300.jpg\" class=\"attachment-thumbnail size-thumbnail\" alt=\"Lahemaa maastik\" aria-describedby=\"gallery-1-41081\" \/><\/a>\n\t\t\t<\/div>\n\t\t\t\t<figcaption class='wp-caption-text gallery-caption' id='gallery-1-41081'>\n\t\t\t\tAutor: Kadri Otsiver\n\t\t\t\t<\/figcaption><\/figure><figure class='gallery-item'>\n\t\t\t<div class='gallery-icon landscape'>\n\t\t\t\t<a href=\"https:\/\/uus.visitlahemaa.com\/lv\/apskates-objekti\/visit-lahemaa_talv_kadri-otsiver-2\/\"><img decoding=\"async\" width=\"300\" height=\"300\" src=\"https:\/\/uus.visitlahemaa.com\/wp-content\/uploads\/2023\/09\/Visit-Lahemaa_talv_Kadri-Otsiver-300x300.jpg\" class=\"attachment-thumbnail size-thumbnail\" alt=\"talver\u00f5\u00f5mud Lahemaal\" aria-describedby=\"gallery-1-41069\" \/><\/a>\n\t\t\t<\/div>\n\t\t\t\t<figcaption class='wp-caption-text gallery-caption' id='gallery-1-41069'>\n\t\t\t\tTalver\u00f5\u00f5mud Lahemaal\n\t\t\t\t<\/figcaption><\/figure><figure class='gallery-item'>\n\t\t\t<div class='gallery-icon landscape'>\n\t\t\t\t<a href=\"https:\/\/uus.visitlahemaa.com\/lv\/apskates-objekti\/visit-lahemaa_viru-raba_carl-martin-nisu-2\/\"><img decoding=\"async\" width=\"300\" height=\"300\" src=\"https:\/\/uus.visitlahemaa.com\/wp-content\/uploads\/2023\/09\/Visit-Lahemaa_Viru-raba_Carl-Martin-Nisu-300x300.jpg\" class=\"attachment-thumbnail size-thumbnail\" alt=\"Viru raba taevast\" aria-describedby=\"gallery-1-41075\" \/><\/a>\n\t\t\t<\/div>\n\t\t\t\t<figcaption class='wp-caption-text gallery-caption' id='gallery-1-41075'>\n\t\t\t\tAutor: Carl-Martin Nisu\n\t\t\t\t<\/figcaption><\/figure>\n\t\t<\/div>\n<\/div>\n\t\t\t\t\t\t<\/div>\n\t\t\t\t<\/div>\n\t\t\t\t<div class=\"elementor-element elementor-element-b4e5c2a elementor-widget elementor-widget-text-editor\" data-id=\"b4e5c2a\" data-element_type=\"widget\" data-e-type=\"widget\" data-widget_type=\"text-editor.default\">\n\t\t\t\t<div class=\"elementor-widget-container\">\n\t\t\t\t\t\t\t\t\t<div id=\"pl-24\" class=\"panel-layout\">\n<div id=\"pg-24-0\" class=\"panel-grid panel-no-style\">\n<div id=\"pgc-24-0-0\" class=\"panel-grid-cell\" data-weight=\"1\">\n<div id=\"panel-24-0-0-0\" class=\"so-panel widget widget_sow-editor panel-first-child panel-last-child\" data-index=\"0\" data-style=\"{\" background_image_attachment=\"\">\n<div class=\"so-widget-sow-editor so-widget-sow-editor-base\">\n<div class=\"siteorigin-widget-tinymce textwidget\">\n\n<b>Ciemi <\/b>\n\n<span style=\"font-weight: 400;\">Lahem\u0101 daudzveid\u012bg\u0101s apdz\u012bvot\u0101s vietas papildina skaisto dabu. V\u00f5su, Lahem\u0101 k\u016brorta centrs, aicina ar savu ide\u0101lo piekrasti vasaras br\u012bvdien\u0101m, daudzaj\u0101m \u0113stuv\u0113m un ros\u012bgo vakara dz\u012bvi. Gleznainais kaptei\u0146u ciems K\u00e4smu savuk\u0101rt pied\u0101v\u0101 iesp\u0113ju izvair\u012bties no burzmas un baud\u012bt j\u016bras skatus un apk\u0101rt\u0113jos me\u017eus \u012bs\u0101k\u0101m un gar\u0101k\u0101m pastaig\u0101m. Viinistu, nacion\u0101l\u0101 parka kult\u016bras centr\u0101, atrad\u012bsi Igaunijas liel\u0101ko priv\u0101to m\u0101kslas muzeju un sezonas laik\u0101 visda\u017e\u0101d\u0101k\u0101s izr\u0101des un koncertus. Jumindas pussal\u0101, Leesi, tevi sagaid\u012bs salied\u0113ti viet\u0113jie iedz\u012bvot\u0101ji ar savu m\u0101j\u012bgo kopienas ciemata veikalu.     <\/span>\n\n<\/div>\n<\/div>\n<\/div>\n<\/div>\n<\/div>\n<\/div>\t\t\t\t\t\t\t\t<\/div>\n\t\t\t\t<\/div>\n\t\t\t\t<div class=\"elementor-element elementor-element-aad14bb elementor-widget elementor-widget-shortcode\" data-id=\"aad14bb\" data-element_type=\"widget\" data-e-type=\"widget\" data-widget_type=\"shortcode.default\">\n\t\t\t\t<div class=\"elementor-widget-container\">\n\t\t\t\t\t\t\t<div class=\"elementor-shortcode\"><div id='gallery-2' class='gallery galleryid-40522 gallery-columns-3 gallery-size-thumbnail'><figure class='gallery-item'>\n\t\t\t<div class='gallery-icon landscape'>\n\t\t\t\t<a href=\"https:\/\/uus.visitlahemaa.com\/lv\/apskates-objekti\/visit-lahemaa_vosu_aivar-partel_2-2\/\"><img loading=\"lazy\" decoding=\"async\" width=\"300\" height=\"300\" src=\"https:\/\/uus.visitlahemaa.com\/wp-content\/uploads\/2023\/09\/Visit-Lahemaa_Vosu_Aivar-Partel_2-300x300.jpg\" class=\"attachment-thumbnail size-thumbnail\" alt=\"\" aria-describedby=\"gallery-2-41129\" \/><\/a>\n\t\t\t<\/div>\n\t\t\t\t<figcaption class='wp-caption-text gallery-caption' id='gallery-2-41129'>\n\t\t\t\tV\u00f5su | Autor: \n\t\t\t\t<\/figcaption><\/figure><figure class='gallery-item'>\n\t\t\t<div class='gallery-icon landscape'>\n\t\t\t\t<a href=\"https:\/\/uus.visitlahemaa.com\/lv\/apskates-objekti\/visit-lahemaa_leesi-pood_kadri-otsiver_4-2\/\"><img loading=\"lazy\" decoding=\"async\" width=\"300\" height=\"300\" src=\"https:\/\/uus.visitlahemaa.com\/wp-content\/uploads\/2023\/09\/Visit-Lahemaa_Leesi-pood_Kadri-Otsiver_4-300x300.jpg\" class=\"attachment-thumbnail size-thumbnail\" alt=\"\" aria-describedby=\"gallery-2-41143\" \/><\/a>\n\t\t\t<\/div>\n\t\t\t\t<figcaption class='wp-caption-text gallery-caption' id='gallery-2-41143'>\n\t\t\t\tLeesi | Autor: Kadri Otsiver\n\t\t\t\t<\/figcaption><\/figure><figure class='gallery-item'>\n\t\t\t<div class='gallery-icon landscape'>\n\t\t\t\t<a href=\"https:\/\/uus.visitlahemaa.com\/lv\/apskates-objekti\/visit-lahemaa_altja-paadikuurid_carl-martin-nisu_3-2\/\"><img loading=\"lazy\" decoding=\"async\" width=\"300\" height=\"300\" src=\"https:\/\/uus.visitlahemaa.com\/wp-content\/uploads\/2023\/09\/Visit-Lahemaa_Altja-paadikuurid_Carl-Martin-Nisu_3-300x300.jpg\" class=\"attachment-thumbnail size-thumbnail\" alt=\"\" aria-describedby=\"gallery-2-41135\" \/><\/a>\n\t\t\t<\/div>\n\t\t\t\t<figcaption class='wp-caption-text gallery-caption' id='gallery-2-41135'>\n\t\t\t\tAltja | Autor: Carl-Martin Nisu\n\t\t\t\t<\/figcaption><\/figure>\n\t\t<\/div>\n<\/div>\n\t\t\t\t\t\t<\/div>\n\t\t\t\t<\/div>\n\t\t\t\t<div class=\"elementor-element elementor-element-e78b042 elementor-widget elementor-widget-text-editor\" data-id=\"e78b042\" data-element_type=\"widget\" data-e-type=\"widget\" data-widget_type=\"text-editor.default\">\n\t\t\t\t<div class=\"elementor-widget-container\">\n\t\t\t\t\t\t\t\t\t<div id=\"pl-24\" class=\"panel-layout\"><div id=\"pg-24-0\" class=\"panel-grid panel-no-style\"><div id=\"pgc-24-0-0\" class=\"panel-grid-cell\" data-weight=\"1\"><div id=\"panel-24-0-0-0\" class=\"so-panel widget widget_sow-editor panel-first-child panel-last-child\" data-index=\"0\" data-style=\"{\" background_image_attachment=\"\"><div class=\"so-widget-sow-editor so-widget-sow-editor-base\"><div class=\"siteorigin-widget-tinymce textwidget\"><p><b>Kult\u016bra un v\u0113sture<\/b><\/p><p><span style=\"font-weight: 400;\">Lahem\u0101 v\u0113stur\u0113 svar\u012bga loma ir bijusi <a href=\"https:\/\/uus.visitlahemaa.com\/lv\/atklaj-lahema\/muizas\/\" target=\"_blank\" rel=\"noopener\">mui\u017e\u0101m<\/a>. Renov\u0113t\u0101s Palmse, Sagadi un Vihula mui\u017eas lutina apmekl\u0113t\u0101jus ar da\u017e\u0101diem pakalpojumiem un aicina ikvienu baud\u012bt to \u0161armu visu gadu. Igaunijas liel\u0101k\u0101 mui\u017ea atrodas Kolg\u0101. Lai izp\u0113t\u012btu \u0161o mistisko milzi, sazinies ar viet\u0113jo gidu. Par piekrastes ciematu v\u0113sturi vari uzzin\u0101t Altj\u0101 un K\u00e4smu J\u016bras muzej\u0101.     <\/span><\/p><p>Tiem, kas interes\u0113jas par milit\u0101ro mantojumu, mistisk\u0101 Haras zem\u016bde\u0146u demagnetiz\u0101cijas stacija ir atv\u0113rta apmekl\u0113jumiem, un pa\u0161laik t\u0101 tiek att\u012bst\u012bta k\u0101 neliela osta. P\u00e4rispea pussal\u0101 vari atrast vair\u0101kas aizraujo\u0161as milit\u0101r\u0101s \u0113kas, ta\u010du laika zoba skart\u0101s strukt\u016bras ir da\u017e\u0101d\u0101s sabruk\u0161anas stadij\u0101s, un vienm\u0113r ir ieteicams iev\u0113rot piesardz\u012bbu.  <\/p><\/div><\/div><\/div><\/div><\/div><\/div>\t\t\t\t\t\t\t\t<\/div>\n\t\t\t\t<\/div>\n\t\t\t\t<div class=\"elementor-element elementor-element-a075c92 elementor-widget elementor-widget-shortcode\" data-id=\"a075c92\" data-element_type=\"widget\" data-e-type=\"widget\" data-widget_type=\"shortcode.default\">\n\t\t\t\t<div class=\"elementor-widget-container\">\n\t\t\t\t\t\t\t<div class=\"elementor-shortcode\"><div id='gallery-3' class='gallery galleryid-40522 gallery-columns-3 gallery-size-thumbnail'><figure class='gallery-item'>\n\t\t\t<div class='gallery-icon landscape'>\n\t\t\t\t<a href=\"https:\/\/uus.visitlahemaa.com\/lv\/apskates-objekti\/visit-lahemaa_altja-paadikuurid_carl-martin-nisu_2-2\/\"><img loading=\"lazy\" decoding=\"async\" width=\"300\" height=\"300\" src=\"https:\/\/uus.visitlahemaa.com\/wp-content\/uploads\/2023\/09\/Visit-Lahemaa_Altja-paadikuurid_Carl-Martin-Nisu_2-300x300.jpg\" class=\"attachment-thumbnail size-thumbnail\" alt=\"\" aria-describedby=\"gallery-3-41156\" \/><\/a>\n\t\t\t<\/div>\n\t\t\t\t<figcaption class='wp-caption-text gallery-caption' id='gallery-3-41156'>\n\t\t\t\tAutor: Carl-Martin Nisu\n\t\t\t\t<\/figcaption><\/figure><figure class='gallery-item'>\n\t\t\t<div class='gallery-icon landscape'>\n\t\t\t\t<a href=\"https:\/\/uus.visitlahemaa.com\/lv\/apskates-objekti\/visit-lahemaa_palmse-mois_kadri-otsiver_8-2\/\"><img loading=\"lazy\" decoding=\"async\" width=\"300\" height=\"300\" src=\"https:\/\/uus.visitlahemaa.com\/wp-content\/uploads\/2023\/09\/Visit-Lahemaa_Palmse-mois_Kadri-Otsiver_8-300x300.jpg\" class=\"attachment-thumbnail size-thumbnail\" alt=\"\" aria-describedby=\"gallery-3-41168\" \/><\/a>\n\t\t\t<\/div>\n\t\t\t\t<figcaption class='wp-caption-text gallery-caption' id='gallery-3-41168'>\n\t\t\t\tAutor: Kadri Otsiver\n\t\t\t\t<\/figcaption><\/figure><figure class='gallery-item'>\n\t\t\t<div class='gallery-icon landscape'>\n\t\t\t\t<a href=\"https:\/\/uus.visitlahemaa.com\/lv\/apskates-objekti\/visit-lahemaa_kasmu-jaanipaev_aivar-partel-2\/\"><img loading=\"lazy\" decoding=\"async\" width=\"300\" height=\"300\" src=\"https:\/\/uus.visitlahemaa.com\/wp-content\/uploads\/2023\/09\/Visit-Lahemaa_Kasmu-jaanipaev_Aivar-Partel-300x300.jpg\" class=\"attachment-thumbnail size-thumbnail\" alt=\"\" aria-describedby=\"gallery-3-41150\" \/><\/a>\n\t\t\t<\/div>\n\t\t\t\t<figcaption class='wp-caption-text gallery-caption' id='gallery-3-41150'>\n\t\t\t\tAutor: Aivar P\u00e4rtel\n\t\t\t\t<\/figcaption><\/figure>\n\t\t<\/div>\n<\/div>\n\t\t\t\t\t\t<\/div>\n\t\t\t\t<\/div>\n\t\t\t\t<div class=\"elementor-element elementor-element-230baef elementor-widget elementor-widget-text-editor\" data-id=\"230baef\" data-element_type=\"widget\" data-e-type=\"widget\" data-widget_type=\"text-editor.default\">\n\t\t\t\t<div class=\"elementor-widget-container\">\n\t\t\t\t\t\t\t\t\t<div id=\"pl-24\" class=\"panel-layout\"><div id=\"pg-24-0\" class=\"panel-grid panel-no-style\"><div id=\"pgc-24-0-0\" class=\"panel-grid-cell\" data-weight=\"1\"><div id=\"panel-24-0-0-0\" class=\"so-panel widget widget_sow-editor panel-first-child panel-last-child\" data-index=\"0\" data-style=\"{\" background_image_attachment=\"\"><div class=\"so-widget-sow-editor so-widget-sow-editor-base\"><div class=\"siteorigin-widget-tinymce textwidget\"><p><strong>\u0160is ir tikai ieskats taj\u0101, ko Lahem\u0101 var pied\u0101v\u0101t; Lahem\u0101 apskates vietas atrad\u012bsi, kad m\u016bs apmekl\u0113si!<\/strong><\/p><\/div><\/div><\/div><\/div><\/div><\/div>\t\t\t\t\t\t\t\t<\/div>\n\t\t\t\t<\/div>\n\t\t\t\t\t<\/div>\n\t\t\t\t<\/div>\n\t\t\t\t<\/div>\n\t\t","protected":false},"excerpt":{"rendered":"<p>Lahem\u0101 apskates vietas visviegl\u0101k atrast ar Navicup kartes lietotnes vai druk\u0101jamas kartes pal\u012bdz\u012bbu. Lahem\u0101 nacion\u0101lais parks vislab\u0101k atspogu\u013co apzin\u0101tas cilv\u0113ka darb\u012bbas un skaistas dabas mijiedarb\u012bbu. V\u0113sturiskais ciems un padomju laika mantojums, kas mijas ar gleznain\u0101m dabas ainav\u0101m, ir rad\u012bju\u0161i daudzveid\u012bgu apskates vietu izv\u0113li Lahem\u0101. T\u0101 k\u0101 Lahem\u0101 nacion\u0101lais parks ir tik daudzveid\u012bgs sav\u0101 dab\u0101, kopien\u0101s [&hellip;]<\/p>\n","protected":false},"author":100010016,"featured_media":41338,"parent":0,"menu_order":0,"comment_status":"closed","ping_status":"closed","template":"","meta":{"_acf_changed":false,"_lmt_disableupdate":"","_lmt_disable":"","_monsterinsights_skip_tracking":false,"_monsterinsights_sitenote_active":false,"_monsterinsights_sitenote_note":"","_monsterinsights_sitenote_category":0,"footnotes":"","_links_to":"","_links_to_target":""},"class_list":["post-40522","page","type-page","status-publish","has-post-thumbnail","hentry"],"acf":[],"_links":{"self":[{"href":"https:\/\/uus.visitlahemaa.com\/lv\/wp-json\/wp\/v2\/pages\/40522","targetHints":{"allow":["GET"]}}],"collection":[{"href":"https:\/\/uus.visitlahemaa.com\/lv\/wp-json\/wp\/v2\/pages"}],"about":[{"href":"https:\/\/uus.visitlahemaa.com\/lv\/wp-json\/wp\/v2\/types\/page"}],"author":[{"embeddable":true,"href":"https:\/\/uus.visitlahemaa.com\/lv\/wp-json\/wp\/v2\/users\/100010016"}],"replies":[{"embeddable":true,"href":"https:\/\/uus.visitlahemaa.com\/lv\/wp-json\/wp\/v2\/comments?post=40522"}],"version-history":[{"count":3,"href":"https:\/\/uus.visitlahemaa.com\/lv\/wp-json\/wp\/v2\/pages\/40522\/revisions"}],"predecessor-version":[{"id":46290,"href":"https:\/\/uus.visitlahemaa.com\/lv\/wp-json\/wp\/v2\/pages\/40522\/revisions\/46290"}],"wp:featuredmedia":[{"embeddable":true,"href":"https:\/\/uus.visitlahemaa.com\/lv\/wp-json\/wp\/v2\/media\/41338"}],"wp:attachment":[{"href":"https:\/\/uus.visitlahemaa.com\/lv\/wp-json\/wp\/v2\/media?parent=40522"}],"curies":[{"name":"wp","href":"https:\/\/api.w.org\/{rel}","templated":true}]}}