{"id":46213,"date":"2025-09-01T10:37:55","date_gmt":"2025-09-01T07:37:55","guid":{"rendered":"https:\/\/uus.visitlahemaa.com\/meri-satamat-ja-rannat\/"},"modified":"2025-09-01T10:37:57","modified_gmt":"2025-09-01T07:37:57","slug":"meri-satamat-ja-rannat","status":"publish","type":"page","link":"https:\/\/uus.visitlahemaa.com\/fi\/meri-satamat-ja-rannat\/","title":{"rendered":"Meri, satamat ja rannat"},"content":{"rendered":"\t\t<div data-elementor-type=\"wp-page\" data-elementor-id=\"46213\" class=\"elementor elementor-46213 elementor-39696\" data-elementor-post-type=\"page\">\n\t\t\t\t<div class=\"elementor-element elementor-element-31836cda e-flex e-con-boxed e-con e-parent\" data-id=\"31836cda\" data-element_type=\"container\" data-e-type=\"container\">\n\t\t\t\t\t<div class=\"e-con-inner\">\n\t\t\t\t<div class=\"elementor-element elementor-element-41798779 elementor-widget elementor-widget-text-editor\" data-id=\"41798779\" data-element_type=\"widget\" data-e-type=\"widget\" data-widget_type=\"text-editor.default\">\n\t\t\t\t<div class=\"elementor-widget-container\">\n\t\t\t\t\t\t\t\t\t<span style=\"font-weight: 400;\">Meri ja rannat muodostavat kolmanneksen Lahemaan kansallispuiston alueesta ja niill\u00e4 on merkitt\u00e4v\u00e4 rooli paikallisten kylien ja niiden asukkaiden muotoutumisessa. Kalastuksen, salakuljetuksen, kapteenikoulun ja laivanrakennuksen luvut ovat kietoutuneet paikalliseen perint\u00f6\u00f6n.  <\/span>\r\n\r\n&nbsp;\r\n\r\n<span style=\"font-weight: 400;\">Voit l\u00f6yt\u00e4\u00e4 pieni\u00e4 satamia sek\u00e4 Lahemaassa (Hara, Viinistu, Vergi ja V\u00f5su) ett\u00e4 Lahemaan v\u00e4litt\u00f6m\u00e4ss\u00e4 l\u00e4heisyydess\u00e4 (Salmistu). Matalasyv\u00e4yksiset alukset voivat my\u00f6s kiinnitty\u00e4 K\u00e4smun laiturille. Jokainen satama toivottaa vieraansa tervetulleiksi ainutlaatuisella ilmapiirill\u00e4, aterialla ja majoituksella, jos niin halutaan.   <\/span>\r\n\r\n&nbsp;\r\n\r\n&nbsp;\r\n\r\n<figure id=\"attachment_41241\" aria-describedby=\"caption-attachment-41241\" style=\"width: 600px\" class=\"wp-caption alignright\"><img fetchpriority=\"high\" decoding=\"async\" class=\"wp-image-41239 size-medium\" src=\"https:\/\/uus.visitlahemaa.com\/wp-content\/uploads\/2023\/09\/Visit-Lahemaa_Mustoja-rand_Margus-Kontus_1-600x400.jpg\" alt=\"Mustoja ranta\" width=\"600\" height=\"400\" srcset=\"https:\/\/uus.visitlahemaa.com\/wp-content\/uploads\/2023\/09\/Visit-Lahemaa_Mustoja-rand_Margus-Kontus_1-600x400.jpg 600w, https:\/\/uus.visitlahemaa.com\/wp-content\/uploads\/2023\/09\/Visit-Lahemaa_Mustoja-rand_Margus-Kontus_1-1024x683.jpg 1024w, https:\/\/uus.visitlahemaa.com\/wp-content\/uploads\/2023\/09\/Visit-Lahemaa_Mustoja-rand_Margus-Kontus_1-768x512.jpg 768w, https:\/\/uus.visitlahemaa.com\/wp-content\/uploads\/2023\/09\/Visit-Lahemaa_Mustoja-rand_Margus-Kontus_1-1536x1024.jpg 1536w, https:\/\/uus.visitlahemaa.com\/wp-content\/uploads\/2023\/09\/Visit-Lahemaa_Mustoja-rand_Margus-Kontus_1-272x182.jpg 272w, https:\/\/uus.visitlahemaa.com\/wp-content\/uploads\/2023\/09\/Visit-Lahemaa_Mustoja-rand_Margus-Kontus_1.jpg 1920w\" sizes=\"(max-width: 600px) 100vw, 600px\" \/><figcaption id=\"caption-attachment-41241\" class=\"wp-caption-text\">Kirjoittaja: Margus Kontus<\/figcaption><\/figure>\r\n\r\n<span style=\"font-weight: 400;\">Suurin osa Lahemaan rannikosta on kivikkoista, mutta luonto on maalannut useita kauniita rantoja, joilla kylpij\u00e4t voivat nauttia auringosta ja merest\u00e4. V\u00f5su on ehdottomasti paras lomakohde, jossa on paras ranta-infrastruktuuri ja hyvin hoidettu hiekkaranta, ja peruspalvelut l\u00f6ytyv\u00e4t my\u00f6s Suureliivan rannalta Vainupeassa. Kannattaa my\u00f6s tutustua Jumindan niemimaan rantoihin (<a href=\"https:\/\/goo.gl\/maps\/11CwMXZRqZbx3hCo8\" target=\"_blank\" rel=\"noopener\">Kolga-Aabla<\/a>) ja P\u00e4rispean niemimaan rantoihin (<a href=\"https:\/\/goo.gl\/maps\/3dRyTqNP84CaXBFEA\" target=\"_blank\" rel=\"noopener\">Loksa<\/a>, <a href=\"https:\/\/goo.gl\/maps\/VNUqzeczssZWjm4z7\" target=\"_blank\" rel=\"noopener\">Loksa &#8221;Raketa&#8221;<\/a>, <a href=\"https:\/\/goo.gl\/maps\/Zz6PzMJTjVAvhSt78\" target=\"_blank\" rel=\"noopener\">Odakivi<\/a>, <a href=\"https:\/\/goo.gl\/maps\/Wo67nNmzTXKQeGPi8\" target=\"_blank\" rel=\"noopener\">P\u00e4hknem\u00e4nniku<\/a>, <a href=\"https:\/\/goo.gl\/maps\/TSqsynjdwgbDoffa8\" target=\"_blank\" rel=\"noopener\">Joosti<\/a>). Voit kuitenkin suunnitella todella ainutlaatuisen rantaloman Mohni-saaren <a href=\"https:\/\/goo.gl\/maps\/CmbMbYALdRYGzYey6\" target=\"_blank\" rel=\"noopener\">it\u00e4isell\u00e4<\/a> tai <a href=\"https:\/\/goo.gl\/maps\/d5ztkyiLoLvHFga88\" target=\"_blank\" rel=\"noopener\">l\u00e4ntisell\u00e4 rannalla<\/a>.    <\/span>\r\n\r\n&nbsp;\r\n\r\nMakean veden uimareille l\u00f6ytyy sopivan l\u00e4mmint\u00e4 uimavett\u00e4 Kahalan, Lohjan, K\u00e4smun tai Viitnan j\u00e4rvist\u00e4. Virun ja K\u00f5nnun soiden allaslammet tarjoavat kuitenkin arvokkaan uintikokemuksen.  \r\n\r\n&nbsp;\r\n\r\n<strong>Pienet satamat Lahemaan kansallispuistossa:<\/strong>\r\n\r\n<a href=\"https:\/\/harasadam.ee\/\" target=\"_blank\" rel=\"noopener\">Haran satama<\/a>\r\n<a href=\"https:\/\/www.viinistu.ee\/sadam\" target=\"_blank\" rel=\"noopener\">Viinistun satama<\/a>\r\n<a href=\"https:\/\/vosusadam.ee\/\" target=\"_blank\" rel=\"noopener\">V\u00f5sun satama<\/a>\r\n<a href=\"http:\/\/www.vergiport.eu\/\" target=\"_blank\" rel=\"noopener\">Vergin satama<\/a>\r\n\r\n&nbsp;\r\n\r\nSuunnittele merin\u00e4k\u00f6ala, uinti tai satamaravintola Lahemaan kierroksella <a href=\"https:\/\/uus.visitlahemaa.com\/fi\/loyda-lahemaalta\/lahemaan-ymparilla\/\" target=\"_blank\" rel=\"noopener\">t\u00e4\u00e4ll\u00e4<\/a>.\r\n\r\n&nbsp;\r\n\r\n<strong>Meri odottaa my\u00f6s sinua osallistumaan siihen \u2013 erilaisia aktiviteetteja ja tapahtumia, joihin kannattaa ehdottomasti osallistua kes\u00e4kaudella:<\/strong>\r\n<a href=\"https:\/\/www.facebook.com\/meresober\/\" target=\"_blank\" rel=\"noopener\">Pop-up Merikoulu &#8221;Merikaveri&#8221;<\/a>\r\n\r\n<a href=\"https:\/\/www.facebook.com\/vosusurfikool\/\" target=\"_blank\" rel=\"noopener\">V\u00f5sun surffikoulu<\/a>\r\n\r\n<a href=\"https:\/\/harasadam.ee\/seilamise-selts\/\" target=\"_blank\" rel=\"noopener\">Haran purjehdusseura<\/a>\r\n\r\n<a href=\"https:\/\/xn--jooks-iuaa.ee\/et\/sundmused?competition_id=19\" target=\"_blank\" rel=\"noopener\">W\u00dcRTH avovesi Viro &#8211; K\u00e4smu 2023<\/a>\r\n\r\n<a href=\"https:\/\/pohjarannikuregatt.ee\/\" target=\"_blank\" rel=\"noopener\">Pohjoisrannikon regatta<\/a>\r\n\r\n&nbsp;\r\n\r\n&nbsp;\t\t\t\t\t\t\t\t<\/div>\n\t\t\t\t<\/div>\n\t\t\t\t\t<\/div>\n\t\t\t\t<\/div>\n\t\t\t\t<\/div>\n\t\t","protected":false},"excerpt":{"rendered":"<p>Meri ja rannat muodostavat kolmanneksen Lahemaan kansallispuiston alueesta ja niill\u00e4 on merkitt\u00e4v\u00e4 rooli paikallisten kylien ja niiden asukkaiden muotoutumisessa. Kalastuksen, salakuljetuksen, kapteenikoulun ja laivanrakennuksen luvut ovat kietoutuneet paikalliseen perint\u00f6\u00f6n. &nbsp; Voit l\u00f6yt\u00e4\u00e4 pieni\u00e4 satamia sek\u00e4 Lahemaassa (Hara, Viinistu, Vergi ja V\u00f5su) ett\u00e4 Lahemaan v\u00e4litt\u00f6m\u00e4ss\u00e4 l\u00e4heisyydess\u00e4 (Salmistu). Matalasyv\u00e4yksiset alukset voivat my\u00f6s kiinnitty\u00e4 K\u00e4smun laiturille. Jokainen satama [&hellip;]<\/p>\n","protected":false},"author":100010026,"featured_media":41434,"parent":0,"menu_order":0,"comment_status":"closed","ping_status":"closed","template":"","meta":{"_acf_changed":false,"_lmt_disableupdate":"","_lmt_disable":"","_monsterinsights_skip_tracking":false,"_monsterinsights_sitenote_active":false,"_monsterinsights_sitenote_note":"","_monsterinsights_sitenote_category":0,"footnotes":"","_links_to":"","_links_to_target":""},"class_list":["post-46213","page","type-page","status-publish","has-post-thumbnail","hentry"],"acf":[],"_links":{"self":[{"href":"https:\/\/uus.visitlahemaa.com\/fi\/wp-json\/wp\/v2\/pages\/46213","targetHints":{"allow":["GET"]}}],"collection":[{"href":"https:\/\/uus.visitlahemaa.com\/fi\/wp-json\/wp\/v2\/pages"}],"about":[{"href":"https:\/\/uus.visitlahemaa.com\/fi\/wp-json\/wp\/v2\/types\/page"}],"author":[{"embeddable":true,"href":"https:\/\/uus.visitlahemaa.com\/fi\/wp-json\/wp\/v2\/users\/100010026"}],"replies":[{"embeddable":true,"href":"https:\/\/uus.visitlahemaa.com\/fi\/wp-json\/wp\/v2\/comments?post=46213"}],"version-history":[{"count":1,"href":"https:\/\/uus.visitlahemaa.com\/fi\/wp-json\/wp\/v2\/pages\/46213\/revisions"}],"predecessor-version":[{"id":46214,"href":"https:\/\/uus.visitlahemaa.com\/fi\/wp-json\/wp\/v2\/pages\/46213\/revisions\/46214"}],"wp:featuredmedia":[{"embeddable":true,"href":"https:\/\/uus.visitlahemaa.com\/fi\/wp-json\/wp\/v2\/media\/41434"}],"wp:attachment":[{"href":"https:\/\/uus.visitlahemaa.com\/fi\/wp-json\/wp\/v2\/media?parent=46213"}],"curies":[{"name":"wp","href":"https:\/\/api.w.org\/{rel}","templated":true}]}}