{"id":46152,"date":"2025-09-01T10:37:42","date_gmt":"2025-09-01T07:37:42","guid":{"rendered":"https:\/\/uus.visitlahemaa.com\/tietoa-lahemaasta\/alueemme\/"},"modified":"2025-09-01T10:37:45","modified_gmt":"2025-09-01T07:37:45","slug":"alueemme","status":"publish","type":"page","link":"https:\/\/uus.visitlahemaa.com\/fi\/tietoa-lahemaasta\/alueemme\/","title":{"rendered":"Alueemme"},"content":{"rendered":"\t\t<div data-elementor-type=\"wp-page\" data-elementor-id=\"46152\" class=\"elementor elementor-46152 elementor-39682\" data-elementor-post-type=\"page\">\n\t\t\t\t<div class=\"elementor-element elementor-element-263d0e68 e-flex e-con-boxed e-con e-parent\" data-id=\"263d0e68\" data-element_type=\"container\" data-e-type=\"container\">\n\t\t\t\t\t<div class=\"e-con-inner\">\n\t\t\t\t<div class=\"elementor-element elementor-element-434d3c17 elementor-widget elementor-widget-text-editor\" data-id=\"434d3c17\" data-element_type=\"widget\" data-e-type=\"widget\" data-widget_type=\"text-editor.default\">\n\t\t\t\t<div class=\"elementor-widget-container\">\n\t\t\t\t\t\t\t\t\t<p>Lahemaa \u2013 ensimm\u00e4inen Neuvostoliitossa perustettu kansallispuisto ja my\u00f6s Viron vanhin ja suurin kansallispuisto \u2013 lumoaa monipuolisilla luonnonmaisemillaan ja rikkaalla kulttuuriperinn\u00f6ll\u00e4\u00e4n. T\u00e4\u00e4ll\u00e4 voit nauttia luonnon rauhasta hiekkarannalla, muinaisella suolla, katajapeitteisell\u00e4 alvarilla tai vehre\u00e4ll\u00e4 jokirannalla. Lahemaa on yksi Euroopan t\u00e4rkeimmist\u00e4 metsien suojelualueista ja kuuluu Natura 2000 -verkostoon. Paikallinen rannikko on kuuluisa runsaista siirtolohkareistaan ja kivikentist\u00e4\u00e4n. Maiseman muodostumiseen on vaikuttanut Baltian klintti.     <u><\/u><u><\/u><\/p><p><u><\/u> <u><\/u><\/p><p>Lahemaan kansallispuiston matkailualue, joka sijaitsee viidess\u00e4 kunnassa kahdessa maakunnassa \u2013 <a href=\"https:\/\/www.kuusalu.ee\/\" target=\"_blank\" rel=\"noopener\">Kuusalun kunnassa<\/a> ja <a href=\"https:\/\/www.loksalinn.ee\/\" target=\"_blank\" rel=\"noopener\">Loksan kaupungissa<\/a> Harjun maakunnassa sek\u00e4 <a href=\"https:\/\/www.haljala.ee\/\" target=\"_blank\" rel=\"noopener\">Haljalan<\/a>, <a href=\"https:\/\/www.kadrina.ee\/\" target=\"_blank\" rel=\"noopener\">Kadrinan<\/a> ja <a href=\"https:\/\/www.tapa.ee\/\" target=\"_blank\" rel=\"noopener\">Tapan kunnissa<\/a> L\u00e4\u00e4ne-Virun maakunnassa \u2013 sis\u00e4lt\u00e4\u00e4 my\u00f6s P\u00f5hja-K\u00f5rvemaan luonnonsuojelualueen, joka sijaitsee metsien ja soiden keskell\u00e4, sek\u00e4 m\u00e4kisen Neerutin maisemansuojelualueen. Alueella asuu noin 24 000 ihmist\u00e4. T\u00e4\u00e4ll\u00e4 toimii aktiivisia yhteis\u00f6j\u00e4 ja pieni\u00e4 yrityksi\u00e4. T\u00e4rkeimm\u00e4t talouden alat ovat maatalous ja mets\u00e4talous. Aktiivisin matkailutoimintojen kehitt\u00e4j\u00e4 on <a href=\"https:\/\/uus.visitlahemaa.com\/fi\/info\/visit-lahemaa\/\" target=\"_blank\" rel=\"noopener\">Lahemaan matkailuyhdistys<\/a>.     <u><\/u><\/p><p><u><\/u> <u><\/u><\/p><p>T\u00e4m\u00e4 alue, jossa on miellytt\u00e4vi\u00e4 metsi\u00e4, rauhallisia hiekkarantoja, suuria siirtolohkareita, vieh\u00e4tt\u00e4vi\u00e4 mets\u00e4j\u00e4rvi\u00e4 ja hyvin hoidettuja vaellusreittej\u00e4, on luonnonyst\u00e4vien paratiisi. Majoitusvaihtoehtoihin kuuluvat sek\u00e4 lomam\u00f6kit ett\u00e4 lomakyl\u00e4t. Useat ruokapalvelut kantavat Pohjois-Viron paikallisen ruoan merkki\u00e4. Lahemaa on saanut Euroopan suojelualueiden liiton Europarc-kest\u00e4v\u00e4n matkailun sertifikaatin ja maailmanlaajuisen Green Destination Gold Level -tunnustuksen.    <u><\/u><u><\/u><\/p><p><u><\/u> <u><\/u><\/p><p>Rikas kulttuuriperint\u00f6 l\u00f6ytyy vanhoista rannikko- ja maaseutukylist\u00e4, pienist\u00e4 kaupungeista sek\u00e4 kahdesta pienest\u00e4 kaupungista, joilla on ainutlaatuinen historia ja arkkitehtuuri \u2013 Loksa ja Tapa. Alueella on useita mielenkiintoisia kartanoita, joista J\u00e4neda, Kiiu, Kolga, Palmse, Sagadi, Vihula ja Neeruti tekev\u00e4t suurimman vaikutuksen. Maamerkkeihin kuuluvat Kadrinan ja Kuusalun kirkot sek\u00e4 Viitnan taverna. Viinistussa on Viron suurin yksityinen taidekokoelma, ja K\u00e4smussa on merimuseo. My\u00f6s pienemm\u00e4t museot ovat vierailun arvoisia. Sotahistoriasta kiinnostuneet voivat l\u00f6yt\u00e4\u00e4 j\u00e4nnitt\u00e4vi\u00e4 neuvostoaikaisia rajavartiolaitoksia. Yh\u00e4 useammat Pohjois-Viron pienet satamat ovat valmiita palvelemaan vierailijoita.       <u><\/u><u><\/u><\/p><p><u><\/u> <u><\/u><\/p><p>Suuri osa Viron vanhoista kansanlauluista ja -tansseista on ker\u00e4tty Lahemaasta. Kansankulttuuria yll\u00e4pit\u00e4v\u00e4t yhteis\u00f6keskukset, joissa yhteis\u00f6tapahtumien lis\u00e4ksi voidaan j\u00e4rjest\u00e4\u00e4 yksityistilaisuuksia ja seminaareja sek\u00e4 julkisia tapahtumia. Kulttuuriel\u00e4m\u00e4 on erityisen vilkasta kes\u00e4ll\u00e4, jolloin j\u00e4rjestet\u00e4\u00e4n useita perinteisi\u00e4 ulkoilmatapahtumia: J\u00e4nedan maatilap\u00e4iv\u00e4t, kalastajap\u00e4iv\u00e4n juhlat rannikkokyliss\u00e4, musiikkifestivaalit V\u00f5sussa, Pyh\u00e4n Laurentiuksen p\u00e4iv\u00e4n juhlat Kuusalussa, Viru Folk K\u00e4smussa, Tapan makkarafestivaali, Loksan kaupungin p\u00e4iv\u00e4 ja muinaistulien y\u00f6n kokot rannoilla. Kannattaa my\u00f6s vierailla presidentin vaelluksella ja markkinoilla Kuusalussa, J\u00e4nedassa, Kolgassa ja Loksassa.    <u><\/u><u><\/u><\/p><p> <\/p><p>Yhteisty\u00f6n perustana Lahemaan kansallispuiston matkailualueella on <a href=\"http:\/\/arenduskoda.ee\/et\/\" target=\"_blank\" rel=\"noopener\">Arenduskoda<\/a>-yhdistyksen johtama <a href=\"http:\/\/arenduskoda.ee\/Data\/2015\/Dokumendid\/Projektid\/Rahvuspargid\/Lahemaa_turismipiirkonna_arengu_strateegia_16.11.2018.pdf\" target=\"_blank\" rel=\"noopener\">&#8221;Lahemaan kansallispuiston matkailualueen kest\u00e4v\u00e4n kehityksen strategia 2019-2030+&#8221;<\/a> luominen.<\/p>\t\t\t\t\t\t\t\t<\/div>\n\t\t\t\t<\/div>\n\t\t\t\t\t<\/div>\n\t\t\t\t<\/div>\n\t\t\t\t<\/div>\n\t\t","protected":false},"excerpt":{"rendered":"<p>Lahemaa \u2013 ensimm\u00e4inen Neuvostoliitossa perustettu kansallispuisto ja my\u00f6s Viron vanhin ja suurin kansallispuisto \u2013 lumoaa monipuolisilla luonnonmaisemillaan ja rikkaalla kulttuuriperinn\u00f6ll\u00e4\u00e4n. T\u00e4\u00e4ll\u00e4 voit nauttia luonnon rauhasta hiekkarannalla, muinaisella suolla, katajapeitteisell\u00e4 alvarilla tai vehre\u00e4ll\u00e4 jokirannalla. Lahemaa on yksi Euroopan t\u00e4rkeimmist\u00e4 metsien suojelualueista ja kuuluu Natura 2000 -verkostoon. Paikallinen rannikko on kuuluisa runsaista siirtolohkareistaan ja kivikentist\u00e4\u00e4n. Maiseman muodostumiseen [&hellip;]<\/p>\n","protected":false},"author":100010024,"featured_media":41449,"parent":46104,"menu_order":0,"comment_status":"closed","ping_status":"closed","template":"","meta":{"_acf_changed":false,"_lmt_disableupdate":"","_lmt_disable":"","_monsterinsights_skip_tracking":false,"_monsterinsights_sitenote_active":false,"_monsterinsights_sitenote_note":"","_monsterinsights_sitenote_category":0,"footnotes":"","_links_to":"","_links_to_target":""},"class_list":["post-46152","page","type-page","status-publish","has-post-thumbnail","hentry"],"acf":[],"_links":{"self":[{"href":"https:\/\/uus.visitlahemaa.com\/fi\/wp-json\/wp\/v2\/pages\/46152","targetHints":{"allow":["GET"]}}],"collection":[{"href":"https:\/\/uus.visitlahemaa.com\/fi\/wp-json\/wp\/v2\/pages"}],"about":[{"href":"https:\/\/uus.visitlahemaa.com\/fi\/wp-json\/wp\/v2\/types\/page"}],"author":[{"embeddable":true,"href":"https:\/\/uus.visitlahemaa.com\/fi\/wp-json\/wp\/v2\/users\/100010024"}],"replies":[{"embeddable":true,"href":"https:\/\/uus.visitlahemaa.com\/fi\/wp-json\/wp\/v2\/comments?post=46152"}],"version-history":[{"count":1,"href":"https:\/\/uus.visitlahemaa.com\/fi\/wp-json\/wp\/v2\/pages\/46152\/revisions"}],"predecessor-version":[{"id":46154,"href":"https:\/\/uus.visitlahemaa.com\/fi\/wp-json\/wp\/v2\/pages\/46152\/revisions\/46154"}],"up":[{"embeddable":true,"href":"https:\/\/uus.visitlahemaa.com\/fi\/wp-json\/wp\/v2\/pages\/46104"}],"wp:featuredmedia":[{"embeddable":true,"href":"https:\/\/uus.visitlahemaa.com\/fi\/wp-json\/wp\/v2\/media\/41449"}],"wp:attachment":[{"href":"https:\/\/uus.visitlahemaa.com\/fi\/wp-json\/wp\/v2\/media?parent=46152"}],"curies":[{"name":"wp","href":"https:\/\/api.w.org\/{rel}","templated":true}]}}