{"id":46132,"date":"2025-09-01T10:37:39","date_gmt":"2025-09-01T07:37:39","guid":{"rendered":"https:\/\/uus.visitlahemaa.com\/tietoa-lahemaasta\/medianakyvyys\/"},"modified":"2025-09-01T10:37:40","modified_gmt":"2025-09-01T07:37:40","slug":"medianakyvyys","status":"publish","type":"page","link":"https:\/\/uus.visitlahemaa.com\/fi\/tietoa-lahemaasta\/medianakyvyys\/","title":{"rendered":"Median\u00e4kyvyys"},"content":{"rendered":"\t\t<div data-elementor-type=\"wp-page\" data-elementor-id=\"46132\" class=\"elementor elementor-46132 elementor-39679\" data-elementor-post-type=\"page\">\n\t\t\t\t<div class=\"elementor-element elementor-element-6c4c01a5 e-flex e-con-boxed e-con e-parent\" data-id=\"6c4c01a5\" data-element_type=\"container\" data-e-type=\"container\">\n\t\t\t\t\t<div class=\"e-con-inner\">\n\t\t\t\t<div class=\"elementor-element elementor-element-40186393 elementor-widget elementor-widget-text-editor\" data-id=\"40186393\" data-element_type=\"widget\" data-e-type=\"widget\" data-widget_type=\"text-editor.default\">\n\t\t\t\t<div class=\"elementor-widget-container\">\n\t\t\t\t\t\t\t\t\t<p>Liito-oravasta keskustellaan luontoillassa<\/p><p><a href=\"https:\/\/virumaateataja.postimees.ee\/7738214\/loodusohtul-tuleb-juttu-lendoravast\" target=\"_blank\" rel=\"noopener\">22. maaliskuuta 2023 | Virumaa Teataja<\/a><\/p><p> <\/p><p>L\u00f6yd\u00e4 virkistyst\u00e4 yll\u00e4tt\u00e4vist\u00e4 kasveista kev\u00e4isess\u00e4 luonnossa<\/p><p><a href=\"https:\/\/virumaateataja.postimees.ee\/7734121\/tarkavast-loodusest-leiab-turgutust-ullatavaist-taimedest\" target=\"_blank\" rel=\"noopener\">17. maaliskuuta 2023 | Virumaa Teataja<\/a><\/p><p> <\/p><p>Radikaali ehdotus: Lahemaan kansallispuiston kyl\u00e4t tulisi j\u00e4tt\u00e4\u00e4 kansallispuiston ulkopuolelle, jotta ne voisivat kehitty\u00e4 edelleen<\/p><p><a href=\"https:\/\/virumaateataja.postimees.ee\/7734062\/radikaalne-ettepanek-lahemaa-rahvuspargi-kulad-voiks-rahvuspargi-alt-valja-votta-et-need-edasi-areneda-saaksid\" target=\"_blank\" rel=\"noopener\">17. maaliskuuta 2023 | Virumaa Teataja<\/a><\/p><p> <\/p><p>Tasavallan muusikko on Kert Kr\u00fcsban Vihasoon kyl\u00e4st\u00e4!<br><a href=\"https:\/\/naine.ohtuleht.ee\/1079938\/parimusmuusikageeniga-sundinud-kolmas-vabariigi-pillimees-kert-krusban-paneb-koik-oma-karmoska-jargi-tantsima\" target=\"_blank\" rel=\"noopener\">27. helmikuuta 2023 | \u00d5htuleht<\/a><\/p><p> <\/p><p>Kauhistuttavia kummitustarinoita Viron kartanoista: korttia pelaava ryhm\u00e4 vuoteen vieress\u00e4, leijuvat mustahuppuiset miehet, puoliksi ihmisi\u00e4, joilla on sorkat&#8230;<\/p><p><a href=\"https:\/\/maaleht.delfi.ee\/artikkel\/95022939\/eesti-moisate-jubedad-kummituslood-voodiveerel-kaarte-mangiv-kamp-musta-kubarga-holjuvad-mehed-kapjadega-poolinimesed\" target=\"_blank\" rel=\"noopener\">14. helmikuuta 2023 | Maaleht<\/a><\/p><p> <\/p><p>Vainupean kyl\u00e4 pyrkii tulemaan valokuvaajien Mekaksi<\/p><p><a href=\"https:\/\/virumaateataja.postimees.ee\/7684342\/vainupea-kula-purgib-fotograafide-mekaks\" target=\"_blank\" rel=\"noopener\">5. tammikuuta 2023 | Virumaa Teataja<\/a><\/p><p> <\/p><p>\u201cT\u00e4st\u00e4 kyl\u00e4st\u00e4 pit\u00e4isi ottaa maaper\u00e4n\u00e4yte!\u201d Nuoren kansanmusiikkiyhtyeen villi nousu <\/p><p><a href=\"https:\/\/maaleht.delfi.ee\/artikkel\/120116364\/sellest-kulast-tuleks-mullaproov-votta-noorte-folkbandi-poorane-tahelend\" target=\"_blank\" rel=\"noopener\">25. joulukuuta 2022 | Maaleht<\/a><\/p><p> <\/p><p>V\u00f5sussa vintage-harrastajalla on autotalli, jossa on 500 radiota<\/p><p><a href=\"https:\/\/www.ohtuleht.ee\/1075158\/galerii-500-raadiot-ja-suldistunud-vesi-vanavarafann-kogub-garaazi-uskumatut-kraami\" target=\"_blank\" rel=\"noopener\">9. joulukuuta 2022 | \u00d5htuleht<\/a><\/p><p> <\/p><p>MATI SEPP \u27e9 Luonnonsuojelulain erityistapaus muuttuu tuhoisaksi s\u00e4\u00e4nn\u00f6ksi Lahemaassa<\/p><p><a href=\"https:\/\/arvamus.postimees.ee\/7664870\/mati-sepp-looduskaitseseaduse-erijuhtum-saab-lahemaal-laastavaks-reegliks\" target=\"_blank\" rel=\"noopener\">7. joulukuuta 2022 | Postimees<\/a><\/p><p> <\/p><p>Hollywoodin kauhuelokuva kuvattiin Lahemaassa<br><a href=\"https:\/\/sonumitooja.ee\/hollywoodi-filmivotetel-sarab-parispeal-oositi-kunstlik-kuu\/\" target=\"_blank\" rel=\"noopener\">17. marraskuuta 2022 | S\u00f5numitooja<\/a><br><a href=\"https:\/\/ekspress.delfi.ee\/artikkel\/120082402\/pohja-eesti-metsatukas-filmitakse-hollywoodi-tipptasemel-oudusfilmi-eestist-sai-kiiresti-meie-esimene-valik\" target=\"_blank\" rel=\"noopener\">22. lokakuuta 2022 | Eesti Ekspress<\/a><\/p><p> <\/p><p>Talon tarina | Haran satama<br><a href=\"https:\/\/jupiter.err.ee\/1608777634\/uhe-maja-lugu\" target=\"_blank\" rel=\"noopener\">2022 | ERR<\/a><\/p>\t\t\t\t\t\t\t\t<\/div>\n\t\t\t\t<\/div>\n\t\t\t\t\t<\/div>\n\t\t\t\t<\/div>\n\t\t\t\t<\/div>\n\t\t","protected":false},"excerpt":{"rendered":"<p>Liito-oravasta keskustellaan luontoillassa 22. maaliskuuta 2023 | Virumaa Teataja L\u00f6yd\u00e4 virkistyst\u00e4 yll\u00e4tt\u00e4vist\u00e4 kasveista kev\u00e4isess\u00e4 luonnossa 17. maaliskuuta 2023 | Virumaa Teataja Radikaali ehdotus: Lahemaan kansallispuiston kyl\u00e4t tulisi j\u00e4tt\u00e4\u00e4 kansallispuiston ulkopuolelle, jotta ne voisivat kehitty\u00e4 edelleen 17. maaliskuuta 2023 | Virumaa Teataja Tasavallan muusikko on Kert Kr\u00fcsban Vihasoon kyl\u00e4st\u00e4!27. helmikuuta 2023 | \u00d5htuleht Kauhistuttavia kummitustarinoita Viron [&hellip;]<\/p>\n","protected":false},"author":100010026,"featured_media":41465,"parent":46104,"menu_order":0,"comment_status":"closed","ping_status":"closed","template":"","meta":{"_acf_changed":false,"_lmt_disableupdate":"","_lmt_disable":"","_monsterinsights_skip_tracking":false,"_monsterinsights_sitenote_active":false,"_monsterinsights_sitenote_note":"","_monsterinsights_sitenote_category":0,"footnotes":"","_links_to":"","_links_to_target":""},"class_list":["post-46132","page","type-page","status-publish","has-post-thumbnail","hentry"],"acf":[],"_links":{"self":[{"href":"https:\/\/uus.visitlahemaa.com\/fi\/wp-json\/wp\/v2\/pages\/46132","targetHints":{"allow":["GET"]}}],"collection":[{"href":"https:\/\/uus.visitlahemaa.com\/fi\/wp-json\/wp\/v2\/pages"}],"about":[{"href":"https:\/\/uus.visitlahemaa.com\/fi\/wp-json\/wp\/v2\/types\/page"}],"author":[{"embeddable":true,"href":"https:\/\/uus.visitlahemaa.com\/fi\/wp-json\/wp\/v2\/users\/100010026"}],"replies":[{"embeddable":true,"href":"https:\/\/uus.visitlahemaa.com\/fi\/wp-json\/wp\/v2\/comments?post=46132"}],"version-history":[{"count":1,"href":"https:\/\/uus.visitlahemaa.com\/fi\/wp-json\/wp\/v2\/pages\/46132\/revisions"}],"predecessor-version":[{"id":46134,"href":"https:\/\/uus.visitlahemaa.com\/fi\/wp-json\/wp\/v2\/pages\/46132\/revisions\/46134"}],"up":[{"embeddable":true,"href":"https:\/\/uus.visitlahemaa.com\/fi\/wp-json\/wp\/v2\/pages\/46104"}],"wp:featuredmedia":[{"embeddable":true,"href":"https:\/\/uus.visitlahemaa.com\/fi\/wp-json\/wp\/v2\/media\/41465"}],"wp:attachment":[{"href":"https:\/\/uus.visitlahemaa.com\/fi\/wp-json\/wp\/v2\/media?parent=46132"}],"curies":[{"name":"wp","href":"https:\/\/api.w.org\/{rel}","templated":true}]}}