{"id":46121,"date":"2025-09-01T10:37:37","date_gmt":"2025-09-01T07:37:37","guid":{"rendered":"https:\/\/uus.visitlahemaa.com\/tietoa-lahemaasta\/kuvapankki\/"},"modified":"2025-09-01T10:37:40","modified_gmt":"2025-09-01T07:37:40","slug":"kuvapankki","status":"publish","type":"page","link":"https:\/\/uus.visitlahemaa.com\/fi\/tietoa-lahemaasta\/kuvapankki\/","title":{"rendered":"Kuvapankki"},"content":{"rendered":"\t\t<div data-elementor-type=\"wp-page\" data-elementor-id=\"46121\" class=\"elementor elementor-46121 elementor-39674\" data-elementor-post-type=\"page\">\n\t\t\t\t<div class=\"elementor-element elementor-element-77739989 e-flex e-con-boxed e-con e-parent\" data-id=\"77739989\" data-element_type=\"container\" data-e-type=\"container\">\n\t\t\t\t\t<div class=\"e-con-inner\">\n\t\t\t\t<div class=\"elementor-element elementor-element-e4d5a66 elementor-widget elementor-widget-button\" data-id=\"e4d5a66\" data-element_type=\"widget\" data-e-type=\"widget\" data-widget_type=\"button.default\">\n\t\t\t\t<div class=\"elementor-widget-container\">\n\t\t\t\t\t\t\t\t\t<div class=\"elementor-button-wrapper\">\n\t\t\t\t\t<a class=\"elementor-button elementor-button-link elementor-size-sm elementor-animation-grow\" href=\"https:\/\/drive.google.com\/drive\/folders\/1KUoJpRk2uusZVwNAkcF0HVnxGuNi9TpJ\" target=\"_blank\" rel=\"noopener\">\n\t\t\t\t\t\t<span class=\"elementor-button-content-wrapper\">\n\t\t\t\t\t\t\t\t\t<span class=\"elementor-button-text\">Avaa asemassa<\/span>\n\t\t\t\t\t<\/span>\n\t\t\t\t\t<\/a>\n\t\t\t\t<\/div>\n\t\t\t\t\t\t\t\t<\/div>\n\t\t\t\t<\/div>\n\t\t\t\t<div class=\"elementor-element elementor-element-af81cd0 elementor-widget elementor-widget-heading\" data-id=\"af81cd0\" data-element_type=\"widget\" data-e-type=\"widget\" data-widget_type=\"heading.default\">\n\t\t\t\t<div class=\"elementor-widget-container\">\n\t\t\t\t\t<h2 class=\"elementor-heading-title elementor-size-default\">K\u00e4y Lahemaan sis\u00e4ll\u00f6n k\u00e4ytt\u00f6ohjeissa<\/h2>\t\t\t\t<\/div>\n\t\t\t\t<\/div>\n\t\t\t\t<div class=\"elementor-element elementor-element-0732f89 elementor-widget elementor-widget-text-editor\" data-id=\"0732f89\" data-element_type=\"widget\" data-e-type=\"widget\" data-widget_type=\"text-editor.default\">\n\t\t\t\t<div class=\"elementor-widget-container\">\n\t\t\t\t\t\t\t\t\t<p>1. Jos mahdollista, kuvien\/videoiden k\u00e4ytt\u00e4j\u00e4n on mainittava tekij\u00e4. Tekij\u00e4n nimi on tiedostossa.<br>  <br>2. On suositeltavaa mainita matkailupalvelun tai -tuotteen tarjoaja.<br>3. Kuvapankin k\u00e4ytt\u00e4jille my\u00f6nnet\u00e4\u00e4n seuraavat tekij\u00e4noikeudet teoksiin:<br>3.1 kopioida julkaisuihin ja visuaalisiin suunnitelmiin;<br>3.2 jakaa;<br>3.3 saattaa julkisesti saataville julkaisuissa, painotuotteissa, liikkuvissa ja ulkomainoksissa,<br>esityksiss\u00e4, verkkosivuilla, sosiaalisessa mediassa, blogeissa ja muissa s\u00e4hk\u00f6isiss\u00e4 kanavissa;<br>3.4 l\u00e4hett\u00e4\u00e4 televisiossa ja radiossa;<br>3.5 uudelleenl\u00e4hett\u00e4\u00e4 kaapeliverkoissa;<br>3.6 k\u00e4\u00e4nt\u00e4\u00e4 ja lis\u00e4t\u00e4 tekstityksi\u00e4;<br>3.7 tehd\u00e4 sovituksia ja j\u00e4rjestelyj\u00e4.<br>3.8 esitt\u00e4\u00e4 julkisesti;<br>3.9 asettaa n\u00e4ytteille.<br>4. Teoksia voidaan k\u00e4ytt\u00e4\u00e4 seuraaviin tarkoituksiin ja seuraavilla tavoilla:<br>&#8211; Lahemaan markkinointiin matkailukohteena<br>&#8211; Matkailuyritykset ja -organisaatiot palveluiden markkinointiin ja myyntiin.<br>5. Videossa k\u00e4ytetty\u00e4 musiikkia saa k\u00e4ytt\u00e4\u00e4 vain ostaja yhdess\u00e4 videon kanssa sen nykyisess\u00e4 muodossa.<br>Muu musiikin k\u00e4ytt\u00f6 ei ole sallittua.  <br>6. Teoksia ei saa k\u00e4ytt\u00e4\u00e4 t\u00e4m\u00e4n sopimuksen kohtien 4-5 vastaisiin tarkoituksiin.<br>7. Teosten k\u00e4ytt\u00f6 on kielletty tavalla tai yhteydess\u00e4, joka:<br>7.1 rikkoo Viron tai kansainv\u00e4lisi\u00e4 lakeja;<br>7.2 on sopimatonta, pahantahtoista, s\u00e4\u00e4dyt\u00f6nt\u00e4, herjaavaa, rasistista, v\u00e4kivaltaista, loukkaavaa, h\u00e4iritsev\u00e4\u00e4 tai muuten yleist\u00e4 j\u00e4rjestyst\u00e4 tai hyvi\u00e4 tapoja vastaan, tai ei t\u00e4yt\u00e4 yleist\u00e4 hyv\u00e4\u00e4 makua; 7.3 voi vahingoittaa myyj\u00e4n mainetta; 7.4 halventaa virolaisia yrityksi\u00e4, yhteiskuntaa, tuotteita tai palveluita; 7.5 vahingoittaa teoksissa kuvattujen henkil\u00f6iden ja muiden rekister\u00f6ityjen oikeuksia.<br>8. Teokset luotiin &#8221;Lahemaan kattavan matkailunhallintaratkaisun luominen&#8221; -projektin puitteissa, jonka toteuttivat yhteisty\u00f6ss\u00e4 NGO \u00d6kokuller ja Lahemaan matkailuyhdistys vuosina 2021-<br>2023.<br>Projektin tavoitteena oli pident\u00e4\u00e4 Lahemaan vierailukautta, tukea kest\u00e4vien ja vaihtoehtoisten kuljetusmuotojen paikallista popularisointia ja edist\u00e4\u00e4 aitoja paikallisia palveluita.<br>Projekti rahoitettiin Euroopan aluekehitysrahastosta 200 000 eurolla.<\/p>\t\t\t\t\t\t\t\t<\/div>\n\t\t\t\t<\/div>\n\t\t\t\t\t<\/div>\n\t\t\t\t<\/div>\n\t\t\t\t<\/div>\n\t\t","protected":false},"excerpt":{"rendered":"<p>Avaa asemassa K\u00e4y Lahemaan sis\u00e4ll\u00f6n k\u00e4ytt\u00f6ohjeissa 1. Jos mahdollista, kuvien\/videoiden k\u00e4ytt\u00e4j\u00e4n on mainittava tekij\u00e4. Tekij\u00e4n nimi on tiedostossa. 2. On suositeltavaa mainita matkailupalvelun tai -tuotteen tarjoaja.3. Kuvapankin k\u00e4ytt\u00e4jille my\u00f6nnet\u00e4\u00e4n seuraavat tekij\u00e4noikeudet teoksiin:3.1 kopioida julkaisuihin ja visuaalisiin suunnitelmiin;3.2 jakaa;3.3 saattaa julkisesti saataville julkaisuissa, painotuotteissa, liikkuvissa ja ulkomainoksissa,esityksiss\u00e4, verkkosivuilla, sosiaalisessa mediassa, blogeissa ja muissa s\u00e4hk\u00f6isiss\u00e4 kanavissa;3.4 l\u00e4hett\u00e4\u00e4 [&hellip;]<\/p>\n","protected":false},"author":100010026,"featured_media":41496,"parent":46104,"menu_order":0,"comment_status":"closed","ping_status":"closed","template":"","meta":{"_acf_changed":false,"_lmt_disableupdate":"","_lmt_disable":"","_monsterinsights_skip_tracking":false,"_monsterinsights_sitenote_active":false,"_monsterinsights_sitenote_note":"","_monsterinsights_sitenote_category":0,"footnotes":"","_links_to":"","_links_to_target":""},"class_list":["post-46121","page","type-page","status-publish","has-post-thumbnail","hentry"],"acf":[],"_links":{"self":[{"href":"https:\/\/uus.visitlahemaa.com\/fi\/wp-json\/wp\/v2\/pages\/46121","targetHints":{"allow":["GET"]}}],"collection":[{"href":"https:\/\/uus.visitlahemaa.com\/fi\/wp-json\/wp\/v2\/pages"}],"about":[{"href":"https:\/\/uus.visitlahemaa.com\/fi\/wp-json\/wp\/v2\/types\/page"}],"author":[{"embeddable":true,"href":"https:\/\/uus.visitlahemaa.com\/fi\/wp-json\/wp\/v2\/users\/100010026"}],"replies":[{"embeddable":true,"href":"https:\/\/uus.visitlahemaa.com\/fi\/wp-json\/wp\/v2\/comments?post=46121"}],"version-history":[{"count":1,"href":"https:\/\/uus.visitlahemaa.com\/fi\/wp-json\/wp\/v2\/pages\/46121\/revisions"}],"predecessor-version":[{"id":46123,"href":"https:\/\/uus.visitlahemaa.com\/fi\/wp-json\/wp\/v2\/pages\/46121\/revisions\/46123"}],"up":[{"embeddable":true,"href":"https:\/\/uus.visitlahemaa.com\/fi\/wp-json\/wp\/v2\/pages\/46104"}],"wp:featuredmedia":[{"embeddable":true,"href":"https:\/\/uus.visitlahemaa.com\/fi\/wp-json\/wp\/v2\/media\/41496"}],"wp:attachment":[{"href":"https:\/\/uus.visitlahemaa.com\/fi\/wp-json\/wp\/v2\/media?parent=46121"}],"curies":[{"name":"wp","href":"https:\/\/api.w.org\/{rel}","templated":true}]}}