{"id":46096,"date":"2025-09-01T10:37:29","date_gmt":"2025-09-01T07:37:29","guid":{"rendered":"https:\/\/uus.visitlahemaa.com\/loyda-lahemaalta\/kulinaristinen-kokemus\/"},"modified":"2025-09-01T10:37:31","modified_gmt":"2025-09-01T07:37:31","slug":"kulinaristinen-kokemus","status":"publish","type":"page","link":"https:\/\/uus.visitlahemaa.com\/fi\/loyda-lahemaalta\/kulinaristinen-kokemus\/","title":{"rendered":"Kulinaristinen kokemus"},"content":{"rendered":"\t\t<div data-elementor-type=\"wp-page\" data-elementor-id=\"46096\" class=\"elementor elementor-46096 elementor-39666\" data-elementor-post-type=\"page\">\n\t\t\t\t<div class=\"elementor-element elementor-element-4a9b3b7 e-flex e-con-boxed e-con e-parent\" data-id=\"4a9b3b7\" data-element_type=\"container\" data-e-type=\"container\">\n\t\t\t\t\t<div class=\"e-con-inner\">\n\t\t\t\t<div class=\"elementor-element elementor-element-2334acb elementor-widget elementor-widget-text-editor\" data-id=\"2334acb\" data-element_type=\"widget\" data-e-type=\"widget\" data-widget_type=\"text-editor.default\">\n\t\t\t\t<div class=\"elementor-widget-container\">\n\t\t\t\t\t\t\t\t\t<p><a href=\"https:\/\/kohaliktoit.arenduskoda.ee\/pohja-eesti-toit\/\" target=\"_blank\" rel=\"noopener\"><img fetchpriority=\"high\" decoding=\"async\" class=\"alignright wp-image-38673\" src=\"https:\/\/uus.visitlahemaa.com\/wp-content\/uploads\/2023\/02\/pohja-eesti-toiduvorgustik.png\" alt=\"\" width=\"247\" height=\"247\"><\/a>Asumme kalkkikivirannikolla, jossa kalkkikivi on n\u00e4kyviss\u00e4 ja k\u00e4sin kosketeltavissa. Sis\u00e4maassa se on peittynyt kerroksen alle, ja kalkkikivi n\u00e4kyy sorana ja tuntuu mineraaleina. Kalkkikivialueilta mereen virtaavat joet ja purot kuljettavat mineraaleja mereen, miss\u00e4 my\u00f6s merenel\u00e4v\u00e4t hy\u00f6tyv\u00e4t niist\u00e4. Pohjavetemme s\u00e4ilyy karbonaattikiviss\u00e4. N\u00e4in ollen kaikki kasvimme ja el\u00e4imemme saavat ravintonsa suoraan tai ep\u00e4suorasti n\u00e4ist\u00e4 kalkkikivimineraaleista. Tule ja maista paikallista ruokaa \u2013 kalkkikivimaan makuja!      <\/p><p> <\/p><p><span style=\"font-size: 14pt;\"><strong>Ruokamerkki<\/strong><\/span><\/p><p> <\/p><p>Pohjois-Viron paikallinen ruoka on alueen elintarvikeyritysten kasvattamaa, jalostamaa ja tarjoamaa ruokaa. Vuodesta 2020 l\u00e4htien Pohjois-Viron paikallisen ruokamerkin kehitt\u00e4miseen osallistuvat Kuusalun, Tapan, Kadrinan, J\u00e4rvan, Anijan, Raasikun, Kosen, V\u00e4ike-Maarjan, Haljalan, Rakveren, Vinnin, Viru-Nigulan, Raen, Viimsin ja J\u00f5el\u00e4htmen kunnat sek\u00e4 Loksan ja Kundan kaupungit, eli Arenduskoda, Ida-Harju Koost\u00f6\u00f6koda, PAIK, Partnerid ja P\u00f5hja-Harju Koost\u00f6\u00f6kogu -yhdistysten Leader-alueet.  <\/p><p> <\/p><p><a href=\"https:\/\/kohaliktoit.arenduskoda.ee\/uudised\/pohja-eesti-toiduvorgustiku-martsi-tegemised\/\" target=\"_blank\" rel=\"noopener\"><strong>Pohjois-Viron ruokaverkoston maaliskuun tapahtumat!<\/strong><\/a><\/p><p><a href=\"https:\/\/kohaliktoit.arenduskoda.ee\/uudised\/pohja-eesti-toiduvorgustiku-veebruarikuu-tegemistest\/\" target=\"_blank\" rel=\"noopener\"><strong>Pohjois-Viron ruokaverkoston helmikuun tapahtumat!<\/strong><\/a><\/p><p><a href=\"https:\/\/kohaliktoit.arenduskoda.ee\/uudised\/pohja-eesti-toiduvorgustiku-2023-aasta-tegemistest\/\" target=\"_blank\" rel=\"noopener\"><strong>Pohjois-Viron ruokaverkoston vuoden 2023 tapahtumat! <\/strong><\/a><\/p><p> <\/p><p>Lahemaan matkailuyhdistyksen j\u00e4senravintoloita l\u00f6yd\u00e4t <a href=\"https:\/\/uus.visitlahemaa.com\/fi\/info\/visit-lahemaa\/\" target=\"_blank\" rel=\"noopener\">t\u00e4\u00e4lt\u00e4<\/a>.<\/p>\t\t\t\t\t\t\t\t<\/div>\n\t\t\t\t<\/div>\n\t\t\t\t\t<\/div>\n\t\t\t\t<\/div>\n\t\t\t\t<\/div>\n\t\t","protected":false},"excerpt":{"rendered":"<p>Asumme kalkkikivirannikolla, jossa kalkkikivi on n\u00e4kyviss\u00e4 ja k\u00e4sin kosketeltavissa. Sis\u00e4maassa se on peittynyt kerroksen alle, ja kalkkikivi n\u00e4kyy sorana ja tuntuu mineraaleina. Kalkkikivialueilta mereen virtaavat joet ja purot kuljettavat mineraaleja mereen, miss\u00e4 my\u00f6s merenel\u00e4v\u00e4t hy\u00f6tyv\u00e4t niist\u00e4. Pohjavetemme s\u00e4ilyy karbonaattikiviss\u00e4. N\u00e4in ollen kaikki kasvimme ja el\u00e4imemme saavat ravintonsa suoraan tai ep\u00e4suorasti n\u00e4ist\u00e4 kalkkikivimineraaleista. Tule ja maista [&hellip;]<\/p>\n","protected":false},"author":100010026,"featured_media":41427,"parent":40505,"menu_order":0,"comment_status":"closed","ping_status":"closed","template":"","meta":{"_acf_changed":false,"_lmt_disableupdate":"","_lmt_disable":"","_monsterinsights_skip_tracking":false,"_monsterinsights_sitenote_active":false,"_monsterinsights_sitenote_note":"","_monsterinsights_sitenote_category":0,"footnotes":"","_links_to":"","_links_to_target":""},"class_list":["post-46096","page","type-page","status-publish","has-post-thumbnail","hentry"],"acf":[],"_links":{"self":[{"href":"https:\/\/uus.visitlahemaa.com\/fi\/wp-json\/wp\/v2\/pages\/46096","targetHints":{"allow":["GET"]}}],"collection":[{"href":"https:\/\/uus.visitlahemaa.com\/fi\/wp-json\/wp\/v2\/pages"}],"about":[{"href":"https:\/\/uus.visitlahemaa.com\/fi\/wp-json\/wp\/v2\/types\/page"}],"author":[{"embeddable":true,"href":"https:\/\/uus.visitlahemaa.com\/fi\/wp-json\/wp\/v2\/users\/100010026"}],"replies":[{"embeddable":true,"href":"https:\/\/uus.visitlahemaa.com\/fi\/wp-json\/wp\/v2\/comments?post=46096"}],"version-history":[{"count":1,"href":"https:\/\/uus.visitlahemaa.com\/fi\/wp-json\/wp\/v2\/pages\/46096\/revisions"}],"predecessor-version":[{"id":46097,"href":"https:\/\/uus.visitlahemaa.com\/fi\/wp-json\/wp\/v2\/pages\/46096\/revisions\/46097"}],"up":[{"embeddable":true,"href":"https:\/\/uus.visitlahemaa.com\/fi\/wp-json\/wp\/v2\/pages\/40505"}],"wp:featuredmedia":[{"embeddable":true,"href":"https:\/\/uus.visitlahemaa.com\/fi\/wp-json\/wp\/v2\/media\/41427"}],"wp:attachment":[{"href":"https:\/\/uus.visitlahemaa.com\/fi\/wp-json\/wp\/v2\/media?parent=46096"}],"curies":[{"name":"wp","href":"https:\/\/api.w.org\/{rel}","templated":true}]}}