{"id":46094,"date":"2025-09-01T10:37:29","date_gmt":"2025-09-01T07:37:29","guid":{"rendered":"https:\/\/uus.visitlahemaa.com\/tietosuojakaytanto\/"},"modified":"2025-09-01T10:37:31","modified_gmt":"2025-09-01T07:37:31","slug":"tietosuojakaytanto","status":"publish","type":"page","link":"https:\/\/uus.visitlahemaa.com\/fi\/tietosuojakaytanto\/","title":{"rendered":"Tietosuojak\u00e4yt\u00e4nt\u00f6"},"content":{"rendered":"\t\t<div data-elementor-type=\"wp-page\" data-elementor-id=\"46094\" class=\"elementor elementor-46094 elementor-39668\" data-elementor-post-type=\"page\">\n\t\t\t\t<div class=\"elementor-element elementor-element-3c25bc97 e-flex e-con-boxed e-con e-parent\" data-id=\"3c25bc97\" data-element_type=\"container\" data-e-type=\"container\">\n\t\t\t\t\t<div class=\"e-con-inner\">\n\t\t\t\t<div class=\"elementor-element elementor-element-7f6e814 elementor-widget elementor-widget-text-editor\" data-id=\"7f6e814\" data-element_type=\"widget\" data-e-type=\"widget\" data-widget_type=\"text-editor.default\">\n\t\t\t\t<div class=\"elementor-widget-container\">\n\t\t\t\t\t\t\t\t\t<p><strong>Visitlahemaa.com<\/strong> on <strong>Lahemaan matkailuyhdistyksen<\/strong> (rekisterinumero: 80578351) omistama verkkosivusto. Kaikki kaupallinen kopiointi, j\u00e4ljent\u00e4minen tai jakelu t\u00e4\u00e4ll\u00e4 l\u00f6ytyvist\u00e4 tiedoista, teksteist\u00e4, kuvista tai muusta tiedotusmateriaalista on kielletty ilman <strong>Lahemaan matkailuyhdistyksen<\/strong> kirjallista suostumusta.  <\/p><p> <\/p><p>Alla kuvaamme tietosuojaperiaatteemme, millaista tietoa ker\u00e4\u00e4mme <strong>Visitlahemaa.com<\/strong>-sivustolla, miten k\u00e4yt\u00e4mme t\u00e4t\u00e4 tietoa, miten s\u00e4ilyt\u00e4mme tietoja ja mill\u00e4 ehdoilla luovutamme niit\u00e4 kolmansille osapuolille.<\/p><p> <\/p><p><strong>Visitlahemaa.com<\/strong> kunnioittaa asiakkaidensa yksityisyytt\u00e4 ja k\u00e4sittelee henkil\u00f6tietoja Viron voimassa olevien henkil\u00f6tietojen k\u00e4sittely\u00e4 koskevien lakien ja asetusten mukaisesti.<\/p><p> <\/p><p>Henkil\u00f6tietojen k\u00e4sittely on mit\u00e4 tahansa toimintaa, joka suoritetaan verkkosivuston k\u00e4ytt\u00e4jien henkil\u00f6tiedoilla \u2013 tietojen ker\u00e4\u00e4minen, k\u00e4sittely, s\u00e4ilytt\u00e4minen, korjaaminen tai poistaminen.<\/p><p> <\/p><p>K\u00e4ytt\u00e4ji\u00e4 ovat kaikki henkil\u00f6t, jotka vierailevat verkkosivustolla (visitlahemaa.com), k\u00e4ytt\u00e4v\u00e4t palveluita tai v\u00e4litt\u00e4v\u00e4t tietoa mill\u00e4\u00e4n tavalla visitlahemaa.com-ymp\u00e4rist\u00f6ss\u00e4 (esim. etunimi, sukunimi, syntym\u00e4aika, puhelinnumero ja s\u00e4hk\u00f6posti).<\/p><p> <\/p><p><strong>Visitlahemaa.com<\/strong> voi ker\u00e4t\u00e4, k\u00e4sitell\u00e4 ja k\u00e4ytt\u00e4\u00e4 henkil\u00f6tietojasi, mukaan lukien nimesi, postiosoitteesi ja matkapuhelinnumerosi, sek\u00e4 tietoja tilaamistasi <strong>Visitlahemaa.com<\/strong>-palveluista. Edell\u00e4 mainittujen tietojen lis\u00e4ksi voimme my\u00f6s kysy\u00e4 ty\u00f6teht\u00e4vi\u00e4, asemaa, toimialaa, yrityksen nime\u00e4 ja sijaintimaata.  <\/p><p> <\/p><p><strong>Visitlahemaa.com<\/strong> voi k\u00e4sitell\u00e4 tietoja seuraavista syist\u00e4:<\/p><ul><li>varmistaakseen p\u00e4\u00e4syn verkkosivustollemme, mukaan lukien p\u00e4\u00e4syn <strong>Visitlahemaa.com<\/strong>-palveluihin;<\/li><li>k\u00e4sitell\u00e4kseen hintakyselyit\u00e4 ja\/tai palveluiden ja lis\u00e4varusteiden tilauksia;<\/li><li>tarjotakseen sinulle palveluita (vain suostumuksellasi);<\/li><li>ottaakseen sinuun yhteytt\u00e4 saatujen hintakyselyiden tai pyyt\u00e4miesi palveluiden osalta;<\/li><li>tarjotakseen pyyt\u00e4m\u00e4si palvelut;<\/li><li>j\u00e4rjest\u00e4\u00e4kseen maksujen k\u00e4sittelyn.<\/li><\/ul><p><strong>K\u00e4ytt\u00e4j\u00e4ll\u00e4 on oikeus milloin tahansa:<\/strong><\/p><ul><li>pyyt\u00e4\u00e4 p\u00e4\u00e4sy\u00e4 tietoihinsa;<\/li><li>vaatia henkil\u00f6tietojen korjaamista, t\u00e4ydent\u00e4mist\u00e4 tai poistamista lain m\u00e4\u00e4r\u00e4\u00e4min ehdoin;<\/li><li>vaatia henkil\u00f6tietojen k\u00e4sittelyn rajoittamista;<\/li><li>vaatia henkil\u00f6tietojen siirtoa.<\/li><li>K\u00e4ytt\u00e4\u00e4kseen oikeuksiaan k\u00e4ytt\u00e4j\u00e4n on l\u00e4hetett\u00e4v\u00e4 vastaava pyynt\u00f6 s\u00e4hk\u00f6postiosoitteeseen info@visitlahemaa.com.<\/li><\/ul><p><strong>Visitlahemaa.com<\/strong> voi siirt\u00e4\u00e4 henkil\u00f6tietojasi kolmansille osapuolille k\u00e4sitelt\u00e4v\u00e4ksi Euroopan talousalueella. Ker\u00e4\u00e4mme tietoja vain kohtuullisessa m\u00e4\u00e4rin ja toteutamme kaikki tarvittavat toimenpiteet varmistaaksemme henkil\u00f6tietojesi turvallisen k\u00e4sittelyn n\u00e4iden tietosuojaperiaatteiden mukaisesti.  <\/p><p> <\/p><p><strong>Visitlahemaa.com<\/strong> k\u00e4ytt\u00e4\u00e4 ev\u00e4steit\u00e4 tietojen ker\u00e4\u00e4miseen. Ev\u00e4ste on pieni tietokonekoodi, jonka annamme selaimellesi, kun vierailet verkkosivustolla ensimm\u00e4ist\u00e4 kertaa. Tulevaisuudessa ev\u00e4steet voivat auttaa meit\u00e4 tarjoamaan sinulle ainutlaatuista sis\u00e4lt\u00f6\u00e4 tai mainostamaan sen perusteella, mit\u00e4 olet kertonut itsest\u00e4si tai mit\u00e4 sis\u00e4lt\u00f6\u00e4 olet katsonut.   <\/p><p> <\/p><p>K\u00e4yt\u00e4mme my\u00f6s osittaista tiedonsiirtoa ev\u00e4steiden kautta ty\u00f6ss\u00e4mme. Emme siirr\u00e4 nime\u00e4si, s\u00e4hk\u00f6postiasi tai puhelintasi. K\u00e4yt\u00e4mme IP-osoitteita siirtoon. T\u00e4m\u00e4 on niin, ett\u00e4 voimme k\u00e4ytt\u00e4\u00e4 tarvittavia ohjelmia markkinointity\u00f6ss\u00e4mme, kuten Google Analytics, Facebook Pixel jne.    <\/p><p> <\/p><p>Ohjelmat k\u00e4ytt\u00e4v\u00e4t v\u00e4litt\u00e4mi\u00e4mme tietoja arvioidakseen sivustomme k\u00e4ytt\u00f6\u00e4 parantaakseen k\u00e4ytt\u00e4j\u00e4kokemustasi, varmistaen, ett\u00e4 sivusto on tulevaisuudessa yht\u00e4 hyv\u00e4, ja jopa parempi ja k\u00e4tev\u00e4mpi. <\/p><p> <\/p><p>Jos et halua hyv\u00e4ksy\u00e4 ev\u00e4steit\u00e4, voit aina merkit\u00e4 t\u00e4m\u00e4n itse selaimessasi. Lis\u00e4tietoja t\u00e4st\u00e4 saat selaimesi valmistajalta. Jos poistat ev\u00e4steet k\u00e4yt\u00f6st\u00e4, tietyt verkkosivustomme toiminnot eiv\u00e4t ehk\u00e4 toimi tai tietyt palvelut eiv\u00e4t ole k\u00e4ytett\u00e4viss\u00e4si.   <\/p><p> <\/p><p><strong>On olemassa kahdenlaisia ev\u00e4steit\u00e4:<\/strong><\/p><p><strong>Pysyv\u00e4t ev\u00e4steet<\/strong>, jotka j\u00e4\u00e4v\u00e4t pysyv\u00e4sti k\u00e4ytt\u00e4j\u00e4n tietokoneen ev\u00e4stekansioon. Niit\u00e4 voidaan k\u00e4ytt\u00e4\u00e4 esimerkiksi tunnistamaan k\u00e4ytt\u00e4j\u00e4 palaavana vierailijana verkkosivustolle ja mukauttamaan verkkosivuston sis\u00e4lt\u00f6 k\u00e4ytt\u00e4j\u00e4n tarpeisiin tai ker\u00e4\u00e4m\u00e4\u00e4n tilastotietoja.  <\/p><p><strong>Istuntokohtaiset ev\u00e4steet<\/strong> ovat v\u00e4liaikaisia ja katoavat, kun k\u00e4ytt\u00e4j\u00e4 poistuu verkkosivustolta tai sulkee verkkoselaimensa. Istuntokohtaisia ev\u00e4steit\u00e4 voidaan k\u00e4ytt\u00e4\u00e4 mahdollistamaan tietyt verkkosivuston toiminnot, kuten palvelun tai tuotteen pyyt\u00e4minen jne.  <\/p><p> <\/p><p>Visit Lahemaa s\u00e4ilytt\u00e4\u00e4 henkil\u00f6tietoja niin kauan kuin on tarpeen tarkoituksen t\u00e4ytt\u00e4miseksi tai lain edellytt\u00e4m\u00e4ll\u00e4 tavalla. Esimerkiksi kirjanpitotietoja s\u00e4ilytet\u00e4\u00e4n 7 vuotta tilikauden p\u00e4\u00e4ttymisest\u00e4, kun taas s\u00e4hk\u00f6postiosoitetta postituslistalla s\u00e4ilytet\u00e4\u00e4n, kunnes k\u00e4ytt\u00e4j\u00e4 ilmaisee halunsa poistaa se.  <\/p><p> <\/p><p>Visit Lahemaa toteuttaa kaikki kohtuulliset toimenpiteet suojellakseen k\u00e4sitelt\u00e4vi\u00e4 henkil\u00f6tietoja. P\u00e4\u00e4sy henkil\u00f6tietojen muokkaamiseen ja k\u00e4sittelyyn on rajoitettu vain valtuutetuille henkil\u00f6ille, ja kaikkia k\u00e4ytt\u00e4j\u00e4n henkil\u00f6tietoja k\u00e4sitell\u00e4\u00e4n luottamuksellisina tietoina.  <\/p><p> <\/p><p>Jos sinulla on lis\u00e4kysymyksi\u00e4 selainev\u00e4steiden k\u00e4yt\u00f6st\u00e4 <strong>Visitlahemaa.com<\/strong>-sivustolla, \u00e4l\u00e4 ep\u00e4r\u00f6i ottaa yhteytt\u00e4 info@visitlahemaa.com<\/p><p> <\/p><p><strong>Hyv\u00e4ksytty 1. tammikuuta 2021 <\/strong><\/p><p><strong>P\u00e4ivitetty 23. elokuuta 2023 <\/strong><\/p>\t\t\t\t\t\t\t\t<\/div>\n\t\t\t\t<\/div>\n\t\t\t\t\t<\/div>\n\t\t\t\t<\/div>\n\t\t\t\t<\/div>\n\t\t","protected":false},"excerpt":{"rendered":"<p>Visitlahemaa.com on Lahemaan matkailuyhdistyksen (rekisterinumero: 80578351) omistama verkkosivusto. Kaikki kaupallinen kopiointi, j\u00e4ljent\u00e4minen tai jakelu t\u00e4\u00e4ll\u00e4 l\u00f6ytyvist\u00e4 tiedoista, teksteist\u00e4, kuvista tai muusta tiedotusmateriaalista on kielletty ilman Lahemaan matkailuyhdistyksen kirjallista suostumusta. Alla kuvaamme tietosuojaperiaatteemme, millaista tietoa ker\u00e4\u00e4mme Visitlahemaa.com-sivustolla, miten k\u00e4yt\u00e4mme t\u00e4t\u00e4 tietoa, miten s\u00e4ilyt\u00e4mme tietoja ja mill\u00e4 ehdoilla luovutamme niit\u00e4 kolmansille osapuolille. Visitlahemaa.com kunnioittaa asiakkaidensa yksityisyytt\u00e4 ja [&hellip;]<\/p>\n","protected":false},"author":100010016,"featured_media":41488,"parent":0,"menu_order":0,"comment_status":"closed","ping_status":"closed","template":"","meta":{"_acf_changed":false,"_lmt_disableupdate":"","_lmt_disable":"","_monsterinsights_skip_tracking":false,"_monsterinsights_sitenote_active":false,"_monsterinsights_sitenote_note":"","_monsterinsights_sitenote_category":0,"footnotes":"","_links_to":"","_links_to_target":""},"class_list":["post-46094","page","type-page","status-publish","has-post-thumbnail","hentry"],"acf":[],"_links":{"self":[{"href":"https:\/\/uus.visitlahemaa.com\/fi\/wp-json\/wp\/v2\/pages\/46094","targetHints":{"allow":["GET"]}}],"collection":[{"href":"https:\/\/uus.visitlahemaa.com\/fi\/wp-json\/wp\/v2\/pages"}],"about":[{"href":"https:\/\/uus.visitlahemaa.com\/fi\/wp-json\/wp\/v2\/types\/page"}],"author":[{"embeddable":true,"href":"https:\/\/uus.visitlahemaa.com\/fi\/wp-json\/wp\/v2\/users\/100010016"}],"replies":[{"embeddable":true,"href":"https:\/\/uus.visitlahemaa.com\/fi\/wp-json\/wp\/v2\/comments?post=46094"}],"version-history":[{"count":1,"href":"https:\/\/uus.visitlahemaa.com\/fi\/wp-json\/wp\/v2\/pages\/46094\/revisions"}],"predecessor-version":[{"id":46095,"href":"https:\/\/uus.visitlahemaa.com\/fi\/wp-json\/wp\/v2\/pages\/46094\/revisions\/46095"}],"wp:featuredmedia":[{"embeddable":true,"href":"https:\/\/uus.visitlahemaa.com\/fi\/wp-json\/wp\/v2\/media\/41488"}],"wp:attachment":[{"href":"https:\/\/uus.visitlahemaa.com\/fi\/wp-json\/wp\/v2\/media?parent=46094"}],"curies":[{"name":"wp","href":"https:\/\/api.w.org\/{rel}","templated":true}]}}