{"id":46041,"date":"2025-09-01T10:37:18","date_gmt":"2025-09-01T07:37:18","guid":{"rendered":"https:\/\/uus.visitlahemaa.com\/loyda-lahemaalta\/lahemaan-ymparilla\/lahemaan-kartanokierros\/"},"modified":"2025-09-01T10:37:20","modified_gmt":"2025-09-01T07:37:20","slug":"lahemaan-kartanokierros","status":"publish","type":"page","link":"https:\/\/uus.visitlahemaa.com\/fi\/loyda-lahemaalta\/lahemaan-ymparilla\/lahemaan-kartanokierros\/","title":{"rendered":"Lahemaan kartanokierros"},"content":{"rendered":"\t\t<div data-elementor-type=\"wp-page\" data-elementor-id=\"46041\" class=\"elementor elementor-46041 elementor-39646\" data-elementor-post-type=\"page\">\n\t\t\t\t<div class=\"elementor-element elementor-element-5694e759 e-flex e-con-boxed e-con e-parent\" data-id=\"5694e759\" data-element_type=\"container\" data-e-type=\"container\">\n\t\t\t\t\t<div class=\"e-con-inner\">\n\t\t\t\t<div class=\"elementor-element elementor-element-1b5e9d62 elementor-widget elementor-widget-text-editor\" data-id=\"1b5e9d62\" data-element_type=\"widget\" data-e-type=\"widget\" data-widget_type=\"text-editor.default\">\n\t\t\t\t<div class=\"elementor-widget-container\">\n\t\t\t\t\t\t\t\t\t<p>Yksi Lahemaan k\u00e4yntikorteista on <a href=\"https:\/\/uus.visitlahemaa.com\/avasta\/lossid-ja-moisad\/\" target=\"_blank\" rel=\"noopener\">sen nelj\u00e4 kartanoa<\/a>. 1970-luvulla, kun kansallispuisto perustettiin,<x id=\"gid_1\"><\/x> ne olivat ensimm\u00e4isi\u00e4 Virossa, jotka kunnostettiin, ja ne ovat edelleen virolaisten rakastamia. Kaikki nelj\u00e4 ainutlaatuista ja upeaa kartanoa ovat vierailun arvoisia ja tarjoavat yhdess\u00e4 hyv\u00e4n yleiskuvan Lahemaasta ja Pohjois-Viron kartanokulttuurista.   <\/p><p> <\/p><p><a href=\"https:\/\/goo.gl\/maps\/mHHtrdXxWkexSaBL9\" target=\"_blank\" rel=\"noopener\">Lahemaan kartanot Google Mapsissa<\/a><\/p><p> <\/p><p>1. Kolgan kartano<br>Kolgan kartano kuului Stenbockin suvulle ja oli yksi Baltian suurimmista kartanoista. Se on ainoa Lahemaan kartano, jota ei ole viel\u00e4 t\u00e4ysin kunnostettu.<br>Vaikuttavassa p\u00e4\u00e4rakennuksessa on meneill\u00e4\u00e4n kunnostusty\u00f6t;<br>t\u00e4\u00e4ll\u00e4 j\u00e4rjestet\u00e4\u00e4n opastettuja kierroksia ja tapahtumia, ja kes\u00e4ll\u00e4 voit vierailla taidegalleriassa ja nauttia kahvia. Kuusalun seurakuntamuseo on avoinna ymp\u00e4ri vuoden pehtoorin talossa.   <\/p><p> <\/p><p>2. Palmsen kartano<br>Palmse on Lahemaan kansallispuiston syd\u00e4n ja oli ensimm\u00e4inen kartanokokonaisuus Virossa, joka kunnostettiin t\u00e4ysin vuosina 1975\u20131985.<br>Entisten kartanon omistajien, Pahlenin suvun, joukossa oli merkitt\u00e4vi\u00e4 valtiomiehi\u00e4 ja tiedemiehi\u00e4.<br>Nyky\u00e4\u00e4n kartanokompleksissa sijaitsee Lahemaan kansallispuiston vierailukeskus, museo, ravintola ja hotelli.<br>Kannattaa vierailla kauniissa luonnonpuistossa, siell\u00e4 sijaitsevilla luostarinkivill\u00e4 ja Brest<br>paviljongissa, josta on lumoava n\u00e4kym\u00e4. Kes\u00e4kaudella kartanon alueelle p\u00e4\u00e4sy vaatii lipun.  <\/p><p> <\/p><p>3. Sagadin kartano<br>Sagadin kartano on ollut vuosisatojen ajan tunnettu esimerkillisest\u00e4 mets\u00e4nhoidostaan. Kartanon omistajan Paul Eduard von Fockin aikana vuonna 1835 Sagadissa valmistui ensimm\u00e4inen kattava mets\u00e4nhoitosuunnitelma, jota pidettiin tuolloin edistyksellisen\u00e4.<br>Nykyisin kartanoa hallinnoi Valtion Mets\u00e4nhoitokeskus. T\u00e4\u00e4lt\u00e4 l\u00f6yd\u00e4t mets\u00e4museon ja kartanomuseon, luontokoulun, hotellin ja ravintolan. Kartanopuisto hyvin hoidettuine polkuineen ja k\u00e4yt\u00e4vineen, arboretum ja v\u00e4rik\u00e4s puutarha odottavat vierailijoita.    <\/p><p> <\/p><p>4. Vihulan kartano<br>Vihulan kartanokompleksin suunnittelu hy\u00f6dynt\u00e4\u00e4 taitavasti monimuotoista maisemaa. Kuvankauniin padon j\u00e4rven korkeilla rannoilla, muinaisen mets\u00e4n ja vapaasti suunnitellun puiston ansiosta rakennusrikas Vihulan kokonaisuus huokuu romanttista tunnelmaa. Kartano sai t\u00e4m\u00e4n ilmeen viimeisten kartanon omistajien, Schubertien, aikana, jotka asuivat t\u00e4\u00e4ll\u00e4 vuoteen 1939 asti.<br>Nyky\u00e4\u00e4n kartanokompleksissa sijaitsee arvostettu ravintola sek\u00e4 ylellinen kylpyl\u00e4 ja hotelli. T\u00e4\u00e4ll\u00e4 on lukuisia mahdollisuuksia erinomaiselle lomalle.    <\/p>\t\t\t\t\t\t\t\t<\/div>\n\t\t\t\t<\/div>\n\t\t\t\t\t<\/div>\n\t\t\t\t<\/div>\n\t\t\t\t<\/div>\n\t\t","protected":false},"excerpt":{"rendered":"<p>Yksi Lahemaan k\u00e4yntikorteista on sen nelj\u00e4 kartanoa. 1970-luvulla, kun kansallispuisto perustettiin, ne olivat ensimm\u00e4isi\u00e4 Virossa, jotka kunnostettiin, ja ne ovat edelleen virolaisten rakastamia. Kaikki nelj\u00e4 ainutlaatuista ja upeaa kartanoa ovat vierailun arvoisia ja tarjoavat yhdess\u00e4 hyv\u00e4n yleiskuvan Lahemaasta ja Pohjois-Viron kartanokulttuurista. Lahemaan kartanot Google Mapsissa 1. Kolgan kartanoKolgan kartano kuului Stenbockin suvulle ja oli yksi [&hellip;]<\/p>\n","protected":false},"author":100010028,"featured_media":38448,"parent":40699,"menu_order":0,"comment_status":"closed","ping_status":"closed","template":"","meta":{"_acf_changed":false,"_lmt_disableupdate":"","_lmt_disable":"","_monsterinsights_skip_tracking":false,"_monsterinsights_sitenote_active":false,"_monsterinsights_sitenote_note":"","_monsterinsights_sitenote_category":0,"footnotes":"","_links_to":"","_links_to_target":""},"class_list":["post-46041","page","type-page","status-publish","has-post-thumbnail","hentry"],"acf":[],"_links":{"self":[{"href":"https:\/\/uus.visitlahemaa.com\/fi\/wp-json\/wp\/v2\/pages\/46041","targetHints":{"allow":["GET"]}}],"collection":[{"href":"https:\/\/uus.visitlahemaa.com\/fi\/wp-json\/wp\/v2\/pages"}],"about":[{"href":"https:\/\/uus.visitlahemaa.com\/fi\/wp-json\/wp\/v2\/types\/page"}],"author":[{"embeddable":true,"href":"https:\/\/uus.visitlahemaa.com\/fi\/wp-json\/wp\/v2\/users\/100010028"}],"replies":[{"embeddable":true,"href":"https:\/\/uus.visitlahemaa.com\/fi\/wp-json\/wp\/v2\/comments?post=46041"}],"version-history":[{"count":1,"href":"https:\/\/uus.visitlahemaa.com\/fi\/wp-json\/wp\/v2\/pages\/46041\/revisions"}],"predecessor-version":[{"id":46043,"href":"https:\/\/uus.visitlahemaa.com\/fi\/wp-json\/wp\/v2\/pages\/46041\/revisions\/46043"}],"up":[{"embeddable":true,"href":"https:\/\/uus.visitlahemaa.com\/fi\/wp-json\/wp\/v2\/pages\/40699"}],"wp:featuredmedia":[{"embeddable":true,"href":"https:\/\/uus.visitlahemaa.com\/fi\/wp-json\/wp\/v2\/media\/38448"}],"wp:attachment":[{"href":"https:\/\/uus.visitlahemaa.com\/fi\/wp-json\/wp\/v2\/media?parent=46041"}],"curies":[{"name":"wp","href":"https:\/\/api.w.org\/{rel}","templated":true}]}}