{"id":46036,"date":"2025-09-01T10:37:18","date_gmt":"2025-09-01T07:37:18","guid":{"rendered":"https:\/\/uus.visitlahemaa.com\/loyda-lahemaalta\/lahemaan-ymparilla\/paivaretket\/"},"modified":"2025-09-01T10:37:20","modified_gmt":"2025-09-01T07:37:20","slug":"paivaretket","status":"publish","type":"page","link":"https:\/\/uus.visitlahemaa.com\/fi\/loyda-lahemaalta\/lahemaan-ymparilla\/paivaretket\/","title":{"rendered":"P\u00e4iv\u00e4retket"},"content":{"rendered":"\t\t<div data-elementor-type=\"wp-page\" data-elementor-id=\"46036\" class=\"elementor elementor-46036 elementor-39649\" data-elementor-post-type=\"page\">\n\t\t\t\t<div class=\"elementor-element elementor-element-1344166 e-flex e-con-boxed e-con e-parent\" data-id=\"1344166\" data-element_type=\"container\" data-e-type=\"container\">\n\t\t\t\t\t<div class=\"e-con-inner\">\n\t\t\t\t<div class=\"elementor-element elementor-element-7643a822 elementor-widget elementor-widget-text-editor\" data-id=\"7643a822\" data-element_type=\"widget\" data-e-type=\"widget\" data-widget_type=\"text-editor.default\">\n\t\t\t\t<div class=\"elementor-widget-container\">\n\t\t\t\t\t\t\t\t\t<p>Helpottaaksemme valintojasi <a href=\"https:\/\/uus.visitlahemaa.com\/fi\/loyda-lahemaalta\/lahemaan-ymparilla\/\" target=\"_blank\" rel=\"noopener\">Lahemaa Ringill\u00e4<\/a>, olemme koonneet esimerkkireittej\u00e4 matkan<br>keston mukaan.<\/p><p> <\/p><p><strong>1 p\u00e4iv\u00e4 Lahemaa Ringill\u00e4:<\/strong><br>1. Virun suon opastuspolku (3,5 tai 6 km) ja n\u00e4k\u00f6torni<br>2. Haran satama ja sotahistoria<br>3. V\u00f5sun taajama, ranta ja satama<br>4. Altjan kalastajakyl\u00e4 ja taverna<br>5. Palmsen kartano<\/p><p> <\/p><p><strong>2-4 p\u00e4iv\u00e4\u00e4 Lahemaa Ringill\u00e4:<\/strong><br>1. Virun suon opastuspolku (3,5 tai 6 km) ja n\u00e4k\u00f6torni<br>2. Kolgan kartano<br>3. Leesin kyl\u00e4, kyl\u00e4kauppa ja kirkko<br>4. Haran satama ja sotahistoria<br>5. Purekkarin niemi \u2013 Viron pohjoisin mantereen k\u00e4rki<br>6. Viinistun kyl\u00e4, taidemuseo ja satama<br>7. Jaani-Tooman siirtolohkare Kasispeassa<br>8. K\u00e4smu kapteenien kyl\u00e4 ja merimuseo<br>9. V\u00f5sun taajama, ranta ja satama<br>10. Altjan kalastajakyl\u00e4 ja taverna<br>11. Oandun vierailukeskus<br>12. Sagadin, Palmsen, Vihulan kartanot<br><span style=\"font-size: 10pt;\"><em>* Jos voit viipy\u00e4 pidemp\u00e4\u00e4n Lahemaalla, viet\u00e4 enemm\u00e4n aikaa kartanoissa, rentoudu rannalla tai vieraile yhdess\u00e4 monista kauniista<\/em><\/span><br><span style=\"font-size: 10pt;\"><em>vaellusreiteist\u00e4.<\/em><\/span><\/p><p> <\/p><p><strong>5-7 p\u00e4iv\u00e4\u00e4 Lahemaa Ringill\u00e4:<\/strong><br>Jos sinulla on mahdollisuus viett\u00e4\u00e4 5-7 p\u00e4iv\u00e4\u00e4 Lahemaalla, nauti rauhassa kaikista kylist\u00e4 ja viet\u00e4 vaikka koko p\u00e4iv\u00e4<br> jokaisella alueella.<\/p>\t\t\t\t\t\t\t\t<\/div>\n\t\t\t\t<\/div>\n\t\t\t\t\t<\/div>\n\t\t\t\t<\/div>\n\t\t\t\t<\/div>\n\t\t","protected":false},"excerpt":{"rendered":"<p>Helpottaaksemme valintojasi Lahemaa Ringill\u00e4, olemme koonneet esimerkkireittej\u00e4 matkankeston mukaan. 1 p\u00e4iv\u00e4 Lahemaa Ringill\u00e4:1. Virun suon opastuspolku (3,5 tai 6 km) ja n\u00e4k\u00f6torni2. Haran satama ja sotahistoria3. V\u00f5sun taajama, ranta ja satama4. Altjan kalastajakyl\u00e4 ja taverna5. Palmsen kartano 2-4 p\u00e4iv\u00e4\u00e4 Lahemaa Ringill\u00e4:1. Virun suon opastuspolku (3,5 tai 6 km) ja n\u00e4k\u00f6torni2. Kolgan kartano3. Leesin kyl\u00e4, kyl\u00e4kauppa [&hellip;]<\/p>\n","protected":false},"author":100010028,"featured_media":37907,"parent":40699,"menu_order":0,"comment_status":"closed","ping_status":"closed","template":"","meta":{"_acf_changed":false,"_lmt_disableupdate":"","_lmt_disable":"","_monsterinsights_skip_tracking":false,"_monsterinsights_sitenote_active":false,"_monsterinsights_sitenote_note":"","_monsterinsights_sitenote_category":0,"footnotes":"","_links_to":"","_links_to_target":""},"class_list":["post-46036","page","type-page","status-publish","has-post-thumbnail","hentry"],"acf":[],"_links":{"self":[{"href":"https:\/\/uus.visitlahemaa.com\/fi\/wp-json\/wp\/v2\/pages\/46036","targetHints":{"allow":["GET"]}}],"collection":[{"href":"https:\/\/uus.visitlahemaa.com\/fi\/wp-json\/wp\/v2\/pages"}],"about":[{"href":"https:\/\/uus.visitlahemaa.com\/fi\/wp-json\/wp\/v2\/types\/page"}],"author":[{"embeddable":true,"href":"https:\/\/uus.visitlahemaa.com\/fi\/wp-json\/wp\/v2\/users\/100010028"}],"replies":[{"embeddable":true,"href":"https:\/\/uus.visitlahemaa.com\/fi\/wp-json\/wp\/v2\/comments?post=46036"}],"version-history":[{"count":1,"href":"https:\/\/uus.visitlahemaa.com\/fi\/wp-json\/wp\/v2\/pages\/46036\/revisions"}],"predecessor-version":[{"id":46039,"href":"https:\/\/uus.visitlahemaa.com\/fi\/wp-json\/wp\/v2\/pages\/46036\/revisions\/46039"}],"up":[{"embeddable":true,"href":"https:\/\/uus.visitlahemaa.com\/fi\/wp-json\/wp\/v2\/pages\/40699"}],"wp:featuredmedia":[{"embeddable":true,"href":"https:\/\/uus.visitlahemaa.com\/fi\/wp-json\/wp\/v2\/media\/37907"}],"wp:attachment":[{"href":"https:\/\/uus.visitlahemaa.com\/fi\/wp-json\/wp\/v2\/media?parent=46036"}],"curies":[{"name":"wp","href":"https:\/\/api.w.org\/{rel}","templated":true}]}}