{"id":46024,"date":"2025-09-01T10:37:16","date_gmt":"2025-09-01T07:37:16","guid":{"rendered":"https:\/\/uus.visitlahemaa.com\/loyda-lahemaalta\/lahemaan-ymparilla\/lahemaan-kivikeha\/"},"modified":"2025-09-01T10:37:20","modified_gmt":"2025-09-01T07:37:20","slug":"lahemaan-kivikeha","status":"publish","type":"page","link":"https:\/\/uus.visitlahemaa.com\/fi\/loyda-lahemaalta\/lahemaan-ymparilla\/lahemaan-kivikeha\/","title":{"rendered":"Lahemaan kivikeh\u00e4"},"content":{"rendered":"\t\t<div data-elementor-type=\"wp-page\" data-elementor-id=\"46024\" class=\"elementor elementor-46024 elementor-39643\" data-elementor-post-type=\"page\">\n\t\t\t\t<div class=\"elementor-element elementor-element-215432c e-flex e-con-boxed e-con e-parent\" data-id=\"215432c\" data-element_type=\"container\" data-e-type=\"container\">\n\t\t\t\t\t<div class=\"e-con-inner\">\n\t\t\t\t<div class=\"elementor-element elementor-element-711f78fd elementor-widget elementor-widget-text-editor\" data-id=\"711f78fd\" data-element_type=\"widget\" data-e-type=\"widget\" data-widget_type=\"text-editor.default\">\n\t\t\t\t<div class=\"elementor-widget-container\">\n\t\t\t\t\t\t\t\t\t<p>Lahemaa on j\u00e4ttim\u00e4isten siirtolohkareiden maa. T\u00e4\u00e4lt\u00e4 l\u00f6ytyy v\u00e4hint\u00e4\u00e4n 20 j\u00e4ttim\u00e4ist\u00e4 siirtolohkaretta (halkaisijaltaan yli 10 metri\u00e4 tai ymp\u00e4rysmitaltaan yli 25 metri\u00e4), enemm\u00e4n kuin mist\u00e4\u00e4n muualta Euroopassa. Virossa siirtolohkareiden tutkimus aloitettiin 1800-luvun lopulla Helmersenin, Ven\u00e4j\u00e4n geologisen komitean johtajan toimesta, joka kartoitti Lahemaan siirtolohkareita yhdess\u00e4 Palmsen paronin kanssa. Yksi tapa tutustua Lahemaan on kiert\u00e4\u00e4 sen siirtolohkareita. Lis\u00e4tietoa Lahemaan siirtolohkareista l\u00f6ytyy Palmsen ja Oandun vierailukeskuksista sek\u00e4 Altjan venesuojiin johtavan polun varrella olevasta infotaulusta.    <\/p><p> <\/p><p><a href=\"https:\/\/goo.gl\/maps\/HWxTFtYBkaEW4npJA\" target=\"_blank\" rel=\"noopener\">Kivikehien sijainnit Google Mapsissa<\/a><\/p><p> <\/p><p>1. Majakivi on Viron kolmanneksi suurin siirtolohkare, joka sijaitsee Jumindan niemimaalla. Sinne johtaa 7 km pitk\u00e4 luontopolku, jolla on my\u00f6s n\u00e4k\u00f6torni.\n2. Mardimiku-lohkare, joka sijaitsee Valgej\u00f5gi-joen rannalla Loksan laitamilla, on nimetty l\u00e4heisen maatilan mukaan.\n3. Mustkivi, joka sijaitsee merenrannalla Viinistun taidemuseota vastap\u00e4\u00e4t\u00e4, on &#8217;vauvankivi&#8217;, jonka takaa kyl\u00e4n lasten kerrotaan syntyneen.\n4. Jaani-Tooman lohkare Kasispean kyl\u00e4ss\u00e4 on ollut yksi Lahemaan kansallispuiston symboleista ja Viron tunnetuin j\u00e4ttilohkare.\n5. Kaksi Tammispean j\u00e4ttilohkareista t\u00e4ytt\u00e4v\u00e4t j\u00e4ttilohkareen kriteerit. Suurin niist\u00e4 v\u00e4itt\u00e4\u00e4 olevansa Viron korkein lohkare.\n6. K\u00e4smun lohkarekentt\u00e4, mahdollisesti maailman suurin, sijaitsee mets\u00e4ss\u00e4 vaellusreitin varrella. K\u00e4smussa kannattaa my\u00f6s k\u00e4vell\u00e4 Vana-J\u00fcrin lohkareille, joilta avautuu kaunis n\u00e4kym\u00e4 Saartneemelle.\n7. 2,5 km pitk\u00e4 vaellusreitti johtaa Ojakivelle mets\u00e4ss\u00e4 l\u00e4hell\u00e4 V\u00f5sun taajamaa. Ojakivi on Lahemaan kolmanneksi suurin tilavuudeltaan ja Viron 14. suurin.\n8. Altjan j\u00e4ttilohkare verkkoaittojen l\u00e4hell\u00e4 on Altjan kyl\u00e4n &#8217;vauvankivi&#8217;. Kaikki kyl\u00e4n lapset kerrotaan tuodun sen takaa. Jos joku lapsi halusi veljen tai sisaren, h\u00e4nen piti menn\u00e4 koputtamaan kiveen, ja toive toteutui.\n9. Kaarna-lohkare, johon liittyy monia legendoja ja rakkaustarinoita, sijaitsee merenrannalla Vainupean kyl\u00e4ss\u00e4. Kaarna-lohkareelta voi saada virkist\u00e4v\u00e4\u00e4 vett\u00e4, ja sen alta alkaa maanalainen k\u00e4yt\u00e4v\u00e4, joka johtaa manalaan.\n10. Vahakivi on Palmseessa sijaitseva j\u00e4ttilohkare, johon liittyy monia nimi\u00e4 ja useita muinaisia legendoja.      <\/p>\t\t\t\t\t\t\t\t<\/div>\n\t\t\t\t<\/div>\n\t\t\t\t\t<\/div>\n\t\t\t\t<\/div>\n\t\t\t\t<\/div>\n\t\t","protected":false},"excerpt":{"rendered":"<p>Lahemaa on j\u00e4ttim\u00e4isten siirtolohkareiden maa. T\u00e4\u00e4lt\u00e4 l\u00f6ytyy v\u00e4hint\u00e4\u00e4n 20 j\u00e4ttim\u00e4ist\u00e4 siirtolohkaretta (halkaisijaltaan yli 10 metri\u00e4 tai ymp\u00e4rysmitaltaan yli 25 metri\u00e4), enemm\u00e4n kuin mist\u00e4\u00e4n muualta Euroopassa. Virossa siirtolohkareiden tutkimus aloitettiin 1800-luvun lopulla Helmersenin, Ven\u00e4j\u00e4n geologisen komitean johtajan toimesta, joka kartoitti Lahemaan siirtolohkareita yhdess\u00e4 Palmsen paronin kanssa. Yksi tapa tutustua Lahemaan on kiert\u00e4\u00e4 sen siirtolohkareita. Lis\u00e4tietoa Lahemaan [&hellip;]<\/p>\n","protected":false},"author":100010028,"featured_media":37915,"parent":40699,"menu_order":0,"comment_status":"closed","ping_status":"closed","template":"","meta":{"_acf_changed":false,"_lmt_disableupdate":"","_lmt_disable":"","_monsterinsights_skip_tracking":false,"_monsterinsights_sitenote_active":false,"_monsterinsights_sitenote_note":"","_monsterinsights_sitenote_category":0,"footnotes":"","_links_to":"","_links_to_target":""},"class_list":["post-46024","page","type-page","status-publish","has-post-thumbnail","hentry"],"acf":[],"_links":{"self":[{"href":"https:\/\/uus.visitlahemaa.com\/fi\/wp-json\/wp\/v2\/pages\/46024","targetHints":{"allow":["GET"]}}],"collection":[{"href":"https:\/\/uus.visitlahemaa.com\/fi\/wp-json\/wp\/v2\/pages"}],"about":[{"href":"https:\/\/uus.visitlahemaa.com\/fi\/wp-json\/wp\/v2\/types\/page"}],"author":[{"embeddable":true,"href":"https:\/\/uus.visitlahemaa.com\/fi\/wp-json\/wp\/v2\/users\/100010028"}],"replies":[{"embeddable":true,"href":"https:\/\/uus.visitlahemaa.com\/fi\/wp-json\/wp\/v2\/comments?post=46024"}],"version-history":[{"count":1,"href":"https:\/\/uus.visitlahemaa.com\/fi\/wp-json\/wp\/v2\/pages\/46024\/revisions"}],"predecessor-version":[{"id":46026,"href":"https:\/\/uus.visitlahemaa.com\/fi\/wp-json\/wp\/v2\/pages\/46024\/revisions\/46026"}],"up":[{"embeddable":true,"href":"https:\/\/uus.visitlahemaa.com\/fi\/wp-json\/wp\/v2\/pages\/40699"}],"wp:featuredmedia":[{"embeddable":true,"href":"https:\/\/uus.visitlahemaa.com\/fi\/wp-json\/wp\/v2\/media\/37915"}],"wp:attachment":[{"href":"https:\/\/uus.visitlahemaa.com\/fi\/wp-json\/wp\/v2\/media?parent=46024"}],"curies":[{"name":"wp","href":"https:\/\/api.w.org\/{rel}","templated":true}]}}