{"id":45999,"date":"2025-09-01T10:37:11","date_gmt":"2025-09-01T07:37:11","guid":{"rendered":"https:\/\/uus.visitlahemaa.com\/loyda-lahemaalta\/sotilaallinen-perinto\/"},"modified":"2025-09-01T10:37:14","modified_gmt":"2025-09-01T07:37:14","slug":"sotilaallinen-perinto","status":"publish","type":"page","link":"https:\/\/uus.visitlahemaa.com\/fi\/loyda-lahemaalta\/sotilaallinen-perinto\/","title":{"rendered":"Sotilaallinen perint\u00f6"},"content":{"rendered":"\t\t<div data-elementor-type=\"wp-page\" data-elementor-id=\"45999\" class=\"elementor elementor-45999 elementor-39655\" data-elementor-post-type=\"page\">\n\t\t\t\t<div class=\"elementor-element elementor-element-f38aa74 e-flex e-con-boxed e-con e-parent\" data-id=\"f38aa74\" data-element_type=\"container\" data-e-type=\"container\">\n\t\t\t\t\t<div class=\"e-con-inner\">\n\t\t\t\t<div class=\"elementor-element elementor-element-1fffffe0 elementor-widget elementor-widget-text-editor\" data-id=\"1fffffe0\" data-element_type=\"widget\" data-e-type=\"widget\" data-widget_type=\"text-editor.default\">\n\t\t\t\t<div class=\"elementor-widget-container\">\n\t\t\t\t\t\t\t\t\t<p>Toisen maailmansodan j\u00e4lkeen Lahemaan rannikkoalueesta tuli Neuvostoliiton rajavy\u00f6hyke, jonne rakennettiin erilaisia sotilaslaitoksia. Sotilaallinen perint\u00f6 on edelleen vahvasti l\u00e4sn\u00e4 Lahemaalla liikuttaessa. Koska Lahemaan kansallispuiston rantaviiva ulottuu yli 100 kilometrin matkalle, l\u00f6ytyy useita entisi\u00e4 neuvostoaikaisia rajavartioasemia, erityisesti niemien k\u00e4rjiss\u00e4, jotka ulottuvat pitk\u00e4lle mereen. Totta, suurin osa niist\u00e4 on nyky\u00e4\u00e4n yksityistetty. Ja\/tai ne ovat niin huonossa kunnossa, ett\u00e4 turvallisuutta ei voida taata niit\u00e4 vieraillessa. Kuitenkin kaksi j\u00e4nnitt\u00e4v\u00e4\u00e4 sotilaalliseen perint\u00f6\u00f6n liittyv\u00e4\u00e4 n\u00e4ht\u00e4vyytt\u00e4 l\u00f6ytyy Lahemaasta, tarkemmin sanottuna Jumindan niemimaalta.      <\/p><p> <\/p><p>Ensimm\u00e4inen n\u00e4ist\u00e4 sijaitsee Jumindan kyl\u00e4ss\u00e4 ja se muistuttaa Neuvostojoukkojen evakuoinnista Tallinnasta kes\u00e4n 1941 lopulla. Jumindan miinataisteluna tunnetuissa tapahtumissa upposi noin 60 alusta ja arviolta 15 000 ihmist\u00e4 menetti henkens\u00e4 merell\u00e4. Tapahtumaa muistuttaa muistokivi, joka on pystytetty Jumindan kyl\u00e4n rannalle. Lis\u00e4ksi Merimuseo on koonnut n\u00e4yttelyn <a href=\"https:\/\/meremuuseum.ee\/lennusadam\/porgu-laeaenemerel-juminda-meretragoeoedia-1941\/\" target=\"_blank\" rel=\"noopener\">&#8221;Helvetti It\u00e4merell\u00e4. Jumindan meritragedia 1941&#8221;<\/a>, josta tulee pysyv\u00e4 n\u00e4yttely Hara satamassa viimeist\u00e4\u00e4n vuoden 2024 matkailukaudeksi.    <\/p><p> <\/p><p>Toinen merkitt\u00e4v\u00e4 sotilaallisen perinn\u00f6n edustaja ja n\u00e4ht\u00e4vyys Lahemaalla on Hara satama. Entinen sukellusvene- ja laivastolaivueen demagnetointiasema tarjoaa j\u00e4nnitt\u00e4v\u00e4n ilmapiirin Hara lahden lounaisrannalla voimakkaine betonirakenteineen, joiden rinnalle on t\u00e4n\u00e4\u00e4n kehitetty venesatama ja siihen liittyv\u00e4 infrastruktuuri. L\u00f6yd\u00e4t mielenkiintoista ja yksityiskohtaista luettavaa Hara satamasta <a href=\"https:\/\/teejuht.esap.ee\/pohja-eesti\/militaarne-hara\/\" target=\"_blank\" rel=\"noopener\">t\u00e4\u00e4lt\u00e4<\/a>.   <\/p><p> <\/p><p>Suurin alue, jossa sotilaallinen perint\u00f6 tuntuu vahvasti vierailijoille, sijaitsee P\u00e4rispean niemimaalla &#8211; sotilastukikohta ja kaupunki Suurpean kyl\u00e4ss\u00e4 sek\u00e4 tutkam\u00e4ki siihen liittyvine tiloineen Purekkarin niemen l\u00e4hell\u00e4. Rakennusten huonon tai eritt\u00e4in huonon kunnon vuoksi niihin ei suositella menemist\u00e4. Kiinnit\u00e4mme my\u00f6s huomiota yksityisomaisuutta ja sen suojaa koskeviin merkkeihin ja pyyd\u00e4mme kunnioittamaan niit\u00e4.   <\/p><p> <\/p><p>Suunnittele vierailusi Lahemaan sotilaalliseen perint\u00f6\u00f6n osana <a href=\"https:\/\/uus.visitlahemaa.com\/fi\/loyda-lahemaalta\/lahemaan-ymparilla\/\" target=\"_blank\" rel=\"noopener\">Lahemaa-kierrostasi<\/a>. T\u00e4ydellisemm\u00e4n kokemuksen saamiseksi ota <a href=\"https:\/\/uus.visitlahemaa.com\/fi\/opas\/\" target=\"_blank\" rel=\"noopener\">paikallinen opas<\/a>.  <\/p>\t\t\t\t\t\t\t\t<\/div>\n\t\t\t\t<\/div>\n\t\t\t\t\t<\/div>\n\t\t\t\t<\/div>\n\t\t\t\t<\/div>\n\t\t","protected":false},"excerpt":{"rendered":"<p>Toisen maailmansodan j\u00e4lkeen Lahemaan rannikkoalueesta tuli Neuvostoliiton rajavy\u00f6hyke, jonne rakennettiin erilaisia sotilaslaitoksia. Sotilaallinen perint\u00f6 on edelleen vahvasti l\u00e4sn\u00e4 Lahemaalla liikuttaessa. Koska Lahemaan kansallispuiston rantaviiva ulottuu yli 100 kilometrin matkalle, l\u00f6ytyy useita entisi\u00e4 neuvostoaikaisia rajavartioasemia, erityisesti niemien k\u00e4rjiss\u00e4, jotka ulottuvat pitk\u00e4lle mereen. Totta, suurin osa niist\u00e4 on nyky\u00e4\u00e4n yksityistetty. Ja\/tai ne ovat niin huonossa kunnossa, ett\u00e4 [&hellip;]<\/p>\n","protected":false},"author":100010026,"featured_media":38425,"parent":40505,"menu_order":0,"comment_status":"closed","ping_status":"closed","template":"","meta":{"_acf_changed":false,"_lmt_disableupdate":"","_lmt_disable":"","_monsterinsights_skip_tracking":false,"_monsterinsights_sitenote_active":false,"_monsterinsights_sitenote_note":"","_monsterinsights_sitenote_category":0,"footnotes":"","_links_to":"","_links_to_target":""},"class_list":["post-45999","page","type-page","status-publish","has-post-thumbnail","hentry"],"acf":[],"_links":{"self":[{"href":"https:\/\/uus.visitlahemaa.com\/fi\/wp-json\/wp\/v2\/pages\/45999","targetHints":{"allow":["GET"]}}],"collection":[{"href":"https:\/\/uus.visitlahemaa.com\/fi\/wp-json\/wp\/v2\/pages"}],"about":[{"href":"https:\/\/uus.visitlahemaa.com\/fi\/wp-json\/wp\/v2\/types\/page"}],"author":[{"embeddable":true,"href":"https:\/\/uus.visitlahemaa.com\/fi\/wp-json\/wp\/v2\/users\/100010026"}],"replies":[{"embeddable":true,"href":"https:\/\/uus.visitlahemaa.com\/fi\/wp-json\/wp\/v2\/comments?post=45999"}],"version-history":[{"count":1,"href":"https:\/\/uus.visitlahemaa.com\/fi\/wp-json\/wp\/v2\/pages\/45999\/revisions"}],"predecessor-version":[{"id":46000,"href":"https:\/\/uus.visitlahemaa.com\/fi\/wp-json\/wp\/v2\/pages\/45999\/revisions\/46000"}],"up":[{"embeddable":true,"href":"https:\/\/uus.visitlahemaa.com\/fi\/wp-json\/wp\/v2\/pages\/40505"}],"wp:featuredmedia":[{"embeddable":true,"href":"https:\/\/uus.visitlahemaa.com\/fi\/wp-json\/wp\/v2\/media\/38425"}],"wp:attachment":[{"href":"https:\/\/uus.visitlahemaa.com\/fi\/wp-json\/wp\/v2\/media?parent=45999"}],"curies":[{"name":"wp","href":"https:\/\/api.w.org\/{rel}","templated":true}]}}