{"id":45982,"date":"2025-09-01T10:37:07","date_gmt":"2025-09-01T07:37:07","guid":{"rendered":"https:\/\/uus.visitlahemaa.com\/loyda-lahemaalta\/jaa-lahemaa-elamyksesi\/"},"modified":"2025-09-01T10:37:09","modified_gmt":"2025-09-01T07:37:09","slug":"jaa-lahemaa-elamyksesi","status":"publish","type":"page","link":"https:\/\/uus.visitlahemaa.com\/fi\/loyda-lahemaalta\/jaa-lahemaa-elamyksesi\/","title":{"rendered":"Jaa Lahemaa-el\u00e4myksesi"},"content":{"rendered":"\t\t<div data-elementor-type=\"wp-page\" data-elementor-id=\"45982\" class=\"elementor elementor-45982 elementor-39637\" data-elementor-post-type=\"page\">\n\t\t\t\t<div class=\"elementor-element elementor-element-54181a0c e-flex e-con-boxed e-con e-parent\" data-id=\"54181a0c\" data-element_type=\"container\" data-e-type=\"container\">\n\t\t\t\t\t<div class=\"e-con-inner\">\n\t\t\t\t<div class=\"elementor-element elementor-element-212d63c6 elementor-widget elementor-widget-text-editor\" data-id=\"212d63c6\" data-element_type=\"widget\" data-e-type=\"widget\" data-widget_type=\"text-editor.default\">\n\t\t\t\t<div class=\"elementor-widget-container\">\n\t\t\t\t\t\t\t\t\t<p>Luonnonkauneutta on Lahemaassa joka k\u00e4\u00e4nteess\u00e4 ja joka hetki! Kuitenkin suuri osa luonnon kauneudesta syntyy ymp\u00e4rill\u00e4mme olevasta valosta, ja jotta voisimme kokea sen kaiken, meid\u00e4n pit\u00e4isi liikkua nopeammin kuin valo. Silti joskus meill\u00e4 on onnea olla oikeassa paikassa oikeaan aikaan. Jos n\u00e4in on k\u00e4ynyt sinulle ja olet onnistunut tallentamaan Lahemaan luonnonkauneuden kamerallasi, jaa otoksesi galleriaamme.    <\/p><p>Tee n\u00e4in lataamalla kuvatiedostosi ja t\u00e4ytt\u00e4m\u00e4ll\u00e4 alla oleva lomake, jotta voimme merkit\u00e4 sinut kuvan tekij\u00e4ksi.<\/p><p>Tai lis\u00e4\u00e4 \u2b07\u2b07\u2b07 hashtag sosiaalisen median julkaisuusi.<\/p><p> <\/p><p><a href=\"http:\/\/www.facebook.com\" target=\"_blank\" rel=\"noopener\"><img decoding=\"async\" class=\"alignnone wp-image-39195\" src=\"https:\/\/uus.visitlahemaa.com\/wp-content\/uploads\/2023\/03\/fb-2.png\" alt=\"\" width=\"50\" height=\"51\"><\/a> <span style=\"font-size: 24pt;\">#visitlahemaa <\/span><a href=\"http:\/\/www.instagram.com\" target=\"_blank\" rel=\"noopener\"><img decoding=\"async\" class=\"alignnone wp-image-39189\" src=\"https:\/\/uus.visitlahemaa.com\/wp-content\/uploads\/2023\/03\/insta-2.png\" alt=\"\" width=\"50\" height=\"50\"><\/a> <span style=\"font-size: 24pt;\">#visit_lahemaa<\/span><\/p><p> <\/p><div id='gallery-1' class='gallery galleryid-45982 gallery-columns-3 gallery-size-thumbnail'><figure class='gallery-item'>\n\t\t\t<div class='gallery-icon portrait'>\n\t\t\t\t<a href=\"https:\/\/uus.visitlahemaa.com\/fi\/loyda-lahemaalta\/jaa-lahemaa-elamyksesi\/nommeveski-juga-2-6-5-2022-2\/\"><img fetchpriority=\"high\" decoding=\"async\" width=\"300\" height=\"300\" src=\"https:\/\/uus.visitlahemaa.com\/wp-content\/uploads\/2023\/02\/Nommeveski-juga-2-6-5-2022-300x300.jpg\" class=\"attachment-thumbnail size-thumbnail\" alt=\"\" aria-describedby=\"gallery-1-38626\" \/><\/a>\n\t\t\t<\/div>\n\t\t\t\t<figcaption class='wp-caption-text gallery-caption' id='gallery-1-38626'>\n\t\t\t\tN\u00f5mmeveski | Heidi Markkanen | 06.05.2022\n\t\t\t\t<\/figcaption><\/figure><figure class='gallery-item'>\n\t\t\t<div class='gallery-icon landscape'>\n\t\t\t\t<a href=\"https:\/\/uus.visitlahemaa.com\/fi\/loyda-lahemaalta\/jaa-lahemaa-elamyksesi\/nommeveski-juga-6-5-2022-2\/\"><img loading=\"lazy\" decoding=\"async\" width=\"300\" height=\"300\" src=\"https:\/\/uus.visitlahemaa.com\/wp-content\/uploads\/2023\/02\/Nommeveski-juga-6-5-2022-300x300.jpeg\" class=\"attachment-thumbnail size-thumbnail\" alt=\"\" aria-describedby=\"gallery-1-38620\" \/><\/a>\n\t\t\t<\/div>\n\t\t\t\t<figcaption class='wp-caption-text gallery-caption' id='gallery-1-38620'>\n\t\t\t\tN\u00f5mmeveski | Heidi Markkanen | 06.05.2022\n\t\t\t\t<\/figcaption><\/figure><figure class='gallery-item'>\n\t\t\t<div class='gallery-icon landscape'>\n\t\t\t\t<a href=\"https:\/\/uus.visitlahemaa.com\/fi\/loyda-lahemaalta\/jaa-lahemaa-elamyksesi\/palmse-jaanituli-2-23-6-2022-2\/\"><img loading=\"lazy\" decoding=\"async\" width=\"300\" height=\"300\" src=\"https:\/\/uus.visitlahemaa.com\/wp-content\/uploads\/2023\/02\/Palmse-jaanituli-2-23-6-2022-300x300.jpeg\" class=\"attachment-thumbnail size-thumbnail\" alt=\"\" aria-describedby=\"gallery-1-38614\" \/><\/a>\n\t\t\t<\/div>\n\t\t\t\t<figcaption class='wp-caption-text gallery-caption' id='gallery-1-38614'>\n\t\t\t\tPalmse | Heidi Markkanen | 23.06.2022\n\t\t\t\t<\/figcaption><\/figure><figure class='gallery-item'>\n\t\t\t<div class='gallery-icon landscape'>\n\t\t\t\t<a href=\"https:\/\/uus.visitlahemaa.com\/fi\/loyda-lahemaalta\/jaa-lahemaa-elamyksesi\/tapurla-22-5-2022-2\/\"><img loading=\"lazy\" decoding=\"async\" width=\"300\" height=\"300\" src=\"https:\/\/uus.visitlahemaa.com\/wp-content\/uploads\/2023\/02\/Tapurla-22-5-2022-300x300.jpeg\" class=\"attachment-thumbnail size-thumbnail\" alt=\"\" aria-describedby=\"gallery-1-38608\" \/><\/a>\n\t\t\t<\/div>\n\t\t\t\t<figcaption class='wp-caption-text gallery-caption' id='gallery-1-38608'>\n\t\t\t\tTapurla | \n\t\t\t\t<\/figcaption><\/figure><figure class='gallery-item'>\n\t\t\t<div class='gallery-icon portrait'>\n\t\t\t\t<a href=\"https:\/\/uus.visitlahemaa.com\/fi\/loyda-lahemaalta\/jaa-lahemaa-elamyksesi\/b1588d72-a55f-4598-bf7b-cb9536a97787-2\/\"><img loading=\"lazy\" decoding=\"async\" width=\"300\" height=\"300\" src=\"https:\/\/uus.visitlahemaa.com\/wp-content\/uploads\/2022\/11\/B1588D72-A55F-4598-BF7B-CB9536A97787-300x300.jpeg\" class=\"attachment-thumbnail size-thumbnail\" alt=\"\" aria-describedby=\"gallery-1-38514\" \/><\/a>\n\t\t\t<\/div>\n\t\t\t\t<figcaption class='wp-caption-text gallery-caption' id='gallery-1-38514'>\n\t\t\t\tHara | Kadri Otsiver | \n\t\t\t\t<\/figcaption><\/figure><figure class='gallery-item'>\n\t\t\t<div class='gallery-icon landscape'>\n\t\t\t\t<a href=\"https:\/\/uus.visitlahemaa.com\/fi\/loyda-lahemaalta\/jaa-lahemaa-elamyksesi\/dsc_0665-2\/\"><img loading=\"lazy\" decoding=\"async\" width=\"300\" height=\"300\" src=\"https:\/\/uus.visitlahemaa.com\/wp-content\/uploads\/2022\/11\/DSC_0665-300x300.jpg\" class=\"attachment-thumbnail size-thumbnail\" alt=\"\" aria-describedby=\"gallery-1-38502\" \/><\/a>\n\t\t\t<\/div>\n\t\t\t\t<figcaption class='wp-caption-text gallery-caption' id='gallery-1-38502'>\n\t\t\t\tAutor: Raido Roostalu\n\t\t\t\t<\/figcaption><\/figure>\n\t\t<\/div>\n<p> <\/p><p>Jaa Lahemaa-el\u00e4myksesi; voit jakaa kameralla tallennetut Lahemaa-hetket alla olevan lomakkeen avulla.<\/p><script type=\"text\/javascript\">var gform;gform||(document.addEventListener(\"gform_main_scripts_loaded\",function(){gform.scriptsLoaded=!0}),window.addEventListener(\"DOMContentLoaded\",function(){gform.domLoaded=!0}),gform={domLoaded:!1,scriptsLoaded:!1,initializeOnLoaded:function(o){gform.domLoaded&&gform.scriptsLoaded?o():!gform.domLoaded&&gform.scriptsLoaded?window.addEventListener(\"DOMContentLoaded\",o):document.addEventListener(\"gform_main_scripts_loaded\",o)},hooks:{action:{},filter:{}},addAction:function(o,n,r,t){gform.addHook(\"action\",o,n,r,t)},addFilter:function(o,n,r,t){gform.addHook(\"filter\",o,n,r,t)},doAction:function(o){gform.doHook(\"action\",o,arguments)},applyFilters:function(o){return gform.doHook(\"filter\",o,arguments)},removeAction:function(o,n){gform.removeHook(\"action\",o,n)},removeFilter:function(o,n,r){gform.removeHook(\"filter\",o,n,r)},addHook:function(o,n,r,t,i){null==gform.hooks[o][n]&&(gform.hooks[o][n]=[]);var e=gform.hooks[o][n];null==i&&(i=n+\"_\"+e.length),gform.hooks[o][n].push({tag:i,callable:r,priority:t=null==t?10:t})},doHook:function(n,o,r){var t;if(r=Array.prototype.slice.call(r,1),null!=gform.hooks[n][o]&&((o=gform.hooks[n][o]).sort(function(o,n){return o.priority-n.priority}),o.forEach(function(o){\"function\"!=typeof(t=o.callable)&&(t=window[t]),\"action\"==n?t.apply(null,r):r[0]=t.apply(null,r)})),\"filter\"==n)return r[0]},removeHook:function(o,n,t,i){var r;null!=gform.hooks[o][n]&&(r=(r=gform.hooks[o][n]).filter(function(o,n,r){return!!(null!=i&&i!=o.tag||null!=t&&t!=o.priority)}),gform.hooks[o][n]=r)}});<\/script>\n                <div class='gf_browser_gecko gform_wrapper gravity-theme gform-theme--no-framework' data-form-theme='gravity-theme' data-form-index='0' id='gform_wrapper_3' >\n                        <div class='gform_heading'>\n                            <h2 class=\"gform_title\">Palaute<\/h2>\n                            <p class='gform_description'><\/p>\n                        <\/div><form method='post' enctype='multipart\/form-data'  id='gform_3'  action='\/fi\/wp-json\/wp\/v2\/pages\/45982' data-formid='3' novalidate>\n                        <div class='gform-body gform_body'><div id='gform_fields_3' class='gform_fields top_label form_sublabel_above description_above'><fieldset id=\"field_3_1\"  class=\"gfield gfield--type-name gfield_contains_required field_sublabel_above gfield--no-description field_description_above gfield_visibility_visible\"  data-js-reload=\"field_3_1\"><legend class='gfield_label gform-field-label gfield_label_before_complex'  >Nimi<span class=\"gfield_required\"><span class=\"gfield_required gfield_required_text\">(Pakollinen)<\/span><\/span><\/legend><div class='ginput_complex ginput_container ginput_container--name no_prefix has_first_name no_middle_name no_last_name no_suffix gf_name_has_1 ginput_container_name gform-grid-row' id='input_3_1'>\n                            \n                            <span id='input_3_1_3_container' class='name_first gform-grid-col gform-grid-col--size-auto' >\n                                                    <label for='input_3_1_3' class='gform-field-label gform-field-label--type-sub '>Etunimi ja sukunimi<\/label>\n                                                    <input type='text' name='input_1.3' id='input_3_1_3' value=''   aria-required='true'    autocomplete=\"given-name\" \/>\n                                                <\/span>\n                            \n                            \n                            \n                        <\/div><\/fieldset><div id=\"field_3_4\"  class=\"gfield gfield--type-email gfield--width-full field_sublabel_above gfield--no-description field_description_above gfield_visibility_visible\"  data-js-reload=\"field_3_4\"><label class='gfield_label gform-field-label' for='input_3_4' >S\u00e4hk\u00f6posti<\/label><div class='ginput_container ginput_container_email'>\n                            <input name='input_4' id='input_3_4' type='email' value='' class='large'     aria-invalid=\"false\"  \/>\n                        <\/div><\/div><div id=\"field_3_3\"  class=\"gfield gfield--type-textarea gfield_contains_required field_sublabel_above gfield--no-description field_description_above gfield_visibility_visible\"  data-js-reload=\"field_3_3\"><label class='gfield_label gform-field-label' for='input_3_3' >Lis\u00e4tietoja<span class=\"gfield_required\"><span class=\"gfield_required gfield_required_text\">(Pakollinen)<\/span><\/span><\/label><div class='ginput_container ginput_container_textarea'><textarea name='input_3' id='input_3_3' class='textarea medium'   maxlength='600'  aria-required=\"true\" aria-invalid=\"false\"   rows='10' cols='50'><\/textarea><\/div><\/div><div id=\"field_3_5\"  class=\"gfield gfield--type-fileupload gfield--width-full field_sublabel_above gfield--no-description field_description_above gfield_visibility_visible\"  data-js-reload=\"field_3_5\"><label class='gfield_label gform-field-label' for='input_3_5' >Lis\u00e4\u00e4 tiedosto tarvittaessa<\/label><div class='ginput_container ginput_container_fileupload'><input type='hidden' name='MAX_FILE_SIZE' value='2146435072' \/><input name='input_5' id='input_3_5' type='file' class='large' aria-describedby=\"gfield_upload_rules_3_5\" onchange='javascript:gformValidateFileSize( this, 2146435072 );'  \/><span class='gfield_description gform_fileupload_rules' id='gfield_upload_rules_3_5'>Max. tiedoston koko: 2 GB.<\/span><div class='gfield_description validation_message gfield_validation_message validation_message--hidden-on-empty' id='live_validation_message_3_5'><\/div><\/div><\/div><\/div><\/div>\n        <div class='gform_footer top_label'> <input type='submit' id='gform_submit_button_3' class='gform_button button' value='L\u00e4het\u00e4'  onclick='if(window[\"gf_submitting_3\"]){return false;}  if( !jQuery(\"#gform_3\")[0].checkValidity || jQuery(\"#gform_3\")[0].checkValidity()){window[\"gf_submitting_3\"]=true;}  ' onkeypress='if( event.keyCode == 13 ){ if(window[\"gf_submitting_3\"]){return false;} if( !jQuery(\"#gform_3\")[0].checkValidity || jQuery(\"#gform_3\")[0].checkValidity()){window[\"gf_submitting_3\"]=true;}  jQuery(\"#gform_3\").trigger(\"submit\",[true]); }' \/> \n            <input type='hidden' class='gform_hidden' name='is_submit_3' value='1' \/>\n            <input type='hidden' class='gform_hidden' name='gform_submit' value='3' \/>\n            \n            <input type='hidden' class='gform_hidden' name='gform_unique_id' value='' \/>\n            <input type='hidden' class='gform_hidden' name='state_3' value='WyJbXSIsIjc2NDgyMjc3ZjQ3MmRkMTFlYmM5YzcxOWEzM2Y3MDY4Il0=' \/>\n            <input type='hidden' class='gform_hidden' name='gform_target_page_number_3' id='gform_target_page_number_3' value='0' \/>\n            <input type='hidden' class='gform_hidden' name='gform_source_page_number_3' id='gform_source_page_number_3' value='1' \/>\n            <input type='hidden' name='gform_field_values' value='' \/>\n            \n        <\/div>\n                        <\/form>\n                        <\/div><script>\ngform.initializeOnLoaded( function() {gformInitSpinner( 3, 'https:\/\/uus.visitlahemaa.com\/wp-content\/plugins\/gravityforms\/images\/spinner.svg', true );jQuery('#gform_ajax_frame_3').on('load',function(){var contents = jQuery(this).contents().find('*').html();var is_postback = contents.indexOf('GF_AJAX_POSTBACK') >= 0;if(!is_postback){return;}var form_content = jQuery(this).contents().find('#gform_wrapper_3');var is_confirmation = jQuery(this).contents().find('#gform_confirmation_wrapper_3').length > 0;var is_redirect = contents.indexOf('gformRedirect(){') >= 0;var is_form = form_content.length > 0 && ! is_redirect && ! is_confirmation;var mt = parseInt(jQuery('html').css('margin-top'), 10) + parseInt(jQuery('body').css('margin-top'), 10) + 100;if(is_form){jQuery('#gform_wrapper_3').html(form_content.html());if(form_content.hasClass('gform_validation_error')){jQuery('#gform_wrapper_3').addClass('gform_validation_error');} else {jQuery('#gform_wrapper_3').removeClass('gform_validation_error');}setTimeout( function() { \/* delay the scroll by 50 milliseconds to fix a bug in chrome *\/  }, 50 );if(window['gformInitDatepicker']) {gformInitDatepicker();}if(window['gformInitPriceFields']) {gformInitPriceFields();}var current_page = jQuery('#gform_source_page_number_3').val();gformInitSpinner( 3, 'https:\/\/uus.visitlahemaa.com\/wp-content\/plugins\/gravityforms\/images\/spinner.svg', true );jQuery(document).trigger('gform_page_loaded', [3, current_page]);window['gf_submitting_3'] = false;}else if(!is_redirect){var confirmation_content = jQuery(this).contents().find('.GF_AJAX_POSTBACK').html();if(!confirmation_content){confirmation_content = contents;}setTimeout(function(){jQuery('#gform_wrapper_3').replaceWith(confirmation_content);jQuery(document).trigger('gform_confirmation_loaded', [3]);window['gf_submitting_3'] = false;wp.a11y.speak(jQuery('#gform_confirmation_message_3').text());}, 50);}else{jQuery('#gform_3').append(contents);if(window['gformRedirect']) {gformRedirect();}}jQuery(document).trigger('gform_post_render', [3, current_page]);gform.utils.trigger({ event: 'gform\/postRender', native: false, data: { formId: 3, currentPage: current_page } });} );} );\n<\/script>\n<p> <\/p><p> <\/p><p><span style=\"font-size: 10pt;\">* Jakamalla valokuvia Lahemaan matkailuyhdistyksen kanssa verkkosivustolla www.visitlahemaa.com annat Lahemaan matkailuyhdistykselle oikeuden k\u00e4ytt\u00e4\u00e4 n\u00e4it\u00e4 valokuvia sis\u00e4ll\u00f6ntuotantoon verkkosivustolla www.visitlahemaa.com m\u00e4\u00e4ritellyn verkkotunnuksen puitteissa sek\u00e4 messumarkkinointitarkoituksiin painetuissa materiaaleissa.<\/span><\/p>\t\t\t\t\t\t\t\t<\/div>\n\t\t\t\t<\/div>\n\t\t\t\t\t<\/div>\n\t\t\t\t<\/div>\n\t\t\t\t<\/div>\n\t\t","protected":false},"excerpt":{"rendered":"<p>Luonnonkauneutta on Lahemaassa joka k\u00e4\u00e4nteess\u00e4 ja joka hetki! Kuitenkin suuri osa luonnon kauneudesta syntyy ymp\u00e4rill\u00e4mme olevasta valosta, ja jotta voisimme kokea sen kaiken, meid\u00e4n pit\u00e4isi liikkua nopeammin kuin valo. Silti joskus meill\u00e4 on onnea olla oikeassa paikassa oikeaan aikaan. Jos n\u00e4in on k\u00e4ynyt sinulle ja olet onnistunut tallentamaan Lahemaan luonnonkauneuden kamerallasi, jaa otoksesi galleriaamme. Tee [&hellip;]<\/p>\n","protected":false},"author":100010026,"featured_media":41359,"parent":40505,"menu_order":0,"comment_status":"closed","ping_status":"closed","template":"","meta":{"_acf_changed":false,"_lmt_disableupdate":"","_lmt_disable":"","_monsterinsights_skip_tracking":false,"_monsterinsights_sitenote_active":false,"_monsterinsights_sitenote_note":"","_monsterinsights_sitenote_category":0,"footnotes":"","_links_to":"","_links_to_target":""},"class_list":["post-45982","page","type-page","status-publish","has-post-thumbnail","hentry"],"acf":[],"_links":{"self":[{"href":"https:\/\/uus.visitlahemaa.com\/fi\/wp-json\/wp\/v2\/pages\/45982","targetHints":{"allow":["GET"]}}],"collection":[{"href":"https:\/\/uus.visitlahemaa.com\/fi\/wp-json\/wp\/v2\/pages"}],"about":[{"href":"https:\/\/uus.visitlahemaa.com\/fi\/wp-json\/wp\/v2\/types\/page"}],"author":[{"embeddable":true,"href":"https:\/\/uus.visitlahemaa.com\/fi\/wp-json\/wp\/v2\/users\/100010026"}],"replies":[{"embeddable":true,"href":"https:\/\/uus.visitlahemaa.com\/fi\/wp-json\/wp\/v2\/comments?post=45982"}],"version-history":[{"count":1,"href":"https:\/\/uus.visitlahemaa.com\/fi\/wp-json\/wp\/v2\/pages\/45982\/revisions"}],"predecessor-version":[{"id":45983,"href":"https:\/\/uus.visitlahemaa.com\/fi\/wp-json\/wp\/v2\/pages\/45982\/revisions\/45983"}],"up":[{"embeddable":true,"href":"https:\/\/uus.visitlahemaa.com\/fi\/wp-json\/wp\/v2\/pages\/40505"}],"wp:featuredmedia":[{"embeddable":true,"href":"https:\/\/uus.visitlahemaa.com\/fi\/wp-json\/wp\/v2\/media\/41359"}],"wp:attachment":[{"href":"https:\/\/uus.visitlahemaa.com\/fi\/wp-json\/wp\/v2\/media?parent=45982"}],"curies":[{"name":"wp","href":"https:\/\/api.w.org\/{rel}","templated":true}]}}