{"id":45651,"date":"2025-07-28T14:20:42","date_gmt":"2025-07-28T11:20:42","guid":{"rendered":"https:\/\/uus.visitlahemaa.com\/piknik-paiva\/"},"modified":"2025-07-28T14:20:42","modified_gmt":"2025-07-28T11:20:42","slug":"piknik-paiva","status":"publish","type":"page","link":"https:\/\/uus.visitlahemaa.com\/fi\/piknik-paiva\/","title":{"rendered":"Piknik-p\u00e4iv\u00e4"},"content":{"rendered":"<div class=\"hero\">\n<div class=\"container position-relative logo-holder\"><a href=\"https:\/\/uus.visitlahemaa.com\/fi\/\"><img decoding=\"async\" class=\"hero-logo\" src=\"https:\/\/uus.visitlahemaa.com\/wp-content\/uploads\/2021\/09\/visit-lahemaa-logo-header-2.png\" alt=\"Logo\"><br \/>\n<\/a><\/div>\n<div class=\"hero-overlay text-center text-shadow pt-5 pt-md-0\">\n<p><img decoding=\"async\" class=\"smn-img my-4\" src=\"https:\/\/uus.visitlahemaa.com\/wp-content\/uploads\/2025\/04\/Lahemaa-piknikupaev-e1743812144313.png\"><\/p>\n<h1 class=\"display-6 order-0\">Piknikit Lahemaan kyliss\u00e4<\/h1>\n<p><span class=\"fs-2 fw-bold order-1\">24.-25.05<\/span><br \/>\n<small class=\"position-absolute bottom-0 end-0 rounded-3 rounded-end-0 rounded-bottom-0 p-2 badge text-bg-dark bg-opacity-75\">L\u00e4hde: Erki Village Corner<\/small><\/p>\n<\/div>\n<\/div>\n<div class=\"container my-10\">\n<div class=\"row smn-w50-row\">\n<div class=\"col-12 col-md-6 d-flex align-items-center\">\n<h2 class=\"display-6\"><strong>24. ja 25. toukokuuta <\/strong>  Lahemaan kansallispuiston matkailualueella<br \/>\nj\u00e4rjestet\u00e4\u00e4n perinteinen tapahtuma.<br \/>\n<strong>Lahemaan piknik-p\u00e4iv\u00e4<\/strong>!<\/h2>\n<div class=\"laine1 mt-5\"><\/div>\n<\/div>\n<div class=\"col-12 col-md-6 text-end\"><img decoding=\"async\" class=\"smn-br3 smn-r0 mt-4\" src=\"https:\/\/uus.visitlahemaa.com\/wp-content\/uploads\/2025\/04\/Visit-Lahemaa-piknikupaev_Kasmu-vaike-ring_Kadri-Otsiver_-copy.webp\"><\/div>\n<\/div>\n<\/div>\n<div class=\"container-fluid my-10 smn-skylight py-5\">\n<div class=\"col-12 col-md-6 offset-0 offset-md-3\">\n<h2 class=\"display-6 fw-semibold\">P\u00e4\u00e4paino on alueen rikkaassa luonnossa, historiassa ja mauissa. Juhlimme my\u00f6s Euroopan suojelualueiden p\u00e4iv\u00e4\u00e4. <\/h2>\n<p class=\"fs-5\">Tule tutustumaan Lahemaan upeisiin maisemiin ja luontopolkuihin, osallistu opastetuille kierroksille ja tutustu perinnekulttuuriin &#8211; olipa kyse sitten historiallisista majataloista, muinaisesta kulttuurista tai kartanopuutarhoista. Voit my\u00f6s nauttia herkullista paikallista ruokaa. Tuoreista paikallisista tuotteista valmistettuja piknik-koreja, savukalaa, lammaspataa ja paljon muuta.  <\/p>\n<\/div>\n<\/div>\n<div class=\"container-fluid position-relative pb-5 pb-md-3\" style=\"height: 70vh;\">\n<div class=\"laine2 position-absolute top-50 end-0 translate-middle-y d-none d-xl-block\"><\/div>\n<div class=\"container smn-box1\"><small class=\"position-absolute top-0 start-0 rounded-3 rounded-start-0 rounded-top-0 p-2 badge text-bg-dark bg-opacity-75\">L\u00e4hde: Hans Markus Antson ja Visit Estonia<\/small><\/div>\n<div class=\"container\">\n<div class=\"col-12 col-sm-9 col-md-6 smn-box2\">\n<h2 class=\"display-5 fw-semibold\">Piknik-p\u00e4iv\u00e4n j\u00e4rjest\u00e4j\u00e4t<\/h2>\n<p class=\"display-6 fs-4\">Valitse tapahtuma alla olevasta luettelosta ja rekister\u00f6idy ajoissa.<\/p>\n<\/div>\n<\/div>\n<\/div>\n<div class=\"container position-relative my-10 pt-5\">\n<h3 class=\"display-6 position-relative py-3\"><strong>24.05 tapahtumat<\/strong><\/h3>\n<div class=\"laine1 position-absolute top-0 start-0 translate-start-y mt-5 ms-3\"><\/div>\n\t<div class=\"custom-accordion pt-5\">\n\t\t<p>\u00dchtegi osalejat ei leitud.<\/p>\t<\/div>\n\t\n<div style=\"height: 30px;\"><\/div>\n<p><!-- SEE LISAB SUUREMA ERALDUSE --><\/p>\n<h3 class=\"display-6 position-relative\"><strong>25.05 tapahtumat<\/strong><\/h3>\n<div class=\"laine1 position-absolute top-0 start-0 translate-start-y mt-5 ms-3\"><\/div>\n\t<div class=\"custom-accordion pt-5\">\n\t\t<p>\u00dchtegi osalejat ei leitud.<\/p>\t<\/div>\n\t\n<div class=\"laine2 position-absolute top-100 start-50 translate-center-x mt-5\"><\/div>\n<\/div>\n<div class=\"container-fluid my-10 smn-skylight py-5\">\n<div class=\"col-12 col-md-6 offset-0 offset-md-3\">\n<h2 class=\"display-6\">Miten tulla Lahemaalle?<\/h2>\n<h3 class=\"display-6 fs-3\">Lahemaalle p\u00e4\u00e4see usealla eri tavalla, l\u00f6yd\u00e4 haluamasi tapa <a href=\"https:\/\/uus.visitlahemaa.com\/planeeri\/transport-lahemaal\/\">t\u00e4\u00e4lt\u00e4<\/a>.<\/h3>\n<\/div>\n<\/div>\n<div class=\"container my-10\">\n<div class=\"row smn-w50-row\">\n<div class=\"col-12 col-md-6 d-flex align-self-center flex-column position-relative\">\n<div class=\"laine2 position-absolute bottom-100 start-50 mb-5 translate-center-y \"><\/div>\n<h3 class=\"display-6\"><strong>Bussilla<\/strong><\/h3>\n<p class=\"fs-5\">Julkinen liikenne Lahemaalle kulkee p\u00e4ivitt\u00e4in Tallinnasta, Rakverest\u00e4 ja Kadrinasta, josta on l\u00e4hin yhteys Loksaan<br \/>\n.<br \/>\nAjantasaisimmat matkatiedot saat <a href=\"https:\/\/www.kuusalu.ee\/avalikud\" target=\"_blank\" rel=\"noopener\">Kuusalun seurakunnan verkkosivuilta<\/a> tai<br \/>\nmatkasuunnittelija <a href=\"http:\/\/peatus.ee\/\" target=\"_blank\" rel=\"noopener\">peatus.ee:n avulla .<\/a><\/p>\n<div class=\"laine2 position-absolute top-100 start-0 mt-3 ms-3 translate-center-y \"><\/div>\n<\/div>\n<div class=\"col-12 col-md-6 text-end\"><img decoding=\"async\" class=\"smn-br3 smn-r0\" src=\"https:\/\/uus.visitlahemaa.com\/wp-content\/uploads\/2025\/04\/Visit-Lahemaa-piknikupaev_transport_Kadri-Otsiver_4-copy.webp\"><\/div>\n<\/div>\n<\/div>\n<div class=\"container my-10\">\n<div class=\"row smn-w50-row\">\n<div class=\"col-12 col-md-6 text-start order-1 order-md-0\"><img decoding=\"async\" class=\"smn-bl3 smn-l0\" src=\"https:\/\/uus.visitlahemaa.com\/wp-content\/uploads\/2025\/04\/Visit-Lahemaa-autotee.png\"><\/div>\n<div class=\"col-12 col-md-6 d-flex align-self-center flex-column order-0 order-md-1 position-relative\">\n<div class=\"laine2 position-absolute bottom-100 start-0 mb-5 ms-3 translate-start-y \"><\/div>\n<h3 class=\"display-6\"><strong>Autolla<\/strong><\/h3>\n<p class=\"fs-5\">Lahemaan hyvin p\u00e4\u00e4llystetyt tiet luovat suotuisat olosuhteet kansallispuistoon tutustumiselle, mutta<br \/>\nmuista ottaa huomioon paikalliset <a href=\"https:\/\/www.riigiteataja.ee\/akt\/126022015033\" target=\"_blank\" rel=\"noopener\">luonnonsuojeluvaatimukset<\/a>.<br \/>\nKiinnit\u00e4 erityist\u00e4 huomiota moottoriajoneuvoliikennett\u00e4 ja pys\u00e4k\u00f6inti\u00e4 koskeviin rajoituksiin kohteessa sijaitsevalla suojelualueella.<br \/>\nKimppakyydit ovat my\u00f6s kest\u00e4v\u00e4 liikkumismuoto, joten muista ottaa perheesi ja\/tai yst\u00e4v\u00e4si mukaan, kun vierailet meill\u00e4.<\/p>\n<div class=\"laine2 position-absolute bottom-0 start-100 mt-5 ms-3 translate-end-y d-none d-xl-block\"><\/div>\n<\/div>\n<\/div>\n<\/div>\n<div class=\"container my-10\">\n<div class=\"row smn-w50-row\">\n<div class=\"col-12 col-md-6 d-flex align-self-center flex-column position-relative\">\n<div class=\"laine2 position-absolute bottom-100 end-0 mb-5 ms-3 translate-start-y \"><\/div>\n<h3 class=\"display-6\"><strong>Py\u00f6r\u00e4ll\u00e4<\/strong><\/h3>\n<p class=\"fs-5\">Py\u00f6r\u00e4ilyyst\u00e4v\u00e4llinen Lahemaa tarjoaa py\u00f6r\u00e4ilij\u00f6ille runsaasti haasteita niin p\u00e4iv\u00e4retkelle kuin<br \/>\nmonip\u00e4iv\u00e4iselle &#8221;Tour de Lahema&#8221; -retkelle!<br \/>\n Polkupy\u00f6ri\u00e4<strong>voi vuokrata kes\u00e4isin Lahemaalla:<\/strong><br \/>\n Viinistu<a class=\"d-block\" href=\"http:\/\/www.viinistu.ee\/\" target=\"_blank\" rel=\"noopener\">Art Hotel<\/a><br \/>\n Haran<a class=\"d-block\" href=\"https:\/\/harasadam.ee\/\" target=\"_blank\" rel=\"noopener\">satama<\/a>.<\/p>\n<div class=\"laine2 position-absolute top-100 start-0 mt-5 ms-3 translate-end-y \"><\/div>\n<\/div>\n<div class=\"col-12 col-md-6 text-end\"><img decoding=\"async\" class=\"smn-br3 smn-r0\" src=\"https:\/\/uus.visitlahemaa.com\/wp-content\/uploads\/2024\/07\/FB_14.webp\"><\/div>\n<\/div>\n<\/div>\n<div class=\"container my-10\">\n<div class=\"row smn-w50-row\">\n<div class=\"col-12 col-md-6 text-start order-1 order-md-0\"><img decoding=\"async\" class=\"smn-bl3 smn-l0\" src=\"https:\/\/uus.visitlahemaa.com\/wp-content\/uploads\/2024\/07\/Visit-Lahemaa_Eisma-sadam_Kadri-Otsiver_1.webp\"><\/div>\n<div class=\"col-12 col-md-6 d-flex align-self-center flex-column order-0 order-md-1 position-relative\">\n<div class=\"laine1 position-absolute bottom-100 start-0 mb-5 ms-3 translate-start-y \"><\/div>\n<h3 class=\"display-6\"><strong>Meritse<\/strong><\/h3>\n<p class=\"fs-5\">Lahemaan kansallispuistoon on my\u00f6s meritie, jonka p\u00e4\u00e4t voi sitoa laituriin:<br \/>\n<a class=\"d-block\" href=\"https:\/\/harasadam.ee\/\" target=\"_blank\" rel=\"noopener\">Haran satama<\/a><br \/>\n<a class=\"d-block\" href=\"https:\/\/www.viinistu.ee\/sadam\" target=\"_blank\" rel=\"noopener\">Viinistun satama<\/a><br \/>\n<a class=\"d-block\" href=\"https:\/\/vosusadam.ee\/\" target=\"_blank\" rel=\"noopener\">V\u00f5sun satama<\/a><br \/>\n<a class=\"d-block\" href=\"http:\/\/www.vergiport.eu\/\" target=\"_blank\" rel=\"noopener\">Vergi satamassa<\/a><br \/>\nHUOM: Lahemaan matkailualueen liikenneyhteyksiin kuuluvat my\u00f6s bussi- ja junayhteydet solmukohtiin, kuten<br \/>\nRakvere, Kadrina ja Tapa. <\/p>\n<div class=\"laine1 position-absolute top-100 end-0 mt-5 ms-3 translate-start-y d-none d-xl-block\"><\/div>\n<\/div>\n<\/div>\n<\/div>\n","protected":false},"excerpt":{"rendered":"<p>Piknikit Lahemaan kyliss\u00e4 24.-25.05 L\u00e4hde: Erki Village Corner 24. ja 25. toukokuuta Lahemaan kansallispuiston matkailualueella j\u00e4rjestet\u00e4\u00e4n perinteinen tapahtuma. Lahemaan piknik-p\u00e4iv\u00e4! P\u00e4\u00e4paino on alueen rikkaassa luonnossa, historiassa ja mauissa. Juhlimme my\u00f6s Euroopan suojelualueiden p\u00e4iv\u00e4\u00e4. Tule tutustumaan Lahemaan upeisiin maisemiin ja luontopolkuihin, osallistu opastetuille kierroksille ja tutustu perinnekulttuuriin &#8211; olipa kyse sitten historiallisista majataloista, muinaisesta kulttuurista tai [&hellip;]<\/p>\n","protected":false},"author":100010033,"featured_media":42292,"parent":0,"menu_order":0,"comment_status":"closed","ping_status":"closed","template":"smn-piknikupaev.php","meta":{"_acf_changed":false,"_lmt_disableupdate":"","_lmt_disable":"","_monsterinsights_skip_tracking":false,"_monsterinsights_sitenote_active":false,"_monsterinsights_sitenote_note":"","_monsterinsights_sitenote_category":0,"footnotes":"","_links_to":"","_links_to_target":""},"class_list":["post-45651","page","type-page","status-publish","has-post-thumbnail","hentry"],"acf":[],"_links":{"self":[{"href":"https:\/\/uus.visitlahemaa.com\/fi\/wp-json\/wp\/v2\/pages\/45651","targetHints":{"allow":["GET"]}}],"collection":[{"href":"https:\/\/uus.visitlahemaa.com\/fi\/wp-json\/wp\/v2\/pages"}],"about":[{"href":"https:\/\/uus.visitlahemaa.com\/fi\/wp-json\/wp\/v2\/types\/page"}],"author":[{"embeddable":true,"href":"https:\/\/uus.visitlahemaa.com\/fi\/wp-json\/wp\/v2\/users\/100010033"}],"replies":[{"embeddable":true,"href":"https:\/\/uus.visitlahemaa.com\/fi\/wp-json\/wp\/v2\/comments?post=45651"}],"version-history":[{"count":0,"href":"https:\/\/uus.visitlahemaa.com\/fi\/wp-json\/wp\/v2\/pages\/45651\/revisions"}],"wp:featuredmedia":[{"embeddable":true,"href":"https:\/\/uus.visitlahemaa.com\/fi\/wp-json\/wp\/v2\/media\/42292"}],"wp:attachment":[{"href":"https:\/\/uus.visitlahemaa.com\/fi\/wp-json\/wp\/v2\/media?parent=45651"}],"curies":[{"name":"wp","href":"https:\/\/api.w.org\/{rel}","templated":true}]}}