{"id":40518,"date":"2017-10-29T13:36:07","date_gmt":"2017-10-29T11:36:07","guid":{"rendered":"https:\/\/uus.visitlahemaa.com\/vaatamisvaarsused\/"},"modified":"2025-09-01T10:38:36","modified_gmt":"2025-09-01T07:38:36","slug":"nahtavyydet","status":"publish","type":"page","link":"https:\/\/uus.visitlahemaa.com\/fi\/nahtavyydet\/","title":{"rendered":"N\u00e4ht\u00e4vyydet"},"content":{"rendered":"\t\t<div data-elementor-type=\"wp-page\" data-elementor-id=\"40518\" class=\"elementor elementor-40518 elementor-39624\" data-elementor-post-type=\"page\">\n\t\t\t\t<div class=\"elementor-element elementor-element-21df3853 e-flex e-con-boxed e-con e-parent\" data-id=\"21df3853\" data-element_type=\"container\" data-e-type=\"container\">\n\t\t\t\t\t<div class=\"e-con-inner\">\n\t\t\t\t<div class=\"elementor-element elementor-element-333c73ea elementor-widget elementor-widget-text-editor\" data-id=\"333c73ea\" data-element_type=\"widget\" data-e-type=\"widget\" data-widget_type=\"text-editor.default\">\n\t\t\t\t<div class=\"elementor-widget-container\">\n\t\t\t\t\t\t\t\t\t<div id=\"pl-24\" class=\"panel-layout\">\n<div id=\"pg-24-0\" class=\"panel-grid panel-no-style\">\n<div id=\"pgc-24-0-0\" class=\"panel-grid-cell\" data-weight=\"1\">\n<div id=\"panel-24-0-0-0\" class=\"so-panel widget widget_sow-editor panel-first-child panel-last-child\" data-index=\"0\" data-style=\"{\" background_image_attachment=\"\">\n<div class=\"so-widget-sow-editor so-widget-sow-editor-base\">\n<div class=\"siteorigin-widget-tinymce textwidget\">\n\n<span style=\"font-weight: 400;\">Lahemaan n\u00e4ht\u00e4vyydet l\u00f6ytyv\u00e4t helpoiten <a href=\"https:\/\/uus.visitlahemaa.com\/fi\/lahemaa-kartta\/\" target=\"_blank\" rel=\"noopener\">Navicup-karttasovelluksen<\/a> tai <a href=\"https:\/\/kaitsealad.ee\/sites\/default\/files\/uploads\/Lahemaa%20rahvuspark\/Infomaterjalid\/A2_lahemaa_est.jpg\" target=\"_blank\" rel=\"noopener\">tulostettavan kartan<\/a> avulla.<\/span>\n\n<span style=\"font-weight: 400;\">Lahemaan kansallispuisto tarjoaa parhaan k\u00e4sityksen tietoisen ihmistoiminnan ja kauniin luonnon vuorovaikutuksesta. Historiallinen kyl\u00e4 ja neuvostoaikainen perint\u00f6, yhdistettyn\u00e4 kuvankauniisiin luonnonmaisemiin, ovat luoneet monipuolisen valikoiman n\u00e4ht\u00e4vyyksi\u00e4 Lahemaassa.  <\/span>\n\nKoska Lahemaan kansallispuisto on niin monimuotoinen luonnoltaan, yhteis\u00f6ilt\u00e4\u00e4n ja toimintamahdollisuuksiltaan, t\u00e4\u00e4ll\u00e4 koettavat el\u00e4mykset eiv\u00e4t rajoitu vain visuaalisiin aistimuksiin. Siksi olet tervetullut Viron vanhimpaan kansallispuistoon tutkimaan kaikkia sen tarjoamia kokemuksia!  \n\n<b>Luonto<\/b><span style=\"font-weight: 400;\"> <\/span>\n\n<span style=\"font-weight: 400;\">Lahemaan kansallispuisto on todella rikas metsist\u00e4\u00e4n \u2013 se on yksi Euroopan suurimmista mets\u00e4nsuojelualueista. Lis\u00e4ksi j\u00e4\u00e4tik\u00f6n saapuminen 10 000 vuotta sitten levitti siirtolohkareita pohjoisrannikolle \u2013 helpoiten l\u00f6ydett\u00e4viss\u00e4 ovat Majakivi (3. suurin) ja Jaani-Tooman lohkare (20. suurin) Kasispeassa. Viron suurin siirtolohkare, Letipea Ehalkivi, sijaitsee 30 km Lahemaasta it\u00e4\u00e4n linnuntiet\u00e4. Kansallispuiston monipuoliset vaellusreitit metsiss\u00e4, soilla ja rannikkoa pitkin kutsuvat kuitenkin tutkimaan luontoa.    <\/span><span style=\"font-weight: 400;\">Oandu-Aegviidu-Ikla-vaellusreitti alkaa my\u00f6s Lahemaasta.<\/span>\n\n<\/div>\n<\/div>\n<\/div>\n<\/div>\n<\/div>\n<\/div>\t\t\t\t\t\t\t\t<\/div>\n\t\t\t\t<\/div>\n\t\t\t\t<div class=\"elementor-element elementor-element-6a1c1a5 elementor-widget elementor-widget-shortcode\" data-id=\"6a1c1a5\" data-element_type=\"widget\" data-e-type=\"widget\" data-widget_type=\"shortcode.default\">\n\t\t\t\t<div class=\"elementor-widget-container\">\n\t\t\t\t\t\t\t<div class=\"elementor-shortcode\"><div id='gallery-1' class='gallery galleryid-40518 gallery-columns-3 gallery-size-thumbnail'><figure class='gallery-item'>\n\t\t\t<div class='gallery-icon landscape'>\n\t\t\t\t<a href=\"https:\/\/uus.visitlahemaa.com\/fi\/nahtavyydet\/4-visit-lahemaa-kasmu-kadri-otsiver-2\/\"><img fetchpriority=\"high\" decoding=\"async\" width=\"300\" height=\"300\" src=\"https:\/\/uus.visitlahemaa.com\/wp-content\/uploads\/2023\/09\/4.-Visit-Lahemaa.-Kasmu.-Kadri-Otsiver-300x300.jpg\" class=\"attachment-thumbnail size-thumbnail\" alt=\"Lahemaa maastik\" aria-describedby=\"gallery-1-41079\" \/><\/a>\n\t\t\t<\/div>\n\t\t\t\t<figcaption class='wp-caption-text gallery-caption' id='gallery-1-41079'>\n\t\t\t\tAutor: Kadri Otsiver\n\t\t\t\t<\/figcaption><\/figure><figure class='gallery-item'>\n\t\t\t<div class='gallery-icon landscape'>\n\t\t\t\t<a href=\"https:\/\/uus.visitlahemaa.com\/fi\/nahtavyydet\/visit-lahemaa_talv_kadri-otsiver-2\/\"><img decoding=\"async\" width=\"300\" height=\"300\" src=\"https:\/\/uus.visitlahemaa.com\/wp-content\/uploads\/2023\/09\/Visit-Lahemaa_talv_Kadri-Otsiver-300x300.jpg\" class=\"attachment-thumbnail size-thumbnail\" alt=\"talver\u00f5\u00f5mud Lahemaal\" aria-describedby=\"gallery-1-41067\" \/><\/a>\n\t\t\t<\/div>\n\t\t\t\t<figcaption class='wp-caption-text gallery-caption' id='gallery-1-41067'>\n\t\t\t\tTalver\u00f5\u00f5mud Lahemaal\n\t\t\t\t<\/figcaption><\/figure><figure class='gallery-item'>\n\t\t\t<div class='gallery-icon landscape'>\n\t\t\t\t<a href=\"https:\/\/uus.visitlahemaa.com\/fi\/nahtavyydet\/visit-lahemaa_viru-raba_carl-martin-nisu-2\/\"><img decoding=\"async\" width=\"300\" height=\"300\" src=\"https:\/\/uus.visitlahemaa.com\/wp-content\/uploads\/2023\/09\/Visit-Lahemaa_Viru-raba_Carl-Martin-Nisu-300x300.jpg\" class=\"attachment-thumbnail size-thumbnail\" alt=\"Viru raba taevast\" aria-describedby=\"gallery-1-41073\" \/><\/a>\n\t\t\t<\/div>\n\t\t\t\t<figcaption class='wp-caption-text gallery-caption' id='gallery-1-41073'>\n\t\t\t\tAutor: Carl-Martin Nisu\n\t\t\t\t<\/figcaption><\/figure>\n\t\t<\/div>\n<\/div>\n\t\t\t\t\t\t<\/div>\n\t\t\t\t<\/div>\n\t\t\t\t<div class=\"elementor-element elementor-element-b4e5c2a elementor-widget elementor-widget-text-editor\" data-id=\"b4e5c2a\" data-element_type=\"widget\" data-e-type=\"widget\" data-widget_type=\"text-editor.default\">\n\t\t\t\t<div class=\"elementor-widget-container\">\n\t\t\t\t\t\t\t\t\t<div id=\"pl-24\" class=\"panel-layout\">\n<div id=\"pg-24-0\" class=\"panel-grid panel-no-style\">\n<div id=\"pgc-24-0-0\" class=\"panel-grid-cell\" data-weight=\"1\">\n<div id=\"panel-24-0-0-0\" class=\"so-panel widget widget_sow-editor panel-first-child panel-last-child\" data-index=\"0\" data-style=\"{\" background_image_attachment=\"\">\n<div class=\"so-widget-sow-editor so-widget-sow-editor-base\">\n<div class=\"siteorigin-widget-tinymce textwidget\">\n\n<b>Kyl\u00e4t <\/b>\n\n<span style=\"font-weight: 400;\">Lahemaassa monipuoliset asutukset rikastuttavat kaunista luontoa. V\u00f5su, Lahemaan lomakeskus, kutsuu ihanteellisella rannallaan kes\u00e4lomille, lukuisilla ruokapaikoillaan ja vilkkaalla iltael\u00e4m\u00e4ll\u00e4\u00e4n. Kuvankaunis kapteenien kyl\u00e4 K\u00e4smu tarjoaa kuitenkin mahdollisuuden paeta h\u00e4lin\u00e4\u00e4 ja nauttia merin\u00e4kymist\u00e4 ja ymp\u00e4r\u00f6ivist\u00e4 metsist\u00e4 lyhyemmill\u00e4 ja pidemmill\u00e4 k\u00e4velyill\u00e4. Viinistussa, kansallispuiston kulttuurikeskuksessa, l\u00f6yd\u00e4t Viron suurimman yksityisen taidemuseon ja kauden aikana kaikenlaisia esityksi\u00e4 ja konsertteja. Jumindan niemimaalla, Leesiss\u00e4, sinua tervehtiv\u00e4t tiivis paikallisyhteis\u00f6 ja heid\u00e4n viihtyis\u00e4 kyl\u00e4kauppansa.     <\/span>\n\n<\/div>\n<\/div>\n<\/div>\n<\/div>\n<\/div>\n<\/div>\t\t\t\t\t\t\t\t<\/div>\n\t\t\t\t<\/div>\n\t\t\t\t<div class=\"elementor-element elementor-element-aad14bb elementor-widget elementor-widget-shortcode\" data-id=\"aad14bb\" data-element_type=\"widget\" data-e-type=\"widget\" data-widget_type=\"shortcode.default\">\n\t\t\t\t<div class=\"elementor-widget-container\">\n\t\t\t\t\t\t\t<div class=\"elementor-shortcode\"><div id='gallery-2' class='gallery galleryid-40518 gallery-columns-3 gallery-size-thumbnail'><figure class='gallery-item'>\n\t\t\t<div class='gallery-icon landscape'>\n\t\t\t\t<a href=\"https:\/\/uus.visitlahemaa.com\/fi\/nahtavyydet\/visit-lahemaa_vosu_aivar-partel_2-2\/\"><img loading=\"lazy\" decoding=\"async\" width=\"300\" height=\"300\" src=\"https:\/\/uus.visitlahemaa.com\/wp-content\/uploads\/2023\/09\/Visit-Lahemaa_Vosu_Aivar-Partel_2-300x300.jpg\" class=\"attachment-thumbnail size-thumbnail\" alt=\"\" aria-describedby=\"gallery-2-41127\" \/><\/a>\n\t\t\t<\/div>\n\t\t\t\t<figcaption class='wp-caption-text gallery-caption' id='gallery-2-41127'>\n\t\t\t\tV\u00f5su | Autor: \n\t\t\t\t<\/figcaption><\/figure><figure class='gallery-item'>\n\t\t\t<div class='gallery-icon landscape'>\n\t\t\t\t<a href=\"https:\/\/uus.visitlahemaa.com\/fi\/nahtavyydet\/visit-lahemaa_leesi-pood_kadri-otsiver_4-2\/\"><img loading=\"lazy\" decoding=\"async\" width=\"300\" height=\"300\" src=\"https:\/\/uus.visitlahemaa.com\/wp-content\/uploads\/2023\/09\/Visit-Lahemaa_Leesi-pood_Kadri-Otsiver_4-300x300.jpg\" class=\"attachment-thumbnail size-thumbnail\" alt=\"\" aria-describedby=\"gallery-2-41141\" \/><\/a>\n\t\t\t<\/div>\n\t\t\t\t<figcaption class='wp-caption-text gallery-caption' id='gallery-2-41141'>\n\t\t\t\tLeesi | Autor: Kadri Otsiver\n\t\t\t\t<\/figcaption><\/figure><figure class='gallery-item'>\n\t\t\t<div class='gallery-icon landscape'>\n\t\t\t\t<a href=\"https:\/\/uus.visitlahemaa.com\/fi\/nahtavyydet\/visit-lahemaa_altja-paadikuurid_carl-martin-nisu_3-2\/\"><img loading=\"lazy\" decoding=\"async\" width=\"300\" height=\"300\" src=\"https:\/\/uus.visitlahemaa.com\/wp-content\/uploads\/2023\/09\/Visit-Lahemaa_Altja-paadikuurid_Carl-Martin-Nisu_3-300x300.jpg\" class=\"attachment-thumbnail size-thumbnail\" alt=\"\" aria-describedby=\"gallery-2-41133\" \/><\/a>\n\t\t\t<\/div>\n\t\t\t\t<figcaption class='wp-caption-text gallery-caption' id='gallery-2-41133'>\n\t\t\t\tAltja | Autor: Carl-Martin Nisu\n\t\t\t\t<\/figcaption><\/figure>\n\t\t<\/div>\n<\/div>\n\t\t\t\t\t\t<\/div>\n\t\t\t\t<\/div>\n\t\t\t\t<div class=\"elementor-element elementor-element-e78b042 elementor-widget elementor-widget-text-editor\" data-id=\"e78b042\" data-element_type=\"widget\" data-e-type=\"widget\" data-widget_type=\"text-editor.default\">\n\t\t\t\t<div class=\"elementor-widget-container\">\n\t\t\t\t\t\t\t\t\t<div id=\"pl-24\" class=\"panel-layout\"><div id=\"pg-24-0\" class=\"panel-grid panel-no-style\"><div id=\"pgc-24-0-0\" class=\"panel-grid-cell\" data-weight=\"1\"><div id=\"panel-24-0-0-0\" class=\"so-panel widget widget_sow-editor panel-first-child panel-last-child\" data-index=\"0\" data-style=\"{\" background_image_attachment=\"\"><div class=\"so-widget-sow-editor so-widget-sow-editor-base\"><div class=\"siteorigin-widget-tinymce textwidget\"><p><b>Kulttuuri ja historia<\/b><\/p><p><span style=\"font-weight: 400;\">Lahemaan historiassa <a href=\"https:\/\/uus.visitlahemaa.com\/fi\/loyda-lahemaalta\/kartanoita\/\" target=\"_blank\" rel=\"noopener\">kartanoilla<\/a> on ollut t\u00e4rke\u00e4 rooli. Uudistetut Palmsen, Sagadin ja Vihulan kartanot hemmottelevat vierailijoita erilaisilla palveluilla ja kutsuvat kaikkia nauttimaan niiden vieh\u00e4tyksest\u00e4 ymp\u00e4ri vuoden. Viron suurin kartano sijaitsee Kolgassa. T\u00e4m\u00e4n mystisen j\u00e4ttil\u00e4isen tutkimiseen ota yhteytt\u00e4 paikalliseen oppaaseen. Voit oppia rannikkokylien historiasta Altjassa ja K\u00e4smun merimuseossa.     <\/span><\/p><p>Sotilasperinn\u00f6st\u00e4 kiinnostuneille on avoinna mystinen Haran sukellusvenemagnetointiasema, jota kehitet\u00e4\u00e4n parhaillaan pieneksi satamaksi. P\u00e4rispean niemimaalla l\u00f6yd\u00e4t useita j\u00e4nnitt\u00e4vi\u00e4 sotilasrakennuksia, mutta ajan kuluttamat rakenteet ovat eri asteissa rappeutuneita, ja varovaisuutta suositellaan aina.  <\/p><\/div><\/div><\/div><\/div><\/div><\/div>\t\t\t\t\t\t\t\t<\/div>\n\t\t\t\t<\/div>\n\t\t\t\t<div class=\"elementor-element elementor-element-a075c92 elementor-widget elementor-widget-shortcode\" data-id=\"a075c92\" data-element_type=\"widget\" data-e-type=\"widget\" data-widget_type=\"shortcode.default\">\n\t\t\t\t<div class=\"elementor-widget-container\">\n\t\t\t\t\t\t\t<div class=\"elementor-shortcode\"><div id='gallery-3' class='gallery galleryid-40518 gallery-columns-3 gallery-size-thumbnail'><figure class='gallery-item'>\n\t\t\t<div class='gallery-icon landscape'>\n\t\t\t\t<a href=\"https:\/\/uus.visitlahemaa.com\/fi\/nahtavyydet\/visit-lahemaa_altja-paadikuurid_carl-martin-nisu_2-2\/\"><img loading=\"lazy\" decoding=\"async\" width=\"300\" height=\"300\" src=\"https:\/\/uus.visitlahemaa.com\/wp-content\/uploads\/2023\/09\/Visit-Lahemaa_Altja-paadikuurid_Carl-Martin-Nisu_2-300x300.jpg\" class=\"attachment-thumbnail size-thumbnail\" alt=\"\" aria-describedby=\"gallery-3-41154\" \/><\/a>\n\t\t\t<\/div>\n\t\t\t\t<figcaption class='wp-caption-text gallery-caption' id='gallery-3-41154'>\n\t\t\t\tAutor: Carl-Martin Nisu\n\t\t\t\t<\/figcaption><\/figure><figure class='gallery-item'>\n\t\t\t<div class='gallery-icon landscape'>\n\t\t\t\t<a href=\"https:\/\/uus.visitlahemaa.com\/fi\/nahtavyydet\/visit-lahemaa_palmse-mois_kadri-otsiver_8-2\/\"><img loading=\"lazy\" decoding=\"async\" width=\"300\" height=\"300\" src=\"https:\/\/uus.visitlahemaa.com\/wp-content\/uploads\/2023\/09\/Visit-Lahemaa_Palmse-mois_Kadri-Otsiver_8-300x300.jpg\" class=\"attachment-thumbnail size-thumbnail\" alt=\"\" aria-describedby=\"gallery-3-41166\" \/><\/a>\n\t\t\t<\/div>\n\t\t\t\t<figcaption class='wp-caption-text gallery-caption' id='gallery-3-41166'>\n\t\t\t\tAutor: Kadri Otsiver\n\t\t\t\t<\/figcaption><\/figure><figure class='gallery-item'>\n\t\t\t<div class='gallery-icon landscape'>\n\t\t\t\t<a href=\"https:\/\/uus.visitlahemaa.com\/fi\/nahtavyydet\/visit-lahemaa_kasmu-jaanipaev_aivar-partel-2\/\"><img loading=\"lazy\" decoding=\"async\" width=\"300\" height=\"300\" src=\"https:\/\/uus.visitlahemaa.com\/wp-content\/uploads\/2023\/09\/Visit-Lahemaa_Kasmu-jaanipaev_Aivar-Partel-300x300.jpg\" class=\"attachment-thumbnail size-thumbnail\" alt=\"\" aria-describedby=\"gallery-3-41148\" \/><\/a>\n\t\t\t<\/div>\n\t\t\t\t<figcaption class='wp-caption-text gallery-caption' id='gallery-3-41148'>\n\t\t\t\tAutor: Aivar P\u00e4rtel\n\t\t\t\t<\/figcaption><\/figure>\n\t\t<\/div>\n<\/div>\n\t\t\t\t\t\t<\/div>\n\t\t\t\t<\/div>\n\t\t\t\t<div class=\"elementor-element elementor-element-230baef elementor-widget elementor-widget-text-editor\" data-id=\"230baef\" data-element_type=\"widget\" data-e-type=\"widget\" data-widget_type=\"text-editor.default\">\n\t\t\t\t<div class=\"elementor-widget-container\">\n\t\t\t\t\t\t\t\t\t<div id=\"pl-24\" class=\"panel-layout\"><div id=\"pg-24-0\" class=\"panel-grid panel-no-style\"><div id=\"pgc-24-0-0\" class=\"panel-grid-cell\" data-weight=\"1\"><div id=\"panel-24-0-0-0\" class=\"so-panel widget widget_sow-editor panel-first-child panel-last-child\" data-index=\"0\" data-style=\"{\" background_image_attachment=\"\"><div class=\"so-widget-sow-editor so-widget-sow-editor-base\"><div class=\"siteorigin-widget-tinymce textwidget\"><p><strong>T\u00e4m\u00e4 on vain pieni osa siit\u00e4, mit\u00e4 Lahemaa tarjoaa; l\u00f6yd\u00e4t Lahemaan n\u00e4ht\u00e4vyydet, kun vierailet meill\u00e4!<\/strong><\/p><\/div><\/div><\/div><\/div><\/div><\/div>\t\t\t\t\t\t\t\t<\/div>\n\t\t\t\t<\/div>\n\t\t\t\t\t<\/div>\n\t\t\t\t<\/div>\n\t\t\t\t<\/div>\n\t\t","protected":false},"excerpt":{"rendered":"<p>Lahemaan n\u00e4ht\u00e4vyydet l\u00f6ytyv\u00e4t helpoiten Navicup-karttasovelluksen tai tulostettavan kartan avulla. Lahemaan kansallispuisto tarjoaa parhaan k\u00e4sityksen tietoisen ihmistoiminnan ja kauniin luonnon vuorovaikutuksesta. Historiallinen kyl\u00e4 ja neuvostoaikainen perint\u00f6, yhdistettyn\u00e4 kuvankauniisiin luonnonmaisemiin, ovat luoneet monipuolisen valikoiman n\u00e4ht\u00e4vyyksi\u00e4 Lahemaassa. Koska Lahemaan kansallispuisto on niin monimuotoinen luonnoltaan, yhteis\u00f6ilt\u00e4\u00e4n ja toimintamahdollisuuksiltaan, t\u00e4\u00e4ll\u00e4 koettavat el\u00e4mykset eiv\u00e4t rajoitu vain visuaalisiin aistimuksiin. Siksi olet tervetullut [&hellip;]<\/p>\n","protected":false},"author":100010016,"featured_media":41336,"parent":0,"menu_order":0,"comment_status":"closed","ping_status":"closed","template":"","meta":{"_acf_changed":false,"_lmt_disableupdate":"","_lmt_disable":"","_monsterinsights_skip_tracking":false,"_monsterinsights_sitenote_active":false,"_monsterinsights_sitenote_note":"","_monsterinsights_sitenote_category":0,"footnotes":"","_links_to":"","_links_to_target":""},"class_list":["post-40518","page","type-page","status-publish","has-post-thumbnail","hentry"],"acf":[],"_links":{"self":[{"href":"https:\/\/uus.visitlahemaa.com\/fi\/wp-json\/wp\/v2\/pages\/40518","targetHints":{"allow":["GET"]}}],"collection":[{"href":"https:\/\/uus.visitlahemaa.com\/fi\/wp-json\/wp\/v2\/pages"}],"about":[{"href":"https:\/\/uus.visitlahemaa.com\/fi\/wp-json\/wp\/v2\/types\/page"}],"author":[{"embeddable":true,"href":"https:\/\/uus.visitlahemaa.com\/fi\/wp-json\/wp\/v2\/users\/100010016"}],"replies":[{"embeddable":true,"href":"https:\/\/uus.visitlahemaa.com\/fi\/wp-json\/wp\/v2\/comments?post=40518"}],"version-history":[{"count":2,"href":"https:\/\/uus.visitlahemaa.com\/fi\/wp-json\/wp\/v2\/pages\/40518\/revisions"}],"predecessor-version":[{"id":46254,"href":"https:\/\/uus.visitlahemaa.com\/fi\/wp-json\/wp\/v2\/pages\/40518\/revisions\/46254"}],"wp:featuredmedia":[{"embeddable":true,"href":"https:\/\/uus.visitlahemaa.com\/fi\/wp-json\/wp\/v2\/media\/41336"}],"wp:attachment":[{"href":"https:\/\/uus.visitlahemaa.com\/fi\/wp-json\/wp\/v2\/media?parent=40518"}],"curies":[{"name":"wp","href":"https:\/\/api.w.org\/{rel}","templated":true}]}}