{"id":39682,"date":"2023-05-02T16:08:02","date_gmt":"2023-05-02T13:08:02","guid":{"rendered":"https:\/\/uus.visitlahemaa.com\/?page_id=39682"},"modified":"2025-09-01T09:49:47","modified_gmt":"2025-09-01T06:49:47","slug":"our-area","status":"publish","type":"page","link":"https:\/\/uus.visitlahemaa.com\/en\/lahemaast\/our-area\/","title":{"rendered":"Our Region"},"content":{"rendered":"\t\t<div data-elementor-type=\"wp-page\" data-elementor-id=\"39682\" class=\"elementor elementor-39682 elementor-37889\" data-elementor-post-type=\"page\">\n\t\t\t\t<div class=\"elementor-element elementor-element-263d0e68 e-flex e-con-boxed e-con e-parent\" data-id=\"263d0e68\" data-element_type=\"container\" data-e-type=\"container\">\n\t\t\t\t\t<div class=\"e-con-inner\">\n\t\t\t\t<div class=\"elementor-element elementor-element-434d3c17 elementor-widget elementor-widget-text-editor\" data-id=\"434d3c17\" data-element_type=\"widget\" data-e-type=\"widget\" data-widget_type=\"text-editor.default\">\n\t\t\t\t<div class=\"elementor-widget-container\">\n\t\t\t\t\t\t\t\t\t<p>Lahemaa \u2013 the first national park established in the Soviet Union and also Estonia&#8217;s oldest and largest national park \u2013 captivates with its diverse natural landscapes and rich cultural heritage. Here you can enjoy the peace and quiet of nature on a sandy seashore, in an ancient bog, on a juniper-covered alvar, or on a green riverbank. Lahemaa is one of Europe&#8217;s most important forest conservation areas and belongs to the Natura 2000 network. The local coast is famous for its abundance of erratic boulders and stone fields. The formation of the landscape has been influenced by the Baltic Klint.    <u><\/u><u><\/u><\/p><p><u><\/u> <u><\/u><\/p><p>The Lahemaa National Park tourism region, located in five municipalities across two counties \u2013 in <a href=\"https:\/\/www.kuusalu.ee\/\" target=\"_blank\" rel=\"noopener\">Kuusalu Parish<\/a> and <a href=\"https:\/\/www.loksalinn.ee\/\" target=\"_blank\" rel=\"noopener\">Loksa City<\/a> in Harju County, and in <a href=\"https:\/\/www.haljala.ee\/\" target=\"_blank\" rel=\"noopener\">Haljala<\/a>, <a href=\"https:\/\/www.kadrina.ee\/\" target=\"_blank\" rel=\"noopener\">Kadrina<\/a>, and <a href=\"https:\/\/www.tapa.ee\/\" target=\"_blank\" rel=\"noopener\">Tapa Parishes<\/a> in L\u00e4\u00e4ne-Viru County \u2013 also includes the P\u00f5hja-K\u00f5rvemaa Nature Reserve, located amidst forests and bogs, and the hilly Neeruti Landscape Protection Area. Approximately 24,000 people live in the region. Active communities and small businesses operate here. The most important economic sectors are agriculture and forestry. The most active developer of tourism activities is the <a href=\"https:\/\/uus.visitlahemaa.com\/en\/info\/visit-lahemaa\/\" target=\"_blank\" rel=\"noopener\">Lahemaa Tourism Association<\/a>.    <u><\/u><\/p><p><u><\/u> <u><\/u><\/p><p>This area, with its pleasant forests, peaceful sandy beaches, large erratic boulders, picturesque forest lakes, and well-maintained hiking trails, is a paradise for nature lovers. Accommodation options include both holiday homes and holiday villages. Several caterers bear the North Estonian local food label. Lahemaa holds the Europarc Sustainable Tourism Certificate from the European Federation of Protected Areas and the global Green Destination Gold Level.   <u><\/u><u><\/u><\/p><p><u><\/u> <u><\/u><\/p><p>Rich cultural heritage can be found in old coastal and rural villages, small towns, and two small towns with unique history and architecture \u2013 Loksa and Tapa. The region is home to several interesting manors, with J\u00e4neda, Kiiu, Kolga, Palmse, Sagadi, Vihula, and Neeruti leaving the most impressive impression. Landmarks include Kadrina and Kuusalu churches and Viitna Tavern. Viinistu houses the largest private collection of Estonian art, and K\u00e4smu has a maritime museum. Smaller museums are also worth visiting. Military enthusiasts can find exciting Soviet-era border guard facilities. More and more small ports in Northern Estonia are ready to serve visitors.      <u><\/u><u><\/u><\/p><p><u><\/u> <u><\/u><\/p><p>A large part of Estonia&#8217;s old folk songs and dances have been collected from Lahemaa. Folk culture is kept alive by community centers, where, in addition to community events, private parties and seminars can be organized, and public events take place. Cultural life is especially vibrant in summer, when several traditional outdoor events take place: J\u00e4neda Farm Days, Fishermen&#8217;s Day celebrations in coastal villages, music festivals in V\u00f5su, St. Lawrence&#8217;s Day festivities in Kuusalu, Viru Folk in K\u00e4smu, Tapa Sausage Festival, Loksa City Day, and ancient fires night bonfires on the beaches. It is also worth visiting the Presidential Hike and fairs in Kuusalu, J\u00e4neda, Kolga, and Loksa.   <u><\/u><u><\/u><\/p><p> <\/p><p>The basis for cooperation in the Lahemaa National Park tourism region is the <a href=\"http:\/\/arenduskoda.ee\/et\/\" target=\"_blank\" rel=\"noopener\">Arenduskoda<\/a> non-profit organization-led creation of <a href=\"http:\/\/arenduskoda.ee\/Data\/2015\/Dokumendid\/Projektid\/Rahvuspargid\/Lahemaa_turismipiirkonna_arengu_strateegia_16.11.2018.pdf\" target=\"_blank\" rel=\"noopener\">&#8220;Lahemaa National Park Tourism Region Sustainable Development Strategy 2019-2030+&#8221;<\/a><\/p>\t\t\t\t\t\t\t\t<\/div>\n\t\t\t\t<\/div>\n\t\t\t\t\t<\/div>\n\t\t\t\t<\/div>\n\t\t\t\t<\/div>\n\t\t","protected":false},"excerpt":{"rendered":"<p>Lahemaa \u2013 the first national park established in the Soviet Union and also Estonia&#8217;s oldest and largest national park \u2013 captivates with its diverse natural landscapes and rich cultural heritage. Here you can enjoy the peace and quiet of nature on a sandy seashore, in an ancient bog, on a juniper-covered alvar, or on a [&hellip;]<\/p>\n","protected":false},"author":100010024,"featured_media":41448,"parent":39672,"menu_order":0,"comment_status":"closed","ping_status":"closed","template":"","meta":{"_acf_changed":false,"_lmt_disableupdate":"","_lmt_disable":"","_monsterinsights_skip_tracking":false,"_monsterinsights_sitenote_active":false,"_monsterinsights_sitenote_note":"","_monsterinsights_sitenote_category":0,"footnotes":"","_links_to":"","_links_to_target":""},"class_list":["post-39682","page","type-page","status-publish","has-post-thumbnail","hentry"],"acf":[],"_links":{"self":[{"href":"https:\/\/uus.visitlahemaa.com\/en\/wp-json\/wp\/v2\/pages\/39682","targetHints":{"allow":["GET"]}}],"collection":[{"href":"https:\/\/uus.visitlahemaa.com\/en\/wp-json\/wp\/v2\/pages"}],"about":[{"href":"https:\/\/uus.visitlahemaa.com\/en\/wp-json\/wp\/v2\/types\/page"}],"author":[{"embeddable":true,"href":"https:\/\/uus.visitlahemaa.com\/en\/wp-json\/wp\/v2\/users\/100010024"}],"replies":[{"embeddable":true,"href":"https:\/\/uus.visitlahemaa.com\/en\/wp-json\/wp\/v2\/comments?post=39682"}],"version-history":[{"count":2,"href":"https:\/\/uus.visitlahemaa.com\/en\/wp-json\/wp\/v2\/pages\/39682\/revisions"}],"predecessor-version":[{"id":45729,"href":"https:\/\/uus.visitlahemaa.com\/en\/wp-json\/wp\/v2\/pages\/39682\/revisions\/45729"}],"up":[{"embeddable":true,"href":"https:\/\/uus.visitlahemaa.com\/en\/wp-json\/wp\/v2\/pages\/39672"}],"wp:featuredmedia":[{"embeddable":true,"href":"https:\/\/uus.visitlahemaa.com\/en\/wp-json\/wp\/v2\/media\/41448"}],"wp:attachment":[{"href":"https:\/\/uus.visitlahemaa.com\/en\/wp-json\/wp\/v2\/media?parent=39682"}],"curies":[{"name":"wp","href":"https:\/\/api.w.org\/{rel}","templated":true}]}}