{"id":39643,"date":"2023-02-19T11:30:40","date_gmt":"2023-02-19T09:30:40","guid":{"rendered":"https:\/\/uus.visitlahemaa.com\/avasta\/lahemaa-ring\/lahemaa-kiviring\/"},"modified":"2025-09-01T09:49:51","modified_gmt":"2025-09-01T06:49:51","slug":"lahemaa-kiviring","status":"publish","type":"page","link":"https:\/\/uus.visitlahemaa.com\/en\/discover\/around-the-lahemaa\/lahemaa-kiviring\/","title":{"rendered":"Lahemaa Stone Ring"},"content":{"rendered":"\t\t<div data-elementor-type=\"wp-page\" data-elementor-id=\"39643\" class=\"elementor elementor-39643 elementor-38655\" data-elementor-post-type=\"page\">\n\t\t\t\t<div class=\"elementor-element elementor-element-215432c e-flex e-con-boxed e-con e-parent\" data-id=\"215432c\" data-element_type=\"container\" data-e-type=\"container\">\n\t\t\t\t\t<div class=\"e-con-inner\">\n\t\t\t\t<div class=\"elementor-element elementor-element-711f78fd elementor-widget elementor-widget-text-editor\" data-id=\"711f78fd\" data-element_type=\"widget\" data-e-type=\"widget\" data-widget_type=\"text-editor.default\">\n\t\t\t\t<div class=\"elementor-widget-container\">\n\t\t\t\t\t\t\t\t\t<p>Lahemaa is the land of giant boulders. Here you can find at least 20 giant boulders (with a diameter of over 10 meters or<br>a circumference of over 25 meters), more than anywhere else in Europe. In Estonia, the study of erratic boulders was initiated<br>at the end of the 19th century by Helmersen, director of the Russian Geological Committee, who mapped erratic boulders in Lahemaa together with the Baron of Palmse.<br>One way to discover Lahemaa is to tour it by visiting<br>its boulders. More information about Lahemaa&#8217;s erratic boulders can be found at the Palmse and Oandu visitor centers and<br>on the information board near the Altja boat sheds.    <\/p><p> <\/p><p><a href=\"https:\/\/goo.gl\/maps\/HWxTFtYBkaEW4npJA\" target=\"_blank\" rel=\"noopener\">Stone circle locations on Google Maps<\/a><\/p><p> <\/p><p>1. Majakivi is Estonia&#8217;s third-largest erratic boulder, located on the Juminda Peninsula. A 7 km nature trail leads to it,<br>which also features a viewing tower.<br>2. Mardimiku boulder, located on the bank of the Valgej\u00f5gi River on the outskirts of Loksa, is named after a nearby farm.<br>3. Mustkivi, located on the seashore opposite the Viinistu Art Museum, is a &#8216;baby stone&#8217; from behind which, according to<br>legend, the village children originated.<br>4. Jaani-Tooma boulder in Kasispea village has been one of the symbols of Lahemaa National Park and Estonia&#8217;s<br>most famous giant boulder.<br>5. Two of the Tammispea giant boulders meet the criteria for a giant boulder. The largest of them claims the title of Estonia&#8217;s<br>tallest boulder.<br>6. K\u00e4smu boulder field, possibly the world&#8217;s largest, is located in the forest along a hiking trail. In K\u00e4smu, it&#8217;s also worth walking<br>to the Vana-J\u00fcri boulders, which offer a beautiful view of Saartneeme.<br>7. A 2.5 km hiking trail leads to Ojakivi in the forest near V\u00f5su township. Ojakivi is the 3rd largest by volume<br>in Lahemaa and 14th in Estonia.<br>8. The Altja giant boulder near the net sheds is the &#8216;baby stone&#8217; of Altja village. All the village children were said to have been brought from behind it.<br>If any child wanted a brother or sister, they had to go and knock on the stone, and the wish would come true.<br>9. Kaarna boulder, associated with many legends and love stories, is located on the seashore in Vainupea village.<br>From Kaarna boulder, one can get revitalizing water and an underground passage leading to the underworld starts beneath it.<br>10. Vahakivi is a giant boulder in Palmse associated with many names and several ancient legends.        <\/p>\t\t\t\t\t\t\t\t<\/div>\n\t\t\t\t<\/div>\n\t\t\t\t\t<\/div>\n\t\t\t\t<\/div>\n\t\t\t\t<\/div>\n\t\t","protected":false},"excerpt":{"rendered":"<p>Lahemaa is the land of giant boulders. Here you can find at least 20 giant boulders (with a diameter of over 10 meters ora circumference of over 25 meters), more than anywhere else in Europe. In Estonia, the study of erratic boulders was initiatedat the end of the 19th century by Helmersen, director of the [&hellip;]<\/p>\n","protected":false},"author":100010028,"featured_media":37914,"parent":39640,"menu_order":0,"comment_status":"closed","ping_status":"closed","template":"","meta":{"_acf_changed":false,"_lmt_disableupdate":"","_lmt_disable":"","_monsterinsights_skip_tracking":false,"_monsterinsights_sitenote_active":false,"_monsterinsights_sitenote_note":"","_monsterinsights_sitenote_category":0,"footnotes":"","_links_to":"","_links_to_target":""},"class_list":["post-39643","page","type-page","status-publish","has-post-thumbnail","hentry"],"acf":[],"_links":{"self":[{"href":"https:\/\/uus.visitlahemaa.com\/en\/wp-json\/wp\/v2\/pages\/39643","targetHints":{"allow":["GET"]}}],"collection":[{"href":"https:\/\/uus.visitlahemaa.com\/en\/wp-json\/wp\/v2\/pages"}],"about":[{"href":"https:\/\/uus.visitlahemaa.com\/en\/wp-json\/wp\/v2\/types\/page"}],"author":[{"embeddable":true,"href":"https:\/\/uus.visitlahemaa.com\/en\/wp-json\/wp\/v2\/users\/100010028"}],"replies":[{"embeddable":true,"href":"https:\/\/uus.visitlahemaa.com\/en\/wp-json\/wp\/v2\/comments?post=39643"}],"version-history":[{"count":2,"href":"https:\/\/uus.visitlahemaa.com\/en\/wp-json\/wp\/v2\/pages\/39643\/revisions"}],"predecessor-version":[{"id":45850,"href":"https:\/\/uus.visitlahemaa.com\/en\/wp-json\/wp\/v2\/pages\/39643\/revisions\/45850"}],"up":[{"embeddable":true,"href":"https:\/\/uus.visitlahemaa.com\/en\/wp-json\/wp\/v2\/pages\/39640"}],"wp:featuredmedia":[{"embeddable":true,"href":"https:\/\/uus.visitlahemaa.com\/en\/wp-json\/wp\/v2\/media\/37914"}],"wp:attachment":[{"href":"https:\/\/uus.visitlahemaa.com\/en\/wp-json\/wp\/v2\/media?parent=39643"}],"curies":[{"name":"wp","href":"https:\/\/api.w.org\/{rel}","templated":true}]}}