{"id":46260,"date":"2025-09-01T10:38:35","date_gmt":"2025-09-01T07:38:35","guid":{"rendered":"https:\/\/uus.visitlahemaa.com\/plan\/transport\/"},"modified":"2025-09-04T02:02:53","modified_gmt":"2025-09-03T23:02:53","slug":"transport","status":"publish","type":"page","link":"https:\/\/uus.visitlahemaa.com\/de\/plan\/transport\/","title":{"rendered":"Transport"},"content":{"rendered":"\t\t<div data-elementor-type=\"wp-page\" data-elementor-id=\"46260\" class=\"elementor elementor-46260 elementor-184\" data-elementor-post-type=\"page\">\n\t\t\t\t<div class=\"elementor-element elementor-element-b205fcb e-flex e-con-boxed e-con e-parent\" data-id=\"b205fcb\" data-element_type=\"container\" data-e-type=\"container\">\n\t\t\t\t\t<div class=\"e-con-inner\">\n\t\t\t\t<div class=\"elementor-element elementor-element-0cd7f60 elementor-widget elementor-widget-text-editor\" data-id=\"0cd7f60\" data-element_type=\"widget\" data-e-type=\"widget\" data-widget_type=\"text-editor.default\">\n\t\t\t\t<div class=\"elementor-widget-container\">\n\t\t\t\t\t\t\t\t\t<p>Transport nach, in oder von Lahemaa \u2013 die Stra\u00dfen des Nationalparks sind hervorragend befahrbar, sowohl mit R\u00e4dern, Pedalen als auch zu Fu\u00df.<\/p>\t\t\t\t\t\t\t\t<\/div>\n\t\t\t\t<\/div>\n\t\t\t\t<div class=\"elementor-element elementor-element-58a2502 elementor-widget elementor-widget-text-editor\" data-id=\"58a2502\" data-element_type=\"widget\" data-e-type=\"widget\" data-widget_type=\"text-editor.default\">\n\t\t\t\t<div class=\"elementor-widget-container\">\n\t\t\t\t\t\t\t\t\t<p> <\/p><p>Da das Gebiet des Lahemaa-Nationalparks teilweise sowohl L\u00e4\u00e4ne-Virumaa als auch Harjumaa abdeckt, ist die daraus resultierende Transportorganisation auf die Anziehungspunkte der jeweiligen Landkreise ausgerichtet und ber\u00fccksichtigt nicht die Interessen der Touristen, die den Nationalpark besuchen.<br><br>Eine wichtige Aktivit\u00e4t des Lahemaa Tourismusverbandes in naher Zukunft ist es, organische Bewegungswege in Lahemaa zu erleichtern, die sich aus den Interessen der Nationalparkbesucher sowie der unternehmungslustigen Menschen, die sich an den Tourismusaktivit\u00e4ten in Lahemaa beteiligen, entwickelt haben.<br><br>Erste Versuche, den Gemeinschaftstransport in touristische Aktivit\u00e4ten zu integrieren, finden bereits im Fr\u00fchjahr\/Sommer 2023 statt. Langfristig ist es Priorit\u00e4t, den G\u00e4sten von Lahemaa mehr Seewege zu er\u00f6ffnen und Vergn\u00fcgungsfahrten und Exkursionen in den Meeresbuchten sowie Transfers zwischen den verschiedenen H\u00e4fen von Lahemaa anzubieten.  <\/p>\t\t\t\t\t\t\t\t<\/div>\n\t\t\t\t<\/div>\n\t\t\t\t\t<\/div>\n\t\t\t\t<\/div>\n\t\t<div class=\"elementor-element elementor-element-238bfe5 e-con-full e-flex e-con e-parent\" data-id=\"238bfe5\" data-element_type=\"container\" data-e-type=\"container\">\n\t\t<div class=\"elementor-element elementor-element-8c6ae75 e-con-full e-flex e-con e-child\" data-id=\"8c6ae75\" data-element_type=\"container\" data-e-type=\"container\">\n\t\t<div class=\"elementor-element elementor-element-2b517bf e-con-full e-flex e-con e-child\" data-id=\"2b517bf\" data-element_type=\"container\" data-e-type=\"container\">\n\t\t<div class=\"elementor-element elementor-element-d2ebe2e e-con-full e-flex elementor-invisible e-con e-child\" data-id=\"d2ebe2e\" data-element_type=\"container\" data-e-type=\"container\" data-settings=\"{&quot;animation&quot;:&quot;fadeIn&quot;}\">\n\t\t\t\t<div class=\"elementor-element elementor-element-da57a24 elementor-widget elementor-widget-heading\" data-id=\"da57a24\" data-element_type=\"widget\" data-e-type=\"widget\" data-widget_type=\"heading.default\">\n\t\t\t\t<div class=\"elementor-widget-container\">\n\t\t\t\t\t<h2 class=\"elementor-heading-title elementor-size-default\">Bus<\/h2>\t\t\t\t<\/div>\n\t\t\t\t<\/div>\n\t\t\t\t<div class=\"elementor-element elementor-element-cd84ef8 elementor-widget elementor-widget-text-editor\" data-id=\"cd84ef8\" data-element_type=\"widget\" data-e-type=\"widget\" data-widget_type=\"text-editor.default\">\n\t\t\t\t<div class=\"elementor-widget-container\">\n\t\t\t\t\t\t\t\t\t<p>\u00d6ffentliche Verkehrsmittel fahren t\u00e4glich von Tallinn, Rakvere und Kadrina nach Lahemaa und bieten die dichteste Verbindung zur Stadt Loksa.<br>Die aktuellsten Fahrplaninformationen finden Sie auf der <a href=\"https:\/\/www.kuusalu.ee\/avalikud\" target=\"_blank\" rel=\"noopener\">Website der Gemeinde Kuusalu<\/a> oder \u00fcber den Reiseplaner <a href=\"http:\/\/www.peatus.ee\/\" target=\"_blank\" rel=\"noopener\">peatus.ee<\/a><\/p>\t\t\t\t\t\t\t\t<\/div>\n\t\t\t\t<\/div>\n\t\t\t\t<\/div>\n\t\t\t\t<\/div>\n\t\t\t\t<\/div>\n\t\t<div class=\"elementor-element elementor-element-5d82fec e-con-full e-flex e-con e-child\" data-id=\"5d82fec\" data-element_type=\"container\" data-e-type=\"container\">\n\t\t\t\t<div class=\"elementor-element elementor-element-79ad3d0 elementor-widget elementor-widget-image\" data-id=\"79ad3d0\" data-element_type=\"widget\" data-e-type=\"widget\" data-settings=\"{&quot;motion_fx_motion_fx_scrolling&quot;:&quot;yes&quot;,&quot;motion_fx_scale_effect&quot;:&quot;yes&quot;,&quot;motion_fx_scale_speed&quot;:{&quot;unit&quot;:&quot;px&quot;,&quot;size&quot;:1,&quot;sizes&quot;:[]},&quot;motion_fx_scale_range&quot;:{&quot;unit&quot;:&quot;%&quot;,&quot;size&quot;:&quot;&quot;,&quot;sizes&quot;:{&quot;start&quot;:0,&quot;end&quot;:100}},&quot;motion_fx_scale_direction&quot;:&quot;out-in&quot;,&quot;motion_fx_devices&quot;:[&quot;desktop&quot;,&quot;tablet&quot;,&quot;mobile&quot;]}\" data-widget_type=\"image.default\">\n\t\t\t\t<div class=\"elementor-widget-container\">\n\t\t\t\t\t\t\t\t\t\t\t\t<figure class=\"wp-caption\">\n\t\t\t\t\t\t\t\t\t\t<img fetchpriority=\"high\" decoding=\"async\" width=\"1500\" height=\"1001\" src=\"https:\/\/uus.visitlahemaa.com\/wp-content\/uploads\/2023\/03\/52209590492_ab40b3362d_o.jpg\" class=\"attachment-full size-full wp-image-46717\" alt=\"\" srcset=\"https:\/\/uus.visitlahemaa.com\/wp-content\/uploads\/2023\/03\/52209590492_ab40b3362d_o.jpg 1500w, https:\/\/uus.visitlahemaa.com\/wp-content\/uploads\/2023\/03\/52209590492_ab40b3362d_o-600x400.jpg 600w, https:\/\/uus.visitlahemaa.com\/wp-content\/uploads\/2023\/03\/52209590492_ab40b3362d_o-1024x683.jpg 1024w, https:\/\/uus.visitlahemaa.com\/wp-content\/uploads\/2023\/03\/52209590492_ab40b3362d_o-768x513.jpg 768w, https:\/\/uus.visitlahemaa.com\/wp-content\/uploads\/2023\/03\/52209590492_ab40b3362d_o-1320x881.jpg 1320w, https:\/\/uus.visitlahemaa.com\/wp-content\/uploads\/2023\/03\/52209590492_ab40b3362d_o-272x182.jpg 272w\" sizes=\"(max-width: 1500px) 100vw, 1500px\" \/>\t\t\t\t\t\t\t\t\t\t\t<figcaption class=\"widget-image-caption wp-caption-text\">Autor: Kadri Otsiver<\/figcaption>\n\t\t\t\t\t\t\t\t\t\t<\/figure>\n\t\t\t\t\t\t\t\t\t<\/div>\n\t\t\t\t<\/div>\n\t\t\t\t<\/div>\n\t\t\t\t<\/div>\n\t\t<div class=\"elementor-element elementor-element-c83f065 e-con-full e-flex e-con e-parent\" data-id=\"c83f065\" data-element_type=\"container\" data-e-type=\"container\" data-settings=\"{&quot;background_background&quot;:&quot;classic&quot;}\">\n\t\t<div class=\"elementor-element elementor-element-345275e e-flex e-con-boxed e-con e-child\" data-id=\"345275e\" data-element_type=\"container\" data-e-type=\"container\">\n\t\t\t\t\t<div class=\"e-con-inner\">\n\t\t\t\t<div class=\"elementor-element elementor-element-20014aa elementor-widget elementor-widget-text-editor\" data-id=\"20014aa\" data-element_type=\"widget\" data-e-type=\"widget\" data-widget_type=\"text-editor.default\">\n\t\t\t\t<div class=\"elementor-widget-container\">\n\t\t\t\t\t\t\t\t\t<p><strong>Beispielhafte Fahrpl\u00e4ne f\u00fcr einen Wochenendausflug (Sa\/So) zum Viru-Moor<\/strong><br><strong>151 | <\/strong>9:40 Uhr Baltischer Bahnhof -&gt; 10:47 Uhr Loksa tee<br><strong>155 | <\/strong>11:05 Uhr Baltischer Bahnhof -&gt; 12:09 Uhr Loksa tee<br><strong>155 | <\/strong>13:16 Uhr Loksa tee -&gt; 14:21 Uhr Baltischer Bahnhof<br><strong>155 | <\/strong>17:46 Uhr Loksa tee -&gt; 18:51 Uhr Baltischer Bahnhof<\/p>\t\t\t\t\t\t\t\t<\/div>\n\t\t\t\t<\/div>\n\t\t\t\t\t<\/div>\n\t\t\t\t<\/div>\n\t\t\t\t<\/div>\n\t\t<div class=\"elementor-element elementor-element-c9a5ebb e-con-full e-flex e-con e-parent\" data-id=\"c9a5ebb\" data-element_type=\"container\" data-e-type=\"container\">\n\t\t<div class=\"elementor-element elementor-element-e239a47 e-flex e-con-boxed e-con e-child\" data-id=\"e239a47\" data-element_type=\"container\" data-e-type=\"container\">\n\t\t\t\t\t<div class=\"e-con-inner\">\n\t\t\t\t<div class=\"elementor-element elementor-element-b7df1b1 elementor-widget elementor-widget-image\" data-id=\"b7df1b1\" data-element_type=\"widget\" data-e-type=\"widget\" data-settings=\"{&quot;motion_fx_motion_fx_scrolling&quot;:&quot;yes&quot;,&quot;motion_fx_translateX_effect&quot;:&quot;yes&quot;,&quot;motion_fx_translateX_speed&quot;:{&quot;unit&quot;:&quot;px&quot;,&quot;size&quot;:0.75,&quot;sizes&quot;:[]},&quot;motion_fx_translateX_affectedRange&quot;:{&quot;unit&quot;:&quot;%&quot;,&quot;size&quot;:&quot;&quot;,&quot;sizes&quot;:{&quot;start&quot;:0,&quot;end&quot;:100}},&quot;motion_fx_devices&quot;:[&quot;desktop&quot;,&quot;tablet&quot;,&quot;mobile&quot;]}\" data-widget_type=\"image.default\">\n\t\t\t\t<div class=\"elementor-widget-container\">\n\t\t\t\t\t\t\t\t\t\t\t\t<figure class=\"wp-caption\">\n\t\t\t\t\t\t\t\t\t\t<img decoding=\"async\" width=\"800\" height=\"534\" src=\"https:\/\/uus.visitlahemaa.com\/wp-content\/uploads\/2024\/07\/FB_14.webp\" class=\"attachment-full size-full wp-image-41831\" alt=\"\" srcset=\"https:\/\/uus.visitlahemaa.com\/wp-content\/uploads\/2024\/07\/FB_14.webp 800w, https:\/\/uus.visitlahemaa.com\/wp-content\/uploads\/2024\/07\/FB_14-600x401.webp 600w, https:\/\/uus.visitlahemaa.com\/wp-content\/uploads\/2024\/07\/FB_14-768x513.webp 768w, https:\/\/uus.visitlahemaa.com\/wp-content\/uploads\/2024\/07\/FB_14-272x182.webp 272w\" sizes=\"(max-width: 800px) 100vw, 800px\" \/>\t\t\t\t\t\t\t\t\t\t\t<figcaption class=\"widget-image-caption wp-caption-text\"><\/figcaption>\n\t\t\t\t\t\t\t\t\t\t<\/figure>\n\t\t\t\t\t\t\t\t\t<\/div>\n\t\t\t\t<\/div>\n\t\t\t\t\t<\/div>\n\t\t\t\t<\/div>\n\t\t<div class=\"elementor-element elementor-element-23c1a07 e-flex e-con-boxed e-con e-child\" data-id=\"23c1a07\" data-element_type=\"container\" data-e-type=\"container\">\n\t\t\t\t\t<div class=\"e-con-inner\">\n\t\t<div class=\"elementor-element elementor-element-4575b6b e-con-full animated-slow e-flex elementor-invisible e-con e-child\" data-id=\"4575b6b\" data-element_type=\"container\" data-e-type=\"container\" data-settings=\"{&quot;animation&quot;:&quot;fadeIn&quot;}\">\n\t\t\t\t<div class=\"elementor-element elementor-element-2a949d6 elementor-widget elementor-widget-heading\" data-id=\"2a949d6\" data-element_type=\"widget\" data-e-type=\"widget\" data-widget_type=\"heading.default\">\n\t\t\t\t<div class=\"elementor-widget-container\">\n\t\t\t\t\t<h2 class=\"elementor-heading-title elementor-size-default\">Fahrrad<\/h2>\t\t\t\t<\/div>\n\t\t\t\t<\/div>\n\t\t\t\t<div class=\"elementor-element elementor-element-798def1 elementor-widget elementor-widget-text-editor\" data-id=\"798def1\" data-element_type=\"widget\" data-e-type=\"widget\" data-widget_type=\"text-editor.default\">\n\t\t\t\t<div class=\"elementor-widget-container\">\n\t\t\t\t\t\t\t\t\t<p>Das fahrradfreundliche Lahemaa bietet Radfahrern zahlreiche Herausforderungen sowohl f\u00fcr eine Tagestour als auch f\u00fcr eine mehrt\u00e4gige \u201eTour de Lahemaa\u201c! Finden Sie die f\u00fcr Sie passende in der Navicup-Kartenanwendung. <\/p><p>Seit Sommer 2022 bietet der Lahemaa Tourismusverband saisonal Mietfahrr\u00e4der im Touristeninformationspunkt am Busbahnhof Loksa an.<\/p><p>Fahrradverleih im sommerlichen Lahemaa:<\/p><p><a href=\"https:\/\/www.facebook.com\/VisitLahemaa\" target=\"_blank\" rel=\"noopener\">Informationspunkt des Lahemaa Tourismusverbandes<\/a> in Loksa | 5239239 | info@visitlahemaa.com<\/p><p><a href=\"http:\/\/www.viinistu.ee\/\" target=\"_blank\" rel=\"noopener\">Viinistu Art Hotel<\/a> | 5665 8633 | arthotel.viinistu@gmail.com<\/p>\t\t\t\t\t\t\t\t<\/div>\n\t\t\t\t<\/div>\n\t\t\t\t<\/div>\n\t\t\t\t\t<\/div>\n\t\t\t\t<\/div>\n\t\t\t\t<\/div>\n\t\t<div class=\"elementor-element elementor-element-324b94d e-con-full e-flex e-con e-parent\" data-id=\"324b94d\" data-element_type=\"container\" data-e-type=\"container\">\n\t\t<div class=\"elementor-element elementor-element-69d8896 e-con-full e-flex e-con e-child\" data-id=\"69d8896\" data-element_type=\"container\" data-e-type=\"container\">\n\t\t<div class=\"elementor-element elementor-element-a56a49f e-con-full e-flex e-con e-child\" data-id=\"a56a49f\" data-element_type=\"container\" data-e-type=\"container\">\n\t\t<div class=\"elementor-element elementor-element-72b2757 e-con-full e-flex elementor-invisible e-con e-child\" data-id=\"72b2757\" data-element_type=\"container\" data-e-type=\"container\" data-settings=\"{&quot;animation&quot;:&quot;fadeIn&quot;}\">\n\t\t\t\t<div class=\"elementor-element elementor-element-11016f8 elementor-widget elementor-widget-heading\" data-id=\"11016f8\" data-element_type=\"widget\" data-e-type=\"widget\" data-widget_type=\"heading.default\">\n\t\t\t\t<div class=\"elementor-widget-container\">\n\t\t\t\t\t<h2 class=\"elementor-heading-title elementor-size-default\">Auto<\/h2>\t\t\t\t<\/div>\n\t\t\t\t<\/div>\n\t\t\t\t<div class=\"elementor-element elementor-element-36c426a elementor-widget elementor-widget-text-editor\" data-id=\"36c426a\" data-element_type=\"widget\" data-e-type=\"widget\" data-widget_type=\"text-editor.default\">\n\t\t\t\t<div class=\"elementor-widget-container\">\n\t\t\t\t\t\t\t\t\t<p>Die gut asphaltierten Stra\u00dfen von Lahemaa schaffen g\u00fcnstige Bedingungen, um den Nationalpark zu erkunden, beachten Sie jedoch unbedingt auch die hiesigen <a href=\"https:\/\/www.riigiteataja.ee\/akt\/126022015033\" target=\"_blank\" rel=\"noopener\">Naturschutzbestimmungen<\/a>.<br>Besondere Aufmerksamkeit ist den Beschr\u00e4nkungen f\u00fcr das Fahren und Parken von Kraftfahrzeugen in der Schutzzone zu widmen. <br><br>Nachhaltiger Transport ist auch Carsharing, bringen Sie also bei Ihrem Besuch unbedingt Ihre Familie und\/oder Freunde mit.<\/p>\t\t\t\t\t\t\t\t<\/div>\n\t\t\t\t<\/div>\n\t\t\t\t<\/div>\n\t\t\t\t<\/div>\n\t\t\t\t<\/div>\n\t\t<div class=\"elementor-element elementor-element-9c6c597 e-con-full e-flex e-con e-child\" data-id=\"9c6c597\" data-element_type=\"container\" data-e-type=\"container\">\n\t\t\t\t<div class=\"elementor-element elementor-element-a002841 elementor-widget elementor-widget-image\" data-id=\"a002841\" data-element_type=\"widget\" data-e-type=\"widget\" data-settings=\"{&quot;motion_fx_motion_fx_scrolling&quot;:&quot;yes&quot;,&quot;motion_fx_scale_effect&quot;:&quot;yes&quot;,&quot;motion_fx_scale_speed&quot;:{&quot;unit&quot;:&quot;px&quot;,&quot;size&quot;:1,&quot;sizes&quot;:[]},&quot;motion_fx_scale_range&quot;:{&quot;unit&quot;:&quot;%&quot;,&quot;size&quot;:&quot;&quot;,&quot;sizes&quot;:{&quot;start&quot;:0,&quot;end&quot;:100}},&quot;motion_fx_scale_direction&quot;:&quot;out-in&quot;,&quot;motion_fx_devices&quot;:[&quot;desktop&quot;,&quot;tablet&quot;,&quot;mobile&quot;]}\" data-widget_type=\"image.default\">\n\t\t\t\t<div class=\"elementor-widget-container\">\n\t\t\t\t\t\t\t\t\t\t\t\t<figure class=\"wp-caption\">\n\t\t\t\t\t\t\t\t\t\t<img decoding=\"async\" width=\"2400\" height=\"1600\" src=\"https:\/\/uus.visitlahemaa.com\/wp-content\/uploads\/2025\/04\/Visit-Lahemaa-autotee.png\" class=\"attachment-full size-full wp-image-42286\" alt=\"\" srcset=\"https:\/\/uus.visitlahemaa.com\/wp-content\/uploads\/2025\/04\/Visit-Lahemaa-autotee.png 2400w, https:\/\/uus.visitlahemaa.com\/wp-content\/uploads\/2025\/04\/Visit-Lahemaa-autotee-600x400.png 600w, https:\/\/uus.visitlahemaa.com\/wp-content\/uploads\/2025\/04\/Visit-Lahemaa-autotee-1024x683.png 1024w, https:\/\/uus.visitlahemaa.com\/wp-content\/uploads\/2025\/04\/Visit-Lahemaa-autotee-768x512.png 768w, https:\/\/uus.visitlahemaa.com\/wp-content\/uploads\/2025\/04\/Visit-Lahemaa-autotee-1536x1024.png 1536w, https:\/\/uus.visitlahemaa.com\/wp-content\/uploads\/2025\/04\/Visit-Lahemaa-autotee-2048x1365.png 2048w, https:\/\/uus.visitlahemaa.com\/wp-content\/uploads\/2025\/04\/Visit-Lahemaa-autotee-272x182.png 272w\" sizes=\"(max-width: 2400px) 100vw, 2400px\" \/>\t\t\t\t\t\t\t\t\t\t\t<figcaption class=\"widget-image-caption wp-caption-text\"><\/figcaption>\n\t\t\t\t\t\t\t\t\t\t<\/figure>\n\t\t\t\t\t\t\t\t\t<\/div>\n\t\t\t\t<\/div>\n\t\t\t\t<\/div>\n\t\t\t\t<\/div>\n\t\t<div class=\"elementor-element elementor-element-c15da23 e-con-full e-flex e-con e-parent\" data-id=\"c15da23\" data-element_type=\"container\" data-e-type=\"container\">\n\t\t<div class=\"elementor-element elementor-element-cf1c3d7 e-flex e-con-boxed e-con e-child\" data-id=\"cf1c3d7\" data-element_type=\"container\" data-e-type=\"container\">\n\t\t\t\t\t<div class=\"e-con-inner\">\n\t\t\t\t<div class=\"elementor-element elementor-element-30a3567 elementor-widget elementor-widget-image\" data-id=\"30a3567\" data-element_type=\"widget\" data-e-type=\"widget\" data-settings=\"{&quot;motion_fx_motion_fx_scrolling&quot;:&quot;yes&quot;,&quot;motion_fx_translateX_effect&quot;:&quot;yes&quot;,&quot;motion_fx_translateX_speed&quot;:{&quot;unit&quot;:&quot;px&quot;,&quot;size&quot;:0.75,&quot;sizes&quot;:[]},&quot;motion_fx_translateX_affectedRange&quot;:{&quot;unit&quot;:&quot;%&quot;,&quot;size&quot;:&quot;&quot;,&quot;sizes&quot;:{&quot;start&quot;:0,&quot;end&quot;:100}},&quot;motion_fx_devices&quot;:[&quot;desktop&quot;,&quot;tablet&quot;,&quot;mobile&quot;]}\" data-widget_type=\"image.default\">\n\t\t\t\t<div class=\"elementor-widget-container\">\n\t\t\t\t\t\t\t\t\t\t\t\t<figure class=\"wp-caption\">\n\t\t\t\t\t\t\t\t\t\t<img loading=\"lazy\" decoding=\"async\" width=\"1350\" height=\"898\" src=\"https:\/\/uus.visitlahemaa.com\/wp-content\/uploads\/2024\/07\/Visit-Lahemaa_Eisma-sadam_Kadri-Otsiver_1.webp\" class=\"attachment-full size-full wp-image-41903\" alt=\"\" srcset=\"https:\/\/uus.visitlahemaa.com\/wp-content\/uploads\/2024\/07\/Visit-Lahemaa_Eisma-sadam_Kadri-Otsiver_1.webp 1350w, https:\/\/uus.visitlahemaa.com\/wp-content\/uploads\/2024\/07\/Visit-Lahemaa_Eisma-sadam_Kadri-Otsiver_1-600x399.webp 600w, https:\/\/uus.visitlahemaa.com\/wp-content\/uploads\/2024\/07\/Visit-Lahemaa_Eisma-sadam_Kadri-Otsiver_1-1024x681.webp 1024w, https:\/\/uus.visitlahemaa.com\/wp-content\/uploads\/2024\/07\/Visit-Lahemaa_Eisma-sadam_Kadri-Otsiver_1-768x511.webp 768w, https:\/\/uus.visitlahemaa.com\/wp-content\/uploads\/2024\/07\/Visit-Lahemaa_Eisma-sadam_Kadri-Otsiver_1-272x182.webp 272w\" sizes=\"(max-width: 1350px) 100vw, 1350px\" \/>\t\t\t\t\t\t\t\t\t\t\t<figcaption class=\"widget-image-caption wp-caption-text\">Visit Lahemaa Eisma sadam; Autor Kadri Otsiver<\/figcaption>\n\t\t\t\t\t\t\t\t\t\t<\/figure>\n\t\t\t\t\t\t\t\t\t<\/div>\n\t\t\t\t<\/div>\n\t\t\t\t\t<\/div>\n\t\t\t\t<\/div>\n\t\t<div class=\"elementor-element elementor-element-7bed0d0 e-flex e-con-boxed e-con e-child\" data-id=\"7bed0d0\" data-element_type=\"container\" data-e-type=\"container\">\n\t\t\t\t\t<div class=\"e-con-inner\">\n\t\t<div class=\"elementor-element elementor-element-957bfbb e-con-full animated-slow e-flex elementor-invisible e-con e-child\" data-id=\"957bfbb\" data-element_type=\"container\" data-e-type=\"container\" data-settings=\"{&quot;animation&quot;:&quot;fadeIn&quot;}\">\n\t\t\t\t<div class=\"elementor-element elementor-element-b25794b elementor-widget elementor-widget-heading\" data-id=\"b25794b\" data-element_type=\"widget\" data-e-type=\"widget\" data-widget_type=\"heading.default\">\n\t\t\t\t<div class=\"elementor-widget-container\">\n\t\t\t\t\t<h2 class=\"elementor-heading-title elementor-size-default\">Seeweg<\/h2>\t\t\t\t<\/div>\n\t\t\t\t<\/div>\n\t\t\t\t<div class=\"elementor-element elementor-element-d288b1e elementor-widget elementor-widget-text-editor\" data-id=\"d288b1e\" data-element_type=\"widget\" data-e-type=\"widget\" data-widget_type=\"text-editor.default\">\n\t\t\t\t<div class=\"elementor-widget-container\">\n\t\t\t\t\t\t\t\t\t<p>Der Seeweg f\u00fchrt auch zum Lahemaa-Nationalpark, Sie k\u00f6nnen Ihre Leinen festmachen:<br><a href=\"https:\/\/harasadam.ee\/\" target=\"_blank\" rel=\"noopener\">im Hafen Hara<\/a><br><a href=\"https:\/\/www.viinistu.ee\/sadam\" target=\"_blank\" rel=\"noopener\">im Hafen Viinistu<\/a><br><a href=\"https:\/\/vosusadam.ee\/\" target=\"_blank\" rel=\"noopener\">im Hafen V\u00f5su<\/a><br><a href=\"http:\/\/www.vergiport.eu\/\" target=\"_blank\" rel=\"noopener\">im Hafen Vergi<\/a><\/p>\t\t\t\t\t\t\t\t<\/div>\n\t\t\t\t<\/div>\n\t\t\t\t<\/div>\n\t\t\t\t\t<\/div>\n\t\t\t\t<\/div>\n\t\t\t\t<\/div>\n\t\t<div class=\"elementor-element elementor-element-2d6cf69 e-con-full e-flex e-con e-parent\" data-id=\"2d6cf69\" data-element_type=\"container\" data-e-type=\"container\">\n\t\t<div class=\"elementor-element elementor-element-f838c7f e-flex e-con-boxed e-con e-child\" data-id=\"f838c7f\" data-element_type=\"container\" data-e-type=\"container\" data-settings=\"{&quot;background_background&quot;:&quot;classic&quot;}\">\n\t\t\t\t\t<div class=\"e-con-inner\">\n\t\t\t\t<div class=\"elementor-element elementor-element-c5142f2 elementor-widget elementor-widget-text-editor\" data-id=\"c5142f2\" data-element_type=\"widget\" data-e-type=\"widget\" data-widget_type=\"text-editor.default\">\n\t\t\t\t<div class=\"elementor-widget-container\">\n\t\t\t\t\t\t\t\t\t<p>Die Verkehrsverbindungen der Tourismusregion Lahemaa umfassen auch Bus- und Bahnverbindungen zu den Anziehungspunkten wie Rakvere, Kadrina und Tapa.<\/p>\t\t\t\t\t\t\t\t<\/div>\n\t\t\t\t<\/div>\n\t\t\t\t\t<\/div>\n\t\t\t\t<\/div>\n\t\t\t\t<\/div>\n\t\t\t\t<\/div>\n\t\t","protected":false},"excerpt":{"rendered":"<p>Transport nach, in oder von Lahemaa \u2013 die Stra\u00dfen des Nationalparks sind hervorragend befahrbar, sowohl mit R\u00e4dern, Pedalen als auch zu Fu\u00df. Da das Gebiet des Lahemaa-Nationalparks teilweise sowohl L\u00e4\u00e4ne-Virumaa als auch Harjumaa abdeckt, ist die daraus resultierende Transportorganisation auf die Anziehungspunkte der jeweiligen Landkreise ausgerichtet und ber\u00fccksichtigt nicht die Interessen der Touristen, die den [&hellip;]<\/p>\n","protected":false},"author":100010016,"featured_media":41316,"parent":46179,"menu_order":0,"comment_status":"closed","ping_status":"closed","template":"","meta":{"_acf_changed":false,"_lmt_disableupdate":"","_lmt_disable":"","_monsterinsights_skip_tracking":false,"_monsterinsights_sitenote_active":false,"_monsterinsights_sitenote_note":"","_monsterinsights_sitenote_category":0,"footnotes":"","_links_to":"","_links_to_target":""},"class_list":["post-46260","page","type-page","status-publish","has-post-thumbnail","hentry"],"acf":[],"_links":{"self":[{"href":"https:\/\/uus.visitlahemaa.com\/de\/wp-json\/wp\/v2\/pages\/46260","targetHints":{"allow":["GET"]}}],"collection":[{"href":"https:\/\/uus.visitlahemaa.com\/de\/wp-json\/wp\/v2\/pages"}],"about":[{"href":"https:\/\/uus.visitlahemaa.com\/de\/wp-json\/wp\/v2\/types\/page"}],"author":[{"embeddable":true,"href":"https:\/\/uus.visitlahemaa.com\/de\/wp-json\/wp\/v2\/users\/100010016"}],"replies":[{"embeddable":true,"href":"https:\/\/uus.visitlahemaa.com\/de\/wp-json\/wp\/v2\/comments?post=46260"}],"version-history":[{"count":2,"href":"https:\/\/uus.visitlahemaa.com\/de\/wp-json\/wp\/v2\/pages\/46260\/revisions"}],"predecessor-version":[{"id":46718,"href":"https:\/\/uus.visitlahemaa.com\/de\/wp-json\/wp\/v2\/pages\/46260\/revisions\/46718"}],"up":[{"embeddable":true,"href":"https:\/\/uus.visitlahemaa.com\/de\/wp-json\/wp\/v2\/pages\/46179"}],"wp:featuredmedia":[{"embeddable":true,"href":"https:\/\/uus.visitlahemaa.com\/de\/wp-json\/wp\/v2\/media\/41316"}],"wp:attachment":[{"href":"https:\/\/uus.visitlahemaa.com\/de\/wp-json\/wp\/v2\/media?parent=46260"}],"curies":[{"name":"wp","href":"https:\/\/api.w.org\/{rel}","templated":true}]}}