{"id":46210,"date":"2025-09-01T10:37:54","date_gmt":"2025-09-01T07:37:54","guid":{"rendered":"https:\/\/uus.visitlahemaa.com\/plan\/meer-haefen-und-straende\/"},"modified":"2025-09-01T10:37:57","modified_gmt":"2025-09-01T07:37:57","slug":"meer-haefen-und-straende","status":"publish","type":"page","link":"https:\/\/uus.visitlahemaa.com\/de\/plan\/meer-haefen-und-straende\/","title":{"rendered":"Meer, H\u00e4fen und Str\u00e4nde"},"content":{"rendered":"\t\t<div data-elementor-type=\"wp-page\" data-elementor-id=\"46210\" class=\"elementor elementor-46210 elementor-39696\" data-elementor-post-type=\"page\">\n\t\t\t\t<div class=\"elementor-element elementor-element-31836cda e-flex e-con-boxed e-con e-parent\" data-id=\"31836cda\" data-element_type=\"container\" data-e-type=\"container\">\n\t\t\t\t\t<div class=\"e-con-inner\">\n\t\t\t\t<div class=\"elementor-element elementor-element-41798779 elementor-widget elementor-widget-text-editor\" data-id=\"41798779\" data-element_type=\"widget\" data-e-type=\"widget\" data-widget_type=\"text-editor.default\">\n\t\t\t\t<div class=\"elementor-widget-container\">\n\t\t\t\t\t\t\t\t\t<span style=\"font-weight: 400;\">Das Meer und die Str\u00e4nde machen ein Drittel der Fl\u00e4che des Nationalparks Lahemaa aus und spielen eine mehr als bedeutende Rolle bei der Gestaltung der lokalen D\u00f6rfer und ihrer Bewohner. Kapitel \u00fcber Fischerei, Schmuggel, Kapit\u00e4nschule und Schiffbau sind mit dem lokalen Erbe verwoben.  <\/span>\r\n\r\n&nbsp;\r\n\r\n<span style=\"font-weight: 400;\">Sie finden kleine H\u00e4fen sowohl in Lahemaa (Hara, Viinistu, Vergi und V\u00f5su) als auch in unmittelbarer N\u00e4he von Lahemaa (Salmistu). Flachboote k\u00f6nnen auch am Pier in K\u00e4smu anlegen. Jeder Hafen empf\u00e4ngt seine G\u00e4ste mit einer einzigartigen Atmosph\u00e4re, einer Mahlzeit und auf Wunsch mit einer Unterkunft.   <\/span>\r\n\r\n&nbsp;\r\n\r\n&nbsp;\r\n\r\n<figure id=\"attachment_41242\" aria-describedby=\"caption-attachment-41242\" style=\"width: 600px\" class=\"wp-caption alignright\"><img fetchpriority=\"high\" decoding=\"async\" class=\"wp-image-41239 size-medium\" src=\"https:\/\/uus.visitlahemaa.com\/wp-content\/uploads\/2023\/09\/Visit-Lahemaa_Mustoja-rand_Margus-Kontus_1-600x400.jpg\" alt=\"Mustoja Strand\" width=\"600\" height=\"400\" srcset=\"https:\/\/uus.visitlahemaa.com\/wp-content\/uploads\/2023\/09\/Visit-Lahemaa_Mustoja-rand_Margus-Kontus_1-600x400.jpg 600w, https:\/\/uus.visitlahemaa.com\/wp-content\/uploads\/2023\/09\/Visit-Lahemaa_Mustoja-rand_Margus-Kontus_1-1024x683.jpg 1024w, https:\/\/uus.visitlahemaa.com\/wp-content\/uploads\/2023\/09\/Visit-Lahemaa_Mustoja-rand_Margus-Kontus_1-768x512.jpg 768w, https:\/\/uus.visitlahemaa.com\/wp-content\/uploads\/2023\/09\/Visit-Lahemaa_Mustoja-rand_Margus-Kontus_1-1536x1024.jpg 1536w, https:\/\/uus.visitlahemaa.com\/wp-content\/uploads\/2023\/09\/Visit-Lahemaa_Mustoja-rand_Margus-Kontus_1-272x182.jpg 272w, https:\/\/uus.visitlahemaa.com\/wp-content\/uploads\/2023\/09\/Visit-Lahemaa_Mustoja-rand_Margus-Kontus_1.jpg 1920w\" sizes=\"(max-width: 600px) 100vw, 600px\" \/><figcaption id=\"caption-attachment-41242\" class=\"wp-caption-text\">Autor: margus kontus<\/figcaption><\/figure>\r\n\r\n<span style=\"font-weight: 400;\">Der gr\u00f6sste Teil der K\u00fcste von Lahemaa ist felsig, aber die Natur hat mehrere wundersch\u00f6ne Str\u00e4nde geschaffen, an denen Badeg\u00e4ste die Sonne und das Meer geniessen k\u00f6nnen. V\u00f5su ist definitiv der beste Badeort mit der besten Strandinfrastruktur und einem gepflegten Sandstrand, und grundlegende Annehmlichkeiten finden Sie auch am Strand Suureliiva in Vainupea. Ebenfalls einen Besuch wert sind die Str\u00e4nde der Halbinsel Juminda (<a href=\"https:\/\/goo.gl\/maps\/11CwMXZRqZbx3hCo8\" target=\"_blank\" rel=\"noopener\">Kolga-Aabla<\/a>) und der Halbinsel P\u00e4rispea (<a href=\"https:\/\/goo.gl\/maps\/3dRyTqNP84CaXBFEA\" target=\"_blank\" rel=\"noopener\">Loksa<\/a>, <a href=\"https:\/\/goo.gl\/maps\/VNUqzeczssZWjm4z7\" target=\"_blank\" rel=\"noopener\">Loksa &#8222;Raketa&#8220;<\/a>, <a href=\"https:\/\/goo.gl\/maps\/Zz6PzMJTjVAvhSt78\" target=\"_blank\" rel=\"noopener\">Odakivi<\/a>, <a href=\"https:\/\/goo.gl\/maps\/Wo67nNmzTXKQeGPi8\" target=\"_blank\" rel=\"noopener\">P\u00e4hknem\u00e4nniku<\/a>, <a href=\"https:\/\/goo.gl\/maps\/TSqsynjdwgbDoffa8\" target=\"_blank\" rel=\"noopener\">Joosti<\/a>). Einen wirklich einzigartigen Strandurlaub k\u00f6nnen Sie jedoch am Sandstrand an der <a href=\"https:\/\/goo.gl\/maps\/CmbMbYALdRYGzYey6\" target=\"_blank\" rel=\"noopener\">Ost-<\/a> oder <a href=\"https:\/\/goo.gl\/maps\/d5ztkyiLoLvHFga88\" target=\"_blank\" rel=\"noopener\">Westk\u00fcste<\/a> der Insel Mohni verbringen.    <\/span>\r\n\r\n&nbsp;\r\n\r\nS\u00fcsswasserschwimmer finden in den Seen Kahala, Lohja, K\u00e4smu oder Viitna ausreichend warmes Badewasser. Die Moorbecken im Viru-Moor und im K\u00f5nnu-Moor bieten jedoch ein wertvolles Badeerlebnis.  \r\n\r\n&nbsp;\r\n\r\n<strong>Kleine H\u00e4fen im Nationalpark Lahemaa:<\/strong>\r\n\r\n<a href=\"https:\/\/harasadam.ee\/\" target=\"_blank\" rel=\"noopener\">Hara Hafen<\/a>\r\n<a href=\"https:\/\/www.viinistu.ee\/sadam\" target=\"_blank\" rel=\"noopener\">Viinistu Hafen<\/a>\r\n<a href=\"https:\/\/vosusadam.ee\/\" target=\"_blank\" rel=\"noopener\">V\u00f5su Hafen<\/a>\r\n<a href=\"http:\/\/www.vergiport.eu\/\" target=\"_blank\" rel=\"noopener\">Vergi Hafen<\/a>\r\n\r\n&nbsp;\r\n\r\nPlanen Sie auf dem Lahemaa-Ring <a href=\"https:\/\/uus.visitlahemaa.com\/de\/entdecken-sie-lahemaa\/rund-um-die-lahemaa\/\" target=\"_blank\" rel=\"noopener\">hier<\/a> einen Meerblick, ein Bad oder ein Hafenrestaurant.\r\n\r\n&nbsp;\r\n\r\n<strong>Das Meer erwartet Sie auch zur Teilnahme \u2013 verschiedene Aktivit\u00e4ten und Veranstaltungen, an denen es sich in der Sommersaison auf jeden Fall zu beteiligen lohnt:<\/strong>\r\n<a href=\"https:\/\/www.facebook.com\/meresober\/\" target=\"_blank\" rel=\"noopener\">Pop-up-Seeschule \u201eSea Friend\u201c<\/a>\r\n\r\n<a href=\"https:\/\/www.facebook.com\/vosusurfikool\/\" target=\"_blank\" rel=\"noopener\">V\u00f5su Surfschule<\/a>\r\n\r\n<a href=\"https:\/\/harasadam.ee\/seilamise-selts\/\" target=\"_blank\" rel=\"noopener\">Hara Segelverein<\/a>\r\n\r\n<a href=\"https:\/\/xn--jooks-iuaa.ee\/et\/sundmused?competition_id=19\" target=\"_blank\" rel=\"noopener\">W\u00dcRTH Open Water Estonia &#8211; K\u00e4smu 2023<\/a>\r\n\r\n<a href=\"https:\/\/pohjarannikuregatt.ee\/\" target=\"_blank\" rel=\"noopener\">Regatta der Nordk\u00fcste<\/a>\r\n\r\n&nbsp;\r\n\r\n&nbsp;\t\t\t\t\t\t\t\t<\/div>\n\t\t\t\t<\/div>\n\t\t\t\t\t<\/div>\n\t\t\t\t<\/div>\n\t\t\t\t<\/div>\n\t\t","protected":false},"excerpt":{"rendered":"<p>Das Meer und die Str\u00e4nde machen ein Drittel der Fl\u00e4che des Nationalparks Lahemaa aus und spielen eine mehr als bedeutende Rolle bei der Gestaltung der lokalen D\u00f6rfer und ihrer Bewohner. Kapitel \u00fcber Fischerei, Schmuggel, Kapit\u00e4nschule und Schiffbau sind mit dem lokalen Erbe verwoben. &nbsp; Sie finden kleine H\u00e4fen sowohl in Lahemaa (Hara, Viinistu, Vergi und [&hellip;]<\/p>\n","protected":false},"author":100010026,"featured_media":41435,"parent":46179,"menu_order":0,"comment_status":"closed","ping_status":"closed","template":"","meta":{"_acf_changed":false,"_lmt_disableupdate":"","_lmt_disable":"","_monsterinsights_skip_tracking":false,"_monsterinsights_sitenote_active":false,"_monsterinsights_sitenote_note":"","_monsterinsights_sitenote_category":0,"footnotes":"","_links_to":"","_links_to_target":""},"class_list":["post-46210","page","type-page","status-publish","has-post-thumbnail","hentry"],"acf":[],"_links":{"self":[{"href":"https:\/\/uus.visitlahemaa.com\/de\/wp-json\/wp\/v2\/pages\/46210","targetHints":{"allow":["GET"]}}],"collection":[{"href":"https:\/\/uus.visitlahemaa.com\/de\/wp-json\/wp\/v2\/pages"}],"about":[{"href":"https:\/\/uus.visitlahemaa.com\/de\/wp-json\/wp\/v2\/types\/page"}],"author":[{"embeddable":true,"href":"https:\/\/uus.visitlahemaa.com\/de\/wp-json\/wp\/v2\/users\/100010026"}],"replies":[{"embeddable":true,"href":"https:\/\/uus.visitlahemaa.com\/de\/wp-json\/wp\/v2\/comments?post=46210"}],"version-history":[{"count":1,"href":"https:\/\/uus.visitlahemaa.com\/de\/wp-json\/wp\/v2\/pages\/46210\/revisions"}],"predecessor-version":[{"id":46212,"href":"https:\/\/uus.visitlahemaa.com\/de\/wp-json\/wp\/v2\/pages\/46210\/revisions\/46212"}],"up":[{"embeddable":true,"href":"https:\/\/uus.visitlahemaa.com\/de\/wp-json\/wp\/v2\/pages\/46179"}],"wp:featuredmedia":[{"embeddable":true,"href":"https:\/\/uus.visitlahemaa.com\/de\/wp-json\/wp\/v2\/media\/41435"}],"wp:attachment":[{"href":"https:\/\/uus.visitlahemaa.com\/de\/wp-json\/wp\/v2\/media?parent=46210"}],"curies":[{"name":"wp","href":"https:\/\/api.w.org\/{rel}","templated":true}]}}