{"id":46148,"date":"2025-09-01T10:37:42","date_gmt":"2025-09-01T07:37:42","guid":{"rendered":"https:\/\/uus.visitlahemaa.com\/ueber-lahemaa\/unsere-region\/"},"modified":"2025-09-01T10:37:45","modified_gmt":"2025-09-01T07:37:45","slug":"unsere-region","status":"publish","type":"page","link":"https:\/\/uus.visitlahemaa.com\/de\/ueber-lahemaa\/unsere-region\/","title":{"rendered":"Unsere Region"},"content":{"rendered":"\t\t<div data-elementor-type=\"wp-page\" data-elementor-id=\"46148\" class=\"elementor elementor-46148 elementor-39682\" data-elementor-post-type=\"page\">\n\t\t\t\t<div class=\"elementor-element elementor-element-263d0e68 e-flex e-con-boxed e-con e-parent\" data-id=\"263d0e68\" data-element_type=\"container\" data-e-type=\"container\">\n\t\t\t\t\t<div class=\"e-con-inner\">\n\t\t\t\t<div class=\"elementor-element elementor-element-434d3c17 elementor-widget elementor-widget-text-editor\" data-id=\"434d3c17\" data-element_type=\"widget\" data-e-type=\"widget\" data-widget_type=\"text-editor.default\">\n\t\t\t\t<div class=\"elementor-widget-container\">\n\t\t\t\t\t\t\t\t\t<p>Lahemaa \u2013 der erste in der Sowjetunion gegr\u00fcndete Nationalpark und auch Estlands \u00e4ltester und gr\u00f6\u00dfter Nationalpark \u2013 besticht durch seine vielf\u00e4ltigen Naturlandschaften und sein reiches kulturelles Erbe. Hier k\u00f6nnen Sie die Ruhe der Natur an einem Sandstrand, in einem alten Moor, auf einer mit Wacholder bewachsenen Alvarfl\u00e4che oder an einem gr\u00fcnen Flussufer genie\u00dfen. Lahemaa ist eines der wichtigsten Waldschutzgebiete Europas und geh\u00f6rt zum Natura-2000-Netzwerk. Die lokale K\u00fcste ist ber\u00fchmt f\u00fcr ihren Reichtum an Findlingen und Steinfeldern. Die Entstehung der Landschaft wurde vom Baltischen Klint beeinflusst.     <u><\/u><u><\/u><\/p><p><u><\/u> <u><\/u><\/p><p>Die Tourismusregion Lahemaa-Nationalpark, die sich in f\u00fcnf Gemeinden in zwei Landkreisen befindet \u2013 in <a href=\"https:\/\/www.kuusalu.ee\/\" target=\"_blank\" rel=\"noopener\">der Gemeinde Kuusalu<\/a> und <a href=\"https:\/\/www.loksalinn.ee\/\" target=\"_blank\" rel=\"noopener\">der Stadt Loksa<\/a> im Landkreis Harju sowie in <a href=\"https:\/\/www.haljala.ee\/\" target=\"_blank\" rel=\"noopener\">Haljala<\/a>, <a href=\"https:\/\/www.kadrina.ee\/\" target=\"_blank\" rel=\"noopener\">Kadrina<\/a> und <a href=\"https:\/\/www.tapa.ee\/\" target=\"_blank\" rel=\"noopener\">den Gemeinden Tapa<\/a> im Landkreis L\u00e4\u00e4ne-Viru \u2013 umfasst auch das Naturschutzgebiet P\u00f5hja-K\u00f5rvemaa, das inmitten von W\u00e4ldern und Mooren liegt, und das h\u00fcgelige Landschaftsschutzgebiet Neeruti. In der Region leben etwa 24.000 Menschen. Hier sind aktive Gemeinschaften und kleine Unternehmen t\u00e4tig. Die wichtigsten Wirtschaftszweige sind Land- und Forstwirtschaft. Der aktivste Entwickler von Tourismusaktivit\u00e4ten ist der <a href=\"https:\/\/uus.visitlahemaa.com\/de\/info\/visit-lahemaa\/\" target=\"_blank\" rel=\"noopener\">Lahemaa Tourismusverband<\/a>.     <u><\/u><\/p><p><u><\/u> <u><\/u><\/p><p>Dieses Gebiet mit seinen angenehmen W\u00e4ldern, friedlichen Sandstr\u00e4nden, gro\u00dfen Findlingen, malerischen Waldseen und gut gepflegten Wanderwegen ist ein Paradies f\u00fcr Naturliebhaber. Zu den Unterkunftsm\u00f6glichkeiten geh\u00f6ren sowohl Ferienh\u00e4user als auch Feriend\u00f6rfer. Mehrere Gastronomiebetriebe tragen das nordestnische regionale Lebensmittellabel. Lahemaa besitzt das Europarc-Zertifikat f\u00fcr nachhaltigen Tourismus des Europ\u00e4ischen Verbands der Schutzgebiete und das globale Green Destination Gold Level.    <u><\/u><u><\/u><\/p><p><u><\/u> <u><\/u><\/p><p>Ein reiches kulturelles Erbe findet sich in alten K\u00fcsten- und Bauernd\u00f6rfern, Kleinst\u00e4dten und zwei Kleinst\u00e4dten mit einzigartiger Geschichte und Architektur \u2013 Loksa und Tapa. Die Region beherbergt mehrere interessante Herrenh\u00e4user, wobei J\u00e4neda, Kiiu, Kolga, Palmse, Sagadi, Vihula und Neeruti den beeindruckendsten Eindruck hinterlassen. Zu den Sehensw\u00fcrdigkeiten geh\u00f6ren die Kirchen von Kadrina und Kuusalu sowie die Viitna-Taverne. In Viinistu befindet sich die gr\u00f6\u00dfte Privatsammlung estnischer Kunst, und in K\u00e4smu gibt es ein Schifffahrtsmuseum. Auch kleinere Museen sind einen Besuch wert. Milit\u00e4rbegeisterte finden hier spannende Grenzanlagen aus der Sowjetzeit. Immer mehr kleine H\u00e4fen in Nordestland sind bereit, Besucher zu empfangen.       <u><\/u><u><\/u><\/p><p><u><\/u> <u><\/u><\/p><p>Ein gro\u00dfer Teil der alten estnischen Volkslieder und -t\u00e4nze wurde in Lahemaa gesammelt. Die Volkskultur wird von den Gemeindezentren am Leben erhalten, wo neben Gemeindeveranstaltungen auch private Feiern und Seminare organisiert werden k\u00f6nnen und \u00f6ffentliche Veranstaltungen stattfinden. Das kulturelle Leben ist besonders im Sommer lebendig, wenn mehrere traditionelle Open-Air-Veranstaltungen stattfinden: die J\u00e4neda Farm Days, die Feierlichkeiten zum Tag des Fischers in den K\u00fcstend\u00f6rfern, Musikfestivals in V\u00f5su, die St.-Laurentius-Festlichkeiten in Kuusalu, Viru Folk in K\u00e4smu, das Tapa Sausage Festival, der Loksa City Day und die alten Feuernacht-Lagerfeuer an den Str\u00e4nden. Es lohnt sich auch, die Presidential Hike und die Messen in Kuusalu, J\u00e4neda, Kolga und Loksa zu besuchen.    <u><\/u><u><\/u><\/p><p> <\/p><p>Die Grundlage f\u00fcr die Zusammenarbeit in der Tourismusregion Lahemaa-Nationalpark ist die von der gemeinn\u00fctzigen Organisation <a href=\"http:\/\/arenduskoda.ee\/et\/\" target=\"_blank\" rel=\"noopener\">Arenduskoda<\/a> geleitete Erstellung der <a href=\"http:\/\/arenduskoda.ee\/Data\/2015\/Dokumendid\/Projektid\/Rahvuspargid\/Lahemaa_turismipiirkonna_arengu_strateegia_16.11.2018.pdf\" target=\"_blank\" rel=\"noopener\">&#8222;Nachhaltigkeitsstrategie 2019-2030+ f\u00fcr die Tourismusregion Lahemaa-Nationalpark&#8220;<\/a>.<\/p>\t\t\t\t\t\t\t\t<\/div>\n\t\t\t\t<\/div>\n\t\t\t\t\t<\/div>\n\t\t\t\t<\/div>\n\t\t\t\t<\/div>\n\t\t","protected":false},"excerpt":{"rendered":"<p>Lahemaa \u2013 der erste in der Sowjetunion gegr\u00fcndete Nationalpark und auch Estlands \u00e4ltester und gr\u00f6\u00dfter Nationalpark \u2013 besticht durch seine vielf\u00e4ltigen Naturlandschaften und sein reiches kulturelles Erbe. Hier k\u00f6nnen Sie die Ruhe der Natur an einem Sandstrand, in einem alten Moor, auf einer mit Wacholder bewachsenen Alvarfl\u00e4che oder an einem gr\u00fcnen Flussufer genie\u00dfen. Lahemaa ist [&hellip;]<\/p>\n","protected":false},"author":100010024,"featured_media":41450,"parent":46100,"menu_order":0,"comment_status":"closed","ping_status":"closed","template":"","meta":{"_acf_changed":false,"_lmt_disableupdate":"","_lmt_disable":"","_monsterinsights_skip_tracking":false,"_monsterinsights_sitenote_active":false,"_monsterinsights_sitenote_note":"","_monsterinsights_sitenote_category":0,"footnotes":"","_links_to":"","_links_to_target":""},"class_list":["post-46148","page","type-page","status-publish","has-post-thumbnail","hentry"],"acf":[],"_links":{"self":[{"href":"https:\/\/uus.visitlahemaa.com\/de\/wp-json\/wp\/v2\/pages\/46148","targetHints":{"allow":["GET"]}}],"collection":[{"href":"https:\/\/uus.visitlahemaa.com\/de\/wp-json\/wp\/v2\/pages"}],"about":[{"href":"https:\/\/uus.visitlahemaa.com\/de\/wp-json\/wp\/v2\/types\/page"}],"author":[{"embeddable":true,"href":"https:\/\/uus.visitlahemaa.com\/de\/wp-json\/wp\/v2\/users\/100010024"}],"replies":[{"embeddable":true,"href":"https:\/\/uus.visitlahemaa.com\/de\/wp-json\/wp\/v2\/comments?post=46148"}],"version-history":[{"count":1,"href":"https:\/\/uus.visitlahemaa.com\/de\/wp-json\/wp\/v2\/pages\/46148\/revisions"}],"predecessor-version":[{"id":46150,"href":"https:\/\/uus.visitlahemaa.com\/de\/wp-json\/wp\/v2\/pages\/46148\/revisions\/46150"}],"up":[{"embeddable":true,"href":"https:\/\/uus.visitlahemaa.com\/de\/wp-json\/wp\/v2\/pages\/46100"}],"wp:featuredmedia":[{"embeddable":true,"href":"https:\/\/uus.visitlahemaa.com\/de\/wp-json\/wp\/v2\/media\/41450"}],"wp:attachment":[{"href":"https:\/\/uus.visitlahemaa.com\/de\/wp-json\/wp\/v2\/media?parent=46148"}],"curies":[{"name":"wp","href":"https:\/\/api.w.org\/{rel}","templated":true}]}}