{"id":46128,"date":"2025-09-01T10:37:38","date_gmt":"2025-09-01T07:37:38","guid":{"rendered":"https:\/\/uus.visitlahemaa.com\/ueber-lahemaa\/medienberichterstattung\/"},"modified":"2025-09-01T10:37:40","modified_gmt":"2025-09-01T07:37:40","slug":"medienberichterstattung","status":"publish","type":"page","link":"https:\/\/uus.visitlahemaa.com\/de\/ueber-lahemaa\/medienberichterstattung\/","title":{"rendered":"Medienberichterstattung"},"content":{"rendered":"\t\t<div data-elementor-type=\"wp-page\" data-elementor-id=\"46128\" class=\"elementor elementor-46128 elementor-39679\" data-elementor-post-type=\"page\">\n\t\t\t\t<div class=\"elementor-element elementor-element-6c4c01a5 e-flex e-con-boxed e-con e-parent\" data-id=\"6c4c01a5\" data-element_type=\"container\" data-e-type=\"container\">\n\t\t\t\t\t<div class=\"e-con-inner\">\n\t\t\t\t<div class=\"elementor-element elementor-element-40186393 elementor-widget elementor-widget-text-editor\" data-id=\"40186393\" data-element_type=\"widget\" data-e-type=\"widget\" data-widget_type=\"text-editor.default\">\n\t\t\t\t<div class=\"elementor-widget-container\">\n\t\t\t\t\t\t\t\t\t<p>Der Flugh\u00f6rnchen wird am Naturabend diskutiert<\/p><p><a href=\"https:\/\/virumaateataja.postimees.ee\/7738214\/loodusohtul-tuleb-juttu-lendoravast\" target=\"_blank\" rel=\"noopener\">22. M\u00e4rz 2023 | virumaa teataja<\/a><\/p><p> <\/p><p>Finden Sie Erfrischung von \u00fcberraschenden Pflanzen in der sprie\u00dfenden Natur<\/p><p><a href=\"https:\/\/virumaateataja.postimees.ee\/7734121\/tarkavast-loodusest-leiab-turgutust-ullatavaist-taimedest\" target=\"_blank\" rel=\"noopener\">17. M\u00e4rz 2023 | virumaa teataja<\/a><\/p><p> <\/p><p>Radikaler Vorschlag: D\u00f6rfer im Nationalpark Lahemaa sollten aus dem Nationalpark ausgeschlossen werden, um ihre Weiterentwicklung zu erm\u00f6glichen<\/p><p><a href=\"https:\/\/virumaateataja.postimees.ee\/7734062\/radikaalne-ettepanek-lahemaa-rahvuspargi-kulad-voiks-rahvuspargi-alt-valja-votta-et-need-edasi-areneda-saaksid\" target=\"_blank\" rel=\"noopener\">17. M\u00e4rz 2023 | virumaa teataja<\/a><\/p><p> <\/p><p>Der Musiker der Republik ist Kert Kr\u00fcsban aus dem Dorf Vihasoo!<br><a href=\"https:\/\/naine.ohtuleht.ee\/1079938\/parimusmuusikageeniga-sundinud-kolmas-vabariigi-pillimees-kert-krusban-paneb-koik-oma-karmoska-jargi-tantsima\" target=\"_blank\" rel=\"noopener\">27. Februar 2023 | \u00f5htuleht<\/a><\/p><p> <\/p><p>Entsetzliche Geistergeschichten estnischer Herrenh\u00e4user: eine Gruppe, die am Bett Karten spielt, schwebende M\u00e4nner mit schwarzen Kapuzen, Halbmenschen mit Hufen&#8230;<\/p><p><a href=\"https:\/\/maaleht.delfi.ee\/artikkel\/95022939\/eesti-moisate-jubedad-kummituslood-voodiveerel-kaarte-mangiv-kamp-musta-kubarga-holjuvad-mehed-kapjadega-poolinimesed\" target=\"_blank\" rel=\"noopener\">14. Februar 2023 | maaleht<\/a><\/p><p> <\/p><p>Das Dorf Vainupea will zu einem Mekka f\u00fcr Fotografen werden<\/p><p><a href=\"https:\/\/virumaateataja.postimees.ee\/7684342\/vainupea-kula-purgib-fotograafide-mekaks\" target=\"_blank\" rel=\"noopener\">5. Januar 2023 | virumaa teataja<\/a><\/p><p> <\/p><p>\u201eAus diesem Dorf sollte eine Bodenprobe entnommen werden!\u201c Der wilde Aufstieg einer jungen Folkband <\/p><p><a href=\"https:\/\/maaleht.delfi.ee\/artikkel\/120116364\/sellest-kulast-tuleks-mullaproov-votta-noorte-folkbandi-poorane-tahelend\" target=\"_blank\" rel=\"noopener\">25. Dezember 2022 | maaleht<\/a><\/p><p> <\/p><p>Ein Vintage-Enthusiast in V\u00f5su hat eine Garage mit 500 Radios<\/p><p><a href=\"https:\/\/www.ohtuleht.ee\/1075158\/galerii-500-raadiot-ja-suldistunud-vesi-vanavarafann-kogub-garaazi-uskumatut-kraami\" target=\"_blank\" rel=\"noopener\">9. Dezember 2022 | \u00f5htuleht<\/a><\/p><p> <\/p><p>MATI SEPP \u27e9 Ein Sonderfall des Naturschutzgesetzes wird zu einer verheerenden Regel in Lahemaa<\/p><p><a href=\"https:\/\/arvamus.postimees.ee\/7664870\/mati-sepp-looduskaitseseaduse-erijuhtum-saab-lahemaal-laastavaks-reegliks\" target=\"_blank\" rel=\"noopener\">7. Dezember 2022 | postimees<\/a><\/p><p> <\/p><p>In Lahemaa wurde ein Hollywood-Horrorfilm gedreht<br><a href=\"https:\/\/sonumitooja.ee\/hollywoodi-filmivotetel-sarab-parispeal-oositi-kunstlik-kuu\/\" target=\"_blank\" rel=\"noopener\">17. November 2022 | S\u00f5numitooja<\/a><br><a href=\"https:\/\/ekspress.delfi.ee\/artikkel\/120082402\/pohja-eesti-metsatukas-filmitakse-hollywoodi-tipptasemel-oudusfilmi-eestist-sai-kiiresti-meie-esimene-valik\" target=\"_blank\" rel=\"noopener\">22. Oktober 2022 | Eesti Ekspress<\/a><\/p><p> <\/p><p>Die Geschichte eines Hauses | Hara Hafen<br><a href=\"https:\/\/jupiter.err.ee\/1608777634\/uhe-maja-lugu\" target=\"_blank\" rel=\"noopener\">2022 | ERR<\/a><\/p>\t\t\t\t\t\t\t\t<\/div>\n\t\t\t\t<\/div>\n\t\t\t\t\t<\/div>\n\t\t\t\t<\/div>\n\t\t\t\t<\/div>\n\t\t","protected":false},"excerpt":{"rendered":"<p>Der Flugh\u00f6rnchen wird am Naturabend diskutiert 22. M\u00e4rz 2023 | virumaa teataja Finden Sie Erfrischung von \u00fcberraschenden Pflanzen in der sprie\u00dfenden Natur 17. M\u00e4rz 2023 | virumaa teataja Radikaler Vorschlag: D\u00f6rfer im Nationalpark Lahemaa sollten aus dem Nationalpark ausgeschlossen werden, um ihre Weiterentwicklung zu erm\u00f6glichen 17. M\u00e4rz 2023 | virumaa teataja Der Musiker der Republik [&hellip;]<\/p>\n","protected":false},"author":100010026,"featured_media":41466,"parent":46100,"menu_order":0,"comment_status":"closed","ping_status":"closed","template":"","meta":{"_acf_changed":false,"_lmt_disableupdate":"","_lmt_disable":"","_monsterinsights_skip_tracking":false,"_monsterinsights_sitenote_active":false,"_monsterinsights_sitenote_note":"","_monsterinsights_sitenote_category":0,"footnotes":"","_links_to":"","_links_to_target":""},"class_list":["post-46128","page","type-page","status-publish","has-post-thumbnail","hentry"],"acf":[],"_links":{"self":[{"href":"https:\/\/uus.visitlahemaa.com\/de\/wp-json\/wp\/v2\/pages\/46128","targetHints":{"allow":["GET"]}}],"collection":[{"href":"https:\/\/uus.visitlahemaa.com\/de\/wp-json\/wp\/v2\/pages"}],"about":[{"href":"https:\/\/uus.visitlahemaa.com\/de\/wp-json\/wp\/v2\/types\/page"}],"author":[{"embeddable":true,"href":"https:\/\/uus.visitlahemaa.com\/de\/wp-json\/wp\/v2\/users\/100010026"}],"replies":[{"embeddable":true,"href":"https:\/\/uus.visitlahemaa.com\/de\/wp-json\/wp\/v2\/comments?post=46128"}],"version-history":[{"count":1,"href":"https:\/\/uus.visitlahemaa.com\/de\/wp-json\/wp\/v2\/pages\/46128\/revisions"}],"predecessor-version":[{"id":46130,"href":"https:\/\/uus.visitlahemaa.com\/de\/wp-json\/wp\/v2\/pages\/46128\/revisions\/46130"}],"up":[{"embeddable":true,"href":"https:\/\/uus.visitlahemaa.com\/de\/wp-json\/wp\/v2\/pages\/46100"}],"wp:featuredmedia":[{"embeddable":true,"href":"https:\/\/uus.visitlahemaa.com\/de\/wp-json\/wp\/v2\/media\/41466"}],"wp:attachment":[{"href":"https:\/\/uus.visitlahemaa.com\/de\/wp-json\/wp\/v2\/media?parent=46128"}],"curies":[{"name":"wp","href":"https:\/\/api.w.org\/{rel}","templated":true}]}}