{"id":46116,"date":"2025-09-01T10:37:34","date_gmt":"2025-09-01T07:37:34","guid":{"rendered":"https:\/\/uus.visitlahemaa.com\/ueber-lahemaa\/fotobank\/"},"modified":"2025-09-01T10:37:35","modified_gmt":"2025-09-01T07:37:35","slug":"fotobank","status":"publish","type":"page","link":"https:\/\/uus.visitlahemaa.com\/de\/ueber-lahemaa\/fotobank\/","title":{"rendered":"Fotobank"},"content":{"rendered":"\t\t<div data-elementor-type=\"wp-page\" data-elementor-id=\"46116\" class=\"elementor elementor-46116 elementor-39674\" data-elementor-post-type=\"page\">\n\t\t\t\t<div class=\"elementor-element elementor-element-77739989 e-flex e-con-boxed e-con e-parent\" data-id=\"77739989\" data-element_type=\"container\" data-e-type=\"container\">\n\t\t\t\t\t<div class=\"e-con-inner\">\n\t\t\t\t<div class=\"elementor-element elementor-element-e4d5a66 elementor-widget elementor-widget-button\" data-id=\"e4d5a66\" data-element_type=\"widget\" data-e-type=\"widget\" data-widget_type=\"button.default\">\n\t\t\t\t<div class=\"elementor-widget-container\">\n\t\t\t\t\t\t\t\t\t<div class=\"elementor-button-wrapper\">\n\t\t\t\t\t<a class=\"elementor-button elementor-button-link elementor-size-sm elementor-animation-grow\" href=\"https:\/\/drive.google.com\/drive\/folders\/1KUoJpRk2uusZVwNAkcF0HVnxGuNi9TpJ\" target=\"_blank\" rel=\"noopener\">\n\t\t\t\t\t\t<span class=\"elementor-button-content-wrapper\">\n\t\t\t\t\t\t\t\t\t<span class=\"elementor-button-text\">In Drive \u00f6ffnen<\/span>\n\t\t\t\t\t<\/span>\n\t\t\t\t\t<\/a>\n\t\t\t\t<\/div>\n\t\t\t\t\t\t\t\t<\/div>\n\t\t\t\t<\/div>\n\t\t\t\t<div class=\"elementor-element elementor-element-af81cd0 elementor-widget elementor-widget-heading\" data-id=\"af81cd0\" data-element_type=\"widget\" data-e-type=\"widget\" data-widget_type=\"heading.default\">\n\t\t\t\t<div class=\"elementor-widget-container\">\n\t\t\t\t\t<h2 class=\"elementor-heading-title elementor-size-default\">Nutzungsrichtlinien f\u00fcr Lahemaa-Inhalte besuchen<\/h2>\t\t\t\t<\/div>\n\t\t\t\t<\/div>\n\t\t\t\t<div class=\"elementor-element elementor-element-0732f89 elementor-widget elementor-widget-text-editor\" data-id=\"0732f89\" data-element_type=\"widget\" data-e-type=\"widget\" data-widget_type=\"text-editor.default\">\n\t\t\t\t<div class=\"elementor-widget-container\">\n\t\t\t\t\t\t\t\t\t<p>1. Wenn m\u00f6glich, muss der Nutzer der Fotos\/Videos den Autor angeben. Der Name des Autors<br>befindet sich in der Datei.  <br>2. Die Nennung des Tourismusdienstleisters oder Produktanbieters wird empfohlen.<br>3. Den Nutzern der Foto-\/Videobank werden die folgenden Eigentumsrechte an den Werken gew\u00e4hrt:<br>3.1 zur Vervielf\u00e4ltigung in Publikationen und visuellen Gestaltungen;<br>3.2 zur Verbreitung;<br>3.3 zur \u00f6ffentlichen Zug\u00e4nglichmachung in Publikationen, Print-, Bewegtbild- und Au\u00dfenwerbung,<br>Pr\u00e4sentationen, Websites, sozialen Medien, Blogs und anderen elektronischen Kan\u00e4len;<br>3.4 zur \u00dcbertragung im Fernsehen und Radio;<br>3.5 zur Weiterleitung in Kabelnetzen;<br>3.6 zum \u00dcbersetzen und Hinzuf\u00fcgen von Untertiteln;<br>3.7 zur Vornahme von Bearbeitungen und Arrangements.<br>3.8 zur \u00f6ffentlichen Pr\u00e4sentation;<br>3.9 zum Ausstellen.<br>4. Die Werke d\u00fcrfen f\u00fcr die folgenden Zwecke und auf die folgende Weise verwendet werden:<br>&#8211; F\u00fcr die Vermarktung von Lahemaa als Reiseziel<br>&#8211; Von Tourismusunternehmen und -organisationen f\u00fcr die Vermarktung und den Verkauf von Dienstleistungen.<br>5. Die im Video verwendete Musik darf vom K\u00e4ufer nur in Verbindung mit dem Video in seiner bestehenden<br>Form verwendet werden. Jede andere Verwendung der Musik ist nicht gestattet.  <br>6. Die Werke d\u00fcrfen nicht f\u00fcr Zwecke verwendet werden, die mit den Klauseln 4-5 dieser Vereinbarung unvereinbar sind.<br>7. Es ist verboten, die Werke in einer Weise oder einem Kontext zu verwenden, die:<br>7.1 gegen estnische oder internationale Gesetze verst\u00f6\u00dft;<br>7.2 unangemessen, b\u00f6swillig, unanst\u00e4ndig, diffamierend, rassistisch, gewaltt\u00e4tig, beleidigend, bel\u00e4stigend ist oder<br>anderweitig gegen die \u00f6ffentliche Ordnung oder die guten Sitten verst\u00f6\u00dft oder nicht dem allgemeinen guten Geschmack entspricht;<br>7.3 dem Ruf des Verk\u00e4ufers schaden kann;<br>7.4 estnische Unternehmen, die Gesellschaft, Produkte oder Dienstleistungen herabsetzt;<br>7.5 die Rechte von in den Werken abgebildeten Personen und anderen betroffenen Personen verletzt.<br>8. Die Werke wurden im Rahmen des Projekts \u201eSchaffung einer umfassenden Tourismusmanagementl\u00f6sung f\u00fcr Lahemaa\u201c erstellt, das in Zusammenarbeit zwischen der NGO \u00d6kokuller und dem Lahemaa Tourism Association von 2021-<br>2023 durchgef\u00fchrt wurde.<br>Ziel des Projekts war es, die Besuchersaison in Lahemaa zu verl\u00e4ngern, die Popularisierung nachhaltiger und<br>alternativer Verkehrsmittel vor Ort zu unterst\u00fctzen und authentische lokale Dienstleistungen zu f\u00f6rdern.<br>Das Projekt wurde vom Europ\u00e4ischen Fonds f\u00fcr regionale Entwicklung mit 200.000 \u20ac gef\u00f6rdert.<\/p>\t\t\t\t\t\t\t\t<\/div>\n\t\t\t\t<\/div>\n\t\t\t\t\t<\/div>\n\t\t\t\t<\/div>\n\t\t\t\t<\/div>\n\t\t","protected":false},"excerpt":{"rendered":"<p>In Drive \u00f6ffnen Nutzungsrichtlinien f\u00fcr Lahemaa-Inhalte besuchen 1. Wenn m\u00f6glich, muss der Nutzer der Fotos\/Videos den Autor angeben. Der Name des Autorsbefindet sich in der Datei. 2. Die Nennung des Tourismusdienstleisters oder Produktanbieters wird empfohlen.3. Den Nutzern der Foto-\/Videobank werden die folgenden Eigentumsrechte an den Werken gew\u00e4hrt:3.1 zur Vervielf\u00e4ltigung in Publikationen und visuellen Gestaltungen;3.2 zur [&hellip;]<\/p>\n","protected":false},"author":100010026,"featured_media":41497,"parent":46100,"menu_order":0,"comment_status":"closed","ping_status":"closed","template":"","meta":{"_acf_changed":false,"_lmt_disableupdate":"","_lmt_disable":"","_monsterinsights_skip_tracking":false,"_monsterinsights_sitenote_active":false,"_monsterinsights_sitenote_note":"","_monsterinsights_sitenote_category":0,"footnotes":"","_links_to":"","_links_to_target":""},"class_list":["post-46116","page","type-page","status-publish","has-post-thumbnail","hentry"],"acf":[],"_links":{"self":[{"href":"https:\/\/uus.visitlahemaa.com\/de\/wp-json\/wp\/v2\/pages\/46116","targetHints":{"allow":["GET"]}}],"collection":[{"href":"https:\/\/uus.visitlahemaa.com\/de\/wp-json\/wp\/v2\/pages"}],"about":[{"href":"https:\/\/uus.visitlahemaa.com\/de\/wp-json\/wp\/v2\/types\/page"}],"author":[{"embeddable":true,"href":"https:\/\/uus.visitlahemaa.com\/de\/wp-json\/wp\/v2\/users\/100010026"}],"replies":[{"embeddable":true,"href":"https:\/\/uus.visitlahemaa.com\/de\/wp-json\/wp\/v2\/comments?post=46116"}],"version-history":[{"count":1,"href":"https:\/\/uus.visitlahemaa.com\/de\/wp-json\/wp\/v2\/pages\/46116\/revisions"}],"predecessor-version":[{"id":46118,"href":"https:\/\/uus.visitlahemaa.com\/de\/wp-json\/wp\/v2\/pages\/46116\/revisions\/46118"}],"up":[{"embeddable":true,"href":"https:\/\/uus.visitlahemaa.com\/de\/wp-json\/wp\/v2\/pages\/46100"}],"wp:featuredmedia":[{"embeddable":true,"href":"https:\/\/uus.visitlahemaa.com\/de\/wp-json\/wp\/v2\/media\/41497"}],"wp:attachment":[{"href":"https:\/\/uus.visitlahemaa.com\/de\/wp-json\/wp\/v2\/media?parent=46116"}],"curies":[{"name":"wp","href":"https:\/\/api.w.org\/{rel}","templated":true}]}}