{"id":46089,"date":"2025-09-01T10:37:28","date_gmt":"2025-09-01T07:37:28","guid":{"rendered":"https:\/\/uus.visitlahemaa.com\/datenschutzbestimmungen\/"},"modified":"2025-09-01T10:37:31","modified_gmt":"2025-09-01T07:37:31","slug":"datenschutzbestimmungen","status":"publish","type":"page","link":"https:\/\/uus.visitlahemaa.com\/de\/datenschutzbestimmungen\/","title":{"rendered":"Datenschutzbestimmungen"},"content":{"rendered":"\t\t<div data-elementor-type=\"wp-page\" data-elementor-id=\"46089\" class=\"elementor elementor-46089 elementor-39668\" data-elementor-post-type=\"page\">\n\t\t\t\t<div class=\"elementor-element elementor-element-3c25bc97 e-flex e-con-boxed e-con e-parent\" data-id=\"3c25bc97\" data-element_type=\"container\" data-e-type=\"container\">\n\t\t\t\t\t<div class=\"e-con-inner\">\n\t\t\t\t<div class=\"elementor-element elementor-element-7f6e814 elementor-widget elementor-widget-text-editor\" data-id=\"7f6e814\" data-element_type=\"widget\" data-e-type=\"widget\" data-widget_type=\"text-editor.default\">\n\t\t\t\t<div class=\"elementor-widget-container\">\n\t\t\t\t\t\t\t\t\t<p><strong>Visitlahemaa.com<\/strong> ist eine Website im Besitz der <strong>Lahemaa Tourism Association<\/strong> (Reg. Nr.: 80578351). Jegliches kommerzielle Kopieren, Reproduzieren oder Verbreiten von Informationen, Texten, Bildern oder anderem hier gefundenen Informationsmaterial ist ohne die schriftliche Zustimmung der <strong>Lahemaa Tourism Association<\/strong> untersagt.  <\/p><p> <\/p><p>Im Folgenden beschreiben wir unsere Datenschutzprinzipien, welche Art von Informationen wir auf der Website <strong>Visitlahemaa.com<\/strong> sammeln, wie wir diese Informationen verwenden, wie wir Daten speichern und unter welchen Bedingungen wir sie an Dritte weitergeben.<\/p><p> <\/p><p><strong>Visitlahemaa.com<\/strong> respektiert die Privatsph\u00e4re ihrer Kunden und verarbeitet personenbezogene Daten in \u00dcbereinstimmung mit den in Estland geltenden Gesetzen und Vorschriften zur Verarbeitung personenbezogener Daten.<\/p><p> <\/p><p>Die Verarbeitung personenbezogener Daten umfasst jede T\u00e4tigkeit, die mit den personenbezogenen Daten von Website-Nutzern durchgef\u00fchrt wird \u2013 das Erheben, Verarbeiten, Speichern, Korrigieren oder L\u00f6schen von Daten.<\/p><p> <\/p><p>Nutzer sind alle Personen, die die Website (visitlahemaa.com) besuchen, Dienstleistungen in Anspruch nehmen oder auf irgendeine Weise Informationen \u00fcber die Umgebung von visitlahemaa.com \u00fcbermitteln (z. B. Vorname, Nachname, Geburtsdatum, Telefonnummer und E-Mail).<\/p><p> <\/p><p><strong>Visitlahemaa.com<\/strong> kann Ihre personenbezogenen Daten, einschlie\u00dflich Ihres Namens, Ihrer Postanschrift und Ihrer Mobiltelefonnummer, sowie Informationen \u00fcber Bestellungen, die Sie f\u00fcr Dienstleistungen von <strong>Visitlahemaa.com<\/strong> aufgegeben haben, erheben, verarbeiten und nutzen. Zus\u00e4tzlich zu den oben aufgef\u00fchrten Informationen k\u00f6nnen wir auch nach Berufsbezeichnung, Position, T\u00e4tigkeitsbereich, Firmenname und Standortland fragen.  <\/p><p> <\/p><p>Daten k\u00f6nnen von <strong>Visitlahemaa.com<\/strong> aus folgenden Gr\u00fcnden verarbeitet werden:<\/p><ul><li>um den Zugang zu unserer Website, einschlie\u00dflich des Zugangs zu Dienstleistungen von <strong>Visitlahemaa.com<\/strong>, zu gew\u00e4hrleisten;<\/li><li>um Preisanfragen und\/oder Bestellungen f\u00fcr Dienstleistungen und Zubeh\u00f6r zu bearbeiten;<\/li><li>um Ihnen Dienstleistungen anzubieten (nur mit Ihrer Zustimmung);<\/li><li>um Sie bez\u00fcglich eingegangener Preisanfragen oder von Ihnen angeforderter Dienstleistungen zu kontaktieren;<\/li><li>um die von Ihnen angeforderten Dienstleistungen zu erbringen;<\/li><li>um die Abwicklung von Zahlungen zu veranlassen.<\/li><\/ul><p><strong>Der Nutzer hat jederzeit das Recht:<\/strong><\/p><ul><li>Auskunft \u00fcber seine Daten zu verlangen;<\/li><li>die Berichtigung, Erg\u00e4nzung oder L\u00f6schung personenbezogener Daten unter den gesetzlich vorgeschriebenen Bedingungen zu verlangen;<\/li><li>die Einschr\u00e4nkung der Verarbeitung personenbezogener Daten zu verlangen;<\/li><li>die \u00dcbertragung personenbezogener Daten zu verlangen.<\/li><li>Um seine Rechte auszu\u00fcben, muss der Nutzer eine entsprechende Anfrage an die E-Mail-Adresse info@visitlahemaa.com senden.<\/li><\/ul><p><strong>Visitlahemaa.com<\/strong> kann Ihre personenbezogenen Daten zur Verarbeitung an externe Spezialisten innerhalb des Europ\u00e4ischen Wirtschaftsraums \u00fcbertragen. Wir erheben Daten nur in angemessenem Umfang und ergreifen alle notwendigen Ma\u00dfnahmen, um die sichere Verarbeitung Ihrer personenbezogenen Daten in \u00dcbereinstimmung mit diesen Datenschutzgrunds\u00e4tzen zu gew\u00e4hrleisten.  <\/p><p> <\/p><p><strong>Visitlahemaa.com<\/strong> verwendet Cookies, um Daten zu sammeln. Ein Cookie ist ein kleines St\u00fcck Computercode, das wir Ihrem Webbrowser bei Ihrem ersten Besuch der Website zur Verf\u00fcgung stellen. In Zukunft k\u00f6nnen uns Cookies helfen, Ihnen einzigartige Inhalte bereitzustellen oder Werbung basierend auf dem, was Sie \u00fcber sich selbst preisgegeben haben oder welche Inhalte Sie angesehen haben, anzuzeigen.   <\/p><p> <\/p><p>Wir verwenden bei unserer Arbeit auch die teilweise Daten\u00fcbertragung durch Cookies. Wir \u00fcbertragen nicht Ihren Namen, Ihre E-Mail-Adresse oder Ihre Telefonnummer. Wir verwenden IP-Adressen f\u00fcr die \u00dcbertragung. Dies dient dazu, dass wir notwendige Programme in unserer Marketingarbeit nutzen k\u00f6nnen, wie z. B. Google Analytics, Facebook Pixel usw.    <\/p><p> <\/p><p>Die Programme verwenden die von uns \u00fcbermittelten Informationen, um die Nutzung unserer Seite auszuwerten, um Ihre Benutzererfahrung zu verbessern und sicherzustellen, dass die Seite in Zukunft genauso gut und noch besser und bequemer sein wird. <\/p><p> <\/p><p>Wenn Sie keine Cookies akzeptieren m\u00f6chten, k\u00f6nnen Sie dies jederzeit selbst in Ihrem Browser markieren. Zus\u00e4tzliche Informationen hierzu erhalten Sie vom Hersteller Ihres Browsers. Wenn Sie Cookies deaktivieren, funktionieren bestimmte Funktionen auf unserer Website m\u00f6glicherweise nicht oder bestimmte Dienste stehen Ihnen m\u00f6glicherweise nicht zur Verf\u00fcgung.   <\/p><p> <\/p><p><strong>Es gibt zwei Arten von Cookies:<\/strong><\/p><p><strong>Persistente Cookies<\/strong>, die dauerhaft in der Cookie-Datei des Computers des Nutzers verbleiben. Sie k\u00f6nnen beispielsweise verwendet werden, um den Nutzer als wiederkehrenden Besucher der Website zu erkennen und den Inhalt der Website an die Bed\u00fcrfnisse des Nutzers anzupassen oder um statistische Daten zu sammeln.  <\/p><p><strong>Session-Cookies<\/strong> sind tempor\u00e4r und verschwinden, wenn der Nutzer die Website verl\u00e4sst oder seinen Webbrowser schlie\u00dft. Session-Cookies k\u00f6nnen verwendet werden, um bestimmte Funktionen der Website zu erm\u00f6glichen, wie z. B. die Anforderung einer Dienstleistung oder eines Produkts usw.  <\/p><p> <\/p><p>Visit Lahemaa speichert personenbezogene Daten so lange, wie es zur Erf\u00fcllung des Zwecks erforderlich ist oder wie es gesetzlich vorgeschrieben ist. So werden beispielsweise Buchhaltungsdaten 7 Jahre ab Ende des Gesch\u00e4ftsjahres aufbewahrt, w\u00e4hrend eine E-Mail-Adresse auf der Mailingliste so lange aufbewahrt wird, bis der Nutzer den Wunsch \u00e4u\u00dfert, sie zu entfernen.  <\/p><p> <\/p><p>Visit Lahemaa ergreift alle angemessenen Ma\u00dfnahmen, um verarbeitete personenbezogene Daten zu sch\u00fctzen. Der Zugriff zur \u00c4nderung und Verarbeitung personenbezogener Daten ist nur autorisierten Personen gestattet, und alle personenbezogenen Daten der Nutzer werden als vertrauliche Informationen behandelt.  <\/p><p> <\/p><p>Wenn Sie weitere Fragen zur Verwendung von Browser-Cookies auf <strong>Visitlahemaa.com<\/strong> haben, z\u00f6gern Sie bitte nicht, info@visitlahemaa.com zu kontaktieren<\/p><p> <\/p><p><strong>Genehmigt am 1. Januar 2021 <\/strong><\/p><p><strong>Aktualisiert am 23. August 2023 <\/strong><\/p>\t\t\t\t\t\t\t\t<\/div>\n\t\t\t\t<\/div>\n\t\t\t\t\t<\/div>\n\t\t\t\t<\/div>\n\t\t\t\t<\/div>\n\t\t","protected":false},"excerpt":{"rendered":"<p>Visitlahemaa.com ist eine Website im Besitz der Lahemaa Tourism Association (Reg. Nr.: 80578351). Jegliches kommerzielle Kopieren, Reproduzieren oder Verbreiten von Informationen, Texten, Bildern oder anderem hier gefundenen Informationsmaterial ist ohne die schriftliche Zustimmung der Lahemaa Tourism Association untersagt. Im Folgenden beschreiben wir unsere Datenschutzprinzipien, welche Art von Informationen wir auf der Website Visitlahemaa.com sammeln, wie [&hellip;]<\/p>\n","protected":false},"author":100010016,"featured_media":41489,"parent":0,"menu_order":0,"comment_status":"closed","ping_status":"closed","template":"","meta":{"_acf_changed":false,"_lmt_disableupdate":"","_lmt_disable":"","_monsterinsights_skip_tracking":false,"_monsterinsights_sitenote_active":false,"_monsterinsights_sitenote_note":"","_monsterinsights_sitenote_category":0,"footnotes":"","_links_to":"","_links_to_target":""},"class_list":["post-46089","page","type-page","status-publish","has-post-thumbnail","hentry"],"acf":[],"_links":{"self":[{"href":"https:\/\/uus.visitlahemaa.com\/de\/wp-json\/wp\/v2\/pages\/46089","targetHints":{"allow":["GET"]}}],"collection":[{"href":"https:\/\/uus.visitlahemaa.com\/de\/wp-json\/wp\/v2\/pages"}],"about":[{"href":"https:\/\/uus.visitlahemaa.com\/de\/wp-json\/wp\/v2\/types\/page"}],"author":[{"embeddable":true,"href":"https:\/\/uus.visitlahemaa.com\/de\/wp-json\/wp\/v2\/users\/100010016"}],"replies":[{"embeddable":true,"href":"https:\/\/uus.visitlahemaa.com\/de\/wp-json\/wp\/v2\/comments?post=46089"}],"version-history":[{"count":1,"href":"https:\/\/uus.visitlahemaa.com\/de\/wp-json\/wp\/v2\/pages\/46089\/revisions"}],"predecessor-version":[{"id":46090,"href":"https:\/\/uus.visitlahemaa.com\/de\/wp-json\/wp\/v2\/pages\/46089\/revisions\/46090"}],"wp:featuredmedia":[{"embeddable":true,"href":"https:\/\/uus.visitlahemaa.com\/de\/wp-json\/wp\/v2\/media\/41489"}],"wp:attachment":[{"href":"https:\/\/uus.visitlahemaa.com\/de\/wp-json\/wp\/v2\/media?parent=46089"}],"curies":[{"name":"wp","href":"https:\/\/api.w.org\/{rel}","templated":true}]}}