{"id":46037,"date":"2025-09-01T10:37:18","date_gmt":"2025-09-01T07:37:18","guid":{"rendered":"https:\/\/uus.visitlahemaa.com\/entdecken-sie-lahemaa\/rund-um-die-lahemaa\/lahemaa-gutshof-tour\/"},"modified":"2025-09-01T10:37:20","modified_gmt":"2025-09-01T07:37:20","slug":"lahemaa-gutshof-tour","status":"publish","type":"page","link":"https:\/\/uus.visitlahemaa.com\/de\/entdecken-sie-lahemaa\/rund-um-die-lahemaa\/lahemaa-gutshof-tour\/","title":{"rendered":"Lahemaa Gutshof-Tour"},"content":{"rendered":"\t\t<div data-elementor-type=\"wp-page\" data-elementor-id=\"46037\" class=\"elementor elementor-46037 elementor-39646\" data-elementor-post-type=\"page\">\n\t\t\t\t<div class=\"elementor-element elementor-element-5694e759 e-flex e-con-boxed e-con e-parent\" data-id=\"5694e759\" data-element_type=\"container\" data-e-type=\"container\">\n\t\t\t\t\t<div class=\"e-con-inner\">\n\t\t\t\t<div class=\"elementor-element elementor-element-1b5e9d62 elementor-widget elementor-widget-text-editor\" data-id=\"1b5e9d62\" data-element_type=\"widget\" data-e-type=\"widget\" data-widget_type=\"text-editor.default\">\n\t\t\t\t<div class=\"elementor-widget-container\">\n\t\t\t\t\t\t\t\t\t<p>Eines der Aush\u00e4ngeschilder von Lahemaa sind <a href=\"https:\/\/uus.visitlahemaa.com\/avasta\/lossid-ja-moisad\/\" target=\"_blank\" rel=\"noopener\">seine vier Gutsh\u00f6fe<\/a>. In den 1970er Jahren, als der Nationalpark gegr\u00fcndet wurde,<br>geh\u00f6rten sie zu den ersten in Estland, die restauriert wurden, und sie sind bis heute bei den Esten beliebt. Alle vier einzigartigen und<br>pr\u00e4chtigen Gutsh\u00f6fe sind einen Besuch wert und bieten zusammen einen guten \u00dcberblick \u00fcber Lahemaa und die Gutshofkultur Nordestlands.   <\/p><p> <\/p><p><a href=\"https:\/\/goo.gl\/maps\/mHHtrdXxWkexSaBL9\" target=\"_blank\" rel=\"noopener\">Lahemaa Gutsh\u00f6fe auf Google Maps<\/a><\/p><p> <\/p><p>1. Gutshof Kolga<br>Der Gutshof Kolga geh\u00f6rte der Familie Stenbock und war eines der gr\u00f6\u00dften Gutsh\u00f6fe im Baltikum. Es ist der einzige Gutshof in Lahemaa, der noch nicht vollst\u00e4ndig restauriert wurde.<br>Im beeindruckenden Hauptgeb\u00e4ude sind Renovierungsarbeiten im Gange;<br>F\u00fchrungen und Veranstaltungen finden hier statt, und im Sommer k\u00f6nnen Sie die<br>Kunstgalerie besuchen und Kaffee trinken. Das Kirchspiels-Museum Kuusalu ist ganzj\u00e4hrig im Verwalterhaus ge\u00f6ffnet.   <\/p><p> <\/p><p>2. Gutshof Palmse<br>Palmse ist das Herz des Lahemaa-Nationalparks und war das erste Gutshofensemble in Estland, das zwischen 1975 und 1985 vollst\u00e4ndig restauriert wurde.<br>Unter den ehemaligen Gutshofbesitzern, der Familie Pahlen, befanden sich bedeutende Staatsm\u00e4nner und Wissenschaftler.<br>Heute beherbergt der Gutshofkomplex das Besucherzentrum des Lahemaa-Nationalparks, ein Museum, ein Restaurant und ein Hotel.<br>Es lohnt sich, den wundersch\u00f6nen Naturpark, die dort befindlichen Klostersteine und den Brest-<br>Pavillon mit seiner bezaubernden Aussicht zu besuchen. W\u00e4hrend der Sommersaison muss eine Eintrittskarte f\u00fcr das Gutshofgel\u00e4nde erworben werden.  <\/p><p> <\/p><p>3. Gutshof Sagadi<br>Der Gutshof Sagadi ist seit Jahrhunderten f\u00fcr seine vorbildliche Forstwirtschaft bekannt. W\u00e4hrend der Zeit des Gutshofbesitzers Paul Eduard<br>von Fock im Jahr 1835 wurde in Sagadi der erste umfassende Forstwirtschaftsplan erstellt, der zu dieser Zeit als fortschrittlich galt.<br>Derzeit wird der Gutshof vom staatlichen Zentrum f\u00fcr Forstwirtschaft verwaltet. Hier finden Sie ein Waldmuseum und ein Gutshofmuseum,<br>eine Naturschule, ein Hotel und ein Restaurant. Der Gutshofpark mit seinen gepflegten Wegen und Alleen, das Arboretum und der<br>farbenfrohe Garten erwarten die Besucher.    <\/p><p> <\/p><p>4. Gutshof Vihula<br>Das Design des Gutshofkomplexes Vihula nutzt gekonnt die abwechslungsreiche Landschaft. Mit seinem malerischen Stausee mit hohen<br>Ufern, dem alten Wald und dem frei gestalteten Park strahlt das geb\u00e4udereiche Vihula-<br>Ensemble eine romantische Atmosph\u00e4re aus. Das Gut erhielt dieses Aussehen w\u00e4hrend der Zeit der letzten Gutshofbesitzer, der Schuberts, die hier bis 1939 lebten.<br>Heute beherbergt der Gutshofkomplex ein renommiertes Restaurant und ein luxuri\u00f6ses Spa und<br>Hotel. Hier gibt es zahlreiche M\u00f6glichkeiten f\u00fcr einen ausgezeichneten Urlaub.    <\/p>\t\t\t\t\t\t\t\t<\/div>\n\t\t\t\t<\/div>\n\t\t\t\t\t<\/div>\n\t\t\t\t<\/div>\n\t\t\t\t<\/div>\n\t\t","protected":false},"excerpt":{"rendered":"<p>Eines der Aush\u00e4ngeschilder von Lahemaa sind seine vier Gutsh\u00f6fe. In den 1970er Jahren, als der Nationalpark gegr\u00fcndet wurde,geh\u00f6rten sie zu den ersten in Estland, die restauriert wurden, und sie sind bis heute bei den Esten beliebt. Alle vier einzigartigen undpr\u00e4chtigen Gutsh\u00f6fe sind einen Besuch wert und bieten zusammen einen guten \u00dcberblick \u00fcber Lahemaa und die [&hellip;]<\/p>\n","protected":false},"author":100010028,"featured_media":46038,"parent":40700,"menu_order":0,"comment_status":"closed","ping_status":"closed","template":"","meta":{"_acf_changed":false,"_lmt_disableupdate":"","_lmt_disable":"","_monsterinsights_skip_tracking":false,"_monsterinsights_sitenote_active":false,"_monsterinsights_sitenote_note":"","_monsterinsights_sitenote_category":0,"footnotes":"","_links_to":"","_links_to_target":""},"class_list":["post-46037","page","type-page","status-publish","has-post-thumbnail","hentry"],"acf":[],"_links":{"self":[{"href":"https:\/\/uus.visitlahemaa.com\/de\/wp-json\/wp\/v2\/pages\/46037","targetHints":{"allow":["GET"]}}],"collection":[{"href":"https:\/\/uus.visitlahemaa.com\/de\/wp-json\/wp\/v2\/pages"}],"about":[{"href":"https:\/\/uus.visitlahemaa.com\/de\/wp-json\/wp\/v2\/types\/page"}],"author":[{"embeddable":true,"href":"https:\/\/uus.visitlahemaa.com\/de\/wp-json\/wp\/v2\/users\/100010028"}],"replies":[{"embeddable":true,"href":"https:\/\/uus.visitlahemaa.com\/de\/wp-json\/wp\/v2\/comments?post=46037"}],"version-history":[{"count":1,"href":"https:\/\/uus.visitlahemaa.com\/de\/wp-json\/wp\/v2\/pages\/46037\/revisions"}],"predecessor-version":[{"id":46040,"href":"https:\/\/uus.visitlahemaa.com\/de\/wp-json\/wp\/v2\/pages\/46037\/revisions\/46040"}],"up":[{"embeddable":true,"href":"https:\/\/uus.visitlahemaa.com\/de\/wp-json\/wp\/v2\/pages\/40700"}],"wp:featuredmedia":[{"embeddable":true,"href":"https:\/\/uus.visitlahemaa.com\/de\/wp-json\/wp\/v2\/media\/46038"}],"wp:attachment":[{"href":"https:\/\/uus.visitlahemaa.com\/de\/wp-json\/wp\/v2\/media?parent=46037"}],"curies":[{"name":"wp","href":"https:\/\/api.w.org\/{rel}","templated":true}]}}