{"id":46033,"date":"2025-09-01T10:37:17","date_gmt":"2025-09-01T07:37:17","guid":{"rendered":"https:\/\/uus.visitlahemaa.com\/entdecken-sie-lahemaa\/rund-um-die-lahemaa\/tagesausfluege\/"},"modified":"2025-09-01T10:37:20","modified_gmt":"2025-09-01T07:37:20","slug":"tagesausfluege","status":"publish","type":"page","link":"https:\/\/uus.visitlahemaa.com\/de\/entdecken-sie-lahemaa\/rund-um-die-lahemaa\/tagesausfluege\/","title":{"rendered":"Tagesausfl\u00fcge"},"content":{"rendered":"\t\t<div data-elementor-type=\"wp-page\" data-elementor-id=\"46033\" class=\"elementor elementor-46033 elementor-39649\" data-elementor-post-type=\"page\">\n\t\t\t\t<div class=\"elementor-element elementor-element-1344166 e-flex e-con-boxed e-con e-parent\" data-id=\"1344166\" data-element_type=\"container\" data-e-type=\"container\">\n\t\t\t\t\t<div class=\"e-con-inner\">\n\t\t\t\t<div class=\"elementor-element elementor-element-7643a822 elementor-widget elementor-widget-text-editor\" data-id=\"7643a822\" data-element_type=\"widget\" data-e-type=\"widget\" data-widget_type=\"text-editor.default\">\n\t\t\t\t<div class=\"elementor-widget-container\">\n\t\t\t\t\t\t\t\t\t<p>Um Ihnen die Auswahl auf dem <a href=\"https:\/\/uus.visitlahemaa.com\/de\/entdecken-sie-lahemaa\/rund-um-die-lahemaa\/\" target=\"_blank\" rel=\"noopener\">Lahemaa-Ring<\/a> zu erleichtern, haben wir Beispielrouten nach Ausflugsdauer zusammengestellt.<\/p><p> <\/p><p><strong>1 Tag auf dem Lahemaa-Ring:<\/strong><br>1. Viru-Moor-Lehrpfad (3,5 oder 6 km) und Aussichtsturm<br>2. Hara-Hafen und milit\u00e4risches Erbe<br>3. V\u00f5su-Gemeinde, Strand und Hafen<br>4. Altja-Fischerdorf und Taverne<br>5. Palmse-Herrenhaus<\/p><p> <\/p><p><strong>2-4 Tage auf dem Lahemaa-Ring:<\/strong><br>1. Viru-Moor-Lehrpfad (3,5 oder 6 km) und Aussichtsturm<br>2. Kolga-Herrenhaus<br>3. Leesi-Dorf, Dorfladen und Kirche<br>4. Hara-Hafen und milit\u00e4risches Erbe<br>5. Purekkari-Kap \u2013 Estlands n\u00f6rdlichste Festlandspitze<br>6. Viinistu-Dorf, Kunstmuseum und Hafen<br>7. Jaani-Tooma-Findling in Kasispea<br>8. K\u00e4smu-Kapit\u00e4nsdorf und Schifffahrtsmuseum<br>9. V\u00f5su-Gemeinde, Strand und Hafen<br>10. Altja-Fischerdorf und Taverne<br>11. Oandu-Besucherzentrum<br>12. Sagadi, Palmse, Vihula Herrenh\u00e4user<br><span style=\"font-size: 10pt;\"><em>* Wenn Sie l\u00e4nger in Lahemaa bleiben k\u00f6nnen, verbringen Sie mehr Zeit in den Herrenh\u00e4usern, entspannen Sie am Strand oder besuchen Sie eines der vielen sch\u00f6nen<\/em><\/span><br><span style=\"font-size: 10pt;\"><em>Wanderwege.<\/em><\/span><\/p><p> <\/p><p><strong>5-7 Tage auf dem Lahemaa-Ring:<\/strong><br>Wenn Sie die M\u00f6glichkeit haben, 5-7 Tage in Lahemaa zu verbringen, genie\u00dfen Sie in Ruhe alle D\u00f6rfer und verbringen Sie sogar einen ganzen Tag<br> in jeder Gegend.<\/p>\t\t\t\t\t\t\t\t<\/div>\n\t\t\t\t<\/div>\n\t\t\t\t\t<\/div>\n\t\t\t\t<\/div>\n\t\t\t\t<\/div>\n\t\t","protected":false},"excerpt":{"rendered":"<p>Um Ihnen die Auswahl auf dem Lahemaa-Ring zu erleichtern, haben wir Beispielrouten nach Ausflugsdauer zusammengestellt. 1 Tag auf dem Lahemaa-Ring:1. Viru-Moor-Lehrpfad (3,5 oder 6 km) und Aussichtsturm2. Hara-Hafen und milit\u00e4risches Erbe3. V\u00f5su-Gemeinde, Strand und Hafen4. Altja-Fischerdorf und Taverne5. Palmse-Herrenhaus 2-4 Tage auf dem Lahemaa-Ring:1. Viru-Moor-Lehrpfad (3,5 oder 6 km) und Aussichtsturm2. Kolga-Herrenhaus3. Leesi-Dorf, Dorfladen und [&hellip;]<\/p>\n","protected":false},"author":100010028,"featured_media":40618,"parent":40700,"menu_order":0,"comment_status":"closed","ping_status":"closed","template":"","meta":{"_acf_changed":false,"_lmt_disableupdate":"","_lmt_disable":"","_monsterinsights_skip_tracking":false,"_monsterinsights_sitenote_active":false,"_monsterinsights_sitenote_note":"","_monsterinsights_sitenote_category":0,"footnotes":"","_links_to":"","_links_to_target":""},"class_list":["post-46033","page","type-page","status-publish","has-post-thumbnail","hentry"],"acf":[],"_links":{"self":[{"href":"https:\/\/uus.visitlahemaa.com\/de\/wp-json\/wp\/v2\/pages\/46033","targetHints":{"allow":["GET"]}}],"collection":[{"href":"https:\/\/uus.visitlahemaa.com\/de\/wp-json\/wp\/v2\/pages"}],"about":[{"href":"https:\/\/uus.visitlahemaa.com\/de\/wp-json\/wp\/v2\/types\/page"}],"author":[{"embeddable":true,"href":"https:\/\/uus.visitlahemaa.com\/de\/wp-json\/wp\/v2\/users\/100010028"}],"replies":[{"embeddable":true,"href":"https:\/\/uus.visitlahemaa.com\/de\/wp-json\/wp\/v2\/comments?post=46033"}],"version-history":[{"count":1,"href":"https:\/\/uus.visitlahemaa.com\/de\/wp-json\/wp\/v2\/pages\/46033\/revisions"}],"predecessor-version":[{"id":46035,"href":"https:\/\/uus.visitlahemaa.com\/de\/wp-json\/wp\/v2\/pages\/46033\/revisions\/46035"}],"up":[{"embeddable":true,"href":"https:\/\/uus.visitlahemaa.com\/de\/wp-json\/wp\/v2\/pages\/40700"}],"wp:featuredmedia":[{"embeddable":true,"href":"https:\/\/uus.visitlahemaa.com\/de\/wp-json\/wp\/v2\/media\/40618"}],"wp:attachment":[{"href":"https:\/\/uus.visitlahemaa.com\/de\/wp-json\/wp\/v2\/media?parent=46033"}],"curies":[{"name":"wp","href":"https:\/\/api.w.org\/{rel}","templated":true}]}}