{"id":46009,"date":"2025-09-01T10:37:13","date_gmt":"2025-09-01T07:37:13","guid":{"rendered":"https:\/\/uus.visitlahemaa.com\/entdecken-sie-lahemaa\/rund-um-die-lahemaa\/lahemaa-steinring\/"},"modified":"2025-09-01T10:37:14","modified_gmt":"2025-09-01T07:37:14","slug":"lahemaa-steinring","status":"publish","type":"page","link":"https:\/\/uus.visitlahemaa.com\/de\/entdecken-sie-lahemaa\/rund-um-die-lahemaa\/lahemaa-steinring\/","title":{"rendered":"Lahemaa Steinring"},"content":{"rendered":"\t\t<div data-elementor-type=\"wp-page\" data-elementor-id=\"46009\" class=\"elementor elementor-46009 elementor-39643\" data-elementor-post-type=\"page\">\n\t\t\t\t<div class=\"elementor-element elementor-element-215432c e-flex e-con-boxed e-con e-parent\" data-id=\"215432c\" data-element_type=\"container\" data-e-type=\"container\">\n\t\t\t\t\t<div class=\"e-con-inner\">\n\t\t\t\t<div class=\"elementor-element elementor-element-711f78fd elementor-widget elementor-widget-text-editor\" data-id=\"711f78fd\" data-element_type=\"widget\" data-e-type=\"widget\" data-widget_type=\"text-editor.default\">\n\t\t\t\t<div class=\"elementor-widget-container\">\n\t\t\t\t\t\t\t\t\t<p>Lahemaa ist das Land der riesigen Findlinge. Hier finden Sie mindestens 20 riesige Findlinge (mit einem Durchmesser von \u00fcber 10 Metern oder<br>einem Umfang von \u00fcber 25 Metern), mehr als irgendwo sonst in Europa. In Estland wurde die Untersuchung von Findlingen initiiert<br>Ende des 19. Jahrhunderts von Helmersen, dem Direktor des Russischen Geologischen Komitees, der zusammen mit dem Baron von Palmse Findlinge in Lahemaa kartierte.<br>Eine M\u00f6glichkeit, Lahemaa zu entdecken, ist eine Tour zu den<br>seinen Findlingen. Weitere Informationen \u00fcber die Findlinge von Lahemaa finden Sie in den Besucherzentren Palmse und Oandu und<br>auf der Informationstafel in der N\u00e4he der Bootsschuppen von Altja.    <\/p><p> <\/p><p><a href=\"https:\/\/goo.gl\/maps\/HWxTFtYBkaEW4npJA\" target=\"_blank\" rel=\"noopener\">Standorte der Steinkreise auf Google Maps<\/a><\/p><p> <\/p><p>1. Majakivi ist Estlands drittgr\u00f6\u00dfter Findling auf der Halbinsel Juminda. Ein 7 km langer Naturlehrpfad f\u00fchrt dorthin,<br>der auch einen Aussichtsturm bietet.<br>2. Der Mardimiku-Findling am Ufer des Flusses Valgej\u00f5gi am Rande von Loksa ist nach einem nahegelegenen Bauernhof benannt.<br>3. Mustkivi, am Ufer gegen\u00fcber dem Kunstmuseum Viinistu gelegen, ist ein \u201eBabystein\u201c, von dem aus der Legende nach<br>die Dorfkinder stammen.<br>4. Der Jaani-Tooma-Findling im Dorf Kasispea ist eines der Symbole des Nationalparks Lahemaa und Estlands<br>ber\u00fchmtester Riesenfindling.<br>5. Zwei der Tammispea-Riesenfindlinge erf\u00fcllen die Kriterien f\u00fcr einen Riesenfindling. Der gr\u00f6\u00dfte von ihnen beansprucht den Titel des h\u00f6chsten Findlings Estlands.<br>6. Das K\u00e4smu-Findlingsfeld, m\u00f6glicherweise das gr\u00f6\u00dfte der Welt, liegt im Wald entlang eines Wanderwegs. In K\u00e4smu lohnt es sich auch, zu den Vana-J\u00fcri-Findlingen zu wandern,<br>die einen wundersch\u00f6nen Blick auf Saartneeme bieten.<br>7. Ein 2,5 km langer Wanderweg f\u00fchrt zum Ojakivi im Wald in der N\u00e4he der Gemeinde V\u00f5su. Ojakivi ist der drittgr\u00f6\u00dfte nach Volumen<br>in Lahemaa und der 14. in Estland.<br>8. Der Altja-Riesenfindling in der N\u00e4he der Netzschuppen ist der \u201eBabystein\u201c des Dorfes Altja. Es wurde gesagt, dass alle Dorfkinder von dahinter geholt wurden.<br>Wenn ein Kind einen Bruder oder eine Schwester wollte, musste es an den Stein klopfen, und der Wunsch w\u00fcrde in Erf\u00fcllung gehen.<br>9. Der Kaarna-Findling, der mit vielen Legenden und Liebesgeschichten verbunden ist, liegt am Ufer im Dorf Vainupea.<br>Vom Kaarna-Findling kann man revitalisierendes Wasser bekommen, und darunter beginnt ein unterirdischer Gang, der in die Unterwelt f\u00fchrt.<br>10. Vahakivi ist ein Riesenfindling in Palmse, der mit vielen Namen und mehreren alten Legenden verbunden ist.      <\/p>\t\t\t\t\t\t\t\t<\/div>\n\t\t\t\t<\/div>\n\t\t\t\t\t<\/div>\n\t\t\t\t<\/div>\n\t\t\t\t<\/div>\n\t\t","protected":false},"excerpt":{"rendered":"<p>Lahemaa ist das Land der riesigen Findlinge. Hier finden Sie mindestens 20 riesige Findlinge (mit einem Durchmesser von \u00fcber 10 Metern odereinem Umfang von \u00fcber 25 Metern), mehr als irgendwo sonst in Europa. In Estland wurde die Untersuchung von Findlingen initiiertEnde des 19. Jahrhunderts von Helmersen, dem Direktor des Russischen Geologischen Komitees, der zusammen mit [&hellip;]<\/p>\n","protected":false},"author":100010028,"featured_media":40527,"parent":40700,"menu_order":0,"comment_status":"closed","ping_status":"closed","template":"","meta":{"_acf_changed":false,"_lmt_disableupdate":"","_lmt_disable":"","_monsterinsights_skip_tracking":false,"_monsterinsights_sitenote_active":false,"_monsterinsights_sitenote_note":"","_monsterinsights_sitenote_category":0,"footnotes":"","_links_to":"","_links_to_target":""},"class_list":["post-46009","page","type-page","status-publish","has-post-thumbnail","hentry"],"acf":[],"_links":{"self":[{"href":"https:\/\/uus.visitlahemaa.com\/de\/wp-json\/wp\/v2\/pages\/46009","targetHints":{"allow":["GET"]}}],"collection":[{"href":"https:\/\/uus.visitlahemaa.com\/de\/wp-json\/wp\/v2\/pages"}],"about":[{"href":"https:\/\/uus.visitlahemaa.com\/de\/wp-json\/wp\/v2\/types\/page"}],"author":[{"embeddable":true,"href":"https:\/\/uus.visitlahemaa.com\/de\/wp-json\/wp\/v2\/users\/100010028"}],"replies":[{"embeddable":true,"href":"https:\/\/uus.visitlahemaa.com\/de\/wp-json\/wp\/v2\/comments?post=46009"}],"version-history":[{"count":1,"href":"https:\/\/uus.visitlahemaa.com\/de\/wp-json\/wp\/v2\/pages\/46009\/revisions"}],"predecessor-version":[{"id":46010,"href":"https:\/\/uus.visitlahemaa.com\/de\/wp-json\/wp\/v2\/pages\/46009\/revisions\/46010"}],"up":[{"embeddable":true,"href":"https:\/\/uus.visitlahemaa.com\/de\/wp-json\/wp\/v2\/pages\/40700"}],"wp:featuredmedia":[{"embeddable":true,"href":"https:\/\/uus.visitlahemaa.com\/de\/wp-json\/wp\/v2\/media\/40527"}],"wp:attachment":[{"href":"https:\/\/uus.visitlahemaa.com\/de\/wp-json\/wp\/v2\/media?parent=46009"}],"curies":[{"name":"wp","href":"https:\/\/api.w.org\/{rel}","templated":true}]}}