{"id":45994,"date":"2025-09-01T10:37:11","date_gmt":"2025-09-01T07:37:11","guid":{"rendered":"https:\/\/uus.visitlahemaa.com\/entdecken-sie-lahemaa\/militaerisches-erbe\/"},"modified":"2025-09-01T10:37:14","modified_gmt":"2025-09-01T07:37:14","slug":"militaerisches-erbe","status":"publish","type":"page","link":"https:\/\/uus.visitlahemaa.com\/de\/entdecken-sie-lahemaa\/militaerisches-erbe\/","title":{"rendered":"Milit\u00e4risches Erbe"},"content":{"rendered":"\t\t<div data-elementor-type=\"wp-page\" data-elementor-id=\"45994\" class=\"elementor elementor-45994 elementor-39655\" data-elementor-post-type=\"page\">\n\t\t\t\t<div class=\"elementor-element elementor-element-f38aa74 e-flex e-con-boxed e-con e-parent\" data-id=\"f38aa74\" data-element_type=\"container\" data-e-type=\"container\">\n\t\t\t\t\t<div class=\"e-con-inner\">\n\t\t\t\t<div class=\"elementor-element elementor-element-1fffffe0 elementor-widget elementor-widget-text-editor\" data-id=\"1fffffe0\" data-element_type=\"widget\" data-e-type=\"widget\" data-widget_type=\"text-editor.default\">\n\t\t\t\t<div class=\"elementor-widget-container\">\n\t\t\t\t\t\t\t\t\t<p>Nach dem Zweiten Weltkrieg wurde die K\u00fcste von Lahemaa zur Grenzzone der UdSSR, in der verschiedene milit\u00e4rische Einrichtungen gebaut wurden. Bis heute ist das milit\u00e4rische Erbe bei der Erkundung von Lahemaa deutlich sp\u00fcrbar. Da die K\u00fcstenlinie des Lahemaa-Nationalparks \u00fcber 100 Kilometer lang ist, finden sich zahlreiche ehemalige Grenzwachtposten aus der Sowjetzeit, insbesondere in der N\u00e4he der Spitzen von Halbinseln, die weit ins Meer hineinragen. Zwar wurden die meisten von ihnen inzwischen privatisiert. Und\/oder sie sind in einem so schlechten Zustand, dass die Sicherheit beim Besuch m\u00f6glicherweise nicht gew\u00e4hrleistet ist. In Lahemaa gibt es jedoch zwei interessante Attraktionen im Zusammenhang mit dem milit\u00e4rischen Erbe, genauer gesagt auf der Halbinsel Juminda.      <\/p><p> <\/p><p>Die erste davon befindet sich im Dorf Juminda und erinnert an die Evakuierung der sowjetischen Streitkr\u00e4fte aus Tallinn am Ende des Sommers 1941. W\u00e4hrend der Ereignisse, die als Seemine-Schlacht von Juminda bekannt sind, wurden sch\u00e4tzungsweise 60 Schiffe versenkt, und sch\u00e4tzungsweise 15.000 Menschen verloren ihr Leben auf See. An das Ereignis erinnert ein Gedenkstein, der am Strand im Dorf Juminda errichtet wurde. Dar\u00fcber hinaus hat das Schifffahrtsmuseum eine Ausstellung <a href=\"https:\/\/meremuuseum.ee\/lennusadam\/porgu-laeaenemerel-juminda-meretragoeoedia-1941\/\" target=\"_blank\" rel=\"noopener\">\u201eH\u00f6lle auf der Ostsee. Die Juminda-Seetrag\u00f6die von 1941\u201c<\/a> zusammengestellt, die sp\u00e4testens zur Touristensaison 2024 zu einer Dauerausstellung im Hafen von Hara werden soll.    <\/p><p> <\/p><p>Ein weiterer prominenter Vertreter und Attraktion des milit\u00e4rischen Erbes in Lahemaa ist der Hafen von Hara. Die ehemalige Entmagnetisierungsstation f\u00fcr U-Boote und Marineflotten bietet mit ihren m\u00e4chtigen Betonstrukturen eine aufregende Atmosph\u00e4re am s\u00fcdwestlichen Ufer der Hara-Bucht, neben der heute ein Yachthafen mit seiner dazugeh\u00f6rigen Infrastruktur entstanden ist. Interessante und detaillierte Informationen \u00fcber den Hafen von Hara finden Sie <a href=\"https:\/\/teejuht.esap.ee\/pohja-eesti\/militaarne-hara\/\" target=\"_blank\" rel=\"noopener\">hier<\/a>.   <\/p><p> <\/p><p>Das fl\u00e4chenm\u00e4\u00dfig gr\u00f6\u00dfte Gebiet, in dem das milit\u00e4rische Erbe von Besuchern stark wahrgenommen wird, befindet sich auf der Halbinsel P\u00e4rispea \u2013 ein Milit\u00e4rst\u00fctzpunkt und eine Stadt im Dorf Suurpea sowie ein Radarh\u00fcgel mit den dazugeh\u00f6rigen Einrichtungen in der N\u00e4he von Kap Purekkari. Aufgrund des schlechten oder sehr schlechten Zustands der Geb\u00e4ude wird es definitiv nicht empfohlen, diese zu betreten. Wir weisen auch auf die Beschilderung hin, die Privateigentum und dessen Schutz kennzeichnet, und bitten um Respekt daf\u00fcr.   <\/p><p> <\/p><p>Planen Sie Ihren Besuch des milit\u00e4rischen Erbes von Lahemaa unbedingt als Teil Ihrer <a href=\"https:\/\/uus.visitlahemaa.com\/de\/entdecken-sie-lahemaa\/rund-um-die-lahemaa\/\" target=\"_blank\" rel=\"noopener\">Lahemaa-Tour<\/a>. F\u00fcr ein umfassenderes Erlebnis nehmen Sie einen <a href=\"https:\/\/uus.visitlahemaa.com\/de\/fuehrer\/\" target=\"_blank\" rel=\"noopener\">\u00f6rtlichen F\u00fchrer<\/a>.  <\/p>\t\t\t\t\t\t\t\t<\/div>\n\t\t\t\t<\/div>\n\t\t\t\t\t<\/div>\n\t\t\t\t<\/div>\n\t\t\t\t<\/div>\n\t\t","protected":false},"excerpt":{"rendered":"<p>Nach dem Zweiten Weltkrieg wurde die K\u00fcste von Lahemaa zur Grenzzone der UdSSR, in der verschiedene milit\u00e4rische Einrichtungen gebaut wurden. Bis heute ist das milit\u00e4rische Erbe bei der Erkundung von Lahemaa deutlich sp\u00fcrbar. Da die K\u00fcstenlinie des Lahemaa-Nationalparks \u00fcber 100 Kilometer lang ist, finden sich zahlreiche ehemalige Grenzwachtposten aus der Sowjetzeit, insbesondere in der N\u00e4he [&hellip;]<\/p>\n","protected":false},"author":100010026,"featured_media":40543,"parent":40511,"menu_order":0,"comment_status":"closed","ping_status":"closed","template":"","meta":{"_acf_changed":false,"_lmt_disableupdate":"","_lmt_disable":"","_monsterinsights_skip_tracking":false,"_monsterinsights_sitenote_active":false,"_monsterinsights_sitenote_note":"","_monsterinsights_sitenote_category":0,"footnotes":"","_links_to":"","_links_to_target":""},"class_list":["post-45994","page","type-page","status-publish","has-post-thumbnail","hentry"],"acf":[],"_links":{"self":[{"href":"https:\/\/uus.visitlahemaa.com\/de\/wp-json\/wp\/v2\/pages\/45994","targetHints":{"allow":["GET"]}}],"collection":[{"href":"https:\/\/uus.visitlahemaa.com\/de\/wp-json\/wp\/v2\/pages"}],"about":[{"href":"https:\/\/uus.visitlahemaa.com\/de\/wp-json\/wp\/v2\/types\/page"}],"author":[{"embeddable":true,"href":"https:\/\/uus.visitlahemaa.com\/de\/wp-json\/wp\/v2\/users\/100010026"}],"replies":[{"embeddable":true,"href":"https:\/\/uus.visitlahemaa.com\/de\/wp-json\/wp\/v2\/comments?post=45994"}],"version-history":[{"count":1,"href":"https:\/\/uus.visitlahemaa.com\/de\/wp-json\/wp\/v2\/pages\/45994\/revisions"}],"predecessor-version":[{"id":45997,"href":"https:\/\/uus.visitlahemaa.com\/de\/wp-json\/wp\/v2\/pages\/45994\/revisions\/45997"}],"up":[{"embeddable":true,"href":"https:\/\/uus.visitlahemaa.com\/de\/wp-json\/wp\/v2\/pages\/40511"}],"wp:featuredmedia":[{"embeddable":true,"href":"https:\/\/uus.visitlahemaa.com\/de\/wp-json\/wp\/v2\/media\/40543"}],"wp:attachment":[{"href":"https:\/\/uus.visitlahemaa.com\/de\/wp-json\/wp\/v2\/media?parent=45994"}],"curies":[{"name":"wp","href":"https:\/\/api.w.org\/{rel}","templated":true}]}}