{"id":45635,"date":"2025-07-28T14:12:13","date_gmt":"2025-07-28T11:12:13","guid":{"rendered":"https:\/\/uus.visitlahemaa.com\/info-cafe\/"},"modified":"2025-09-01T10:37:20","modified_gmt":"2025-09-01T07:37:20","slug":"info-cafe","status":"publish","type":"page","link":"https:\/\/uus.visitlahemaa.com\/de\/info-cafe\/","title":{"rendered":"Info-Caf\u00e9"},"content":{"rendered":"\t\t<div data-elementor-type=\"wp-page\" data-elementor-id=\"45635\" class=\"elementor elementor-45635 elementor-41820\" data-elementor-post-type=\"page\">\n\t\t\t\t<div class=\"elementor-element elementor-element-52cd513e e-flex e-con-boxed e-con e-parent\" data-id=\"52cd513e\" data-element_type=\"container\" data-e-type=\"container\">\n\t\t\t\t\t<div class=\"e-con-inner\">\n\t\t\t\t<div class=\"elementor-element elementor-element-3c8bf97a elementor-widget elementor-widget-text-editor\" data-id=\"3c8bf97a\" data-element_type=\"widget\" data-e-type=\"widget\" data-widget_type=\"text-editor.default\">\n\t\t\t\t<div class=\"elementor-widget-container\">\n\t\t\t\t\t\t\t\t\t<p>Das <strong>Informationscaf\u00e9 Visit Lahemaa<\/strong> und das <strong>Pfannkuchencaf\u00e9 Liisa Riinu<\/strong> sind f\u00fcr diese Saison geschlossen! Aber wir haben gute Nachrichten f\u00fcr Sie! Wenn Sie Interesse haben, k\u00f6nnen Sie unsere <strong>Leihfahrr\u00e4der<\/strong> nutzen.  <\/p><p> <\/p><div dir=\"auto\"><figure id=\"attachment_41844\" aria-describedby=\"caption-attachment-41844\" style=\"width: 800px\" class=\"wp-caption aligncenter\"><img fetchpriority=\"high\" decoding=\"async\" class=\"wp-image-41841 size-full\" src=\"https:\/\/uus.visitlahemaa.com\/wp-content\/uploads\/2024\/07\/Visit-Lahemaa_rattamatk_Kadri-Otsiver_2.webp\" alt=\"\" width=\"800\" height=\"532\" srcset=\"https:\/\/uus.visitlahemaa.com\/wp-content\/uploads\/2024\/07\/Visit-Lahemaa_rattamatk_Kadri-Otsiver_2.webp 800w, https:\/\/uus.visitlahemaa.com\/wp-content\/uploads\/2024\/07\/Visit-Lahemaa_rattamatk_Kadri-Otsiver_2-600x399.webp 600w, https:\/\/uus.visitlahemaa.com\/wp-content\/uploads\/2024\/07\/Visit-Lahemaa_rattamatk_Kadri-Otsiver_2-768x511.webp 768w, https:\/\/uus.visitlahemaa.com\/wp-content\/uploads\/2024\/07\/Visit-Lahemaa_rattamatk_Kadri-Otsiver_2-272x182.webp 272w\" sizes=\"(max-width: 800px) 100vw, 800px\" \/><figcaption id=\"caption-attachment-41844\" class=\"wp-caption-text\">Das Informationscaf\u00e9 von Visit Lahemaa ist f\u00fcr diese Saison geschlossen!<\/figcaption><\/figure><\/div><p> <\/p><p><span style=\"font-size: 18pt;\"><b>Fahrradverleih:<\/b><\/span><\/p><p>Planen Sie Ihre Busreise nach Lahemaa auf <a href=\"http:\/\/www.peatus.ee\/\" target=\"_blank\" rel=\"noopener\">peatus.ee.<\/a> W\u00e4hlen Sie Loksa als Ihr Reiseziel. Wenn Sie ankommen, schauen Sie im Informationscaf\u00e9 vorbei und holen Sie sich einen Mietwagen. Es gibt bequeme Herren- und Damenfahrr\u00e4der mit weichen Sitzen, die die Fortbewegung zum Vergn\u00fcgen machen. Machen Sie einen Tagesausflug oder eine einw\u00f6chige Tour.    <\/p><p> <\/p><p>In der N\u00e4he des Informationspunktes gibt es viele tolle Sehensw\u00fcrdigkeiten! Zum Beispiel das Schiffswrack von Raketa, den Gro\u00dfen Stein von St. Johannes dem T\u00e4ufer, das Kunstmuseum von Viinistu und den Hafen von Hara. Werfen Sie einen Blick auf unsere <a href=\"https:\/\/uus.visitlahemaa.com\/de\/entdecken-sie-lahemaa\/rund-um-die-lahemaa\/\">Karte des Lahemaa-Rundwegs<\/a>, die Ihnen helfen wird, sich im gr\u00f6\u00dften und \u00e4ltesten Nationalpark Estlands zurechtzufinden. Wir f\u00fchren Sie thematisch durch den <a href=\"https:\/\/uus.visitlahemaa.com\/de\/entdecken-sie-lahemaa\/rund-um-die-lahemaa\/lahemaa-steinring\/\" target=\"_blank\" rel=\"noopener\">Kiviring<\/a> und den <a href=\"https:\/\/uus.visitlahemaa.com\/de\/entdecken-sie-lahemaa\/rund-um-die-lahemaa\/lahemaa-gutshof-tour\/\" target=\"_blank\" rel=\"noopener\">M\u00f5isaring<\/a> und bieten Ihnen Vorschl\u00e4ge f\u00fcr <a href=\"https:\/\/uus.visitlahemaa.com\/de\/entdecken-sie-lahemaa\/rund-um-die-lahemaa\/tagesausfluege\/\" target=\"_blank\" rel=\"noopener\">Tageswanderungen<\/a>.   <\/p><p> <\/p><p><b>Preise:<\/b><\/p><ul><li>Bis zu 3 Stunden: <b>\u20ac5<\/b><\/li><li>Bis zu 12 Stunden: <b>\u20ac10<\/b><\/li><li>Bis zu 24 Stunden: <b>\u20ac20<\/b><\/li><\/ul><p>Kaution: <b>EUR 50<\/b><\/p><p> <\/p><p><b>Buchen Sie:<\/b><\/p><p>Buchen Sie ein Fahrrad. E-Mail: <a href=\"mailto:info@visitlahemaa.com\">info@visitlahemaa.com<\/a> oder telefonisch: <b>+372 523 9239<\/b> <\/p><p> <\/p><figure id=\"attachment_41831\" aria-describedby=\"caption-attachment-41831\" style=\"width: 800px\" class=\"wp-caption aligncenter\"><img decoding=\"async\" class=\"wp-image-41828 size-full\" src=\"https:\/\/uus.visitlahemaa.com\/wp-content\/uploads\/2024\/07\/FB_14.webp\" alt=\"\" width=\"800\" height=\"534\" srcset=\"https:\/\/uus.visitlahemaa.com\/wp-content\/uploads\/2024\/07\/FB_14.webp 800w, https:\/\/uus.visitlahemaa.com\/wp-content\/uploads\/2024\/07\/FB_14-600x401.webp 600w, https:\/\/uus.visitlahemaa.com\/wp-content\/uploads\/2024\/07\/FB_14-768x513.webp 768w, https:\/\/uus.visitlahemaa.com\/wp-content\/uploads\/2024\/07\/FB_14-272x182.webp 272w\" sizes=\"(max-width: 800px) 100vw, 800px\" \/><figcaption id=\"caption-attachment-41831\" class=\"wp-caption-text\">Das Info-Caf\u00e9 wartet darauf, zu kurbeln! Es sind sowohl Herren- als auch Damenfahrr\u00e4der verf\u00fcgbar.<\/figcaption><\/figure><p> <\/p>\t\t\t\t\t\t\t\t<\/div>\n\t\t\t\t<\/div>\n\t\t\t\t\t<\/div>\n\t\t\t\t<\/div>\n\t\t\t\t<\/div>\n\t\t","protected":false},"excerpt":{"rendered":"<p>Das Informationscaf\u00e9 Visit Lahemaa und das Pfannkuchencaf\u00e9 Liisa Riinu sind f\u00fcr diese Saison geschlossen! Aber wir haben gute Nachrichten f\u00fcr Sie! Wenn Sie Interesse haben, k\u00f6nnen Sie unsere Leihfahrr\u00e4der nutzen. Fahrradverleih: Planen Sie Ihre Busreise nach Lahemaa auf peatus.ee. W\u00e4hlen Sie Loksa als Ihr Reiseziel. Wenn Sie ankommen, schauen Sie im Informationscaf\u00e9 vorbei und holen [&hellip;]<\/p>\n","protected":false},"author":100010026,"featured_media":41851,"parent":0,"menu_order":0,"comment_status":"closed","ping_status":"closed","template":"","meta":{"_acf_changed":false,"_lmt_disableupdate":"","_lmt_disable":"","_monsterinsights_skip_tracking":false,"_monsterinsights_sitenote_active":false,"_monsterinsights_sitenote_note":"","_monsterinsights_sitenote_category":0,"footnotes":"","_links_to":"","_links_to_target":""},"class_list":["post-45635","page","type-page","status-publish","has-post-thumbnail","hentry"],"acf":[],"_links":{"self":[{"href":"https:\/\/uus.visitlahemaa.com\/de\/wp-json\/wp\/v2\/pages\/45635","targetHints":{"allow":["GET"]}}],"collection":[{"href":"https:\/\/uus.visitlahemaa.com\/de\/wp-json\/wp\/v2\/pages"}],"about":[{"href":"https:\/\/uus.visitlahemaa.com\/de\/wp-json\/wp\/v2\/types\/page"}],"author":[{"embeddable":true,"href":"https:\/\/uus.visitlahemaa.com\/de\/wp-json\/wp\/v2\/users\/100010026"}],"replies":[{"embeddable":true,"href":"https:\/\/uus.visitlahemaa.com\/de\/wp-json\/wp\/v2\/comments?post=45635"}],"version-history":[{"count":4,"href":"https:\/\/uus.visitlahemaa.com\/de\/wp-json\/wp\/v2\/pages\/45635\/revisions"}],"predecessor-version":[{"id":46054,"href":"https:\/\/uus.visitlahemaa.com\/de\/wp-json\/wp\/v2\/pages\/45635\/revisions\/46054"}],"wp:featuredmedia":[{"embeddable":true,"href":"https:\/\/uus.visitlahemaa.com\/de\/wp-json\/wp\/v2\/media\/41851"}],"wp:attachment":[{"href":"https:\/\/uus.visitlahemaa.com\/de\/wp-json\/wp\/v2\/media?parent=45635"}],"curies":[{"name":"wp","href":"https:\/\/api.w.org\/{rel}","templated":true}]}}