{"id":40789,"date":"2020-02-27T16:44:05","date_gmt":"2020-02-27T14:44:05","guid":{"rendered":"https:\/\/uus.visitlahemaa.com\/esileht-test\/"},"modified":"2025-09-02T00:52:26","modified_gmt":"2025-09-01T21:52:26","slug":"esileht-test","status":"publish","type":"page","link":"https:\/\/uus.visitlahemaa.com\/de\/","title":{"rendered":"Homepage"},"content":{"rendered":"\t\t<div data-elementor-type=\"wp-page\" data-elementor-id=\"40789\" class=\"elementor elementor-40789 elementor-19599\" data-elementor-post-type=\"page\">\n\t\t\t\t<div class=\"elementor-element elementor-element-38f6776f e-con-full e-flex e-con e-parent\" data-id=\"38f6776f\" data-element_type=\"container\" data-e-type=\"container\">\n\t\t\t\t<div class=\"elementor-element elementor-element-c31a65f elementor--h-position-center elementor--v-position-middle elementor-pagination-position-inside elementor-widget elementor-widget-slides\" data-id=\"c31a65f\" data-element_type=\"widget\" data-e-type=\"widget\" data-settings=\"{&quot;navigation&quot;:&quot;dots&quot;,&quot;autoplay&quot;:&quot;yes&quot;,&quot;pause_on_hover&quot;:&quot;yes&quot;,&quot;pause_on_interaction&quot;:&quot;yes&quot;,&quot;autoplay_speed&quot;:5000,&quot;infinite&quot;:&quot;yes&quot;,&quot;transition&quot;:&quot;slide&quot;,&quot;transition_speed&quot;:500}\" data-widget_type=\"slides.default\">\n\t\t\t\t<div class=\"elementor-widget-container\">\n\t\t\t\t\t\t\t\t\t<div class=\"elementor-swiper\">\n\t\t\t\t\t<div class=\"elementor-slides-wrapper elementor-main-swiper swiper\" role=\"region\" aria-roledescription=\"carousel\" aria-label=\"Esilehe slaider\" dir=\"ltr\" data-animation=\"fadeInUp\">\n\t\t\t\t<div class=\"swiper-wrapper elementor-slides\">\n\t\t\t\t\t\t\t\t\t\t<div class=\"elementor-repeater-item-f235c11 swiper-slide\" role=\"group\" aria-roledescription=\"slide\"><div class=\"swiper-slide-bg\" role=\"img\" aria-label=\"Altja\"><\/div><div class=\"swiper-slide-inner\" ><div class=\"swiper-slide-contents\"><\/div><\/div><\/div><div class=\"elementor-repeater-item-e9293db swiper-slide\" role=\"group\" aria-roledescription=\"slide\"><div class=\"swiper-slide-bg\" role=\"img\" aria-label=\"Purekkari neem\"><\/div><div class=\"swiper-slide-inner\" ><div class=\"swiper-slide-contents\"><\/div><\/div><\/div><div class=\"elementor-repeater-item-c0d349b swiper-slide\" role=\"group\" aria-roledescription=\"slide\"><div class=\"swiper-slide-bg\" role=\"img\" aria-label=\"Jaani-Tooma\"><\/div><div class=\"swiper-slide-inner\" ><div class=\"swiper-slide-contents\"><\/div><\/div><\/div>\t\t\t\t<\/div>\n\t\t\t\t\t\t\t\t\t\t\t\t\t\t\t\t\t\t\t\t<div class=\"swiper-pagination\"><\/div>\n\t\t\t\t\t\t\t\t\t\t\t\t<\/div>\n\t\t\t\t<\/div>\n\t\t\t\t\t\t\t\t<\/div>\n\t\t\t\t<\/div>\n\t\t\t\t<\/div>\n\t\t<div class=\"elementor-element elementor-element-fa9829a e-flex e-con-boxed e-con e-parent\" data-id=\"fa9829a\" data-element_type=\"container\" data-e-type=\"container\">\n\t\t\t\t\t<div class=\"e-con-inner\">\n\t\t\t\t<div class=\"elementor-element elementor-element-21eb0a4 elementor-widget elementor-widget-heading\" data-id=\"21eb0a4\" data-element_type=\"widget\" data-e-type=\"widget\" data-widget_type=\"heading.default\">\n\t\t\t\t<div class=\"elementor-widget-container\">\n\t\t\t\t\t<h1 class=\"elementor-heading-title elementor-size-default\">Entdecken Sie Lahemaa schnell<\/h1>\t\t\t\t<\/div>\n\t\t\t\t<\/div>\n\t\t<div class=\"elementor-element elementor-element-6be0cd0 e-grid e-con-full e-con e-child\" data-id=\"6be0cd0\" data-element_type=\"container\" data-e-type=\"container\">\n\t\t<a class=\"elementor-element elementor-element-f1edb1d e-con-full e-flex elementor-invisible e-con e-child\" data-id=\"f1edb1d\" data-element_type=\"container\" data-e-type=\"container\" data-settings=\"{&quot;background_background&quot;:&quot;classic&quot;,&quot;animation&quot;:&quot;fadeInUp&quot;}\" href=\"https:\/\/uus.visitlahemaa.com\/de\/plan\/gastronomie\/\">\n\t\t\t\t<div class=\"elementor-element elementor-element-bf13316 elementor-widget elementor-widget-image\" data-id=\"bf13316\" data-element_type=\"widget\" data-e-type=\"widget\" data-widget_type=\"image.default\">\n\t\t\t\t<div class=\"elementor-widget-container\">\n\t\t\t\t\t\t\t\t\t\t\t\t\t\t\t<img decoding=\"async\" width=\"161\" height=\"149\" src=\"https:\/\/uus.visitlahemaa.com\/wp-content\/uploads\/2025\/09\/1vl-toitlustus.png\" class=\"attachment-large size-large wp-image-46399\" alt=\"\" \/>\t\t\t\t\t\t\t\t\t\t\t\t\t\t\t<\/div>\n\t\t\t\t<\/div>\n\t\t\t\t<div class=\"elementor-element elementor-element-1219699 elementor-widget elementor-widget-heading\" data-id=\"1219699\" data-element_type=\"widget\" data-e-type=\"widget\" data-widget_type=\"heading.default\">\n\t\t\t\t<div class=\"elementor-widget-container\">\n\t\t\t\t\t<h2 class=\"elementor-heading-title elementor-size-default\">Verpflegung<\/h2>\t\t\t\t<\/div>\n\t\t\t\t<\/div>\n\t\t\t\t<\/a>\n\t\t<a class=\"elementor-element elementor-element-0a30601 e-con-full e-flex elementor-invisible e-con e-child\" data-id=\"0a30601\" data-element_type=\"container\" data-e-type=\"container\" data-settings=\"{&quot;background_background&quot;:&quot;classic&quot;,&quot;animation&quot;:&quot;fadeInUp&quot;,&quot;animation_delay&quot;:300}\" href=\"https:\/\/uus.visitlahemaa.com\/de\/plan\/unterkuenfte\/\">\n\t\t\t\t<div class=\"elementor-element elementor-element-67e57dd elementor-widget elementor-widget-image\" data-id=\"67e57dd\" data-element_type=\"widget\" data-e-type=\"widget\" data-widget_type=\"image.default\">\n\t\t\t\t<div class=\"elementor-widget-container\">\n\t\t\t\t\t\t\t\t\t\t\t\t\t\t\t<img decoding=\"async\" width=\"161\" height=\"149\" src=\"https:\/\/uus.visitlahemaa.com\/wp-content\/uploads\/2025\/09\/1vl-majutus.png\" class=\"attachment-large size-large wp-image-46411\" alt=\"\" \/>\t\t\t\t\t\t\t\t\t\t\t\t\t\t\t<\/div>\n\t\t\t\t<\/div>\n\t\t\t\t<div class=\"elementor-element elementor-element-203b974 elementor-widget elementor-widget-heading\" data-id=\"203b974\" data-element_type=\"widget\" data-e-type=\"widget\" data-widget_type=\"heading.default\">\n\t\t\t\t<div class=\"elementor-widget-container\">\n\t\t\t\t\t<h2 class=\"elementor-heading-title elementor-size-default\">Unterkunft<\/h2>\t\t\t\t<\/div>\n\t\t\t\t<\/div>\n\t\t\t\t<\/a>\n\t\t<a class=\"elementor-element elementor-element-4503b04 e-con-full e-flex elementor-invisible e-con e-child\" data-id=\"4503b04\" data-element_type=\"container\" data-e-type=\"container\" data-settings=\"{&quot;background_background&quot;:&quot;classic&quot;,&quot;animation&quot;:&quot;fadeInUp&quot;,&quot;animation_delay&quot;:600}\" href=\"https:\/\/uus.visitlahemaa.com\/de\/plan\/transport\/\">\n\t\t\t\t<div class=\"elementor-element elementor-element-1e569b7 elementor-widget elementor-widget-image\" data-id=\"1e569b7\" data-element_type=\"widget\" data-e-type=\"widget\" data-widget_type=\"image.default\">\n\t\t\t\t<div class=\"elementor-widget-container\">\n\t\t\t\t\t\t\t\t\t\t\t\t\t\t\t<img decoding=\"async\" width=\"161\" height=\"149\" src=\"https:\/\/uus.visitlahemaa.com\/wp-content\/uploads\/2025\/09\/1vl-transport.png\" class=\"attachment-large size-large wp-image-46417\" alt=\"\" \/>\t\t\t\t\t\t\t\t\t\t\t\t\t\t\t<\/div>\n\t\t\t\t<\/div>\n\t\t\t\t<div class=\"elementor-element elementor-element-172045b elementor-widget elementor-widget-heading\" data-id=\"172045b\" data-element_type=\"widget\" data-e-type=\"widget\" data-widget_type=\"heading.default\">\n\t\t\t\t<div class=\"elementor-widget-container\">\n\t\t\t\t\t<h2 class=\"elementor-heading-title elementor-size-default\">Transport<\/h2>\t\t\t\t<\/div>\n\t\t\t\t<\/div>\n\t\t\t\t<\/a>\n\t\t<a class=\"elementor-element elementor-element-7d652f5 e-con-full e-flex elementor-invisible e-con e-child\" data-id=\"7d652f5\" data-element_type=\"container\" data-e-type=\"container\" data-settings=\"{&quot;background_background&quot;:&quot;classic&quot;,&quot;animation&quot;:&quot;fadeInUp&quot;,&quot;animation_delay&quot;:900}\" href=\"https:\/\/uus.visitlahemaa.com\/de\/plan\/sehenswuerdigkeiten\/\">\n\t\t\t\t<div class=\"elementor-element elementor-element-b9dbcf9 elementor-widget elementor-widget-image\" data-id=\"b9dbcf9\" data-element_type=\"widget\" data-e-type=\"widget\" data-widget_type=\"image.default\">\n\t\t\t\t<div class=\"elementor-widget-container\">\n\t\t\t\t\t\t\t\t\t\t\t\t\t\t\t<img loading=\"lazy\" decoding=\"async\" width=\"161\" height=\"149\" src=\"https:\/\/uus.visitlahemaa.com\/wp-content\/uploads\/2025\/09\/1vl-map.png\" class=\"attachment-large size-large wp-image-46405\" alt=\"\" \/>\t\t\t\t\t\t\t\t\t\t\t\t\t\t\t<\/div>\n\t\t\t\t<\/div>\n\t\t\t\t<div class=\"elementor-element elementor-element-d9358c8 elementor-widget elementor-widget-heading\" data-id=\"d9358c8\" data-element_type=\"widget\" data-e-type=\"widget\" data-widget_type=\"heading.default\">\n\t\t\t\t<div class=\"elementor-widget-container\">\n\t\t\t\t\t<h2 class=\"elementor-heading-title elementor-size-default\">Orte um Sie herum<\/h2>\t\t\t\t<\/div>\n\t\t\t\t<\/div>\n\t\t\t\t<\/a>\n\t\t\t\t<\/div>\n\t\t\t\t\t<\/div>\n\t\t\t\t<\/div>\n\t\t<div class=\"elementor-element elementor-element-c93ebee e-con-full e-flex e-con e-parent\" data-id=\"c93ebee\" data-element_type=\"container\" data-e-type=\"container\">\n\t\t<div class=\"elementor-element elementor-element-ba061cb e-flex e-con-boxed e-con e-child\" data-id=\"ba061cb\" data-element_type=\"container\" data-e-type=\"container\">\n\t\t\t\t\t<div class=\"e-con-inner\">\n\t\t\t\t<div class=\"elementor-element elementor-element-b93b570 elementor-widget elementor-widget-image\" data-id=\"b93b570\" data-element_type=\"widget\" data-e-type=\"widget\" data-settings=\"{&quot;motion_fx_motion_fx_scrolling&quot;:&quot;yes&quot;,&quot;motion_fx_translateX_effect&quot;:&quot;yes&quot;,&quot;motion_fx_translateX_speed&quot;:{&quot;unit&quot;:&quot;px&quot;,&quot;size&quot;:0.75,&quot;sizes&quot;:[]},&quot;motion_fx_translateX_affectedRange&quot;:{&quot;unit&quot;:&quot;%&quot;,&quot;size&quot;:&quot;&quot;,&quot;sizes&quot;:{&quot;start&quot;:0,&quot;end&quot;:100}},&quot;motion_fx_devices&quot;:[&quot;desktop&quot;,&quot;tablet&quot;,&quot;mobile&quot;]}\" data-widget_type=\"image.default\">\n\t\t\t\t<div class=\"elementor-widget-container\">\n\t\t\t\t\t\t\t\t\t\t\t\t<figure class=\"wp-caption\">\n\t\t\t\t\t\t\t\t\t\t<img loading=\"lazy\" decoding=\"async\" width=\"1200\" height=\"899\" src=\"https:\/\/uus.visitlahemaa.com\/wp-content\/uploads\/2023\/04\/bog-lake_jaan-roose.jpg\" class=\"attachment-full size-full wp-image-40545\" alt=\"\" srcset=\"https:\/\/uus.visitlahemaa.com\/wp-content\/uploads\/2023\/04\/bog-lake_jaan-roose.jpg 1200w, https:\/\/uus.visitlahemaa.com\/wp-content\/uploads\/2023\/04\/bog-lake_jaan-roose-600x450.jpg 600w, https:\/\/uus.visitlahemaa.com\/wp-content\/uploads\/2023\/04\/bog-lake_jaan-roose-1024x767.jpg 1024w, https:\/\/uus.visitlahemaa.com\/wp-content\/uploads\/2023\/04\/bog-lake_jaan-roose-768x575.jpg 768w\" sizes=\"(max-width: 1200px) 100vw, 1200px\" \/>\t\t\t\t\t\t\t\t\t\t\t<figcaption class=\"widget-image-caption wp-caption-text\">Author: Jaan Roose<\/figcaption>\n\t\t\t\t\t\t\t\t\t\t<\/figure>\n\t\t\t\t\t\t\t\t\t<\/div>\n\t\t\t\t<\/div>\n\t\t\t\t\t<\/div>\n\t\t\t\t<\/div>\n\t\t<div class=\"elementor-element elementor-element-9895395 e-flex e-con-boxed e-con e-child\" data-id=\"9895395\" data-element_type=\"container\" data-e-type=\"container\">\n\t\t\t\t\t<div class=\"e-con-inner\">\n\t\t<div class=\"elementor-element elementor-element-102e059 e-con-full animated-slow e-flex elementor-invisible e-con e-child\" data-id=\"102e059\" data-element_type=\"container\" data-e-type=\"container\" data-settings=\"{&quot;animation&quot;:&quot;fadeIn&quot;}\">\n\t\t\t\t<div class=\"elementor-element elementor-element-3a1f224 elementor-widget elementor-widget-heading\" data-id=\"3a1f224\" data-element_type=\"widget\" data-e-type=\"widget\" data-widget_type=\"heading.default\">\n\t\t\t\t<div class=\"elementor-widget-container\">\n\t\t\t\t\t<h1 class=\"elementor-heading-title elementor-size-default\">Lahemaa ist ein magischer kleiner Ort, an dem Natur und Menschen in Harmonie leben.<\/h1>\t\t\t\t<\/div>\n\t\t\t\t<\/div>\n\t\t\t\t<div class=\"elementor-element elementor-element-ad18c69 elementor-widget elementor-widget-text-editor\" data-id=\"ad18c69\" data-element_type=\"widget\" data-e-type=\"widget\" data-widget_type=\"text-editor.default\">\n\t\t\t\t<div class=\"elementor-widget-container\">\n\t\t\t\t\t\t\t\t\t<p>Hier finden Sie tiefe W\u00e4lder, st\u00fcrmische See und riesige Findlinge, doch vor allem Menschen, die alte Geschichten erz\u00e4hlen und Runenlieder singen k\u00f6nnen. <\/p>\t\t\t\t\t\t\t\t<\/div>\n\t\t\t\t<\/div>\n\t\t\t\t<\/div>\n\t\t\t\t\t<\/div>\n\t\t\t\t<\/div>\n\t\t\t\t<\/div>\n\t\t<div class=\"elementor-element elementor-element-9fffe97 e-con-full e-flex e-con e-parent\" data-id=\"9fffe97\" data-element_type=\"container\" data-e-type=\"container\">\n\t\t<div class=\"elementor-element elementor-element-96820f7 e-flex e-con-boxed e-con e-child\" data-id=\"96820f7\" data-element_type=\"container\" data-e-type=\"container\">\n\t\t\t\t\t<div class=\"e-con-inner\">\n\t\t<div class=\"elementor-element elementor-element-68b7d0e e-con-full e-flex elementor-invisible e-con e-child\" data-id=\"68b7d0e\" data-element_type=\"container\" data-e-type=\"container\" data-settings=\"{&quot;animation&quot;:&quot;fadeIn&quot;}\">\n\t\t\t\t<div class=\"elementor-element elementor-element-a4a95c3 elementor-widget elementor-widget-heading\" data-id=\"a4a95c3\" data-element_type=\"widget\" data-e-type=\"widget\" data-widget_type=\"heading.default\">\n\t\t\t\t<div class=\"elementor-widget-container\">\n\t\t\t\t\t<h1 class=\"elementor-heading-title elementor-size-default\">Es ist die Heimat einer Vielzahl von Wildtieren - Elche, Wildschweine, B\u00e4ren und Luchse.<\/h1>\t\t\t\t<\/div>\n\t\t\t\t<\/div>\n\t\t\t\t<div class=\"elementor-element elementor-element-76530b6 elementor-widget elementor-widget-text-editor\" data-id=\"76530b6\" data-element_type=\"widget\" data-e-type=\"widget\" data-widget_type=\"text-editor.default\">\n\t\t\t\t<div class=\"elementor-widget-container\">\n\t\t\t\t\t\t\t\t\t<p>Die Nordk\u00fcste zieht jedes Jahr viele Zugv\u00f6gel an. Den Nationalpark durchziehen mehrere gut markierte lange Wanderwege, wie der <b>RMK Oandu-Ikla matkatee<\/b> und ein Waldweg, der zum europ\u00e4ischen internationalen Wanderweg E11 geh\u00f6rt.<\/p>\t\t\t\t\t\t\t\t<\/div>\n\t\t\t\t<\/div>\n\t\t\t\t<\/div>\n\t\t\t\t\t<\/div>\n\t\t\t\t<\/div>\n\t\t<div class=\"elementor-element elementor-element-8a1f2ba e-con-full e-flex e-con e-child\" data-id=\"8a1f2ba\" data-element_type=\"container\" data-e-type=\"container\">\n\t\t\t\t<div class=\"elementor-element elementor-element-b6d9f2b elementor-widget elementor-widget-image\" data-id=\"b6d9f2b\" data-element_type=\"widget\" data-e-type=\"widget\" data-settings=\"{&quot;motion_fx_motion_fx_scrolling&quot;:&quot;yes&quot;,&quot;motion_fx_scale_effect&quot;:&quot;yes&quot;,&quot;motion_fx_scale_speed&quot;:{&quot;unit&quot;:&quot;px&quot;,&quot;size&quot;:1,&quot;sizes&quot;:[]},&quot;motion_fx_scale_range&quot;:{&quot;unit&quot;:&quot;%&quot;,&quot;size&quot;:&quot;&quot;,&quot;sizes&quot;:{&quot;start&quot;:0,&quot;end&quot;:100}},&quot;motion_fx_scale_direction&quot;:&quot;out-in&quot;,&quot;motion_fx_devices&quot;:[&quot;desktop&quot;,&quot;tablet&quot;,&quot;mobile&quot;]}\" data-widget_type=\"image.default\">\n\t\t\t\t<div class=\"elementor-widget-container\">\n\t\t\t\t\t\t\t\t\t\t\t\t<figure class=\"wp-caption\">\n\t\t\t\t\t\t\t\t\t\t<img loading=\"lazy\" decoding=\"async\" width=\"1200\" height=\"671\" src=\"https:\/\/uus.visitlahemaa.com\/wp-content\/uploads\/2023\/04\/forest-sunrise_sven-zacek.jpg\" class=\"attachment-full size-full wp-image-40547\" alt=\"\" srcset=\"https:\/\/uus.visitlahemaa.com\/wp-content\/uploads\/2023\/04\/forest-sunrise_sven-zacek.jpg 1200w, https:\/\/uus.visitlahemaa.com\/wp-content\/uploads\/2023\/04\/forest-sunrise_sven-zacek-600x336.jpg 600w, https:\/\/uus.visitlahemaa.com\/wp-content\/uploads\/2023\/04\/forest-sunrise_sven-zacek-1024x573.jpg 1024w, https:\/\/uus.visitlahemaa.com\/wp-content\/uploads\/2023\/04\/forest-sunrise_sven-zacek-768x429.jpg 768w\" sizes=\"(max-width: 1200px) 100vw, 1200px\" \/>\t\t\t\t\t\t\t\t\t\t\t<figcaption class=\"widget-image-caption wp-caption-text\">P\u00e4ikset\u00f5us metsas | Autor: Sven Zacek<\/figcaption>\n\t\t\t\t\t\t\t\t\t\t<\/figure>\n\t\t\t\t\t\t\t\t\t<\/div>\n\t\t\t\t<\/div>\n\t\t\t\t<\/div>\n\t\t\t\t<\/div>\n\t\t<div class=\"elementor-element elementor-element-9d9db29 e-con-full e-flex e-con e-parent\" data-id=\"9d9db29\" data-element_type=\"container\" data-e-type=\"container\">\n\t\t<div class=\"elementor-element elementor-element-acdbab7 e-con-full e-flex e-con e-child\" data-id=\"acdbab7\" data-element_type=\"container\" data-e-type=\"container\">\n\t\t\t\t<div class=\"elementor-element elementor-element-02ab21a elementor-widget elementor-widget-image\" data-id=\"02ab21a\" data-element_type=\"widget\" data-e-type=\"widget\" data-settings=\"{&quot;motion_fx_motion_fx_scrolling&quot;:&quot;yes&quot;,&quot;motion_fx_translateX_effect&quot;:&quot;yes&quot;,&quot;motion_fx_translateX_speed&quot;:{&quot;unit&quot;:&quot;px&quot;,&quot;size&quot;:0.3,&quot;sizes&quot;:[]},&quot;motion_fx_scale_effect&quot;:&quot;yes&quot;,&quot;motion_fx_scale_direction&quot;:&quot;in-out&quot;,&quot;motion_fx_scale_speed&quot;:{&quot;unit&quot;:&quot;px&quot;,&quot;size&quot;:1,&quot;sizes&quot;:[]},&quot;motion_fx_scale_range&quot;:{&quot;unit&quot;:&quot;%&quot;,&quot;size&quot;:&quot;&quot;,&quot;sizes&quot;:{&quot;start&quot;:0,&quot;end&quot;:100}},&quot;motion_fx_translateX_affectedRange&quot;:{&quot;unit&quot;:&quot;%&quot;,&quot;size&quot;:&quot;&quot;,&quot;sizes&quot;:{&quot;start&quot;:0,&quot;end&quot;:100}},&quot;motion_fx_devices&quot;:[&quot;desktop&quot;,&quot;tablet&quot;,&quot;mobile&quot;]}\" data-widget_type=\"image.default\">\n\t\t\t\t<div class=\"elementor-widget-container\">\n\t\t\t\t\t\t\t\t\t\t\t\t<figure class=\"wp-caption\">\n\t\t\t\t\t\t\t\t\t\t<img loading=\"lazy\" decoding=\"async\" width=\"1600\" height=\"800\" src=\"https:\/\/uus.visitlahemaa.com\/wp-content\/uploads\/2022\/11\/1600_900_false_false_348571ede337010f91c57900b8ee9d21.png\" class=\"attachment-full size-full wp-image-40540\" alt=\"\" srcset=\"https:\/\/uus.visitlahemaa.com\/wp-content\/uploads\/2022\/11\/1600_900_false_false_348571ede337010f91c57900b8ee9d21.png 1600w, https:\/\/uus.visitlahemaa.com\/wp-content\/uploads\/2022\/11\/1600_900_false_false_348571ede337010f91c57900b8ee9d21-600x300.png 600w, https:\/\/uus.visitlahemaa.com\/wp-content\/uploads\/2022\/11\/1600_900_false_false_348571ede337010f91c57900b8ee9d21-1024x512.png 1024w, https:\/\/uus.visitlahemaa.com\/wp-content\/uploads\/2022\/11\/1600_900_false_false_348571ede337010f91c57900b8ee9d21-768x384.png 768w, https:\/\/uus.visitlahemaa.com\/wp-content\/uploads\/2022\/11\/1600_900_false_false_348571ede337010f91c57900b8ee9d21-1536x768.png 1536w, https:\/\/uus.visitlahemaa.com\/wp-content\/uploads\/2022\/11\/1600_900_false_false_348571ede337010f91c57900b8ee9d21-1320x660.png 1320w\" sizes=\"(max-width: 1600px) 100vw, 1600px\" \/>\t\t\t\t\t\t\t\t\t\t\t<figcaption class=\"widget-image-caption wp-caption-text\"><\/figcaption>\n\t\t\t\t\t\t\t\t\t\t<\/figure>\n\t\t\t\t\t\t\t\t\t<\/div>\n\t\t\t\t<\/div>\n\t\t\t\t<\/div>\n\t\t<div class=\"elementor-element elementor-element-056cf13 e-flex e-con-boxed e-con e-child\" data-id=\"056cf13\" data-element_type=\"container\" data-e-type=\"container\">\n\t\t\t\t\t<div class=\"e-con-inner\">\n\t\t<div class=\"elementor-element elementor-element-bf89db6 e-con-full e-flex elementor-invisible e-con e-child\" data-id=\"bf89db6\" data-element_type=\"container\" data-e-type=\"container\" data-settings=\"{&quot;animation&quot;:&quot;fadeIn&quot;}\">\n\t\t\t\t<div class=\"elementor-element elementor-element-45e5029 elementor-widget elementor-widget-heading\" data-id=\"45e5029\" data-element_type=\"widget\" data-e-type=\"widget\" data-widget_type=\"heading.default\">\n\t\t\t\t<div class=\"elementor-widget-container\">\n\t\t\t\t\t<h1 class=\"elementor-heading-title elementor-size-default\">Lahemaa, der <b>\u00e4lteste Nationalpark der ehemaligen Sowjetunion<\/b>, ist das Flaggschiff der estnischen Natur.<\/h1>\t\t\t\t<\/div>\n\t\t\t\t<\/div>\n\t\t\t\t<div class=\"elementor-element elementor-element-82e8c8f elementor-widget elementor-widget-text-editor\" data-id=\"82e8c8f\" data-element_type=\"widget\" data-e-type=\"widget\" data-widget_type=\"text-editor.default\">\n\t\t\t\t<div class=\"elementor-widget-container\">\n\t\t\t\t\t\t\t\t\t<p>Das 725 km2 gro\u00dfe Gebiet beherbergt \u00fcppige einheimische W\u00e4lder, Feuchtgebiete, die sich bis zum Horizont erstrecken, sowie felsige und sandige Str\u00e4nde.<\/p><p>Lahemaa ist eines der wichtigsten Waldschutzgebiete Europas und hier befindet sich Europas gr\u00f6\u00dfte Ansammlung von Findlingen.<\/p>\t\t\t\t\t\t\t\t<\/div>\n\t\t\t\t<\/div>\n\t\t\t\t<\/div>\n\t\t\t\t\t<\/div>\n\t\t\t\t<\/div>\n\t\t\t\t<\/div>\n\t\t<div class=\"elementor-element elementor-element-a67273f e-flex e-con-boxed e-con e-parent\" data-id=\"a67273f\" data-element_type=\"container\" data-e-type=\"container\">\n\t\t\t\t\t<div class=\"e-con-inner\">\n\t\t\t\t<div class=\"elementor-element elementor-element-696dcda elementor-widget elementor-widget-image\" data-id=\"696dcda\" data-element_type=\"widget\" data-e-type=\"widget\" data-widget_type=\"image.default\">\n\t\t\t\t<div class=\"elementor-widget-container\">\n\t\t\t\t\t\t\t\t\t\t\t\t\t\t\t\t<a href=\"https:\/\/uus.visitlahemaa.com\/de\/picknick-tag\/\">\n\t\t\t\t\t\t\t<img loading=\"lazy\" decoding=\"async\" width=\"2400\" height=\"1080\" src=\"https:\/\/uus.visitlahemaa.com\/wp-content\/uploads\/2025\/04\/v2-Lahemaa-piknikupaev_2400x1080-1.webp\" class=\"attachment-full size-full wp-image-42293\" alt=\"\" srcset=\"https:\/\/uus.visitlahemaa.com\/wp-content\/uploads\/2025\/04\/v2-Lahemaa-piknikupaev_2400x1080-1.webp 2400w, https:\/\/uus.visitlahemaa.com\/wp-content\/uploads\/2025\/04\/v2-Lahemaa-piknikupaev_2400x1080-1-600x270.webp 600w, https:\/\/uus.visitlahemaa.com\/wp-content\/uploads\/2025\/04\/v2-Lahemaa-piknikupaev_2400x1080-1-1024x461.webp 1024w, https:\/\/uus.visitlahemaa.com\/wp-content\/uploads\/2025\/04\/v2-Lahemaa-piknikupaev_2400x1080-1-768x346.webp 768w, https:\/\/uus.visitlahemaa.com\/wp-content\/uploads\/2025\/04\/v2-Lahemaa-piknikupaev_2400x1080-1-1536x691.webp 1536w, https:\/\/uus.visitlahemaa.com\/wp-content\/uploads\/2025\/04\/v2-Lahemaa-piknikupaev_2400x1080-1-2048x922.webp 2048w\" sizes=\"(max-width: 2400px) 100vw, 2400px\" \/>\t\t\t\t\t\t\t\t<\/a>\n\t\t\t\t\t\t\t\t\t\t\t\t\t\t\t<\/div>\n\t\t\t\t<\/div>\n\t\t\t\t\t<\/div>\n\t\t\t\t<\/div>\n\t\t<div class=\"elementor-element elementor-element-4bbfe59 e-flex e-con-boxed e-con e-parent\" data-id=\"4bbfe59\" data-element_type=\"container\" data-e-type=\"container\">\n\t\t\t\t\t<div class=\"e-con-inner\">\n\t\t\t\t<div class=\"elementor-element elementor-element-d3b4066 e-n-tabs-none elementor-widget elementor-widget-n-tabs\" data-id=\"d3b4066\" data-element_type=\"widget\" data-e-type=\"widget\" data-settings=\"{&quot;horizontal_scroll_mobile&quot;:&quot;enable&quot;,&quot;horizontal_scroll&quot;:&quot;disable&quot;}\" data-widget_type=\"nested-tabs.default\">\n\t\t\t\t<div class=\"elementor-widget-container\">\n\t\t\t\t\t\t\t<div class=\"e-n-tabs\" data-widget-number=\"221986918\" aria-label=\"Tabs. Open items with Enter or Space, close with Escape and navigate using the Arrow keys.\">\n\t\t\t<div class=\"e-n-tabs-heading\" role=\"tablist\">\n\t\t\t\t\t<button id=\"e-n-tab-title-2219869181\" data-tab-title-id=\"e-n-tab-title-2219869181\" class=\"e-n-tab-title\" aria-selected=\"true\" data-tab-index=\"1\" role=\"tab\" tabindex=\"0\" aria-controls=\"e-n-tab-content-2219869181\" style=\"--n-tabs-title-order: 1;\">\n\t\t\t\t\t\t<span class=\"e-n-tab-title-text\">\n\t\t\t\tInstagram\t\t\t<\/span>\n\t\t<\/button>\n\t\t\t\t<button id=\"e-n-tab-title-2219869182\" data-tab-title-id=\"e-n-tab-title-2219869182\" class=\"e-n-tab-title\" aria-selected=\"false\" data-tab-index=\"2\" role=\"tab\" tabindex=\"-1\" aria-controls=\"e-n-tab-content-2219869182\" style=\"--n-tabs-title-order: 2;\">\n\t\t\t\t\t\t<span class=\"e-n-tab-title-text\">\n\t\t\t\tFacebook\t\t\t<\/span>\n\t\t<\/button>\n\t\t\t\t\t<\/div>\n\t\t\t<div class=\"e-n-tabs-content\">\n\t\t\t\t<div id=\"e-n-tab-content-2219869181\" role=\"tabpanel\" aria-labelledby=\"e-n-tab-title-2219869181\" data-tab-index=\"1\" style=\"--n-tabs-title-order: 1;\" class=\"e-active elementor-element elementor-element-6e67908 e-con-full e-flex e-con e-child\" data-id=\"6e67908\" data-element_type=\"container\" data-e-type=\"container\">\n\t\t\t\t<\/div>\n\t\t<div id=\"e-n-tab-content-2219869182\" role=\"tabpanel\" aria-labelledby=\"e-n-tab-title-2219869182\" data-tab-index=\"2\" style=\"--n-tabs-title-order: 2;\" class=\" elementor-element elementor-element-7e9ae78 e-con-full e-flex e-con e-child\" data-id=\"7e9ae78\" data-element_type=\"container\" data-e-type=\"container\">\n\t\t\t\t<\/div>\n\t\t\t\t\t<\/div>\n\t\t<\/div>\n\t\t\t\t\t\t<\/div>\n\t\t\t\t<\/div>\n\t\t\t\t\t<\/div>\n\t\t\t\t<\/div>\n\t\t\t\t<\/div>\n\t\t","protected":false},"excerpt":{"rendered":"<p>Entdecken Sie Lahemaa schnell Verpflegung Unterkunft Transport Orte um Sie herum Rabaj\u00e4rv | Autor: Jaan Roose Lahemaa ist ein magischer kleiner Ort, an dem Natur und Menschen in Harmonie leben. Hier finden Sie tiefe W\u00e4lder, st\u00fcrmische See und riesige Findlinge, doch vor allem Menschen, die alte Geschichten erz\u00e4hlen und Runenlieder singen k\u00f6nnen. Es ist die [&hellip;]<\/p>\n","protected":false},"author":100010016,"featured_media":40791,"parent":0,"menu_order":0,"comment_status":"closed","ping_status":"closed","template":"","meta":{"_acf_changed":false,"_lmt_disableupdate":"","_lmt_disable":"","_monsterinsights_skip_tracking":false,"_monsterinsights_sitenote_active":false,"_monsterinsights_sitenote_note":"","_monsterinsights_sitenote_category":0,"footnotes":"","_links_to":"","_links_to_target":""},"class_list":["post-40789","page","type-page","status-publish","has-post-thumbnail","hentry"],"acf":[],"_links":{"self":[{"href":"https:\/\/uus.visitlahemaa.com\/de\/wp-json\/wp\/v2\/pages\/40789","targetHints":{"allow":["GET"]}}],"collection":[{"href":"https:\/\/uus.visitlahemaa.com\/de\/wp-json\/wp\/v2\/pages"}],"about":[{"href":"https:\/\/uus.visitlahemaa.com\/de\/wp-json\/wp\/v2\/types\/page"}],"author":[{"embeddable":true,"href":"https:\/\/uus.visitlahemaa.com\/de\/wp-json\/wp\/v2\/users\/100010016"}],"replies":[{"embeddable":true,"href":"https:\/\/uus.visitlahemaa.com\/de\/wp-json\/wp\/v2\/comments?post=40789"}],"version-history":[{"count":9,"href":"https:\/\/uus.visitlahemaa.com\/de\/wp-json\/wp\/v2\/pages\/40789\/revisions"}],"predecessor-version":[{"id":46469,"href":"https:\/\/uus.visitlahemaa.com\/de\/wp-json\/wp\/v2\/pages\/40789\/revisions\/46469"}],"wp:featuredmedia":[{"embeddable":true,"href":"https:\/\/uus.visitlahemaa.com\/de\/wp-json\/wp\/v2\/media\/40791"}],"wp:attachment":[{"href":"https:\/\/uus.visitlahemaa.com\/de\/wp-json\/wp\/v2\/media?parent=40789"}],"curies":[{"name":"wp","href":"https:\/\/api.w.org\/{rel}","templated":true}]}}