{"id":40525,"date":"2017-10-29T13:36:07","date_gmt":"2017-10-29T11:36:07","guid":{"rendered":"https:\/\/uus.visitlahemaa.com\/sightseeings\/"},"modified":"2025-09-01T10:38:35","modified_gmt":"2025-09-01T07:38:35","slug":"sehenswuerdigkeiten","status":"publish","type":"page","link":"https:\/\/uus.visitlahemaa.com\/de\/plan\/sehenswuerdigkeiten\/","title":{"rendered":"Sehensw\u00fcrdigkeiten"},"content":{"rendered":"\t\t<div data-elementor-type=\"wp-page\" data-elementor-id=\"40525\" class=\"elementor elementor-40525 elementor-39624\" data-elementor-post-type=\"page\">\n\t\t\t\t<div class=\"elementor-element elementor-element-21df3853 e-flex e-con-boxed e-con e-parent\" data-id=\"21df3853\" data-element_type=\"container\" data-e-type=\"container\">\n\t\t\t\t\t<div class=\"e-con-inner\">\n\t\t\t\t<div class=\"elementor-element elementor-element-333c73ea elementor-widget elementor-widget-text-editor\" data-id=\"333c73ea\" data-element_type=\"widget\" data-e-type=\"widget\" data-widget_type=\"text-editor.default\">\n\t\t\t\t<div class=\"elementor-widget-container\">\n\t\t\t\t\t\t\t\t\t<div id=\"pl-24\" class=\"panel-layout\">\n<div id=\"pg-24-0\" class=\"panel-grid panel-no-style\">\n<div id=\"pgc-24-0-0\" class=\"panel-grid-cell\" data-weight=\"1\">\n<div id=\"panel-24-0-0-0\" class=\"so-panel widget widget_sow-editor panel-first-child panel-last-child\" data-index=\"0\" data-style=\"{\" background_image_attachment=\"\">\n<div class=\"so-widget-sow-editor so-widget-sow-editor-base\">\n<div class=\"siteorigin-widget-tinymce textwidget\">\n\n<span style=\"font-weight: 400;\">Die Lahemaa-Attraktionen sind am einfachsten mit Hilfe <a href=\"https:\/\/uus.visitlahemaa.com\/de\/karte-von-lahemaa\/\" target=\"_blank\" rel=\"noopener\">der Navicup-Kartenanwendung<\/a> oder <a href=\"https:\/\/kaitsealad.ee\/sites\/default\/files\/uploads\/Lahemaa%20rahvuspark\/Infomaterjalid\/A2_lahemaa_est.jpg\" target=\"_blank\" rel=\"noopener\">einer druckbaren Karte<\/a> zu finden.<\/span>\n\n<span style=\"font-weight: 400;\">Der Nationalpark Lahemaa bietet das beste Gef\u00fchl f\u00fcr das Zusammenspiel zwischen bewusster menschlicher Aktivit\u00e4t und wundersch\u00f6ner Natur. Das historische Dorf und das Erbe aus der Sowjetzeit, durchsetzt mit malerischen Naturlandschaften, haben eine vielf\u00e4ltige Auswahl an Attraktionen in Lahemaa geschaffen.  <\/span>\n\nDa der Nationalpark Lahemaa in seiner Natur, seinen Gemeinschaften und seinen T\u00e4tigkeitsbereichen so vielf\u00e4ltig ist, beschr\u00e4nkt sich der Reichtum an Erlebnissen hier nicht nur auf visuelle Empfindungen. Daher sind Sie herzlich willkommen in Estlands \u00e4ltestem Nationalpark, um alle Erlebnisse zu erkunden, die er bietet!  \n\n<b>Natur<\/b><span style=\"font-weight: 400;\"> <\/span>\n\n<span style=\"font-weight: 400;\">Der Nationalpark Lahemaa ist wirklich reich an W\u00e4ldern \u2013 er ist eines der gr\u00f6\u00dften Waldschutzgebiete Europas. Dar\u00fcber hinaus verteilte die Ankunft von Gletschereis vor 10.000 Jahren Felsbl\u00f6cke entlang der Nordk\u00fcste \u2013 am leichtesten zu finden sind Majakivi (3. gr\u00f6\u00dfter) und Jaani-Tooma-Felsblock (20. gr\u00f6\u00dfter) in Kasispea. Estlands gr\u00f6\u00dfter Findling, Letipea Ehalkivi, liegt 30 km \u00f6stlich von Lahemaa (Luftlinie). Die vielf\u00e4ltigen Wanderwege des Nationalparks in W\u00e4ldern, Mooren und entlang der K\u00fcste laden jedoch dazu ein, die Natur zu erkunden.    <\/span><span style=\"font-weight: 400;\">Der Wanderweg Oandu-Aegviidu-Ikla beginnt ebenfalls in Lahemaa.<\/span>\n\n<\/div>\n<\/div>\n<\/div>\n<\/div>\n<\/div>\n<\/div>\t\t\t\t\t\t\t\t<\/div>\n\t\t\t\t<\/div>\n\t\t\t\t<div class=\"elementor-element elementor-element-6a1c1a5 elementor-widget elementor-widget-shortcode\" data-id=\"6a1c1a5\" data-element_type=\"widget\" data-e-type=\"widget\" data-widget_type=\"shortcode.default\">\n\t\t\t\t<div class=\"elementor-widget-container\">\n\t\t\t\t\t\t\t<div class=\"elementor-shortcode\"><div id='gallery-1' class='gallery galleryid-40525 gallery-columns-3 gallery-size-thumbnail'><figure class='gallery-item'>\n\t\t\t<div class='gallery-icon landscape'>\n\t\t\t\t<a href=\"https:\/\/uus.visitlahemaa.com\/de\/plan\/sehenswuerdigkeiten\/4-visit-lahemaa-kasmu-kadri-otsiver-2\/\"><img fetchpriority=\"high\" decoding=\"async\" width=\"300\" height=\"300\" src=\"https:\/\/uus.visitlahemaa.com\/wp-content\/uploads\/2023\/09\/4.-Visit-Lahemaa.-Kasmu.-Kadri-Otsiver-300x300.jpg\" class=\"attachment-thumbnail size-thumbnail\" alt=\"Lahemaa maastik\" aria-describedby=\"gallery-1-41080\" \/><\/a>\n\t\t\t<\/div>\n\t\t\t\t<figcaption class='wp-caption-text gallery-caption' id='gallery-1-41080'>\n\t\t\t\tAutor: Kadri Otsiver\n\t\t\t\t<\/figcaption><\/figure><figure class='gallery-item'>\n\t\t\t<div class='gallery-icon landscape'>\n\t\t\t\t<a href=\"https:\/\/uus.visitlahemaa.com\/de\/plan\/sehenswuerdigkeiten\/visit-lahemaa_talv_kadri-otsiver-2\/\"><img decoding=\"async\" width=\"300\" height=\"300\" src=\"https:\/\/uus.visitlahemaa.com\/wp-content\/uploads\/2023\/09\/Visit-Lahemaa_talv_Kadri-Otsiver-300x300.jpg\" class=\"attachment-thumbnail size-thumbnail\" alt=\"talver\u00f5\u00f5mud Lahemaal\" aria-describedby=\"gallery-1-41068\" \/><\/a>\n\t\t\t<\/div>\n\t\t\t\t<figcaption class='wp-caption-text gallery-caption' id='gallery-1-41068'>\n\t\t\t\tTalver\u00f5\u00f5mud Lahemaal\n\t\t\t\t<\/figcaption><\/figure><figure class='gallery-item'>\n\t\t\t<div class='gallery-icon landscape'>\n\t\t\t\t<a href=\"https:\/\/uus.visitlahemaa.com\/de\/plan\/sehenswuerdigkeiten\/visit-lahemaa_viru-raba_carl-martin-nisu-2\/\"><img decoding=\"async\" width=\"300\" height=\"300\" src=\"https:\/\/uus.visitlahemaa.com\/wp-content\/uploads\/2023\/09\/Visit-Lahemaa_Viru-raba_Carl-Martin-Nisu-300x300.jpg\" class=\"attachment-thumbnail size-thumbnail\" alt=\"Viru raba taevast\" aria-describedby=\"gallery-1-41074\" \/><\/a>\n\t\t\t<\/div>\n\t\t\t\t<figcaption class='wp-caption-text gallery-caption' id='gallery-1-41074'>\n\t\t\t\tAutor: Carl-Martin Nisu\n\t\t\t\t<\/figcaption><\/figure>\n\t\t<\/div>\n<\/div>\n\t\t\t\t\t\t<\/div>\n\t\t\t\t<\/div>\n\t\t\t\t<div class=\"elementor-element elementor-element-b4e5c2a elementor-widget elementor-widget-text-editor\" data-id=\"b4e5c2a\" data-element_type=\"widget\" data-e-type=\"widget\" data-widget_type=\"text-editor.default\">\n\t\t\t\t<div class=\"elementor-widget-container\">\n\t\t\t\t\t\t\t\t\t<div id=\"pl-24\" class=\"panel-layout\">\n<div id=\"pg-24-0\" class=\"panel-grid panel-no-style\">\n<div id=\"pgc-24-0-0\" class=\"panel-grid-cell\" data-weight=\"1\">\n<div id=\"panel-24-0-0-0\" class=\"so-panel widget widget_sow-editor panel-first-child panel-last-child\" data-index=\"0\" data-style=\"{\" background_image_attachment=\"\">\n<div class=\"so-widget-sow-editor so-widget-sow-editor-base\">\n<div class=\"siteorigin-widget-tinymce textwidget\">\n\n<b>D\u00f6rfer <\/b>\n\n<span style=\"font-weight: 400;\">In Lahemaa bereichern vielf\u00e4ltige Siedlungen die wundersch\u00f6ne Natur. V\u00f5su, das Resortzentrum von Lahemaa, lockt mit seiner idealen K\u00fcstenlinie f\u00fcr Sommerferien, zahlreichen Restaurants und einem lebhaften Abendleben. Das malerische Kapit\u00e4n Dorf K\u00e4smu bietet jedoch die M\u00f6glichkeit, dem Trubel zu entfliehen und den Meerblick und die umliegenden W\u00e4lder f\u00fcr k\u00fcrzere und l\u00e4ngere Spazierg\u00e4nge zu genie\u00dfen. In Viinistu, dem kulturellen Zentrum des Nationalparks, finden Sie Estlands gr\u00f6\u00dftes privates Kunstmuseum und w\u00e4hrend der Saison alle Arten von Auff\u00fchrungen und Konzerten. Auf der Halbinsel Juminda, in Leesi, werden Sie von eng verbundenen Einheimischen mit ihrem gem\u00fctlichen Dorfladen begr\u00fc\u00dft.     <\/span>\n\n<\/div>\n<\/div>\n<\/div>\n<\/div>\n<\/div>\n<\/div>\t\t\t\t\t\t\t\t<\/div>\n\t\t\t\t<\/div>\n\t\t\t\t<div class=\"elementor-element elementor-element-aad14bb elementor-widget elementor-widget-shortcode\" data-id=\"aad14bb\" data-element_type=\"widget\" data-e-type=\"widget\" data-widget_type=\"shortcode.default\">\n\t\t\t\t<div class=\"elementor-widget-container\">\n\t\t\t\t\t\t\t<div class=\"elementor-shortcode\"><div id='gallery-2' class='gallery galleryid-40525 gallery-columns-3 gallery-size-thumbnail'><figure class='gallery-item'>\n\t\t\t<div class='gallery-icon landscape'>\n\t\t\t\t<a href=\"https:\/\/uus.visitlahemaa.com\/de\/plan\/sehenswuerdigkeiten\/visit-lahemaa_vosu_aivar-partel_2-2\/\"><img loading=\"lazy\" decoding=\"async\" width=\"300\" height=\"300\" src=\"https:\/\/uus.visitlahemaa.com\/wp-content\/uploads\/2023\/09\/Visit-Lahemaa_Vosu_Aivar-Partel_2-300x300.jpg\" class=\"attachment-thumbnail size-thumbnail\" alt=\"\" aria-describedby=\"gallery-2-41128\" \/><\/a>\n\t\t\t<\/div>\n\t\t\t\t<figcaption class='wp-caption-text gallery-caption' id='gallery-2-41128'>\n\t\t\t\tV\u00f5su | Autor: \n\t\t\t\t<\/figcaption><\/figure><figure class='gallery-item'>\n\t\t\t<div class='gallery-icon landscape'>\n\t\t\t\t<a href=\"https:\/\/uus.visitlahemaa.com\/de\/plan\/sehenswuerdigkeiten\/visit-lahemaa_leesi-pood_kadri-otsiver_4-2\/\"><img loading=\"lazy\" decoding=\"async\" width=\"300\" height=\"300\" src=\"https:\/\/uus.visitlahemaa.com\/wp-content\/uploads\/2023\/09\/Visit-Lahemaa_Leesi-pood_Kadri-Otsiver_4-300x300.jpg\" class=\"attachment-thumbnail size-thumbnail\" alt=\"\" aria-describedby=\"gallery-2-41142\" \/><\/a>\n\t\t\t<\/div>\n\t\t\t\t<figcaption class='wp-caption-text gallery-caption' id='gallery-2-41142'>\n\t\t\t\tLeesi | Autor: Kadri Otsiver\n\t\t\t\t<\/figcaption><\/figure><figure class='gallery-item'>\n\t\t\t<div class='gallery-icon landscape'>\n\t\t\t\t<a href=\"https:\/\/uus.visitlahemaa.com\/de\/plan\/sehenswuerdigkeiten\/visit-lahemaa_altja-paadikuurid_carl-martin-nisu_3-2\/\"><img loading=\"lazy\" decoding=\"async\" width=\"300\" height=\"300\" src=\"https:\/\/uus.visitlahemaa.com\/wp-content\/uploads\/2023\/09\/Visit-Lahemaa_Altja-paadikuurid_Carl-Martin-Nisu_3-300x300.jpg\" class=\"attachment-thumbnail size-thumbnail\" alt=\"\" aria-describedby=\"gallery-2-41134\" \/><\/a>\n\t\t\t<\/div>\n\t\t\t\t<figcaption class='wp-caption-text gallery-caption' id='gallery-2-41134'>\n\t\t\t\tAltja | Autor: Carl-Martin Nisu\n\t\t\t\t<\/figcaption><\/figure>\n\t\t<\/div>\n<\/div>\n\t\t\t\t\t\t<\/div>\n\t\t\t\t<\/div>\n\t\t\t\t<div class=\"elementor-element elementor-element-e78b042 elementor-widget elementor-widget-text-editor\" data-id=\"e78b042\" data-element_type=\"widget\" data-e-type=\"widget\" data-widget_type=\"text-editor.default\">\n\t\t\t\t<div class=\"elementor-widget-container\">\n\t\t\t\t\t\t\t\t\t<div id=\"pl-24\" class=\"panel-layout\"><div id=\"pg-24-0\" class=\"panel-grid panel-no-style\"><div id=\"pgc-24-0-0\" class=\"panel-grid-cell\" data-weight=\"1\"><div id=\"panel-24-0-0-0\" class=\"so-panel widget widget_sow-editor panel-first-child panel-last-child\" data-index=\"0\" data-style=\"{\" background_image_attachment=\"\"><div class=\"so-widget-sow-editor so-widget-sow-editor-base\"><div class=\"siteorigin-widget-tinymce textwidget\"><p><b>Kultur und Geschichte<\/b><\/p><p><span style=\"font-weight: 400;\">In der Geschichte Lahemaas haben <a href=\"https:\/\/uus.visitlahemaa.com\/de\/entdecken-sie-lahemaa\/herrenhaeuser\/\" target=\"_blank\" rel=\"noopener\">Gutsh\u00e4user<\/a> eine wichtige Rolle gespielt. Die renovierten Gutsh\u00f6fe Palmse, Sagadi und Vihula verw\u00f6hnen Besucher mit verschiedenen Dienstleistungen und laden alle ein, ihren Charme das ganze Jahr \u00fcber zu genie\u00dfen. Estlands gr\u00f6\u00dftes Gutshaus befindet sich in Kolga. Um diesen mystischen Riesen zu erkunden, wenden Sie sich an einen lokalen F\u00fchrer. Sie k\u00f6nnen etwas \u00fcber die Geschichte der K\u00fcstend\u00f6rfer in Altja und dem K\u00e4smu Maritime Museum erfahren.     <\/span><\/p><p>F\u00fcr diejenigen, die sich f\u00fcr milit\u00e4risches Erbe interessieren, ist die mystische Hara-U-Boot-Entmagnetisierungsstation f\u00fcr Besuche ge\u00f6ffnet, die derzeit zu einem kleinen Hafen ausgebaut wird. Auf der Halbinsel P\u00e4rispea finden Sie mehrere aufregende Milit\u00e4rgeb\u00e4ude, aber die vom Wetter gezeichneten Strukturen befinden sich in verschiedenen Stadien des Verfalls, und Vorsicht ist immer geboten.  <\/p><\/div><\/div><\/div><\/div><\/div><\/div>\t\t\t\t\t\t\t\t<\/div>\n\t\t\t\t<\/div>\n\t\t\t\t<div class=\"elementor-element elementor-element-a075c92 elementor-widget elementor-widget-shortcode\" data-id=\"a075c92\" data-element_type=\"widget\" data-e-type=\"widget\" data-widget_type=\"shortcode.default\">\n\t\t\t\t<div class=\"elementor-widget-container\">\n\t\t\t\t\t\t\t<div class=\"elementor-shortcode\"><div id='gallery-3' class='gallery galleryid-40525 gallery-columns-3 gallery-size-thumbnail'><figure class='gallery-item'>\n\t\t\t<div class='gallery-icon landscape'>\n\t\t\t\t<a href=\"https:\/\/uus.visitlahemaa.com\/de\/plan\/sehenswuerdigkeiten\/visit-lahemaa_altja-paadikuurid_carl-martin-nisu_2-2\/\"><img loading=\"lazy\" decoding=\"async\" width=\"300\" height=\"300\" src=\"https:\/\/uus.visitlahemaa.com\/wp-content\/uploads\/2023\/09\/Visit-Lahemaa_Altja-paadikuurid_Carl-Martin-Nisu_2-300x300.jpg\" class=\"attachment-thumbnail size-thumbnail\" alt=\"\" aria-describedby=\"gallery-3-41155\" \/><\/a>\n\t\t\t<\/div>\n\t\t\t\t<figcaption class='wp-caption-text gallery-caption' id='gallery-3-41155'>\n\t\t\t\tAutor: Carl-Martin Nisu\n\t\t\t\t<\/figcaption><\/figure><figure class='gallery-item'>\n\t\t\t<div class='gallery-icon landscape'>\n\t\t\t\t<a href=\"https:\/\/uus.visitlahemaa.com\/de\/plan\/sehenswuerdigkeiten\/visit-lahemaa_palmse-mois_kadri-otsiver_8-2\/\"><img loading=\"lazy\" decoding=\"async\" width=\"300\" height=\"300\" src=\"https:\/\/uus.visitlahemaa.com\/wp-content\/uploads\/2023\/09\/Visit-Lahemaa_Palmse-mois_Kadri-Otsiver_8-300x300.jpg\" class=\"attachment-thumbnail size-thumbnail\" alt=\"\" aria-describedby=\"gallery-3-41167\" \/><\/a>\n\t\t\t<\/div>\n\t\t\t\t<figcaption class='wp-caption-text gallery-caption' id='gallery-3-41167'>\n\t\t\t\tAutor: Kadri Otsiver\n\t\t\t\t<\/figcaption><\/figure><figure class='gallery-item'>\n\t\t\t<div class='gallery-icon landscape'>\n\t\t\t\t<a href=\"https:\/\/uus.visitlahemaa.com\/de\/plan\/sehenswuerdigkeiten\/visit-lahemaa_kasmu-jaanipaev_aivar-partel-2\/\"><img loading=\"lazy\" decoding=\"async\" width=\"300\" height=\"300\" src=\"https:\/\/uus.visitlahemaa.com\/wp-content\/uploads\/2023\/09\/Visit-Lahemaa_Kasmu-jaanipaev_Aivar-Partel-300x300.jpg\" class=\"attachment-thumbnail size-thumbnail\" alt=\"\" aria-describedby=\"gallery-3-41149\" \/><\/a>\n\t\t\t<\/div>\n\t\t\t\t<figcaption class='wp-caption-text gallery-caption' id='gallery-3-41149'>\n\t\t\t\tAutor: Aivar P\u00e4rtel\n\t\t\t\t<\/figcaption><\/figure>\n\t\t<\/div>\n<\/div>\n\t\t\t\t\t\t<\/div>\n\t\t\t\t<\/div>\n\t\t\t\t<div class=\"elementor-element elementor-element-230baef elementor-widget elementor-widget-text-editor\" data-id=\"230baef\" data-element_type=\"widget\" data-e-type=\"widget\" data-widget_type=\"text-editor.default\">\n\t\t\t\t<div class=\"elementor-widget-container\">\n\t\t\t\t\t\t\t\t\t<div id=\"pl-24\" class=\"panel-layout\"><div id=\"pg-24-0\" class=\"panel-grid panel-no-style\"><div id=\"pgc-24-0-0\" class=\"panel-grid-cell\" data-weight=\"1\"><div id=\"panel-24-0-0-0\" class=\"so-panel widget widget_sow-editor panel-first-child panel-last-child\" data-index=\"0\" data-style=\"{\" background_image_attachment=\"\"><div class=\"so-widget-sow-editor so-widget-sow-editor-base\"><div class=\"siteorigin-widget-tinymce textwidget\"><p><strong>Dies ist nur ein Einblick in das, was Lahemaa zu bieten hat; Sie werden die Attraktionen von Lahemaa finden, wenn Sie uns besuchen!<\/strong><\/p><\/div><\/div><\/div><\/div><\/div><\/div>\t\t\t\t\t\t\t\t<\/div>\n\t\t\t\t<\/div>\n\t\t\t\t\t<\/div>\n\t\t\t\t<\/div>\n\t\t\t\t<\/div>\n\t\t","protected":false},"excerpt":{"rendered":"<p>Die Lahemaa-Attraktionen sind am einfachsten mit Hilfe der Navicup-Kartenanwendung oder einer druckbaren Karte zu finden. Der Nationalpark Lahemaa bietet das beste Gef\u00fchl f\u00fcr das Zusammenspiel zwischen bewusster menschlicher Aktivit\u00e4t und wundersch\u00f6ner Natur. Das historische Dorf und das Erbe aus der Sowjetzeit, durchsetzt mit malerischen Naturlandschaften, haben eine vielf\u00e4ltige Auswahl an Attraktionen in Lahemaa geschaffen. Da [&hellip;]<\/p>\n","protected":false},"author":100010016,"featured_media":40527,"parent":46179,"menu_order":0,"comment_status":"closed","ping_status":"closed","template":"","meta":{"_acf_changed":false,"_lmt_disableupdate":"","_lmt_disable":"","_monsterinsights_skip_tracking":false,"_monsterinsights_sitenote_active":false,"_monsterinsights_sitenote_note":"","_monsterinsights_sitenote_category":0,"footnotes":"","_links_to":"","_links_to_target":""},"class_list":["post-40525","page","type-page","status-publish","has-post-thumbnail","hentry"],"acf":[],"_links":{"self":[{"href":"https:\/\/uus.visitlahemaa.com\/de\/wp-json\/wp\/v2\/pages\/40525","targetHints":{"allow":["GET"]}}],"collection":[{"href":"https:\/\/uus.visitlahemaa.com\/de\/wp-json\/wp\/v2\/pages"}],"about":[{"href":"https:\/\/uus.visitlahemaa.com\/de\/wp-json\/wp\/v2\/types\/page"}],"author":[{"embeddable":true,"href":"https:\/\/uus.visitlahemaa.com\/de\/wp-json\/wp\/v2\/users\/100010016"}],"replies":[{"embeddable":true,"href":"https:\/\/uus.visitlahemaa.com\/de\/wp-json\/wp\/v2\/comments?post=40525"}],"version-history":[{"count":3,"href":"https:\/\/uus.visitlahemaa.com\/de\/wp-json\/wp\/v2\/pages\/40525\/revisions"}],"predecessor-version":[{"id":46264,"href":"https:\/\/uus.visitlahemaa.com\/de\/wp-json\/wp\/v2\/pages\/40525\/revisions\/46264"}],"up":[{"embeddable":true,"href":"https:\/\/uus.visitlahemaa.com\/de\/wp-json\/wp\/v2\/pages\/46179"}],"wp:featuredmedia":[{"embeddable":true,"href":"https:\/\/uus.visitlahemaa.com\/de\/wp-json\/wp\/v2\/media\/40527"}],"wp:attachment":[{"href":"https:\/\/uus.visitlahemaa.com\/de\/wp-json\/wp\/v2\/media?parent=40525"}],"curies":[{"name":"wp","href":"https:\/\/api.w.org\/{rel}","templated":true}]}}